{"id":10057,"date":"2022-08-17T00:33:14","date_gmt":"2022-08-17T00:33:14","guid":{"rendered":"https:\/\/worlddancemovement.com\/?page_id=10057"},"modified":"2023-10-05T23:56:30","modified_gmt":"2023-10-05T23:56:30","slug":"tyce-diorio","status":"publish","type":"page","link":"https:\/\/worlddancemovement.com\/de\/faculty-italy\/tyce-diorio\/","title":{"rendered":"TYCE DIORIO"},"content":{"rendered":"<div data-elementor-type=\"wp-page\" data-elementor-id=\"10057\" class=\"elementor elementor-10057\" data-elementor-post-type=\"page\">\n\t\t\t\t\t\t<section class=\"elementor-section elementor-top-section elementor-element elementor-element-94ec49d elementor-section-full_width elementor-section-height-min-height elementor-section-height-default elementor-section-items-middle\" data-id=\"94ec49d\" data-element_type=\"section\" data-e-type=\"section\" data-settings=\"{&quot;background_background&quot;:&quot;classic&quot;}\">\n\t\t\t\t\t\t\t<div class=\"elementor-background-overlay\"><\/div>\n\t\t\t\t\t\t\t<div class=\"elementor-container elementor-column-gap-no\">\n\t\t\t\t\t<div class=\"elementor-column elementor-col-100 elementor-top-column elementor-element elementor-element-8268956\" data-id=\"8268956\" data-element_type=\"column\" data-e-type=\"column\">\n\t\t\t<div class=\"elementor-widget-wrap elementor-element-populated\">\n\t\t\t\t\t\t<div class=\"elementor-element elementor-element-5016628 elementor-widget elementor-widget-heading\" data-id=\"5016628\" data-element_type=\"widget\" data-e-type=\"widget\" data-widget_type=\"heading.default\">\n\t\t\t\t<div class=\"elementor-widget-container\">\n\t\t\t\t\t<h2 class=\"elementor-heading-title elementor-size-default\">TYCE DIORIO<\/h2>\t\t\t\t<\/div>\n\t\t\t\t<\/div>\n\t\t\t\t<div class=\"elementor-element elementor-element-a86216f elementor-widget-divider--view-line elementor-widget elementor-widget-divider\" data-id=\"a86216f\" data-element_type=\"widget\" data-e-type=\"widget\" data-widget_type=\"divider.default\">\n\t\t\t\t<div class=\"elementor-widget-container\">\n\t\t\t\t\t\t\t<div class=\"elementor-divider\">\n\t\t\t<span class=\"elementor-divider-separator\">\n\t\t\t\t\t\t<\/span>\n\t\t<\/div>\n\t\t\t\t\t\t<\/div>\n\t\t\t\t<\/div>\n\t\t\t\t\t<\/div>\n\t\t<\/div>\n\t\t\t\t\t<\/div>\n\t\t<\/section>\n\t\t\t\t<section class=\"elementor-section elementor-top-section elementor-element elementor-element-a2d6cca elementor-section-full_width elementor-section-height-default elementor-section-height-default\" data-id=\"a2d6cca\" data-element_type=\"section\" data-e-type=\"section\">\n\t\t\t\t\t\t<div class=\"elementor-container elementor-column-gap-default\">\n\t\t\t\t\t<div class=\"elementor-column elementor-col-100 elementor-top-column elementor-element elementor-element-a45c6d3\" data-id=\"a45c6d3\" data-element_type=\"column\" data-e-type=\"column\">\n\t\t\t<div class=\"elementor-widget-wrap elementor-element-populated\">\n\t\t\t\t\t\t<div class=\"elementor-element elementor-element-f854b1f elementor-widget elementor-widget-heading\" data-id=\"f854b1f\" data-element_type=\"widget\" data-e-type=\"widget\" data-widget_type=\"heading.default\">\n\t\t\t\t<div class=\"elementor-widget-container\">\n\t\t\t\t\t<h2 class=\"elementor-heading-title elementor-size-default\">Tyce Diorio - Los Angeles, Kalifornien (USA)\n<\/h2>\t\t\t\t<\/div>\n\t\t\t\t<\/div>\n\t\t\t\t\t<\/div>\n\t\t<\/div>\n\t\t\t\t\t<\/div>\n\t\t<\/section>\n\t\t\t\t<section class=\"elementor-section elementor-top-section elementor-element elementor-element-f5b32bd elementor-section-full_width elementor-section-height-default elementor-section-height-default\" data-id=\"f5b32bd\" data-element_type=\"section\" data-e-type=\"section\">\n\t\t\t\t\t\t<div class=\"elementor-container elementor-column-gap-default\">\n\t\t\t\t\t<div class=\"elementor-column elementor-col-100 elementor-top-column elementor-element elementor-element-5014bc3\" data-id=\"5014bc3\" data-element_type=\"column\" data-e-type=\"column\">\n\t\t\t<div class=\"elementor-widget-wrap elementor-element-populated\">\n\t\t\t\t\t\t<div class=\"elementor-element elementor-element-714f52d elementor-widget elementor-widget-text-editor\" data-id=\"714f52d\" data-element_type=\"widget\" data-e-type=\"widget\" data-widget_type=\"text-editor.default\">\n\t\t\t\t<div class=\"elementor-widget-container\">\n\t\t\t\t\t\t\t\t\t<h4>KLASSE:<\/h4><p>Zeitgen\u00f6ssische Fusion<\/p><ul><li>Tyce Diorios gr\u00f6\u00dfte Leidenschaft im Leben ist das Erz\u00e4hlen von Geschichten durch Tanz. Seine Begeisterung und Liebe zur Kunstform haben ihn dazu gebracht, preisgekr\u00f6nte Werke f\u00fcr Fernsehen, Film und B\u00fchne zu choreografieren. Als einer der bekanntesten Choreografen in der Erfolgssendung \u201eSo You Think You Can Dance\u201c von Fox Television, in der er sechs Staffeln lang auch als Gastjuror auftrat, gilt Diorio als einer der vielseitigsten der Branche. Als Innovator hinter Taylor Swifts Alben Red, 1989 und Reputation, Live-Auftritten und Welttourneen hat sich Tyce zu einem der gefragtesten Choreografen Hollywoods entwickelt, darunter \u201eShake it Off\u201c und \u201eLook What You Made Me Do\u201c. \u201eMusikvideos geh\u00f6ren zu seinen beliebtesten Werken.<\/li><li>Diorios Kenntnisse der Tanzgeschichte und seine F\u00e4higkeit, das Publikum auf eine Reise mitzunehmen, sind zu einem Teil seines charakteristischen Stils geworden und haben ihm den Respekt seiner Kollegen und einen begehrten Emmy\u00ae Award eingebracht. Er entwickelt sich in den Medien Fernsehen, Konzertb\u00fchne, Werbung und Film st\u00e4ndig weiter, beh\u00e4lt den \u00dcberblick \u00fcber den sich ver\u00e4ndernden Markt und etabliert sich als Trendsetter. Seine F\u00e4higkeit, zwischen verschiedenen Genres wie \u201eGreenlight\u201c von Lorde und \u201eCan&#039;t Feel My Face\u201c-Videos von The Weeknd \u00fcber Fernsehsendungen wie \u201eGrey&#039;s Anatomy\u201c und \u201eDrop Dead Diva\u201c bis hin zu Filmen wie der bald erscheinenden Fortsetzung von \u201eHigh Strung\u201c zu navigieren \u201eTanzfilm, sprechen Sie mit seiner Kreativit\u00e4t.\u201c\u00a0<\/li><li>Abgerundet wurde seine Karriere durch die Choreografie nationaler Werbespots f\u00fcr Nike, I Can&#039;t Believe It&#039;s Not Butter, Gillette und viele mehr sowie durch TV-Shows wie Drop Dead Diva, Carrie Underwoods Weihnachtsspecial, Bones, Grey&#039;s Anatomy, American Idol, und Dancing with the Stars mit der unvergleichlichen Annie Lennox und Jewel.<\/li><li>Tyce hat ein einzigartiges Talent, eine Affinit\u00e4t zu den Schauspielern zu entwickeln, mit denen er zusammenarbeitet, und hat gro\u00dfe Erfolge beim Coaching und Choreografieren f\u00fcr Prominente wie Cameron Diaz, Megan Mullally, Katie Holmes, Christina Applegate, Tom Cruise, Queen Latifah, Tobey Maguire usw. erzielt Laverne Cox. Seine Erfahrung als professioneller T\u00e4nzer in der Zusammenarbeit mit einigen der ber\u00fchmtesten K\u00fcnstler der Musikbranche, darunter Janet Jackson, Jennifer Lopez, Ricky Martin, Mya, *NSYNC, Paula Abdul, Kelly Osbourne und Toni Braxton, hat ihm eine fundierte Wissensbasis verschafft, auf der er aufbauen kann.<\/li><li>Der Broadway war Tyces erste Liebe, und als Teenager und begeisterter Enthusiast hat er wahrscheinlich jede jemals produzierte Show gesehen, manchmal sogar bis zu zehn Mal. Er selbst hat die Broadway-B\u00fchne in den Tony-preisgekr\u00f6nten Shows \u201eChicago\u201c und \u201eFosse\u201c beehrt und er bringt weiterhin sein K\u00f6nnen und seine tiefe Zuneigung in jede Live-Show ein, die er zum Leben erweckt.<\/li><li>Diorio hatte die Ehre, \u201eSweet Smell Of Success\u201c des Hudson&#039;s Theatre zu choreografieren, eine Hommage an Marvin Hamlisch mit Lindsey Mendez und Jeremy Jordan. Zuletzt arbeitet er an \u201eMusic City\u201c, einem modernen Country-Musical unter der Regie von Mary Kate Burke, das im Herbst 2018 im Cape Fear Theatre Premiere haben wird. Er freut sich auf den Erfolg und setzt sich daf\u00fcr ein, die Grenzen zu erweitern von Theater und Kunst.<\/li><li>Das Beste an Tyce Diorio ist nicht seine beispiellose Arbeitsmoral oder seine unbestreitbare Leidenschaft f\u00fcr den Tanz, sondern sein ausgepr\u00e4gter Sinn f\u00fcr Humor und seine F\u00e4higkeit, sich selbst nicht zu ernst zu nehmen. Seine Arbeit spricht f\u00fcr sich. Diejenigen, die Tyce kennen, respektieren und lieben, werden jeden Tag sein Lob singen.<\/li><\/ul>\t\t\t\t\t\t\t\t<\/div>\n\t\t\t\t<\/div>\n\t\t\t\t\t<\/div>\n\t\t<\/div>\n\t\t\t\t\t<\/div>\n\t\t<\/section>\n\t\t\t\t<\/div>","protected":false},"excerpt":{"rendered":"<p>TYCE DIORIO Tyce Diorio &#8211; Los Angeles, California (USA) CLASS: Contemporary Fusion Tyce Diorio\u2019s greatest passion in life is telling stories through dance. His enthusiasm and love of the art form have led him to choreograph award-winning works for television, film, and stage. As one of the most recognizable choreographers on Fox Television\u2019s hit show, [&hellip;]<\/p>\n","protected":false},"author":6,"featured_media":0,"parent":329,"menu_order":0,"comment_status":"closed","ping_status":"closed","template":"","meta":{"_acf_changed":false,"site-sidebar-layout":"no-sidebar","site-content-layout":"page-builder","ast-site-content-layout":"default","site-content-style":"default","site-sidebar-style":"default","ast-global-header-display":"","ast-banner-title-visibility":"","ast-main-header-display":"","ast-hfb-above-header-display":"","ast-hfb-below-header-display":"","ast-hfb-mobile-header-display":"","site-post-title":"disabled","ast-breadcrumbs-content":"","ast-featured-img":"disabled","footer-sml-layout":"","ast-disable-related-posts":"","theme-transparent-header-meta":"default","adv-header-id-meta":"","stick-header-meta":"default","header-above-stick-meta":"","header-main-stick-meta":"","header-below-stick-meta":"","astra-migrate-meta-layouts":"default","ast-page-background-enabled":"default","ast-page-background-meta":{"desktop":{"background-color":"","background-image":"","background-repeat":"repeat","background-position":"center center","background-size":"auto","background-attachment":"scroll","background-type":"","background-media":"","overlay-type":"","overlay-color":"","overlay-opacity":"","overlay-gradient":""},"tablet":{"background-color":"","background-image":"","background-repeat":"repeat","background-position":"center center","background-size":"auto","background-attachment":"scroll","background-type":"","background-media":"","overlay-type":"","overlay-color":"","overlay-opacity":"","overlay-gradient":""},"mobile":{"background-color":"","background-image":"","background-repeat":"repeat","background-position":"center center","background-size":"auto","background-attachment":"scroll","background-type":"","background-media":"","overlay-type":"","overlay-color":"","overlay-opacity":"","overlay-gradient":""}},"ast-content-background-meta":{"desktop":{"background-color":"var(--ast-global-color-5)","background-image":"","background-repeat":"repeat","background-position":"center center","background-size":"auto","background-attachment":"scroll","background-type":"","background-media":"","overlay-type":"","overlay-color":"","overlay-opacity":"","overlay-gradient":""},"tablet":{"background-color":"var(--ast-global-color-5)","background-image":"","background-repeat":"repeat","background-position":"center center","background-size":"auto","background-attachment":"scroll","background-type":"","background-media":"","overlay-type":"","overlay-color":"","overlay-opacity":"","overlay-gradient":""},"mobile":{"background-color":"var(--ast-global-color-5)","background-image":"","background-repeat":"repeat","background-position":"center center","background-size":"auto","background-attachment":"scroll","background-type":"","background-media":"","overlay-type":"","overlay-color":"","overlay-opacity":"","overlay-gradient":""}},"footnotes":""},"class_list":["post-10057","page","type-page","status-publish","hentry"],"acf":[],"jetpack_sharing_enabled":true,"_links":{"self":[{"href":"https:\/\/worlddancemovement.com\/de\/wp-json\/wp\/v2\/pages\/10057","targetHints":{"allow":["GET"]}}],"collection":[{"href":"https:\/\/worlddancemovement.com\/de\/wp-json\/wp\/v2\/pages"}],"about":[{"href":"https:\/\/worlddancemovement.com\/de\/wp-json\/wp\/v2\/types\/page"}],"author":[{"embeddable":true,"href":"https:\/\/worlddancemovement.com\/de\/wp-json\/wp\/v2\/users\/6"}],"replies":[{"embeddable":true,"href":"https:\/\/worlddancemovement.com\/de\/wp-json\/wp\/v2\/comments?post=10057"}],"version-history":[{"count":10,"href":"https:\/\/worlddancemovement.com\/de\/wp-json\/wp\/v2\/pages\/10057\/revisions"}],"predecessor-version":[{"id":13455,"href":"https:\/\/worlddancemovement.com\/de\/wp-json\/wp\/v2\/pages\/10057\/revisions\/13455"}],"up":[{"embeddable":true,"href":"https:\/\/worlddancemovement.com\/de\/wp-json\/wp\/v2\/pages\/329"}],"wp:attachment":[{"href":"https:\/\/worlddancemovement.com\/de\/wp-json\/wp\/v2\/media?parent=10057"}],"curies":[{"name":"wp","href":"https:\/\/api.w.org\/{rel}","templated":true}]}}