{"id":12904,"date":"2023-09-26T17:33:02","date_gmt":"2023-09-26T17:33:02","guid":{"rendered":"https:\/\/worlddancemovement.com\/?page_id=12904"},"modified":"2026-02-21T00:23:07","modified_gmt":"2026-02-21T00:23:07","slug":"rws-global-auditions","status":"publish","type":"page","link":"https:\/\/worlddancemovement.com\/de\/rws-global-auditions\/","title":{"rendered":"RWS GLOBAL AUDITIONS"},"content":{"rendered":"<div data-elementor-type=\"wp-page\" data-elementor-id=\"12904\" class=\"elementor elementor-12904\" data-elementor-post-type=\"page\">\n\t\t\t\t\t\t<section class=\"elementor-section elementor-top-section elementor-element elementor-element-3a1c807 elementor-section-full_width elementor-section-height-default elementor-section-height-default\" data-id=\"3a1c807\" data-element_type=\"section\" data-e-type=\"section\">\n\t\t\t\t\t\t<div class=\"elementor-container elementor-column-gap-default\">\n\t\t\t\t\t<div class=\"elementor-column elementor-col-100 elementor-top-column elementor-element elementor-element-b3ce9ab\" data-id=\"b3ce9ab\" data-element_type=\"column\" data-e-type=\"column\">\n\t\t\t<div class=\"elementor-widget-wrap elementor-element-populated\">\n\t\t\t\t\t\t<div class=\"elementor-element elementor-element-8ac59d4 elementor-widget elementor-widget-video\" data-id=\"8ac59d4\" data-element_type=\"widget\" data-e-type=\"widget\" data-settings=\"{&quot;video_type&quot;:&quot;hosted&quot;,&quot;controls&quot;:&quot;yes&quot;}\" data-widget_type=\"video.default\">\n\t\t\t\t<div class=\"elementor-widget-container\">\n\t\t\t\t\t\t\t<div class=\"e-hosted-video elementor-wrapper elementor-open-inline\">\n\t\t\t\t\t<video class=\"elementor-video\" src=\"https:\/\/worlddancemovement.com\/wp-content\/uploads\/2026\/02\/WDM-Casting-Sizzle.mov\" controls=\"\" preload=\"metadata\" controlslist=\"nodownload\"><\/video>\n\t\t\t\t<\/div>\n\t\t\t\t\t\t<\/div>\n\t\t\t\t<\/div>\n\t\t\t\t<div class=\"elementor-element elementor-element-e75d4d6 elementor-widget elementor-widget-heading\" data-id=\"e75d4d6\" data-element_type=\"widget\" data-e-type=\"widget\" data-widget_type=\"heading.default\">\n\t\t\t\t<div class=\"elementor-widget-container\">\n\t\t\t\t\t<h2 class=\"elementor-heading-title elementor-size-medium\">WDM ITALY \u2013 Das Internationale Festival 2026 \u2013 OFFENER CASTINGAUFRUF (pers\u00f6nlich)<\/h2>\t\t\t\t<\/div>\n\t\t\t\t<\/div>\n\t\t\t\t<div class=\"elementor-element elementor-element-febdb13 elementor-widget-divider--view-line_icon elementor-view-default elementor-widget-divider--element-align-center elementor-widget elementor-widget-divider\" data-id=\"febdb13\" data-element_type=\"widget\" data-e-type=\"widget\" data-widget_type=\"divider.default\">\n\t\t\t\t<div class=\"elementor-widget-container\">\n\t\t\t\t\t\t\t<div class=\"elementor-divider\">\n\t\t\t<span class=\"elementor-divider-separator\">\n\t\t\t\t\t\t\t<div class=\"elementor-icon elementor-divider__element\">\n\t\t\t\t\t<i aria-hidden=\"true\" class=\"fas fa-star-of-life\"><\/i><\/div>\n\t\t\t\t\t\t<\/span>\n\t\t<\/div>\n\t\t\t\t\t\t<\/div>\n\t\t\t\t<\/div>\n\t\t\t\t<div class=\"elementor-element elementor-element-04ccd3a elementor-widget__width-inherit elementor-widget elementor-widget-image-box\" data-id=\"04ccd3a\" data-element_type=\"widget\" data-e-type=\"widget\" data-widget_type=\"image-box.default\">\n\t\t\t\t<div class=\"elementor-widget-container\">\n\t\t\t\t\t<div class=\"elementor-image-box-wrapper\"><div class=\"elementor-image-box-content\"><h3 class=\"elementor-image-box-title\">DIE F\u00dcHRENDE WELTWEITE ANREISE F\u00dcR TALENTE <\/h3><p class=\"elementor-image-box-description\">Eine einzige Stelle ebnet Ihnen den Weg in eine vielversprechende Zukunft. Ihr erster Job bei RWS Global ist das Sprungbrett f\u00fcr eine ganze Karriere. Unter einem Dach finden Sie vielf\u00e4ltige M\u00f6glichkeiten in Freizeitparks und Resorts, auf Kreuzfahrtschiffen, in TV-Werbespots, Broadway-Shows und vielem mehr. Wenn Sie das n\u00f6tige K\u00f6nnen und den Ehrgeiz mitbringen, wartet Ihre n\u00e4chste Aufgabe schon auf Sie.<\/p><\/div><\/div>\t\t\t\t<\/div>\n\t\t\t\t<\/div>\n\t\t\t\t<div class=\"elementor-element elementor-element-1fcd75b elementor-widget elementor-widget-image\" data-id=\"1fcd75b\" data-element_type=\"widget\" data-e-type=\"widget\" data-widget_type=\"image.default\">\n\t\t\t\t<div class=\"elementor-widget-container\">\n\t\t\t\t\t\t\t\t\t\t\t\t\t\t\t<img fetchpriority=\"high\" decoding=\"async\" width=\"1536\" height=\"640\" src=\"https:\/\/worlddancemovement.com\/wp-content\/uploads\/2026\/02\/World-Dance-Movement-1536x640.png\" class=\"attachment-1536x1536 size-1536x1536 wp-image-19685\" alt=\"\" srcset=\"https:\/\/worlddancemovement.com\/wp-content\/uploads\/2026\/02\/World-Dance-Movement-1536x640.png 1536w, https:\/\/worlddancemovement.com\/wp-content\/uploads\/2026\/02\/World-Dance-Movement-300x125.png 300w, https:\/\/worlddancemovement.com\/wp-content\/uploads\/2026\/02\/World-Dance-Movement-1024x427.png 1024w, https:\/\/worlddancemovement.com\/wp-content\/uploads\/2026\/02\/World-Dance-Movement-768x320.png 768w, https:\/\/worlddancemovement.com\/wp-content\/uploads\/2026\/02\/World-Dance-Movement-2048x853.png 2048w, https:\/\/worlddancemovement.com\/wp-content\/uploads\/2026\/02\/World-Dance-Movement-18x8.png 18w, https:\/\/worlddancemovement.com\/wp-content\/uploads\/2026\/02\/World-Dance-Movement-1320x550.png 1320w, https:\/\/worlddancemovement.com\/wp-content\/uploads\/2026\/02\/World-Dance-Movement-scaled.png 1200w\" sizes=\"(max-width: 1536px) 100vw, 1536px\" \/>\t\t\t\t\t\t\t\t\t\t\t\t\t\t\t<\/div>\n\t\t\t\t<\/div>\n\t\t\t\t<div class=\"elementor-element elementor-element-3a7e523 elementor-widget__width-initial elementor-widget elementor-widget-text-editor\" data-id=\"3a7e523\" data-element_type=\"widget\" data-e-type=\"widget\" data-widget_type=\"text-editor.default\">\n\t\t\t\t<div class=\"elementor-widget-container\">\n\t\t\t\t\t\t\t\t\t<p><strong>AERIALISTENANRUF<\/strong><\/p><ul><li>DATUM: Freitag, 10. Juli 2026<\/li><li>ZEIT: 10:00-13:00 Uhr<\/li><li>WO: Palestra Comunale \u201eAngiulli\u201c, via Carlo Poerio, 31, 70013 Castellana Grotte (BA), Italien<\/li><\/ul><p><strong>T\u00c4NZERANRUF<\/strong><\/p><ul><li>DATUM: Samstag, 11. Juli 2026<\/li><li>ZEIT: 10:00-13:00 Uhr<\/li><li>WO: Palestra Comunale \u201eAngiulli\u201c, via Carlo Poerio, 31, 70013 Castellana Grotte (BA), Italien<\/li><\/ul><p><strong>Die Casting-Direktoren von RWS Global werden auch bei der WDM Italy 2026 alle Klassen scouten.<\/strong><\/p>\t\t\t\t\t\t\t\t<\/div>\n\t\t\t\t<\/div>\n\t\t\t\t<div class=\"elementor-element elementor-element-1fe1b73 elementor-widget-divider--view-line_icon elementor-view-default elementor-widget-divider--element-align-center elementor-widget elementor-widget-divider\" data-id=\"1fe1b73\" data-element_type=\"widget\" data-e-type=\"widget\" data-widget_type=\"divider.default\">\n\t\t\t\t<div class=\"elementor-widget-container\">\n\t\t\t\t\t\t\t<div class=\"elementor-divider\">\n\t\t\t<span class=\"elementor-divider-separator\">\n\t\t\t\t\t\t\t<div class=\"elementor-icon elementor-divider__element\">\n\t\t\t\t\t<i aria-hidden=\"true\" class=\"fas fa-star-of-life\"><\/i><\/div>\n\t\t\t\t\t\t<\/span>\n\t\t<\/div>\n\t\t\t\t\t\t<\/div>\n\t\t\t\t<\/div>\n\t\t\t\t<div class=\"elementor-element elementor-element-25d9718 elementor-widget elementor-widget-heading\" data-id=\"25d9718\" data-element_type=\"widget\" data-e-type=\"widget\" data-widget_type=\"heading.default\">\n\t\t\t\t<div class=\"elementor-widget-container\">\n\t\t\t\t\t<h2 class=\"elementor-heading-title elementor-size-default\">WIE MAN SICH REGISTRIERT<\/h2>\t\t\t\t<\/div>\n\t\t\t\t<\/div>\n\t\t\t\t<div class=\"elementor-element elementor-element-d5504ae elementor-widget elementor-widget-text-editor\" data-id=\"d5504ae\" data-element_type=\"widget\" data-e-type=\"widget\" data-widget_type=\"text-editor.default\">\n\t\t\t\t<div class=\"elementor-widget-container\">\n\t\t\t\t\t\t\t\t\t<h3><a href=\"https:\/\/forms.gle\/GV3beK1NB7oJohtP6\"><strong>KLICKEN SIE AUF DIESEN LINK, UM SICH ZU REGISTRIEREN<\/strong><\/a><\/h3>\t\t\t\t\t\t\t\t<\/div>\n\t\t\t\t<\/div>\n\t\t\t\t<div class=\"elementor-element elementor-element-a0097c4 elementor-icon-list--layout-traditional elementor-list-item-link-full_width elementor-widget elementor-widget-icon-list\" data-id=\"a0097c4\" data-element_type=\"widget\" data-e-type=\"widget\" data-widget_type=\"icon-list.default\">\n\t\t\t\t<div class=\"elementor-widget-container\">\n\t\t\t\t\t\t\t<ul class=\"elementor-icon-list-items\">\n\t\t\t\t\t\t\t<li class=\"elementor-icon-list-item\">\n\t\t\t\t\t\t\t\t\t\t\t<span class=\"elementor-icon-list-icon\">\n\t\t\t\t\t\t\t<i aria-hidden=\"true\" class=\"fas fa-dot-circle\"><\/i>\t\t\t\t\t\t<\/span>\n\t\t\t\t\t\t\t\t\t\t<span class=\"elementor-icon-list-text\">Wir ben\u00f6tigen einen Lebenslauf oder Bilder\/Videos \u2013 bitte bringen Sie Lebenslauf und Portr\u00e4t zum Vorsprechen mit.<\/span>\n\t\t\t\t\t\t\t\t\t<\/li>\n\t\t\t\t\t\t\t\t<li class=\"elementor-icon-list-item\">\n\t\t\t\t\t\t\t\t\t\t\t<span class=\"elementor-icon-list-icon\">\n\t\t\t\t\t\t\t<i aria-hidden=\"true\" class=\"fas fa-dot-circle\"><\/i>\t\t\t\t\t\t<\/span>\n\t\t\t\t\t\t\t\t\t\t<span class=\"elementor-icon-list-text\">K\u00fcnstler aus Gewerkschaften und Nicht-Gewerkschaften. Um f\u00fcr RWS vorsprechen zu k\u00f6nnen, m\u00fcssen Sie mindestens 18 Jahre alt sein. Vorherige Theater- oder andere Live-Entertainment-Erfahrung w\u00fcnschenswert.<\/span>\n\t\t\t\t\t\t\t\t\t<\/li>\n\t\t\t\t\t\t\t\t<li class=\"elementor-icon-list-item\">\n\t\t\t\t\t\t\t\t\t\t\t<span class=\"elementor-icon-list-icon\">\n\t\t\t\t\t\t\t<i aria-hidden=\"true\" class=\"fas fa-dot-circle\"><\/i>\t\t\t\t\t\t<\/span>\n\t\t\t\t\t\t\t\t\t\t<span class=\"elementor-icon-list-text\">Die Darsteller k\u00f6nnen Schwarze, Indigene, Lateinamerikaner, Bewohner asiatischer\/pazifischer Inseln, Menschen aus dem Nahen Osten\/Nordafrika\/S\u00fcdasien und\/oder Wei\u00dfe sein und alle Geschlechtsidentit\u00e4ten umfassen.<\/span>\n\t\t\t\t\t\t\t\t\t<\/li>\n\t\t\t\t\t\t\t\t<li class=\"elementor-icon-list-item\">\n\t\t\t\t\t\t\t\t\t\t\t<span class=\"elementor-icon-list-icon\">\n\t\t\t\t\t\t\t<i aria-hidden=\"true\" class=\"fas fa-dot-circle\"><\/i>\t\t\t\t\t\t<\/span>\n\t\t\t\t\t\t\t\t\t\t<span class=\"elementor-icon-list-text\">Anmeldeschluss f\u00fcr die RWS Global-Auditions bei WDM Italy: 1. Juli 2026 f\u00fcr Luftartisten und 6. Juli 2026 f\u00fcr T\u00e4nzer.<\/span>\n\t\t\t\t\t\t\t\t\t<\/li>\n\t\t\t\t\t\t<\/ul>\n\t\t\t\t\t\t<\/div>\n\t\t\t\t<\/div>\n\t\t\t\t<div class=\"elementor-element elementor-element-2b7fca2 elementor-widget elementor-widget-heading\" data-id=\"2b7fca2\" data-element_type=\"widget\" data-e-type=\"widget\" data-widget_type=\"heading.default\">\n\t\t\t\t<div class=\"elementor-widget-container\">\n\t\t\t\t\t<h2 class=\"elementor-heading-title elementor-size-default\">\u00dcBER DIESES VORSPRECHEN<\/h2>\t\t\t\t<\/div>\n\t\t\t\t<\/div>\n\t\t\t\t<div class=\"elementor-element elementor-element-56b257a elementor-list-item-link-full_width elementor-widget elementor-widget-icon-list\" data-id=\"56b257a\" data-element_type=\"widget\" data-e-type=\"widget\" data-widget_type=\"icon-list.default\">\n\t\t\t\t<div class=\"elementor-widget-container\">\n\t\t\t\t\t\t\t<ul class=\"elementor-icon-list-items\">\n\t\t\t\t\t\t\t<li class=\"elementor-icon-list-item\">\n\t\t\t\t\t\t\t\t\t\t\t<span class=\"elementor-icon-list-icon\">\n\t\t\t\t\t\t\t<i aria-hidden=\"true\" class=\"fas fa-dot-circle\"><\/i>\t\t\t\t\t\t<\/span>\n\t\t\t\t\t\t\t\t\t\t<span class=\"elementor-icon-list-text\">RWS Global arbeitet mit World Dance Movement zusammen, um nach neuen und aufstrebenden Talenten zu suchen.<\/span>\n\t\t\t\t\t\t\t\t\t<\/li>\n\t\t\t\t\t\t\t\t<li class=\"elementor-icon-list-item\">\n\t\t\t\t\t\t\t\t\t\t\t<span class=\"elementor-icon-list-icon\">\n\t\t\t\t\t\t\t<i aria-hidden=\"true\" class=\"fas fa-dot-circle\"><\/i>\t\t\t\t\t\t<\/span>\n\t\t\t\t\t\t\t\t\t\t<span class=\"elementor-icon-list-text\">Offene Vorsprechen f\u00fcr Luftakrobaten und T\u00e4nzer. Details finden Sie in den Vorsprechlisten.<\/span>\n\t\t\t\t\t\t\t\t\t<\/li>\n\t\t\t\t\t\t\t\t<li class=\"elementor-icon-list-item\">\n\t\t\t\t\t\t\t\t\t\t\t<span class=\"elementor-icon-list-icon\">\n\t\t\t\t\t\t\t<i aria-hidden=\"true\" class=\"fas fa-dot-circle\"><\/i>\t\t\t\t\t\t<\/span>\n\t\t\t\t\t\t\t\t\t\t<span class=\"elementor-icon-list-text\">RWS Global veranstaltet Castings und sucht Darsteller f\u00fcr \u2026 &amp; COMPANY an Bord der HOLLAND AMERICA LINE.<\/span>\n\t\t\t\t\t\t\t\t\t<\/li>\n\t\t\t\t\t\t\t\t<li class=\"elementor-icon-list-item\">\n\t\t\t\t\t\t\t\t\t\t\t<span class=\"elementor-icon-list-icon\">\n\t\t\t\t\t\t\t<i aria-hidden=\"true\" class=\"fas fa-dot-circle\"><\/i>\t\t\t\t\t\t<\/span>\n\t\t\t\t\t\t\t\t\t\t<span class=\"elementor-icon-list-text\">Bitte beachten Sie, dass es sich bei diesen Gelegenheiten um \u201eProduktionen von Weltklasse rund um den Globus, an Land und auf See\u201c handelt. Reisen sind erforderlich.<\/span>\n\t\t\t\t\t\t\t\t\t<\/li>\n\t\t\t\t\t\t<\/ul>\n\t\t\t\t\t\t<\/div>\n\t\t\t\t<\/div>\n\t\t\t\t<div class=\"elementor-element elementor-element-7e1f6ac elementor-widget elementor-widget-heading\" data-id=\"7e1f6ac\" data-element_type=\"widget\" data-e-type=\"widget\" data-widget_type=\"heading.default\">\n\t\t\t\t<div class=\"elementor-widget-container\">\n\t\t\t\t\t<h2 class=\"elementor-heading-title elementor-size-default\"><b><u>SIE BIETEN AN<\/u><\/b><\/h2>\t\t\t\t<\/div>\n\t\t\t\t<\/div>\n\t\t\t\t<div class=\"elementor-element elementor-element-0554b1d elementor-icon-list--layout-traditional elementor-list-item-link-full_width elementor-widget elementor-widget-icon-list\" data-id=\"0554b1d\" data-element_type=\"widget\" data-e-type=\"widget\" data-widget_type=\"icon-list.default\">\n\t\t\t\t<div class=\"elementor-widget-container\">\n\t\t\t\t\t\t\t<ul class=\"elementor-icon-list-items\">\n\t\t\t\t\t\t\t<li class=\"elementor-icon-list-item\">\n\t\t\t\t\t\t\t\t\t\t\t<span class=\"elementor-icon-list-icon\">\n\t\t\t\t\t\t\t<i aria-hidden=\"true\" class=\"fas fa-dot-circle\"><\/i>\t\t\t\t\t\t<\/span>\n\t\t\t\t\t\t\t\t\t\t<span class=\"elementor-icon-list-text\">Unterschiedliche Starttermine bis 2027.<\/span>\n\t\t\t\t\t\t\t\t\t<\/li>\n\t\t\t\t\t\t\t\t<li class=\"elementor-icon-list-item\">\n\t\t\t\t\t\t\t\t\t\t\t<span class=\"elementor-icon-list-icon\">\n\t\t\t\t\t\t\t<i aria-hidden=\"true\" class=\"fas fa-dot-circle\"><\/i>\t\t\t\t\t\t<\/span>\n\t\t\t\t\t\t\t\t\t\t<span class=\"elementor-icon-list-text\">Professionelles Arbeitsumfeld<\/span>\n\t\t\t\t\t\t\t\t\t<\/li>\n\t\t\t\t\t\t\t\t<li class=\"elementor-icon-list-item\">\n\t\t\t\t\t\t\t\t\t\t\t<span class=\"elementor-icon-list-icon\">\n\t\t\t\t\t\t\t<i aria-hidden=\"true\" class=\"fas fa-dot-circle\"><\/i>\t\t\t\t\t\t<\/span>\n\t\t\t\t\t\t\t\t\t\t<span class=\"elementor-icon-list-text\">Einzigartige Signature Productions auf der B\u00fchne, in der Luft, auf dem Eis und im Wasser<\/span>\n\t\t\t\t\t\t\t\t\t<\/li>\n\t\t\t\t\t\t\t\t<li class=\"elementor-icon-list-item\">\n\t\t\t\t\t\t\t\t\t\t\t<span class=\"elementor-icon-list-icon\">\n\t\t\t\t\t\t\t<i aria-hidden=\"true\" class=\"fas fa-dot-circle\"><\/i>\t\t\t\t\t\t<\/span>\n\t\t\t\t\t\t\t\t\t\t<span class=\"elementor-icon-list-text\">Reisekosten, Unterkunft und wettbewerbsf\u00e4higes Gehalt werden bereitgestellt.<\/span>\n\t\t\t\t\t\t\t\t\t<\/li>\n\t\t\t\t\t\t\t\t<li class=\"elementor-icon-list-item\">\n\t\t\t\t\t\t\t\t\t\t\t<span class=\"elementor-icon-list-icon\">\n\t\t\t\t\t\t\t<i aria-hidden=\"true\" class=\"fas fa-dot-circle\"><\/i>\t\t\t\t\t\t<\/span>\n\t\t\t\t\t\t\t\t\t\t<span class=\"elementor-icon-list-text\">Alle Darsteller m\u00fcssen \u00fcber einen g\u00fcltigen Reisepass verf\u00fcgen oder einen solchen erwerben k\u00f6nnen.<\/span>\n\t\t\t\t\t\t\t\t\t<\/li>\n\t\t\t\t\t\t<\/ul>\n\t\t\t\t\t\t<\/div>\n\t\t\t\t<\/div>\n\t\t\t\t<div class=\"elementor-element elementor-element-31636e1 elementor-widget elementor-widget-text-editor\" data-id=\"31636e1\" data-element_type=\"widget\" data-e-type=\"widget\" data-widget_type=\"text-editor.default\">\n\t\t\t\t<div class=\"elementor-widget-container\">\n\t\t\t\t\t\t\t\t\t<p>Um mehr zu erfahren, besuchen Sie ihre Website:<a href=\"https:\/\/www.rwsglobal.com\/auditions-gigs\">\u00a0<strong>RWSGLOBAL.COM<\/strong><\/a><\/p>\t\t\t\t\t\t\t\t<\/div>\n\t\t\t\t<\/div>\n\t\t\t\t<div class=\"elementor-element elementor-element-9123da7 elementor-widget-divider--view-line_icon elementor-view-default elementor-widget-divider--element-align-center elementor-widget elementor-widget-divider\" data-id=\"9123da7\" data-element_type=\"widget\" data-e-type=\"widget\" data-widget_type=\"divider.default\">\n\t\t\t\t<div class=\"elementor-widget-container\">\n\t\t\t\t\t\t\t<div class=\"elementor-divider\">\n\t\t\t<span class=\"elementor-divider-separator\">\n\t\t\t\t\t\t\t<div class=\"elementor-icon elementor-divider__element\">\n\t\t\t\t\t<i aria-hidden=\"true\" class=\"fas fa-star-of-life\"><\/i><\/div>\n\t\t\t\t\t\t<\/span>\n\t\t<\/div>\n\t\t\t\t\t\t<\/div>\n\t\t\t\t<\/div>\n\t\t\t\t<div class=\"elementor-element elementor-element-b790ffe elementor-widget elementor-widget-heading\" data-id=\"b790ffe\" data-element_type=\"widget\" data-e-type=\"widget\" data-widget_type=\"heading.default\">\n\t\t\t\t<div class=\"elementor-widget-container\">\n\t\t\t\t\t<h4 class=\"elementor-heading-title elementor-size-default\">INFORMATIONEN F\u00dcR AERIALISTEN:<\/h4>\t\t\t\t<\/div>\n\t\t\t\t<\/div>\n\t\t\t\t<div class=\"elementor-element elementor-element-d2aac6d elementor-widget elementor-widget-text-editor\" data-id=\"d2aac6d\" data-element_type=\"widget\" data-e-type=\"widget\" data-widget_type=\"text-editor.default\">\n\t\t\t\t<div class=\"elementor-widget-container\">\n\t\t\t\t\t\t\t\t\t<ul><li>RWS Global ist auf der Suche nach starken Luftakrobaten mit professionellem B\u00fchnenhintergrund (z. B. Theater, Konzert, Schiffe usw.). Erfahrung im Umgang mit Ger\u00e4ten ist ein Plus.<\/li><li>Beim Vorsprechen werden wir Seident\u00fccher und Reifen haben, aber Sie k\u00f6nnen Ihre eigenen Ger\u00e4te mitbringen.\u00a0<\/li><li style=\"font-size: 18px;\">WDM stellt 3 Sliks, L\u00e4nge: 8 Meter, zertifiziertes Einrad (Hoop) zur Verf\u00fcgung.<\/li><li>INFORMATIONEN ZU AUFH\u00c4NGEPUNKTEN: ein St\u00fctzbalken (10 Meter lang und 7 Meter hoch) mit n. 3 Punkte.\u00a0<\/li><\/ul><p><em>Indem Sie sich zum Vorsprechen anmelden oder Ihre Materialien online einreichen, best\u00e4tigen Sie, dass Sie bereit und willens sind, die k\u00f6rperlichen Pflichten der Rolle, f\u00fcr die Sie vorsprechen, zu erf\u00fcllen. Hierzu z\u00e4hlen unter anderem das Heben von Gewichten von bis zu 22,7 kg, k\u00f6rperliche Aktivit\u00e4t w\u00e4hrend der Arbeitszeit und die Arbeit in einer schnelllebigen Umgebung, die ein hohes Ma\u00df an Anpassungsf\u00e4higkeit erfordert. Dar\u00fcber hinaus erkennen Sie an, dass die Rolle es erfordern kann, dass Sie Choreografie- und Show-\/Drehbuchelemente innerhalb kurzer Zeit ohne Hilfe erlernen und umsetzen.\u00a0<\/em><\/p>\t\t\t\t\t\t\t\t<\/div>\n\t\t\t\t<\/div>\n\t\t\t\t<div class=\"elementor-element elementor-element-f07e62c elementor-widget elementor-widget-heading\" data-id=\"f07e62c\" data-element_type=\"widget\" data-e-type=\"widget\" data-widget_type=\"heading.default\">\n\t\t\t\t<div class=\"elementor-widget-container\">\n\t\t\t\t\t<h4 class=\"elementor-heading-title elementor-size-default\">INFORMATIONEN F\u00dcR T\u00c4NZER:<\/h4>\t\t\t\t<\/div>\n\t\t\t\t<\/div>\n\t\t\t\t<div class=\"elementor-element elementor-element-a5aebb8 elementor-widget elementor-widget-text-editor\" data-id=\"a5aebb8\" data-element_type=\"widget\" data-e-type=\"widget\" data-widget_type=\"text-editor.default\">\n\t\t\t\t<div class=\"elementor-widget-container\">\n\t\t\t\t\t\t\t\t\t<ul><li>RWS Global sucht starke, professionelle, erfahrene und vielseitige T\u00e4nzer ab 18 Jahren mit Stilen wie Zeitgen\u00f6ssischem Tanz, Jazz, Theatertanz, Showgirl und Hip Hop.<\/li><li>Kandidaten m\u00fcssen verf\u00fcgbar und bereit sein, an Bord unserer Schiffe international zu reisen.<\/li><li>Alle Vorsprechenden werden um 10:00 Uhr gesehen.\u00a0<\/li><li>Details und Links zum Vorsprechen werden nach der Anmeldung per Best\u00e4tigungs-E-Mail verschickt.<\/li><li>Bitte seien Sie aufgew\u00e4rmt und bereit zum Tanzen zur vereinbarten Zeit.\u00a0<\/li><li>Bringen Sie ein Portr\u00e4tfoto und einen hintereinander gehefteten Lebenslauf mit.\u00a0<\/li><li>Tragen Sie figurbetonte Kleidung, die Linien und \u00c4sthetik zeigt.\u00a0<\/li><li>Bringen Sie Jazz- und Ballettschuhe mit. Weibliche K\u00fcnstler, die sich identifizieren, sollten auch Abs\u00e4tze mitbringen.<\/li><\/ul><div><em>Mit der Anmeldung zum Vorsprechen oder der Online-Einreichung Ihrer Unterlagen best\u00e4tigen Sie, dass Sie bereit und willens sind, die k\u00f6rperlichen Anforderungen der Rolle, f\u00fcr die Sie vorsprechen, zu erf\u00fcllen. Dies kann unter anderem das Heben von Gewichten bis zu 23 kg, k\u00f6rperliche Bet\u00e4tigung w\u00e4hrend der Arbeitszeit und die Arbeit in einem schnelllebigen Umfeld, das ein hohes Ma\u00df an Anpassungsf\u00e4higkeit erfordert, umfassen. Sie erkennen au\u00dferdem an, dass die Rolle m\u00f6glicherweise erfordert, dass Sie Choreografie- und Show-\/Skriptelemente innerhalb kurzer Zeit ohne Hilfe erlernen und umsetzen.<\/em><\/div>\t\t\t\t\t\t\t\t<\/div>\n\t\t\t\t<\/div>\n\t\t\t\t<div class=\"elementor-element elementor-element-85a770f elementor-widget-divider--view-line_icon elementor-view-default elementor-widget-divider--element-align-center elementor-widget elementor-widget-divider\" data-id=\"85a770f\" data-element_type=\"widget\" data-e-type=\"widget\" data-widget_type=\"divider.default\">\n\t\t\t\t<div class=\"elementor-widget-container\">\n\t\t\t\t\t\t\t<div class=\"elementor-divider\">\n\t\t\t<span class=\"elementor-divider-separator\">\n\t\t\t\t\t\t\t<div class=\"elementor-icon elementor-divider__element\">\n\t\t\t\t\t<i aria-hidden=\"true\" class=\"fas fa-star-of-life\"><\/i><\/div>\n\t\t\t\t\t\t<\/span>\n\t\t<\/div>\n\t\t\t\t\t\t<\/div>\n\t\t\t\t<\/div>\n\t\t\t\t\t<\/div>\n\t\t<\/div>\n\t\t\t\t\t<\/div>\n\t\t<\/section>\n\t\t\t\t<\/div>","protected":false},"excerpt":{"rendered":"<p>https:\/\/worlddancemovement.com\/wp-content\/uploads\/2026\/02\/WDM-Casting-Sizzle.mov WDM ITALY &#8211; The International Festival 2026 &#8211; OPEN &#8220;In person&#8221; CASTING CALL THE LEADING GLOBAL DESTINATION FOR TALENT One role unlocks your future. Your first gig at RWS Global is a doorway to a whole career. Under one umbrella, you\u2019ll find opportunities in parks and resorts, cruise ships, TV commercials, Broadway shows and [&hellip;]<\/p>\n","protected":false},"author":6,"featured_media":0,"parent":0,"menu_order":0,"comment_status":"closed","ping_status":"closed","template":"","meta":{"_acf_changed":false,"site-sidebar-layout":"no-sidebar","site-content-layout":"page-builder","ast-site-content-layout":"default","site-content-style":"default","site-sidebar-style":"default","ast-global-header-display":"","ast-banner-title-visibility":"","ast-main-header-display":"","ast-hfb-above-header-display":"","ast-hfb-below-header-display":"","ast-hfb-mobile-header-display":"","site-post-title":"disabled","ast-breadcrumbs-content":"","ast-featured-img":"disabled","footer-sml-layout":"","ast-disable-related-posts":"","theme-transparent-header-meta":"default","adv-header-id-meta":"","stick-header-meta":"default","header-above-stick-meta":"","header-main-stick-meta":"","header-below-stick-meta":"","astra-migrate-meta-layouts":"default","ast-page-background-enabled":"default","ast-page-background-meta":{"desktop":{"background-color":"","background-image":"","background-repeat":"repeat","background-position":"center center","background-size":"auto","background-attachment":"scroll","background-type":"","background-media":"","overlay-type":"","overlay-color":"","overlay-opacity":"","overlay-gradient":""},"tablet":{"background-color":"","background-image":"","background-repeat":"repeat","background-position":"center center","background-size":"auto","background-attachment":"scroll","background-type":"","background-media":"","overlay-type":"","overlay-color":"","overlay-opacity":"","overlay-gradient":""},"mobile":{"background-color":"","background-image":"","background-repeat":"repeat","background-position":"center center","background-size":"auto","background-attachment":"scroll","background-type":"","background-media":"","overlay-type":"","overlay-color":"","overlay-opacity":"","overlay-gradient":""}},"ast-content-background-meta":{"desktop":{"background-color":"var(--ast-global-color-5)","background-image":"","background-repeat":"repeat","background-position":"center center","background-size":"auto","background-attachment":"scroll","background-type":"","background-media":"","overlay-type":"","overlay-color":"","overlay-opacity":"","overlay-gradient":""},"tablet":{"background-color":"var(--ast-global-color-5)","background-image":"","background-repeat":"repeat","background-position":"center center","background-size":"auto","background-attachment":"scroll","background-type":"","background-media":"","overlay-type":"","overlay-color":"","overlay-opacity":"","overlay-gradient":""},"mobile":{"background-color":"var(--ast-global-color-5)","background-image":"","background-repeat":"repeat","background-position":"center center","background-size":"auto","background-attachment":"scroll","background-type":"","background-media":"","overlay-type":"","overlay-color":"","overlay-opacity":"","overlay-gradient":""}},"footnotes":""},"class_list":["post-12904","page","type-page","status-publish","hentry"],"acf":[],"jetpack_sharing_enabled":true,"_links":{"self":[{"href":"https:\/\/worlddancemovement.com\/de\/wp-json\/wp\/v2\/pages\/12904","targetHints":{"allow":["GET"]}}],"collection":[{"href":"https:\/\/worlddancemovement.com\/de\/wp-json\/wp\/v2\/pages"}],"about":[{"href":"https:\/\/worlddancemovement.com\/de\/wp-json\/wp\/v2\/types\/page"}],"author":[{"embeddable":true,"href":"https:\/\/worlddancemovement.com\/de\/wp-json\/wp\/v2\/users\/6"}],"replies":[{"embeddable":true,"href":"https:\/\/worlddancemovement.com\/de\/wp-json\/wp\/v2\/comments?post=12904"}],"version-history":[{"count":10,"href":"https:\/\/worlddancemovement.com\/de\/wp-json\/wp\/v2\/pages\/12904\/revisions"}],"predecessor-version":[{"id":19688,"href":"https:\/\/worlddancemovement.com\/de\/wp-json\/wp\/v2\/pages\/12904\/revisions\/19688"}],"wp:attachment":[{"href":"https:\/\/worlddancemovement.com\/de\/wp-json\/wp\/v2\/media?parent=12904"}],"curies":[{"name":"wp","href":"https:\/\/api.w.org\/{rel}","templated":true}]}}