{"id":13777,"date":"2023-10-20T00:38:09","date_gmt":"2023-10-20T00:38:09","guid":{"rendered":"https:\/\/worlddancemovement.com\/?page_id=13777"},"modified":"2024-05-15T16:08:39","modified_gmt":"2024-05-15T16:08:39","slug":"humanhood-2","status":"publish","type":"page","link":"https:\/\/worlddancemovement.com\/de\/faculty-italy\/humanhood-2\/","title":{"rendered":"MENSCHHEIT"},"content":{"rendered":"<div data-elementor-type=\"wp-page\" data-elementor-id=\"13777\" class=\"elementor elementor-13777\" data-elementor-post-type=\"page\">\n\t\t\t\t\t\t<section class=\"elementor-section elementor-top-section elementor-element elementor-element-94ec49d elementor-section-full_width elementor-section-height-min-height elementor-section-height-default elementor-section-items-middle\" data-id=\"94ec49d\" data-element_type=\"section\" data-e-type=\"section\" data-settings=\"{&quot;background_background&quot;:&quot;classic&quot;}\">\n\t\t\t\t\t\t\t<div class=\"elementor-background-overlay\"><\/div>\n\t\t\t\t\t\t\t<div class=\"elementor-container elementor-column-gap-no\">\n\t\t\t\t\t<div class=\"elementor-column elementor-col-100 elementor-top-column elementor-element elementor-element-8268956\" data-id=\"8268956\" data-element_type=\"column\" data-e-type=\"column\">\n\t\t\t<div class=\"elementor-widget-wrap elementor-element-populated\">\n\t\t\t\t\t\t<div class=\"elementor-element elementor-element-5016628 elementor-widget elementor-widget-heading\" data-id=\"5016628\" data-element_type=\"widget\" data-e-type=\"widget\" data-widget_type=\"heading.default\">\n\t\t\t\t<div class=\"elementor-widget-container\">\n\t\t\t\t\t<h2 class=\"elementor-heading-title elementor-size-default\">MENSCHLICHKEIT - Romee van de Meent<br><\/h2>\t\t\t\t<\/div>\n\t\t\t\t<\/div>\n\t\t\t\t<div class=\"elementor-element elementor-element-a86216f elementor-widget-divider--view-line elementor-widget elementor-widget-divider\" data-id=\"a86216f\" data-element_type=\"widget\" data-e-type=\"widget\" data-widget_type=\"divider.default\">\n\t\t\t\t<div class=\"elementor-widget-container\">\n\t\t\t\t\t\t\t<div class=\"elementor-divider\">\n\t\t\t<span class=\"elementor-divider-separator\">\n\t\t\t\t\t\t<\/span>\n\t\t<\/div>\n\t\t\t\t\t\t<\/div>\n\t\t\t\t<\/div>\n\t\t\t\t\t<\/div>\n\t\t<\/div>\n\t\t\t\t\t<\/div>\n\t\t<\/section>\n\t\t\t\t<section class=\"elementor-section elementor-top-section elementor-element elementor-element-a2d6cca elementor-section-full_width elementor-section-height-default elementor-section-height-default\" data-id=\"a2d6cca\" data-element_type=\"section\" data-e-type=\"section\">\n\t\t\t\t\t\t<div class=\"elementor-container elementor-column-gap-default\">\n\t\t\t\t\t<div class=\"elementor-column elementor-col-100 elementor-top-column elementor-element elementor-element-a45c6d3\" data-id=\"a45c6d3\" data-element_type=\"column\" data-e-type=\"column\">\n\t\t\t<div class=\"elementor-widget-wrap elementor-element-populated\">\n\t\t\t\t\t\t<div class=\"elementor-element elementor-element-f854b1f elementor-widget elementor-widget-heading\" data-id=\"f854b1f\" data-element_type=\"widget\" data-e-type=\"widget\" data-widget_type=\"heading.default\">\n\t\t\t\t<div class=\"elementor-widget-container\">\n\t\t\t\t\t<h2 class=\"elementor-heading-title elementor-size-default\">HUMANHOOD \u2013 ROMEE VAN DE MEENT \u2013 \ud83c\uddec\ud83c\udde7 UK<br>KLASSE: HUMANHOOD CHOREOGRAPHIC WORKSHOP\n<\/h2>\t\t\t\t<\/div>\n\t\t\t\t<\/div>\n\t\t\t\t<div class=\"elementor-element elementor-element-6a167fb elementor-widget elementor-widget-gallery\" data-id=\"6a167fb\" data-element_type=\"widget\" data-e-type=\"widget\" data-settings=\"{&quot;gap&quot;:{&quot;unit&quot;:&quot;px&quot;,&quot;size&quot;:9,&quot;sizes&quot;:[]},&quot;lazyload&quot;:&quot;yes&quot;,&quot;gallery_layout&quot;:&quot;grid&quot;,&quot;columns&quot;:4,&quot;columns_tablet&quot;:2,&quot;columns_mobile&quot;:1,&quot;gap_tablet&quot;:{&quot;unit&quot;:&quot;px&quot;,&quot;size&quot;:10,&quot;sizes&quot;:[]},&quot;gap_mobile&quot;:{&quot;unit&quot;:&quot;px&quot;,&quot;size&quot;:10,&quot;sizes&quot;:[]},&quot;link_to&quot;:&quot;file&quot;,&quot;aspect_ratio&quot;:&quot;3:2&quot;,&quot;overlay_background&quot;:&quot;yes&quot;,&quot;content_hover_animation&quot;:&quot;fade-in&quot;}\" data-widget_type=\"gallery.default\">\n\t\t\t\t<div class=\"elementor-widget-container\">\n\t\t\t\t\t\t\t<div class=\"elementor-gallery__container\">\n\t\t\t\t\t\t\t<a class=\"e-gallery-item elementor-gallery-item elementor-animated-content\" href=\"https:\/\/worlddancemovement.com\/wp-content\/uploads\/2023\/10\/Romee-Van-De-Meent_-1x1-1.jpg\" data-elementor-open-lightbox=\"yes\" data-elementor-lightbox-slideshow=\"6a167fb\" data-elementor-lightbox-title=\"Romee Van De Meent_ 1x1\" data-e-action-hash=\"#elementor-action%3Aaction%3Dlightbox%26settings%3DeyJpZCI6MTM4MjIsInVybCI6Imh0dHBzOlwvXC93b3JsZGRhbmNlbW92ZW1lbnQuY29tXC93cC1jb250ZW50XC91cGxvYWRzXC8yMDIzXC8xMFwvUm9tZWUtVmFuLURlLU1lZW50Xy0xeDEtMS5qcGciLCJzbGlkZXNob3ciOiI2YTE2N2ZiIn0%3D\">\n\t\t\t\t\t<div class=\"e-gallery-image elementor-gallery-item__image\" data-thumbnail=\"https:\/\/worlddancemovement.com\/wp-content\/uploads\/2023\/10\/Romee-Van-De-Meent_-1x1-1.jpg\" data-width=\"1000\" data-height=\"1000\" aria-label=\"\" role=\"img\" ><\/div>\n\t\t\t\t\t\t\t\t\t\t\t<div class=\"elementor-gallery-item__overlay\"><\/div>\n\t\t\t\t\t\t\t\t\t\t\t\t\t\t<\/a>\n\t\t\t\t\t\t\t<a class=\"e-gallery-item elementor-gallery-item elementor-animated-content\" href=\"https:\/\/worlddancemovement.com\/wp-content\/uploads\/2023\/11\/Humanhood_Portraits_6841-scaled.jpg\" data-elementor-open-lightbox=\"yes\" data-elementor-lightbox-slideshow=\"6a167fb\" data-elementor-lightbox-title=\"Humanhood_Portraits_6841\" data-e-action-hash=\"#elementor-action%3Aaction%3Dlightbox%26settings%3DeyJpZCI6MTQxMjYsInVybCI6Imh0dHBzOlwvXC93b3JsZGRhbmNlbW92ZW1lbnQuY29tXC93cC1jb250ZW50XC91cGxvYWRzXC8yMDIzXC8xMVwvSHVtYW5ob29kX1BvcnRyYWl0c182ODQxLXNjYWxlZC5qcGciLCJzbGlkZXNob3ciOiI2YTE2N2ZiIn0%3D\">\n\t\t\t\t\t<div class=\"e-gallery-image elementor-gallery-item__image\" data-thumbnail=\"https:\/\/worlddancemovement.com\/wp-content\/uploads\/2023\/11\/Humanhood_Portraits_6841-731x1024.jpg\" data-width=\"731\" data-height=\"1024\" aria-label=\"\" role=\"img\" ><\/div>\n\t\t\t\t\t\t\t\t\t\t\t<div class=\"elementor-gallery-item__overlay\"><\/div>\n\t\t\t\t\t\t\t\t\t\t\t\t\t\t<\/a>\n\t\t\t\t\t\t\t<a class=\"e-gallery-item elementor-gallery-item elementor-animated-content\" href=\"https:\/\/worlddancemovement.com\/wp-content\/uploads\/2023\/10\/Humanhood2-scaled.jpg\" data-elementor-open-lightbox=\"yes\" data-elementor-lightbox-slideshow=\"6a167fb\" data-elementor-lightbox-title=\"Humanhood2\" data-e-action-hash=\"#elementor-action%3Aaction%3Dlightbox%26settings%3DeyJpZCI6MTM4MTksInVybCI6Imh0dHBzOlwvXC93b3JsZGRhbmNlbW92ZW1lbnQuY29tXC93cC1jb250ZW50XC91cGxvYWRzXC8yMDIzXC8xMFwvSHVtYW5ob29kMi1zY2FsZWQuanBnIiwic2xpZGVzaG93IjoiNmExNjdmYiJ9\">\n\t\t\t\t\t<div class=\"e-gallery-image elementor-gallery-item__image\" data-thumbnail=\"https:\/\/worlddancemovement.com\/wp-content\/uploads\/2023\/10\/Humanhood2-1024x910.jpg\" data-width=\"1024\" data-height=\"910\" aria-label=\"\" role=\"img\" ><\/div>\n\t\t\t\t\t\t\t\t\t\t\t<div class=\"elementor-gallery-item__overlay\"><\/div>\n\t\t\t\t\t\t\t\t\t\t\t\t\t\t<\/a>\n\t\t\t\t\t\t\t<a class=\"e-gallery-item elementor-gallery-item elementor-animated-content\" href=\"https:\/\/worlddancemovement.com\/wp-content\/uploads\/2023\/10\/Humanhood-scaled.jpg\" data-elementor-open-lightbox=\"yes\" data-elementor-lightbox-slideshow=\"6a167fb\" data-elementor-lightbox-title=\"Humanhood\" data-e-action-hash=\"#elementor-action%3Aaction%3Dlightbox%26settings%3DeyJpZCI6MTM4MTgsInVybCI6Imh0dHBzOlwvXC93b3JsZGRhbmNlbW92ZW1lbnQuY29tXC93cC1jb250ZW50XC91cGxvYWRzXC8yMDIzXC8xMFwvSHVtYW5ob29kLXNjYWxlZC5qcGciLCJzbGlkZXNob3ciOiI2YTE2N2ZiIn0%3D\">\n\t\t\t\t\t<div class=\"e-gallery-image elementor-gallery-item__image\" data-thumbnail=\"https:\/\/worlddancemovement.com\/wp-content\/uploads\/2023\/10\/Humanhood-576x1024.jpg\" data-width=\"576\" data-height=\"1024\" aria-label=\"\" role=\"img\" ><\/div>\n\t\t\t\t\t\t\t\t\t\t\t<div class=\"elementor-gallery-item__overlay\"><\/div>\n\t\t\t\t\t\t\t\t\t\t\t\t\t\t<\/a>\n\t\t\t\t\t<\/div>\n\t\t\t\t\t<\/div>\n\t\t\t\t<\/div>\n\t\t\t\t<div class=\"elementor-element elementor-element-54d4613 elementor-widget elementor-widget-text-editor\" data-id=\"54d4613\" data-element_type=\"widget\" data-e-type=\"widget\" data-widget_type=\"text-editor.default\">\n\t\t\t\t<div class=\"elementor-widget-container\">\n\t\t\t\t\t\t\t\t\t<h4><strong>Romee van de Meent<\/strong><\/h4><p>Romee van de Meent aus den Niederlanden ist eine professionelle T\u00e4nzerin, die im August 2021 zu HUMANHOOD kam und in den Produktionen des Unternehmens \u221e {Infinite} und Sphera aufgetreten ist. Sie hat pers\u00f6nlich Workshops in ganz Europa durchgef\u00fchrt und im Rahmen des HUMANHOOD Dancers Training Programme viele Bewegungsprofis online geschult.\u201c<\/p><p>\u00a0<\/p><h4><strong>\u00dcber MENSCHLICHKEIT<\/strong><\/h4><h4><strong>Die Tanzkompanie<\/strong><\/h4><p>\u201eHUMANHOOD ist eine Tanzkompanie, deren Ziel es ist, das menschliche Bewusstsein zu sch\u00e4rfen und das menschliche Potenzial durch mystische und kolossale Tanzproduktionen weltweit zu st\u00e4rken.\u201c K\u00fcnstlerisch gef\u00fchrt und gegr\u00fcndet von den Vision\u00e4rinnen und Kreativen Julia Robert und Rudi Cole, beschreitet das Unternehmen einen strahlenden Weg in der internationalen Szene und kreiert Tanztheatermeditationen voller energetischer Kraft f\u00fcr die neue \u00c4ra.<\/p><p>Mit einem Engagement f\u00fcr Selbstwachstum und k\u00fcnstlerischen Ausdruck kombiniert HUMANHOODs Arbeit den choreografischen Stil und die au\u00dfergew\u00f6hnliche K\u00f6rperlichkeit von Julia und Rudi mit wissenschaftlicher Forschung in Physik und Astrophysik sowie einem Schwerpunkt auf \u00f6stlicher Mystik, um zu erforschen, wie diese scheinbar unterschiedlichen Welten zusammenkommen k\u00f6nnen, um unsere zu formen menschliche Erfahrungen.<\/p><p>Diese Erkundungen f\u00fchrten die K\u00fcnstler auf der ganzen Welt dazu, mit einem breiten Spektrum multidisziplin\u00e4rer K\u00fcnstler, spiritueller Praktiker, Schamanen und indigener St\u00e4mme zusammenzuarbeiten, um Produktionen mit einem hohen Ma\u00df an k\u00fcnstlerischer Komplexit\u00e4t und spiritueller Resonanz zu inszenieren, bei denen energiever\u00e4ndernde Kl\u00e4nge, Licht und Musik miteinander verbunden werden Bewegung, die das Publikum an einen Ort jenseits der Sinne entf\u00fchrt. Das Unternehmen arbeitet auch mit Wissenschaftlern zusammen, darunter dem Forschungsteam der Abteilung f\u00fcr Physik und Astrophysik der Universit\u00e4t Birmingham.<\/p>\t\t\t\t\t\t\t\t<\/div>\n\t\t\t\t<\/div>\n\t\t\t\t<div class=\"elementor-element elementor-element-0d5469a elementor-widget elementor-widget-video\" data-id=\"0d5469a\" data-element_type=\"widget\" data-e-type=\"widget\" data-settings=\"{&quot;youtube_url&quot;:&quot;https:\\\/\\\/www.youtube.com\\\/watch?v=NtzsMkZapRA&quot;,&quot;video_type&quot;:&quot;youtube&quot;,&quot;controls&quot;:&quot;yes&quot;}\" data-widget_type=\"video.default\">\n\t\t\t\t<div class=\"elementor-widget-container\">\n\t\t\t\t\t\t\t<div class=\"elementor-wrapper elementor-open-inline\">\n\t\t\t<div class=\"elementor-video\"><\/div>\t\t<\/div>\n\t\t\t\t\t\t<\/div>\n\t\t\t\t<\/div>\n\t\t\t\t<div class=\"elementor-element elementor-element-05cdd24 elementor-widget elementor-widget-text-editor\" data-id=\"05cdd24\" data-element_type=\"widget\" data-e-type=\"widget\" data-widget_type=\"text-editor.default\">\n\t\t\t\t<div class=\"elementor-widget-container\">\n\t\t\t\t\t\t\t\t\t<h4><strong>Choreografin\/ Co-k\u00fcnstlerische Leiterin \u2013 Julia Robert<\/strong><\/h4><p>Julia tanzte seit ihrer Kindheit auf diesem Planeten und dr\u00fcckte dabei ihre angeborene Fl\u00fcssigkeit und Anmut aus. Fasziniert von den Wundern des Universums studierte sie ein Semester lang Physik an der Universitat de Barcelona. Sie erkannte jedoch, dass dieser Weg nicht mit der Absicht ihrer Seele \u00fcbereinstimmte. Von diesem Moment an richtete Julia ihre ganze Aufmerksamkeit auf den Tanz, schloss 2011 ihr Studium an der London Contemporary Dance School ab und trat in einigen der renommiertesten Theater der Welt auf. Sie ging von der Theorie zur Praxis, tauchte tief in existenzielle Fragen ein und erschloss die Bewegung des K\u00f6rpers als Portal zu h\u00f6heren Bewusstseinszust\u00e4nden. Ihre ganzheitliche Herangehensweise an Leben und Bewegung hat sie dazu gebracht, sich in verschiedenen Heilungs- und Energiemodalit\u00e4ten auszubilden, darunter Tierkommunikation, Bioneuroemotion, Schamanismus und viele andere.<\/p><h4><strong>Choreograf\/ Co-k\u00fcnstlerischer Leiter \u2013 Rudi Cole<\/strong><\/h4><p>Rudi stammt aus einer K\u00fcnstlerfamilie mit einem angeborenen Gesp\u00fcr f\u00fcr Rhythmus, Musikalit\u00e4t und einem scharfen Auge f\u00fcr Bewegungsqualit\u00e4t und hat schon in jungen Jahren den Tanz als seine Leidenschaft identifiziert. Er absolvierte die Northern School of Contemporary Dance und hatte eine erfolgreiche Karriere als professioneller T\u00e4nzer, unter anderem trat er bei den Olympischen Spielen 2012 in London auf. Er ist ein hingebungsvoller Praktizierender der inneren Kampfk\u00fcnste, der die energetische Kraft des K\u00f6rpers mit der Bewegungsqualit\u00e4t des Unternehmens verbindet. Seine kindliche Neugier hat ihn dazu gebracht, auf der ganzen Welt alte und schamanische Praktiken zu erforschen und so das Potenzial der menschlichen K\u00f6rperlichkeit zu erweitern.<\/p><h4><strong>Julia und Rudi (MENSCHLICHKEIT)<\/strong><\/h4><p>Julia und Rudi gr\u00fcndeten HUMANHOOD im Jahr 2016 mit der Vision, eine weltweite Bewegung zur Erweiterung des menschlichen Bewusstseins zu schaffen. Seit der Entstehung ihres ersten Duetts ZERO haben sie eine klare choreografische Sprache etabliert, die eine erhabene spirituelle MENSCHLICHKEIT-Sensibilit\u00e4t zum Ausdruck bringt, die das Interesse und die Anh\u00e4ngerschaft der Tanzbranche und dar\u00fcber hinaus geweckt hat, einschlie\u00dflich Wohlbefinden und ganzheitlicher Gemeinschaften. Ihre preisgekr\u00f6nten Werke wurden an einigen der renommiertesten Veranstaltungsorte (Sadler&#039;s Wells und Mercat de les Flors) und Festivals (Festival Grec und Biennale von Venedig) weltweit aufgef\u00fchrt.<\/p><p>Gemeinsam sind sie auch die Gr\u00fcnder von weflowexperience.com, einer Online-Plattform f\u00fcr Menschen aller Herkunft, die sich mit der Kraft der Bewegung verbinden m\u00f6chten. Sie veranstalten auch ganzheitliche Weflow-Bewegungsretreats und -Workshops f\u00fcr Personen, die sich durch Bewegung und Tanz mit ihrer energetischen Essenz und Ausdruckskraft verbinden m\u00f6chten.\u00a0<\/p><p>Im Jahr 2021 begannen sie, transformative Coaching-Programme online anzubieten, ihre mystischen Praktiken zu teilen und Tausende von kreativen Menschen dabei zu unterst\u00fctzen, ihre Vision in die Realit\u00e4t umzusetzen. Sie glauben, dass es f\u00fcr jeden an der Zeit ist, die reale B\u00fchne, den Boden der Erde im Alltagsleben, zu betreten und ein Licht in der Zukunft der Menschheit zu werden.<\/p><p>Dr. Jean Houston, f\u00fchrende Forscherin im Bereich menschlicher F\u00e4higkeiten und einer der bedeutendsten vision\u00e4ren Denker und Macher unserer Zeit, sagt: <em>\u201eDas mystische Paar \u2026 Julia und Rudi geben den Menschen ihren urspr\u00fcnglichen Stoff zur\u00fcck, ihr urspr\u00fcngliches Wesen \u2026 sei es durch Tanz, sei es durch Worte, sei es durch die radikale Sch\u00f6nheit, die sie beide gemeinsam und einzeln teilen.\u201c<\/em><\/p><h4><b>Um mehr zu lernen<\/b><\/h4><p><a href=\"https:\/\/www.weflowexperience.com\/\">HUMANHOOD-WEBSITE<\/a><\/p><p><a href=\"https:\/\/www.facebook.com\/groups\/embodyingyourtruepower\">MENSCHHEIT FACEBOOK<\/a><\/p><p><a href=\"https:\/\/www.instagram.com\/humanhooddanceco\/\">MENSCHHEIT INSTAGRAM<\/a><\/p><p><a href=\"https:\/\/www.instagram.com\/romeevdmeent\/\">ROMEE VAN DE MEENT INSTAGRAM<\/a><\/p>\t\t\t\t\t\t\t\t<\/div>\n\t\t\t\t<\/div>\n\t\t\t\t\t<\/div>\n\t\t<\/div>\n\t\t\t\t\t<\/div>\n\t\t<\/section>\n\t\t\t\t<\/div>","protected":false},"excerpt":{"rendered":"<p>HUMANHOOD &#8211; Romee van de Meent HUMANHOOD &#8211; ROMEE VAN DE MEENT &#8211; \ud83c\uddec\ud83c\udde7 UKCLASS: HUMANHOOD CHOREOGRAPHIC WORKSHOP Romee van de Meent Romee van de Meent, from the Netherlands, is a professional dancer who joined HUMANHOOD in August 2021, and has performed in the company&#8217;s productions \u221e {Infinite} and Sphera. She has delivered workshops around [&hellip;]<\/p>\n","protected":false},"author":6,"featured_media":0,"parent":329,"menu_order":0,"comment_status":"closed","ping_status":"closed","template":"","meta":{"_acf_changed":false,"site-sidebar-layout":"no-sidebar","site-content-layout":"page-builder","ast-site-content-layout":"default","site-content-style":"default","site-sidebar-style":"default","ast-global-header-display":"","ast-banner-title-visibility":"","ast-main-header-display":"","ast-hfb-above-header-display":"","ast-hfb-below-header-display":"","ast-hfb-mobile-header-display":"","site-post-title":"disabled","ast-breadcrumbs-content":"","ast-featured-img":"disabled","footer-sml-layout":"","ast-disable-related-posts":"","theme-transparent-header-meta":"default","adv-header-id-meta":"","stick-header-meta":"default","header-above-stick-meta":"","header-main-stick-meta":"","header-below-stick-meta":"","astra-migrate-meta-layouts":"default","ast-page-background-enabled":"default","ast-page-background-meta":{"desktop":{"background-color":"","background-image":"","background-repeat":"repeat","background-position":"center center","background-size":"auto","background-attachment":"scroll","background-type":"","background-media":"","overlay-type":"","overlay-color":"","overlay-opacity":"","overlay-gradient":""},"tablet":{"background-color":"","background-image":"","background-repeat":"repeat","background-position":"center center","background-size":"auto","background-attachment":"scroll","background-type":"","background-media":"","overlay-type":"","overlay-color":"","overlay-opacity":"","overlay-gradient":""},"mobile":{"background-color":"","background-image":"","background-repeat":"repeat","background-position":"center center","background-size":"auto","background-attachment":"scroll","background-type":"","background-media":"","overlay-type":"","overlay-color":"","overlay-opacity":"","overlay-gradient":""}},"ast-content-background-meta":{"desktop":{"background-color":"var(--ast-global-color-5)","background-image":"","background-repeat":"repeat","background-position":"center center","background-size":"auto","background-attachment":"scroll","background-type":"","background-media":"","overlay-type":"","overlay-color":"","overlay-opacity":"","overlay-gradient":""},"tablet":{"background-color":"var(--ast-global-color-5)","background-image":"","background-repeat":"repeat","background-position":"center center","background-size":"auto","background-attachment":"scroll","background-type":"","background-media":"","overlay-type":"","overlay-color":"","overlay-opacity":"","overlay-gradient":""},"mobile":{"background-color":"var(--ast-global-color-5)","background-image":"","background-repeat":"repeat","background-position":"center center","background-size":"auto","background-attachment":"scroll","background-type":"","background-media":"","overlay-type":"","overlay-color":"","overlay-opacity":"","overlay-gradient":""}},"footnotes":""},"class_list":["post-13777","page","type-page","status-publish","hentry"],"acf":[],"jetpack_sharing_enabled":true,"_links":{"self":[{"href":"https:\/\/worlddancemovement.com\/de\/wp-json\/wp\/v2\/pages\/13777","targetHints":{"allow":["GET"]}}],"collection":[{"href":"https:\/\/worlddancemovement.com\/de\/wp-json\/wp\/v2\/pages"}],"about":[{"href":"https:\/\/worlddancemovement.com\/de\/wp-json\/wp\/v2\/types\/page"}],"author":[{"embeddable":true,"href":"https:\/\/worlddancemovement.com\/de\/wp-json\/wp\/v2\/users\/6"}],"replies":[{"embeddable":true,"href":"https:\/\/worlddancemovement.com\/de\/wp-json\/wp\/v2\/comments?post=13777"}],"version-history":[{"count":10,"href":"https:\/\/worlddancemovement.com\/de\/wp-json\/wp\/v2\/pages\/13777\/revisions"}],"predecessor-version":[{"id":15583,"href":"https:\/\/worlddancemovement.com\/de\/wp-json\/wp\/v2\/pages\/13777\/revisions\/15583"}],"up":[{"embeddable":true,"href":"https:\/\/worlddancemovement.com\/de\/wp-json\/wp\/v2\/pages\/329"}],"wp:attachment":[{"href":"https:\/\/worlddancemovement.com\/de\/wp-json\/wp\/v2\/media?parent=13777"}],"curies":[{"name":"wp","href":"https:\/\/api.w.org\/{rel}","templated":true}]}}