{"id":14574,"date":"2024-01-11T22:06:14","date_gmt":"2024-01-11T22:06:14","guid":{"rendered":"https:\/\/worlddancemovement.com\/?page_id=14574"},"modified":"2024-01-11T22:17:19","modified_gmt":"2024-01-11T22:17:19","slug":"gabriela-sissons","status":"publish","type":"page","link":"https:\/\/worlddancemovement.com\/de\/faculty\/gabriela-sissons\/","title":{"rendered":"GABRIELA SISSONS"},"content":{"rendered":"<div data-elementor-type=\"wp-page\" data-elementor-id=\"14574\" class=\"elementor elementor-14574\" data-elementor-post-type=\"page\">\n\t\t\t\t\t\t<section class=\"elementor-section elementor-top-section elementor-element elementor-element-94ec49d elementor-section-full_width elementor-section-height-min-height elementor-section-height-default elementor-section-items-middle\" data-id=\"94ec49d\" data-element_type=\"section\" data-e-type=\"section\" data-settings=\"{&quot;background_background&quot;:&quot;classic&quot;}\">\n\t\t\t\t\t\t\t<div class=\"elementor-background-overlay\"><\/div>\n\t\t\t\t\t\t\t<div class=\"elementor-container elementor-column-gap-no\">\n\t\t\t\t\t<div class=\"elementor-column elementor-col-100 elementor-top-column elementor-element elementor-element-8268956\" data-id=\"8268956\" data-element_type=\"column\" data-e-type=\"column\">\n\t\t\t<div class=\"elementor-widget-wrap elementor-element-populated\">\n\t\t\t\t\t\t<div class=\"elementor-element elementor-element-5016628 elementor-widget elementor-widget-heading\" data-id=\"5016628\" data-element_type=\"widget\" data-e-type=\"widget\" data-widget_type=\"heading.default\">\n\t\t\t\t<div class=\"elementor-widget-container\">\n\t\t\t\t\t<h2 class=\"elementor-heading-title elementor-size-default\">GABRIELA SISSONS\n<\/h2>\t\t\t\t<\/div>\n\t\t\t\t<\/div>\n\t\t\t\t<div class=\"elementor-element elementor-element-a86216f elementor-widget-divider--view-line elementor-widget elementor-widget-divider\" data-id=\"a86216f\" data-element_type=\"widget\" data-e-type=\"widget\" data-widget_type=\"divider.default\">\n\t\t\t\t<div class=\"elementor-widget-container\">\n\t\t\t\t\t\t\t<div class=\"elementor-divider\">\n\t\t\t<span class=\"elementor-divider-separator\">\n\t\t\t\t\t\t<\/span>\n\t\t<\/div>\n\t\t\t\t\t\t<\/div>\n\t\t\t\t<\/div>\n\t\t\t\t\t<\/div>\n\t\t<\/div>\n\t\t\t\t\t<\/div>\n\t\t<\/section>\n\t\t\t\t<section class=\"elementor-section elementor-top-section elementor-element elementor-element-a2d6cca elementor-section-full_width elementor-section-height-default elementor-section-height-default\" data-id=\"a2d6cca\" data-element_type=\"section\" data-e-type=\"section\">\n\t\t\t\t\t\t<div class=\"elementor-container elementor-column-gap-default\">\n\t\t\t\t\t<div class=\"elementor-column elementor-col-100 elementor-top-column elementor-element elementor-element-a45c6d3\" data-id=\"a45c6d3\" data-element_type=\"column\" data-e-type=\"column\">\n\t\t\t<div class=\"elementor-widget-wrap elementor-element-populated\">\n\t\t\t\t\t\t<div class=\"elementor-element elementor-element-f854b1f elementor-widget elementor-widget-heading\" data-id=\"f854b1f\" data-element_type=\"widget\" data-e-type=\"widget\" data-widget_type=\"heading.default\">\n\t\t\t\t<div class=\"elementor-widget-container\">\n\t\t\t\t\t<h2 class=\"elementor-heading-title elementor-size-default\">S\u00dcDAFRIKA \u2013 H\u00c4NGEMATTE\n\n\n\n\n\n\n\n\n\n\n<\/h2>\t\t\t\t<\/div>\n\t\t\t\t<\/div>\n\t\t\t\t<section class=\"elementor-section elementor-inner-section elementor-element elementor-element-01c8269 elementor-section-boxed elementor-section-height-default elementor-section-height-default\" data-id=\"01c8269\" data-element_type=\"section\" data-e-type=\"section\">\n\t\t\t\t\t\t<div class=\"elementor-container elementor-column-gap-default\">\n\t\t\t\t\t<div class=\"elementor-column elementor-col-33 elementor-inner-column elementor-element elementor-element-42c67db\" data-id=\"42c67db\" data-element_type=\"column\" data-e-type=\"column\">\n\t\t\t<div class=\"elementor-widget-wrap elementor-element-populated\">\n\t\t\t\t\t\t<div class=\"elementor-element elementor-element-1924190 elementor-widget elementor-widget-image\" data-id=\"1924190\" data-element_type=\"widget\" data-e-type=\"widget\" data-widget_type=\"image.default\">\n\t\t\t\t<div class=\"elementor-widget-container\">\n\t\t\t\t\t\t\t\t\t\t\t\t\t\t\t<img fetchpriority=\"high\" decoding=\"async\" width=\"333\" height=\"500\" src=\"https:\/\/worlddancemovement.com\/wp-content\/uploads\/2024\/01\/GABRIELA-SISSONS_1.jpg\" class=\"attachment-large size-large wp-image-14582\" alt=\"\" srcset=\"https:\/\/worlddancemovement.com\/wp-content\/uploads\/2024\/01\/GABRIELA-SISSONS_1.jpg 333w, https:\/\/worlddancemovement.com\/wp-content\/uploads\/2024\/01\/GABRIELA-SISSONS_1-200x300.jpg 200w, https:\/\/worlddancemovement.com\/wp-content\/uploads\/2024\/01\/GABRIELA-SISSONS_1-8x12.jpg 8w\" sizes=\"(max-width: 333px) 100vw, 333px\" \/>\t\t\t\t\t\t\t\t\t\t\t\t\t\t\t<\/div>\n\t\t\t\t<\/div>\n\t\t\t\t\t<\/div>\n\t\t<\/div>\n\t\t\t\t<div class=\"elementor-column elementor-col-33 elementor-inner-column elementor-element elementor-element-3ce1d42\" data-id=\"3ce1d42\" data-element_type=\"column\" data-e-type=\"column\">\n\t\t\t<div class=\"elementor-widget-wrap elementor-element-populated\">\n\t\t\t\t\t\t<div class=\"elementor-element elementor-element-c7cb4fa elementor-widget elementor-widget-image\" data-id=\"c7cb4fa\" data-element_type=\"widget\" data-e-type=\"widget\" data-widget_type=\"image.default\">\n\t\t\t\t<div class=\"elementor-widget-container\">\n\t\t\t\t\t\t\t\t\t\t\t\t\t\t\t<img decoding=\"async\" width=\"750\" height=\"500\" data-src=\"https:\/\/worlddancemovement.com\/wp-content\/uploads\/2024\/01\/GABRIELA-SISSONS_2.jpg\" class=\"attachment-large size-large wp-image-14581 lazyload\" alt=\"\" data-srcset=\"https:\/\/worlddancemovement.com\/wp-content\/uploads\/2024\/01\/GABRIELA-SISSONS_2.jpg 750w, https:\/\/worlddancemovement.com\/wp-content\/uploads\/2024\/01\/GABRIELA-SISSONS_2-300x200.jpg 300w, https:\/\/worlddancemovement.com\/wp-content\/uploads\/2024\/01\/GABRIELA-SISSONS_2-18x12.jpg 18w\" data-sizes=\"(max-width: 750px) 100vw, 750px\" src=\"data:image\/svg+xml;base64,PHN2ZyB3aWR0aD0iMSIgaGVpZ2h0PSIxIiB4bWxucz0iaHR0cDovL3d3dy53My5vcmcvMjAwMC9zdmciPjwvc3ZnPg==\" style=\"--smush-placeholder-width: 750px; --smush-placeholder-aspect-ratio: 750\/500;\" \/>\t\t\t\t\t\t\t\t\t\t\t\t\t\t\t<\/div>\n\t\t\t\t<\/div>\n\t\t\t\t\t<\/div>\n\t\t<\/div>\n\t\t\t\t<div class=\"elementor-column elementor-col-33 elementor-inner-column elementor-element elementor-element-a27ec0c\" data-id=\"a27ec0c\" data-element_type=\"column\" data-e-type=\"column\">\n\t\t\t<div class=\"elementor-widget-wrap elementor-element-populated\">\n\t\t\t\t\t\t<div class=\"elementor-element elementor-element-d4118fc elementor-widget elementor-widget-image\" data-id=\"d4118fc\" data-element_type=\"widget\" data-e-type=\"widget\" data-widget_type=\"image.default\">\n\t\t\t\t<div class=\"elementor-widget-container\">\n\t\t\t\t\t\t\t\t\t\t\t\t\t\t\t<img decoding=\"async\" width=\"333\" height=\"500\" data-src=\"https:\/\/worlddancemovement.com\/wp-content\/uploads\/2024\/01\/GABRIELA-SISSONS.jpg\" class=\"attachment-large size-large wp-image-14583 lazyload\" alt=\"\" data-srcset=\"https:\/\/worlddancemovement.com\/wp-content\/uploads\/2024\/01\/GABRIELA-SISSONS.jpg 333w, https:\/\/worlddancemovement.com\/wp-content\/uploads\/2024\/01\/GABRIELA-SISSONS-200x300.jpg 200w, https:\/\/worlddancemovement.com\/wp-content\/uploads\/2024\/01\/GABRIELA-SISSONS-8x12.jpg 8w\" data-sizes=\"(max-width: 333px) 100vw, 333px\" src=\"data:image\/svg+xml;base64,PHN2ZyB3aWR0aD0iMSIgaGVpZ2h0PSIxIiB4bWxucz0iaHR0cDovL3d3dy53My5vcmcvMjAwMC9zdmciPjwvc3ZnPg==\" style=\"--smush-placeholder-width: 333px; --smush-placeholder-aspect-ratio: 333\/500;\" \/>\t\t\t\t\t\t\t\t\t\t\t\t\t\t\t<\/div>\n\t\t\t\t<\/div>\n\t\t\t\t\t<\/div>\n\t\t<\/div>\n\t\t\t\t\t<\/div>\n\t\t<\/section>\n\t\t\t\t<div class=\"elementor-element elementor-element-98bfd21 elementor-widget elementor-widget-spacer\" data-id=\"98bfd21\" data-element_type=\"widget\" data-e-type=\"widget\" data-widget_type=\"spacer.default\">\n\t\t\t\t<div class=\"elementor-widget-container\">\n\t\t\t\t\t\t\t<div class=\"elementor-spacer\">\n\t\t\t<div class=\"elementor-spacer-inner\"><\/div>\n\t\t<\/div>\n\t\t\t\t\t\t<\/div>\n\t\t\t\t<\/div>\n\t\t\t\t<div class=\"elementor-element elementor-element-3947f8e elementor-widget elementor-widget-text-editor\" data-id=\"3947f8e\" data-element_type=\"widget\" data-e-type=\"widget\" data-widget_type=\"text-editor.default\">\n\t\t\t\t<div class=\"elementor-widget-container\">\n\t\t\t\t\t\t\t\t\t<p>Gabriela Sissons ist eine Aerial Silks-K\u00fcnstlerin, die rund um den Globus auftritt, an Wettbewerben teilnimmt, beurteilt und Luftretreats und Workshops unterrichtet.\u00a0<\/p><p><span style=\"font-size: 18px;\">Ein mehrfacher Preistr\u00e4ger. Sie hat S\u00fcdafrika vertreten und weltweit mehrere internationale Meisterschaften gewonnen.\u00a0<\/span><\/p><p><span style=\"font-size: 18px;\">Sie ist Inhaberin von Skydancer Retreats und unterrichtet Retreats und Workshops auf der ganzen Welt, darunter in L\u00e4ndern wie S\u00fcdafrika, Russland, China, der Schweiz, Griechenland, Costa Rica, Guatemala, Mexiko, Indien und Thailand.<\/span><\/p><p><span style=\"font-size: 18px;\">Sie hat internationale Luftmeisterschaften auf der ganzen Welt beurteilt und war Chefjurorin bei den Arnold Africa Classics. Sie ist au\u00dferdem die nationale Direktorin der Aerial Arts Performance Championships in S\u00fcdafrika.<\/span><\/p><p><span style=\"font-size: 18px;\">Sie war Halbfinalistin der s\u00fcdafrikanischen Fernsehsendung Got Talent.\u00a0<\/span><\/p><p>Ihre St\u00e4rken liegen in ihrer musikalisch gepr\u00e4gten Choreografie und ihrem ausgepr\u00e4gten Auftrittsverm\u00f6gen.<\/p>\t\t\t\t\t\t\t\t<\/div>\n\t\t\t\t<\/div>\n\t\t\t\t\t<\/div>\n\t\t<\/div>\n\t\t\t\t\t<\/div>\n\t\t<\/section>\n\t\t\t\t<\/div>","protected":false},"excerpt":{"rendered":"<p>GABRIELA SISSONS SOUTH AFRICA &#8211; AERIAL HAMMOCK Gabriela Sissons is an Aerial Silks artist who performs, competes, judges and teaches aerial retreats and workshops around the globe.\u00a0 A multi award winner. She has represented South Africa and won several International Championships worldwide.\u00a0 She is the owner of Skydancer Retreats and teaches retreats and workshops around [&hellip;]<\/p>\n","protected":false},"author":6,"featured_media":0,"parent":1562,"menu_order":0,"comment_status":"closed","ping_status":"closed","template":"","meta":{"_acf_changed":false,"site-sidebar-layout":"no-sidebar","site-content-layout":"page-builder","ast-site-content-layout":"default","site-content-style":"default","site-sidebar-style":"default","ast-global-header-display":"","ast-banner-title-visibility":"","ast-main-header-display":"","ast-hfb-above-header-display":"","ast-hfb-below-header-display":"","ast-hfb-mobile-header-display":"","site-post-title":"disabled","ast-breadcrumbs-content":"","ast-featured-img":"disabled","footer-sml-layout":"","ast-disable-related-posts":"","theme-transparent-header-meta":"default","adv-header-id-meta":"","stick-header-meta":"default","header-above-stick-meta":"","header-main-stick-meta":"","header-below-stick-meta":"","astra-migrate-meta-layouts":"default","ast-page-background-enabled":"default","ast-page-background-meta":{"desktop":{"background-color":"","background-image":"","background-repeat":"repeat","background-position":"center center","background-size":"auto","background-attachment":"scroll","background-type":"","background-media":"","overlay-type":"","overlay-color":"","overlay-opacity":"","overlay-gradient":""},"tablet":{"background-color":"","background-image":"","background-repeat":"repeat","background-position":"center center","background-size":"auto","background-attachment":"scroll","background-type":"","background-media":"","overlay-type":"","overlay-color":"","overlay-opacity":"","overlay-gradient":""},"mobile":{"background-color":"","background-image":"","background-repeat":"repeat","background-position":"center center","background-size":"auto","background-attachment":"scroll","background-type":"","background-media":"","overlay-type":"","overlay-color":"","overlay-opacity":"","overlay-gradient":""}},"ast-content-background-meta":{"desktop":{"background-color":"var(--ast-global-color-5)","background-image":"","background-repeat":"repeat","background-position":"center center","background-size":"auto","background-attachment":"scroll","background-type":"","background-media":"","overlay-type":"","overlay-color":"","overlay-opacity":"","overlay-gradient":""},"tablet":{"background-color":"var(--ast-global-color-5)","background-image":"","background-repeat":"repeat","background-position":"center center","background-size":"auto","background-attachment":"scroll","background-type":"","background-media":"","overlay-type":"","overlay-color":"","overlay-opacity":"","overlay-gradient":""},"mobile":{"background-color":"var(--ast-global-color-5)","background-image":"","background-repeat":"repeat","background-position":"center center","background-size":"auto","background-attachment":"scroll","background-type":"","background-media":"","overlay-type":"","overlay-color":"","overlay-opacity":"","overlay-gradient":""}},"footnotes":""},"class_list":["post-14574","page","type-page","status-publish","hentry"],"acf":[],"jetpack_sharing_enabled":true,"_links":{"self":[{"href":"https:\/\/worlddancemovement.com\/de\/wp-json\/wp\/v2\/pages\/14574","targetHints":{"allow":["GET"]}}],"collection":[{"href":"https:\/\/worlddancemovement.com\/de\/wp-json\/wp\/v2\/pages"}],"about":[{"href":"https:\/\/worlddancemovement.com\/de\/wp-json\/wp\/v2\/types\/page"}],"author":[{"embeddable":true,"href":"https:\/\/worlddancemovement.com\/de\/wp-json\/wp\/v2\/users\/6"}],"replies":[{"embeddable":true,"href":"https:\/\/worlddancemovement.com\/de\/wp-json\/wp\/v2\/comments?post=14574"}],"version-history":[{"count":7,"href":"https:\/\/worlddancemovement.com\/de\/wp-json\/wp\/v2\/pages\/14574\/revisions"}],"predecessor-version":[{"id":14586,"href":"https:\/\/worlddancemovement.com\/de\/wp-json\/wp\/v2\/pages\/14574\/revisions\/14586"}],"up":[{"embeddable":true,"href":"https:\/\/worlddancemovement.com\/de\/wp-json\/wp\/v2\/pages\/1562"}],"wp:attachment":[{"href":"https:\/\/worlddancemovement.com\/de\/wp-json\/wp\/v2\/media?parent=14574"}],"curies":[{"name":"wp","href":"https:\/\/api.w.org\/{rel}","templated":true}]}}