{"id":1574,"date":"2021-01-01T12:27:00","date_gmt":"2021-01-01T12:27:00","guid":{"rendered":"https:\/\/migrate.worlddancemovement.com\/?page_id=1574"},"modified":"2021-01-23T20:03:42","modified_gmt":"2021-01-23T20:03:42","slug":"sidi-larbi-cherkaoui","status":"publish","type":"page","link":"https:\/\/worlddancemovement.com\/de\/faculty\/sidi-larbi-cherkaoui\/","title":{"rendered":"Sidi Larbi Cherkaoui"},"content":{"rendered":"<div data-elementor-type=\"wp-page\" data-elementor-id=\"1574\" class=\"elementor elementor-1574\" data-elementor-post-type=\"page\">\n\t\t\t\t\t\t<section class=\"elementor-section elementor-top-section elementor-element elementor-element-94ec49d elementor-section-full_width elementor-section-height-min-height elementor-section-height-default elementor-section-items-middle\" data-id=\"94ec49d\" data-element_type=\"section\" data-e-type=\"section\" data-settings=\"{&quot;background_background&quot;:&quot;classic&quot;}\">\n\t\t\t\t\t\t\t<div class=\"elementor-background-overlay\"><\/div>\n\t\t\t\t\t\t\t<div class=\"elementor-container elementor-column-gap-no\">\n\t\t\t\t\t<div class=\"elementor-column elementor-col-100 elementor-top-column elementor-element elementor-element-8268956\" data-id=\"8268956\" data-element_type=\"column\" data-e-type=\"column\">\n\t\t\t<div class=\"elementor-widget-wrap elementor-element-populated\">\n\t\t\t\t\t\t<div class=\"elementor-element elementor-element-5016628 elementor-widget elementor-widget-heading\" data-id=\"5016628\" data-element_type=\"widget\" data-e-type=\"widget\" data-widget_type=\"heading.default\">\n\t\t\t\t<div class=\"elementor-widget-container\">\n\t\t\t\t\t<h2 class=\"elementor-heading-title elementor-size-default\">SIDI LARBI CHERKAOUI<\/h2>\t\t\t\t<\/div>\n\t\t\t\t<\/div>\n\t\t\t\t<div class=\"elementor-element elementor-element-a86216f elementor-widget-divider--view-line elementor-widget elementor-widget-divider\" data-id=\"a86216f\" data-element_type=\"widget\" data-e-type=\"widget\" data-widget_type=\"divider.default\">\n\t\t\t\t<div class=\"elementor-widget-container\">\n\t\t\t\t\t\t\t<div class=\"elementor-divider\">\n\t\t\t<span class=\"elementor-divider-separator\">\n\t\t\t\t\t\t<\/span>\n\t\t<\/div>\n\t\t\t\t\t\t<\/div>\n\t\t\t\t<\/div>\n\t\t\t\t\t<\/div>\n\t\t<\/div>\n\t\t\t\t\t<\/div>\n\t\t<\/section>\n\t\t\t\t<section class=\"elementor-section elementor-top-section elementor-element elementor-element-a2d6cca elementor-section-full_width elementor-section-height-default elementor-section-height-default\" data-id=\"a2d6cca\" data-element_type=\"section\" data-e-type=\"section\">\n\t\t\t\t\t\t<div class=\"elementor-container elementor-column-gap-default\">\n\t\t\t\t\t<div class=\"elementor-column elementor-col-100 elementor-top-column elementor-element elementor-element-a45c6d3\" data-id=\"a45c6d3\" data-element_type=\"column\" data-e-type=\"column\">\n\t\t\t<div class=\"elementor-widget-wrap elementor-element-populated\">\n\t\t\t\t\t\t<div class=\"elementor-element elementor-element-f854b1f elementor-widget elementor-widget-heading\" data-id=\"f854b1f\" data-element_type=\"widget\" data-e-type=\"widget\" data-widget_type=\"heading.default\">\n\t\t\t\t<div class=\"elementor-widget-container\">\n\t\t\t\t\t<h2 class=\"elementor-heading-title elementor-size-default\">CHOREOGRAFISCHER WORKSHOP - BELGIEN \n\n\n\n\n\n\n\n<\/h2>\t\t\t\t<\/div>\n\t\t\t\t<\/div>\n\t\t\t\t<div class=\"elementor-element elementor-element-3947f8e elementor-widget elementor-widget-text-editor\" data-id=\"3947f8e\" data-element_type=\"widget\" data-e-type=\"widget\" data-widget_type=\"text-editor.default\">\n\t\t\t\t<div class=\"elementor-widget-container\">\n\t\t\t\t\t\t\t\t\t<p>Sidi Larbi Cherkaouis Deb\u00fct als Choreograf gab er 1999 mit Andrew Wales zeitgen\u00f6ssischem Musical \u201eAnonymous Society\u201c. Seitdem hat er \u00fcber 50 vollwertige choreografische St\u00fccke geschaffen und eine Reihe von Auszeichnungen erhalten, darunter zwei Olivier Awards, zwei Ballet Tanz Awards als bester Choreograf (2008, 2011) und den Kairos-Preis (2009) f\u00fcr seine k\u00fcnstlerische Vision und seine Suche nach interkulturellem Dialog.<\/p><p>Cherkaouis erste St\u00fccke entstanden bei Les Ballets C. de la B. \u2013 Rien de Rien (2000), Foi (2003) und Tempus Fugit (2004). Er f\u00fchrte parallele Projekte durch, die seine k\u00fcnstlerische Vision sowohl erweiterten als auch festigten; D&#039;avant (2002) mit dem langj\u00e4hrigen k\u00fcnstlerischen Partner Damien Jalet bei Sasha Waltz &amp; Guests Company und Zero Degrees (2005) mit Akram Khan. Er hat mit verschiedenen Theatern, Opernh\u00e4usern und Ballettkompanien zusammengearbeitet. Von 2004 bis 2009 lebte Cherkaoui als Artist in Residence im Toneelhuis in Antwerpen, wo Myth (2007) und Origine (2008) entstanden.<\/p><p>Im Jahr 2008 brachte Cherkaoui \u201eSutra\u201c im Sadler&#039;s Wells zur Urauff\u00fchrung. Diese preisgekr\u00f6nte Zusammenarbeit mit dem K\u00fcnstler Antony Gormley und den Shaolin-M\u00f6nchen tourt weiterhin um die Welt und erh\u00e4lt gro\u00dfen Beifall der Kritiker. Nach seinem ersten Auftragswerk in Nordamerika, Orbo Novo (Cedar Lake Contemporary Ballet) und einer Reihe von Duetten wie Faun (das bei Sadler&#039;s Wells als Teil von In the Spirit of Diaghilev uraufgef\u00fchrt wurde) und Dunas mit der Flamenco-T\u00e4nzerin Mar\u00eda Pag\u00e9s (beide 2009). ), gr\u00fcndete er seine eigene Firma Eastman, ans\u00e4ssig am deSingel International Arts Campus (Antwerpen).<\/p><p>Im Fr\u00fchjahr 2010 tat er sich wieder mit den Choreografen Damien Jalet und Antony Gormley zusammen, um \u201eBabel(words)\u201c zu produzieren, das mit einem Olivier ausgezeichnet wurde. Im selben Jahr schuf er Rein, ein Duett mit Guro Nagelhus Schia und Vebj\u00f8rn Sundby, sowie Play, ein Duett mit Kuchipudi danseuse Shantala Shivalingappa und Bound, ein Duett f\u00fcr Shanell Winlock und Gregory Maqoma als Teil von Southern Bound Comfort. 2011 schuf er TeZukA und Labyrinth (f\u00fcr das Niederl\u00e4ndische Nationalballett). 2012 gr\u00fcndete er Puz\/zle und gewann damit einen zweiten Olivier. In diesem Jahr arbeitete er auch mit Joe Wright an dessen Film Anna Karenina zusammen, f\u00fcr den Cherkaoui die Choreografie leitete.<\/p><p>2013 wurden 4D und \u751f\u957fgenesis (Eastman), Bol\u00e9ro (gemeinsam mit Damien Jalet und Marina Abramovi\u0107 f\u00fcr das Pariser Opernballett kreiert) und m\u00a1longa (Sadler&#039;s Wells) uraufgef\u00fchrt. Er tat sich wieder mit Joe Wright zusammen, um gemeinsam bei \u201eA Season in the Congo\u201c bei The Young Vic Regie zu f\u00fchren. 2014 schuf er Noetic f\u00fcr die G\u00f6teborgsOperans Danskompani, Mercy (aus Solo for Two) f\u00fcr Natalia Osipova und Ivan Vasiliev, die sie im London Coliseum auff\u00fchrten, und er inszenierte seine erste Oper, Shell Shock, f\u00fcr La Monnaie mit Musik von Nicholas Linse und Text von Nick Cave.<\/p><p>Im Jahr 2015 inszenierte Cherkaoui seine erste abendf\u00fcllende Theaterproduktion \u201ePluto\u201c, die auf der preisgekr\u00f6nten Manga-Serie von Naoki Urasawa und Takashi Nagasaki im Bunkamura in Tokio basiert und die beliebte Manga-Figur Astro Boy auf der B\u00fchne zum Leben erweckte, und war Bewegungsregisseur f\u00fcr Lyndsey Turner&#039;s Hamlet mit Benedict Cumberbatch im Barbican Centre in London. Au\u00dferdem schuf er im Auftrag des LA Dance Project das Trio \u201eHarbor Me\u201c und choreografierte einen neuen \u201eFirebird\u201c f\u00fcr das Stuttgarter Ballett. Im selben Jahr schuf Cherkaoui f\u00fcr seine Kompanie Eastman eine neue Produktion Fractus V, in der er auch auftritt.<\/p><p>Seit 2015 ist Cherkaoui k\u00fcnstlerischer Leiter des K\u00f6niglichen Balletts von Flandern, wo er \u201eFall\u201c (2015), \u201eBilder einer Ausstellung\u201c (2016) und \u201eRequiem\u201c (2017) geschaffen hat. Er verbindet diese Funktion mit seinem Titel als k\u00fcnstlerischer Leiter von Eastman und schafft zusammen mit dem k\u00fcnstlerischen Umfeld dieser Kompanie immer wieder neue Werke, zum Beispiel Qutb (2016), ein von Natalia Osipova in Auftrag gegebenes Trio, die Opern Les Indes Galantes (2016) f\u00fcr die Bayerische Staatsoper und Satyagraha (2017) f\u00fcr das Theater Basel, Icon (2016) f\u00fcr G\u00f6teborgsOperans Danskompani und Mosaic (2017) f\u00fcr die Martha Graham Dance Company. Sidi Larbi Cherkaoui ist au\u00dferdem Associate Artist bei Sadler&#039;s Wells, London.<\/p><p>Zus\u00e4tzliche Musik<br \/>\u751f\u957fGenesis<\/p><p>Choreographie<br \/>Pell\u00e9as et M\u00e9lisande, Meerjungfrau, Memento Mori, Satyagraha, Qutb, Mosaik, Requiem, Ikone, Les Indes Galantes, Babel 7.16, Ausstellung, Fractus V, Der Feuervogel, Noetic, \u751f\u957fgenesis, Puz\/zle, m\u00a1longa, Bol\u00e9ro, 4D , G\u00f6tterd\u00e4mmerung, Apocrifu, Siegfried, D&#039;avant, Sutra, Tezuka, Babel(words), Anna Karenina, Faun, Dunas, Constellation, Automaton, Orbo Novo, Bound, Labyrinth, It 3.0, Das Rheingold, Foi, Mythos, Rein, 49-jae, Adam&#039;s Appels, House Of The Sleeping Beauties, Origine, L&#039;homme De Bois, Intermezzo, La Zon-mai, End, Mea Culpa, Aleko, Corpus Bach, Zero Degrees, Some Girls Are Bigger Than Others, Loin, In Memoriam, Tempus Fugit, It, Ook, Rien de Rien, Afwezen (fatalidad), Anonymous Society, Michael Jackson ONE, Valtari<\/p><p>Choreographie und Regie<br \/>Neurose<\/p><p>Kost\u00fcmdesign<br \/>Automat<\/p><p>Tanzen<br \/>Fractus V, Play, Apocrifu, D&#039;avant, Sutra, Dunas, It 3.0, La Zon-mai, Corpus Bach, Zero Degrees, Tempus Fugit, It, Rien de Rien, Iets Op Bach, Best Belgian Dancesolo<\/p><p>Direktor<br \/>Play, Bound, It 3.0, Foi, La Zon-mai, Zero Degrees, Tempus Fugit, Rien de Rien, Best Belgian Dancesolo<\/p><p>Musik Komposition<br \/>Fractus V<\/p><p>Szenografie<br \/>Satyagraha, Les Indes Galantes<\/p><p>B\u00fchnenbild<br \/>Requiem, Fractus V, Puz\/zle, Mythos, Tempus Fugit<\/p>\t\t\t\t\t\t\t\t<\/div>\n\t\t\t\t<\/div>\n\t\t\t\t\t<\/div>\n\t\t<\/div>\n\t\t\t\t\t<\/div>\n\t\t<\/section>\n\t\t\t\t<\/div>","protected":false},"excerpt":{"rendered":"<p>SIDI LARBI CHERKAOUI CHOREOGRAFIC WORKSHOP &#8211; BELGIUM Sidi Larbi Cherkaoui&#8217;s debut as a choreographer was in 1999 with Andrew Wale&#8217;s contemporary musical, Anonymous Society. Since then he has made over 50 full-fledged choreographic pieces and picked up a slew of awards, including two Olivier Awards, two Ballet Tanz awards for best choreographer (2008, 2011) and [&hellip;]<\/p>\n","protected":false},"author":6,"featured_media":0,"parent":1562,"menu_order":0,"comment_status":"closed","ping_status":"closed","template":"","meta":{"_acf_changed":false,"site-sidebar-layout":"no-sidebar","site-content-layout":"page-builder","ast-site-content-layout":"default","site-content-style":"default","site-sidebar-style":"default","ast-global-header-display":"","ast-banner-title-visibility":"","ast-main-header-display":"","ast-hfb-above-header-display":"","ast-hfb-below-header-display":"","ast-hfb-mobile-header-display":"","site-post-title":"disabled","ast-breadcrumbs-content":"","ast-featured-img":"disabled","footer-sml-layout":"","ast-disable-related-posts":"","theme-transparent-header-meta":"default","adv-header-id-meta":"","stick-header-meta":"default","header-above-stick-meta":"","header-main-stick-meta":"","header-below-stick-meta":"","astra-migrate-meta-layouts":"default","ast-page-background-enabled":"default","ast-page-background-meta":{"desktop":{"background-color":"","background-image":"","background-repeat":"repeat","background-position":"center center","background-size":"auto","background-attachment":"scroll","background-type":"","background-media":"","overlay-type":"","overlay-color":"","overlay-opacity":"","overlay-gradient":""},"tablet":{"background-color":"","background-image":"","background-repeat":"repeat","background-position":"center center","background-size":"auto","background-attachment":"scroll","background-type":"","background-media":"","overlay-type":"","overlay-color":"","overlay-opacity":"","overlay-gradient":""},"mobile":{"background-color":"","background-image":"","background-repeat":"repeat","background-position":"center center","background-size":"auto","background-attachment":"scroll","background-type":"","background-media":"","overlay-type":"","overlay-color":"","overlay-opacity":"","overlay-gradient":""}},"ast-content-background-meta":{"desktop":{"background-color":"var(--ast-global-color-5)","background-image":"","background-repeat":"repeat","background-position":"center center","background-size":"auto","background-attachment":"scroll","background-type":"","background-media":"","overlay-type":"","overlay-color":"","overlay-opacity":"","overlay-gradient":""},"tablet":{"background-color":"var(--ast-global-color-5)","background-image":"","background-repeat":"repeat","background-position":"center center","background-size":"auto","background-attachment":"scroll","background-type":"","background-media":"","overlay-type":"","overlay-color":"","overlay-opacity":"","overlay-gradient":""},"mobile":{"background-color":"var(--ast-global-color-5)","background-image":"","background-repeat":"repeat","background-position":"center center","background-size":"auto","background-attachment":"scroll","background-type":"","background-media":"","overlay-type":"","overlay-color":"","overlay-opacity":"","overlay-gradient":""}},"footnotes":""},"class_list":["post-1574","page","type-page","status-publish","hentry"],"acf":[],"jetpack_sharing_enabled":true,"_links":{"self":[{"href":"https:\/\/worlddancemovement.com\/de\/wp-json\/wp\/v2\/pages\/1574","targetHints":{"allow":["GET"]}}],"collection":[{"href":"https:\/\/worlddancemovement.com\/de\/wp-json\/wp\/v2\/pages"}],"about":[{"href":"https:\/\/worlddancemovement.com\/de\/wp-json\/wp\/v2\/types\/page"}],"author":[{"embeddable":true,"href":"https:\/\/worlddancemovement.com\/de\/wp-json\/wp\/v2\/users\/6"}],"replies":[{"embeddable":true,"href":"https:\/\/worlddancemovement.com\/de\/wp-json\/wp\/v2\/comments?post=1574"}],"version-history":[{"count":10,"href":"https:\/\/worlddancemovement.com\/de\/wp-json\/wp\/v2\/pages\/1574\/revisions"}],"predecessor-version":[{"id":3243,"href":"https:\/\/worlddancemovement.com\/de\/wp-json\/wp\/v2\/pages\/1574\/revisions\/3243"}],"up":[{"embeddable":true,"href":"https:\/\/worlddancemovement.com\/de\/wp-json\/wp\/v2\/pages\/1562"}],"wp:attachment":[{"href":"https:\/\/worlddancemovement.com\/de\/wp-json\/wp\/v2\/media?parent=1574"}],"curies":[{"name":"wp","href":"https:\/\/api.w.org\/{rel}","templated":true}]}}