{"id":1580,"date":"2021-01-01T12:31:46","date_gmt":"2021-01-01T12:31:46","guid":{"rendered":"https:\/\/migrate.worlddancemovement.com\/?page_id=1580"},"modified":"2025-04-11T15:41:28","modified_gmt":"2025-04-11T15:41:28","slug":"medhi-walerski","status":"publish","type":"page","link":"https:\/\/worlddancemovement.com\/de\/faculty\/medhi-walerski\/","title":{"rendered":"Medhi Walerski"},"content":{"rendered":"<div data-elementor-type=\"wp-page\" data-elementor-id=\"1580\" class=\"elementor elementor-1580\" data-elementor-post-type=\"page\">\n\t\t\t\t\t\t<section class=\"elementor-section elementor-top-section elementor-element elementor-element-94ec49d elementor-section-full_width elementor-section-height-min-height elementor-section-height-default elementor-section-items-middle\" data-id=\"94ec49d\" data-element_type=\"section\" data-e-type=\"section\" data-settings=\"{&quot;background_background&quot;:&quot;classic&quot;}\">\n\t\t\t\t\t\t\t<div class=\"elementor-background-overlay\"><\/div>\n\t\t\t\t\t\t\t<div class=\"elementor-container elementor-column-gap-no\">\n\t\t\t\t\t<div class=\"elementor-column elementor-col-100 elementor-top-column elementor-element elementor-element-8268956\" data-id=\"8268956\" data-element_type=\"column\" data-e-type=\"column\">\n\t\t\t<div class=\"elementor-widget-wrap elementor-element-populated\">\n\t\t\t\t\t\t<div class=\"elementor-element elementor-element-5016628 elementor-widget elementor-widget-heading\" data-id=\"5016628\" data-element_type=\"widget\" data-e-type=\"widget\" data-widget_type=\"heading.default\">\n\t\t\t\t<div class=\"elementor-widget-container\">\n\t\t\t\t\t<h2 class=\"elementor-heading-title elementor-size-default\">Medhi Walerski<\/h2>\t\t\t\t<\/div>\n\t\t\t\t<\/div>\n\t\t\t\t<div class=\"elementor-element elementor-element-a86216f elementor-widget-divider--view-line elementor-widget elementor-widget-divider\" data-id=\"a86216f\" data-element_type=\"widget\" data-e-type=\"widget\" data-widget_type=\"divider.default\">\n\t\t\t\t<div class=\"elementor-widget-container\">\n\t\t\t\t\t\t\t<div class=\"elementor-divider\">\n\t\t\t<span class=\"elementor-divider-separator\">\n\t\t\t\t\t\t<\/span>\n\t\t<\/div>\n\t\t\t\t\t\t<\/div>\n\t\t\t\t<\/div>\n\t\t\t\t\t<\/div>\n\t\t<\/div>\n\t\t\t\t\t<\/div>\n\t\t<\/section>\n\t\t\t\t<section class=\"elementor-section elementor-top-section elementor-element elementor-element-a2d6cca elementor-section-full_width elementor-section-height-default elementor-section-height-default\" data-id=\"a2d6cca\" data-element_type=\"section\" data-e-type=\"section\">\n\t\t\t\t\t\t<div class=\"elementor-container elementor-column-gap-default\">\n\t\t\t\t\t<div class=\"elementor-column elementor-col-100 elementor-top-column elementor-element elementor-element-a45c6d3\" data-id=\"a45c6d3\" data-element_type=\"column\" data-e-type=\"column\">\n\t\t\t<div class=\"elementor-widget-wrap elementor-element-populated\">\n\t\t\t\t\t\t<div class=\"elementor-element elementor-element-1c2f7ea elementor-widget elementor-widget-heading\" data-id=\"1c2f7ea\" data-element_type=\"widget\" data-e-type=\"widget\" data-widget_type=\"heading.default\">\n\t\t\t\t<div class=\"elementor-widget-container\">\n\t\t\t\t\t<h2 class=\"elementor-heading-title elementor-size-default\">MEDHI WALERSKI <font color=\"#000000\"><span style=\"font-weight: 400\"> <\/span><\/font>- \ud83c\uddeb\ud83c\uddf7 FRANKREICH<br>KLASSE: ZEITGEN\u00d6SSISCHER WORKSHOP<\/h2>\t\t\t\t<\/div>\n\t\t\t\t<\/div>\n\t\t\t\t<div class=\"elementor-element elementor-element-23237a8 elementor-widget elementor-widget-gallery\" data-id=\"23237a8\" data-element_type=\"widget\" data-e-type=\"widget\" data-settings=\"{&quot;columns&quot;:3,&quot;lazyload&quot;:&quot;yes&quot;,&quot;gallery_layout&quot;:&quot;grid&quot;,&quot;columns_tablet&quot;:2,&quot;columns_mobile&quot;:1,&quot;gap&quot;:{&quot;unit&quot;:&quot;px&quot;,&quot;size&quot;:10,&quot;sizes&quot;:[]},&quot;gap_tablet&quot;:{&quot;unit&quot;:&quot;px&quot;,&quot;size&quot;:10,&quot;sizes&quot;:[]},&quot;gap_mobile&quot;:{&quot;unit&quot;:&quot;px&quot;,&quot;size&quot;:10,&quot;sizes&quot;:[]},&quot;link_to&quot;:&quot;file&quot;,&quot;aspect_ratio&quot;:&quot;3:2&quot;,&quot;overlay_background&quot;:&quot;yes&quot;,&quot;content_hover_animation&quot;:&quot;fade-in&quot;}\" data-widget_type=\"gallery.default\">\n\t\t\t\t<div class=\"elementor-widget-container\">\n\t\t\t\t\t\t\t<div class=\"elementor-gallery__container\">\n\t\t\t\t\t\t\t<a class=\"e-gallery-item elementor-gallery-item elementor-animated-content\" href=\"https:\/\/worlddancemovement.com\/wp-content\/uploads\/2024\/10\/Medhi-Walerski-Headshot-2023_968x860px.jpg\" data-elementor-open-lightbox=\"yes\" data-elementor-lightbox-slideshow=\"23237a8\" data-elementor-lightbox-title=\"Medhi-Walerski-Headshot-2023_968x860px\" data-e-action-hash=\"#elementor-action%3Aaction%3Dlightbox%26settings%3DeyJpZCI6MTc2MDcsInVybCI6Imh0dHBzOlwvXC93b3JsZGRhbmNlbW92ZW1lbnQuY29tXC93cC1jb250ZW50XC91cGxvYWRzXC8yMDI0XC8xMFwvTWVkaGktV2FsZXJza2ktSGVhZHNob3QtMjAyM185Njh4ODYwcHguanBnIiwic2xpZGVzaG93IjoiMjMyMzdhOCJ9\">\n\t\t\t\t\t<div class=\"e-gallery-image elementor-gallery-item__image\" data-thumbnail=\"https:\/\/worlddancemovement.com\/wp-content\/uploads\/2024\/10\/Medhi-Walerski-Headshot-2023_968x860px.jpg\" data-width=\"860\" data-height=\"968\" aria-label=\"Medhi Walerski - World Dance Movement - Tanzworkshop\" role=\"img\" ><\/div>\n\t\t\t\t\t\t\t\t\t\t\t<div class=\"elementor-gallery-item__overlay\"><\/div>\n\t\t\t\t\t\t\t\t\t\t\t\t\t\t<\/a>\n\t\t\t\t\t\t\t<a class=\"e-gallery-item elementor-gallery-item elementor-animated-content\" href=\"https:\/\/worlddancemovement.com\/wp-content\/uploads\/2025\/04\/hp_header.png\" data-elementor-open-lightbox=\"yes\" data-elementor-lightbox-slideshow=\"23237a8\" data-elementor-lightbox-title=\"Medhi Walerski - World Dance Movement - dance workshop\" data-e-action-hash=\"#elementor-action%3Aaction%3Dlightbox%26settings%3DeyJpZCI6MTgzMzgsInVybCI6Imh0dHBzOlwvXC93b3JsZGRhbmNlbW92ZW1lbnQuY29tXC93cC1jb250ZW50XC91cGxvYWRzXC8yMDI1XC8wNFwvaHBfaGVhZGVyLnBuZyIsInNsaWRlc2hvdyI6IjIzMjM3YTgifQ%3D%3D\">\n\t\t\t\t\t<div class=\"e-gallery-image elementor-gallery-item__image\" data-thumbnail=\"https:\/\/worlddancemovement.com\/wp-content\/uploads\/2025\/04\/hp_header.png\" data-width=\"966\" data-height=\"643\" aria-label=\"Medhi Walerski - World Dance Movement - Tanzworkshop\" role=\"img\" ><\/div>\n\t\t\t\t\t\t\t\t\t\t\t<div class=\"elementor-gallery-item__overlay\"><\/div>\n\t\t\t\t\t\t\t\t\t\t\t\t\t\t<\/a>\n\t\t\t\t\t\t\t<a class=\"e-gallery-item elementor-gallery-item elementor-animated-content\" href=\"https:\/\/worlddancemovement.com\/wp-content\/uploads\/2022\/01\/MEDHI-WALERSKI.jpg\" data-elementor-open-lightbox=\"yes\" data-elementor-lightbox-slideshow=\"23237a8\" data-elementor-lightbox-title=\"MEDHI WALERSKI\" data-e-action-hash=\"#elementor-action%3Aaction%3Dlightbox%26settings%3DeyJpZCI6NjcxMCwidXJsIjoiaHR0cHM6XC9cL3dvcmxkZGFuY2Vtb3ZlbWVudC5jb21cL3dwLWNvbnRlbnRcL3VwbG9hZHNcLzIwMjJcLzAxXC9NRURISS1XQUxFUlNLSS5qcGciLCJzbGlkZXNob3ciOiIyMzIzN2E4In0%3D\">\n\t\t\t\t\t<div class=\"e-gallery-image elementor-gallery-item__image\" data-thumbnail=\"https:\/\/worlddancemovement.com\/wp-content\/uploads\/2022\/01\/MEDHI-WALERSKI.jpg\" data-width=\"968\" data-height=\"860\" aria-label=\"Medhi Walerski - World Dance Movement - Tanzworkshop\" role=\"img\" ><\/div>\n\t\t\t\t\t\t\t\t\t\t\t<div class=\"elementor-gallery-item__overlay\"><\/div>\n\t\t\t\t\t\t\t\t\t\t\t\t\t\t<\/a>\n\t\t\t\t\t<\/div>\n\t\t\t\t\t<\/div>\n\t\t\t\t<\/div>\n\t\t\t\t<div class=\"elementor-element elementor-element-014cc7e elementor-widget elementor-widget-text-editor\" data-id=\"014cc7e\" data-element_type=\"widget\" data-e-type=\"widget\" data-widget_type=\"text-editor.default\">\n\t\t\t\t<div class=\"elementor-widget-container\">\n\t\t\t\t\t\t\t\t\t<p>Medhi Walerski wurde im Juli 2020 zum k\u00fcnstlerischen Leiter des Ballet BC ernannt. Aufgewachsen in Frankreich, trainierte er zun\u00e4chst in der Normandie bei Laurie Bokobza und Christine Caroly, bevor er dem Conservatoire Superieur de Musique et de Danse de Paris beitrat. Walerski tanzte am Pariser Opernballett und am Ballet du Rhin, bevor er 2001 zum Nederlands Dans Theater wechselte. \u00dcber ein Jahrzehnt lang war er ein fester Bestandteil der Kompanie und trug zu dem kreativen, innovativen Stil bei, f\u00fcr den das NDT ber\u00fchmt ist. Er wurde mit dem niederl\u00e4ndischen Tanzpreis VSCD ausgezeichnet.\u00a0<em>Zwaan\u00a0<\/em>im Jahr 2013.<\/p><p>Walerski hat eng mit vielen renommierten Choreographen zusammengearbeitet und Werke von Ji\u0159\u00ed Kyli\u00e1n, William Forsythe, Ohad Naharin, George Balanchine, Rudolf Nureyev, Paul Lightfoot und Sol Leon, Crystal Pite, Johan Inger und Wayne McGregor geschaffen und aufgef\u00fchrt. Walerskis choreografisches Deb\u00fct war 2008 f\u00fcr NDT 2. Seitdem hat er zahlreiche gefeierte Werke f\u00fcr NDT und Ballet BC geschaffen, darunter\u00a0<em>Petite C\u00e9r\u00e9monie (<\/em>2011),\u00a0<em>Kammer\u00a0<\/em>(2012),\u00a0<em>GARTEN<\/em>\u00a0(2016) und\u00a0<em>Stille Gezeiten\u00a0<\/em>(2021) sowie Werke f\u00fcr das Berner Ballett, das G\u00f6teborg Ballett, das Ballet State of Georgia, das StaatBallett Hannover, das Staatstheater Wiesbaden und das Charlotte Ballet. Seine neueste Kreation,\u00a0<em>direkt VORHER direkt NACHHER<\/em>, Premiere im Februar 2022.<\/p><p>Als P\u00e4dagoge wird er regelm\u00e4\u00dfig eingeladen, an Tanzkonservatorien und Festivals auf der ganzen Welt Vortr\u00e4ge zu halten und Workshops zu geben.<\/p><p><strong>Choreografische Werke<\/strong><\/p><p><em>Moume<\/em>\u00a0\u2013 Aufstrebende Choreografen, Nederlands Dans Theater (2006)<br \/><em>Mammatus<\/em>\u00a0\u2013 Nederlands Dans Theater 2 (2008)<br \/><em>Darunter<\/em>\u00a0\u2013 Nederlands Dans Theater 1 (2009)<br \/><em>Mir fehlten die Worte<\/em>\u00a0\u2013 Berner Ballett, Schweiz (2009)<br \/><em>LaLaLand<\/em>\u00a0\u2013 G\u00f6teborg Ballett, Schweden (2009)<br \/><em>Kleine Zeremonie \u2013\u00a0<\/em>Ballett BC, Kanada (2011)<br \/><em>Ein Wimpernschlag<\/em>\u00a0\u2013 Nederlands Dans Theater 1 (2011)<br \/><em>Kammer<\/em>\u00a0\u2013 Nederlands Dans Theater 1 (2012)<br \/><em>Auftakt<\/em>\u00a0\u2013 Ballett BC (2014)<br \/><em>Aureum \u2013<\/em>\u00a0Nederlands Dans Theater 2 (2015)<br \/><em>GARTEN<\/em>\u00a0\u2013 Nederlands Dans Theater 1 (2016)<br \/><em>BALD -<\/em>\u00a0Nederlands Dans Theater 1 (2017)<br \/><em>Romeo + Julia<\/em>\u00a0\u2013 Ballet BC, Kanada (2018)<br \/><em>ORAWA<\/em>\u00a0\u2013 Ballett des Staates Georgia (2018)<br \/><em>SCHWANKEN\u00a0<\/em>\u2013 Nederlands Dans Theater 2 (2019)<br \/><em>Stille Gezeiten<\/em>\u00a0\u2013 Nederlands Dans Theater 1 (2020)<br \/><em>direkt VORHER direkt NACHHER<\/em>\u00a0\u2013 Ballett BC (2022)<br \/><em>St\u00fccke von Morgen<\/em>\u00a0\u2013 Ballett BC (2024)<\/p><h4 style=\"font-size: 1.111111rem; font-style: normal;\"><b>Um mehr zu lernen:<\/b><\/h4><p style=\"font-size: 18px; font-style: normal; caret-color: #000000; color: #000000; font-family: Oswald, sans-serif;\"><a style=\"font-size: 18px; transition-property: all;\" href=\"https:\/\/medhiwalerski.com\" target=\"_blank\" rel=\"noopener\">MEDHI&#039;S WEBSITE<\/a><\/p>\t\t\t\t\t\t\t\t<\/div>\n\t\t\t\t<\/div>\n\t\t\t\t\t<\/div>\n\t\t<\/div>\n\t\t\t\t\t<\/div>\n\t\t<\/section>\n\t\t\t\t<\/div>","protected":false},"excerpt":{"rendered":"<p>Medhi Walerski MEDHI WALERSKI &#8211; \ud83c\uddeb\ud83c\uddf7 FRANCECLASS: CONTEMPORARY WORKSHOP Medhi Walerski was appointed Artistic Director of Ballet BC in July 2020. Raised in France, he initially trained in Normandy with Laurie Bokobza and Christine Caroly before joining the Conservatoire Superieur de Musique et de Danse de Paris. Walerski danced at the Paris Opera Ballet and [&hellip;]<\/p>\n","protected":false},"author":6,"featured_media":0,"parent":1562,"menu_order":0,"comment_status":"closed","ping_status":"closed","template":"","meta":{"_acf_changed":false,"site-sidebar-layout":"no-sidebar","site-content-layout":"page-builder","ast-site-content-layout":"default","site-content-style":"default","site-sidebar-style":"default","ast-global-header-display":"","ast-banner-title-visibility":"","ast-main-header-display":"","ast-hfb-above-header-display":"","ast-hfb-below-header-display":"","ast-hfb-mobile-header-display":"","site-post-title":"disabled","ast-breadcrumbs-content":"","ast-featured-img":"disabled","footer-sml-layout":"","ast-disable-related-posts":"","theme-transparent-header-meta":"default","adv-header-id-meta":"","stick-header-meta":"default","header-above-stick-meta":"","header-main-stick-meta":"","header-below-stick-meta":"","astra-migrate-meta-layouts":"default","ast-page-background-enabled":"default","ast-page-background-meta":{"desktop":{"background-color":"","background-image":"","background-repeat":"repeat","background-position":"center center","background-size":"auto","background-attachment":"scroll","background-type":"","background-media":"","overlay-type":"","overlay-color":"","overlay-opacity":"","overlay-gradient":""},"tablet":{"background-color":"","background-image":"","background-repeat":"repeat","background-position":"center center","background-size":"auto","background-attachment":"scroll","background-type":"","background-media":"","overlay-type":"","overlay-color":"","overlay-opacity":"","overlay-gradient":""},"mobile":{"background-color":"","background-image":"","background-repeat":"repeat","background-position":"center center","background-size":"auto","background-attachment":"scroll","background-type":"","background-media":"","overlay-type":"","overlay-color":"","overlay-opacity":"","overlay-gradient":""}},"ast-content-background-meta":{"desktop":{"background-color":"var(--ast-global-color-5)","background-image":"","background-repeat":"repeat","background-position":"center center","background-size":"auto","background-attachment":"scroll","background-type":"","background-media":"","overlay-type":"","overlay-color":"","overlay-opacity":"","overlay-gradient":""},"tablet":{"background-color":"var(--ast-global-color-5)","background-image":"","background-repeat":"repeat","background-position":"center center","background-size":"auto","background-attachment":"scroll","background-type":"","background-media":"","overlay-type":"","overlay-color":"","overlay-opacity":"","overlay-gradient":""},"mobile":{"background-color":"var(--ast-global-color-5)","background-image":"","background-repeat":"repeat","background-position":"center center","background-size":"auto","background-attachment":"scroll","background-type":"","background-media":"","overlay-type":"","overlay-color":"","overlay-opacity":"","overlay-gradient":""}},"footnotes":""},"class_list":["post-1580","page","type-page","status-publish","hentry"],"acf":[],"jetpack_sharing_enabled":true,"_links":{"self":[{"href":"https:\/\/worlddancemovement.com\/de\/wp-json\/wp\/v2\/pages\/1580","targetHints":{"allow":["GET"]}}],"collection":[{"href":"https:\/\/worlddancemovement.com\/de\/wp-json\/wp\/v2\/pages"}],"about":[{"href":"https:\/\/worlddancemovement.com\/de\/wp-json\/wp\/v2\/types\/page"}],"author":[{"embeddable":true,"href":"https:\/\/worlddancemovement.com\/de\/wp-json\/wp\/v2\/users\/6"}],"replies":[{"embeddable":true,"href":"https:\/\/worlddancemovement.com\/de\/wp-json\/wp\/v2\/comments?post=1580"}],"version-history":[{"count":10,"href":"https:\/\/worlddancemovement.com\/de\/wp-json\/wp\/v2\/pages\/1580\/revisions"}],"predecessor-version":[{"id":18348,"href":"https:\/\/worlddancemovement.com\/de\/wp-json\/wp\/v2\/pages\/1580\/revisions\/18348"}],"up":[{"embeddable":true,"href":"https:\/\/worlddancemovement.com\/de\/wp-json\/wp\/v2\/pages\/1562"}],"wp:attachment":[{"href":"https:\/\/worlddancemovement.com\/de\/wp-json\/wp\/v2\/media?parent=1580"}],"curies":[{"name":"wp","href":"https:\/\/api.w.org\/{rel}","templated":true}]}}