{"id":1586,"date":"2021-01-01T12:42:24","date_gmt":"2021-01-01T12:42:24","guid":{"rendered":"https:\/\/migrate.worlddancemovement.com\/?page_id=1586"},"modified":"2021-01-23T19:58:58","modified_gmt":"2021-01-23T19:58:58","slug":"anbeta-toromani","status":"publish","type":"page","link":"https:\/\/worlddancemovement.com\/de\/faculty\/anbeta-toromani\/","title":{"rendered":"Anbeta Toromani"},"content":{"rendered":"<div data-elementor-type=\"wp-page\" data-elementor-id=\"1586\" class=\"elementor elementor-1586\" data-elementor-post-type=\"page\">\n\t\t\t\t\t\t<section class=\"elementor-section elementor-top-section elementor-element elementor-element-94ec49d elementor-section-full_width elementor-section-height-min-height elementor-section-height-default elementor-section-items-middle\" data-id=\"94ec49d\" data-element_type=\"section\" data-e-type=\"section\" data-settings=\"{&quot;background_background&quot;:&quot;classic&quot;}\">\n\t\t\t\t\t\t\t<div class=\"elementor-background-overlay\"><\/div>\n\t\t\t\t\t\t\t<div class=\"elementor-container elementor-column-gap-no\">\n\t\t\t\t\t<div class=\"elementor-column elementor-col-100 elementor-top-column elementor-element elementor-element-8268956\" data-id=\"8268956\" data-element_type=\"column\" data-e-type=\"column\">\n\t\t\t<div class=\"elementor-widget-wrap elementor-element-populated\">\n\t\t\t\t\t\t<div class=\"elementor-element elementor-element-5016628 elementor-widget elementor-widget-heading\" data-id=\"5016628\" data-element_type=\"widget\" data-e-type=\"widget\" data-widget_type=\"heading.default\">\n\t\t\t\t<div class=\"elementor-widget-container\">\n\t\t\t\t\t<h2 class=\"elementor-heading-title elementor-size-default\">Anbeta Toromani\n<\/h2>\t\t\t\t<\/div>\n\t\t\t\t<\/div>\n\t\t\t\t<div class=\"elementor-element elementor-element-a86216f elementor-widget-divider--view-line elementor-widget elementor-widget-divider\" data-id=\"a86216f\" data-element_type=\"widget\" data-e-type=\"widget\" data-widget_type=\"divider.default\">\n\t\t\t\t<div class=\"elementor-widget-container\">\n\t\t\t\t\t\t\t<div class=\"elementor-divider\">\n\t\t\t<span class=\"elementor-divider-separator\">\n\t\t\t\t\t\t<\/span>\n\t\t<\/div>\n\t\t\t\t\t\t<\/div>\n\t\t\t\t<\/div>\n\t\t\t\t\t<\/div>\n\t\t<\/div>\n\t\t\t\t\t<\/div>\n\t\t<\/section>\n\t\t\t\t<section class=\"elementor-section elementor-top-section elementor-element elementor-element-a2d6cca elementor-section-full_width elementor-section-height-default elementor-section-height-default\" data-id=\"a2d6cca\" data-element_type=\"section\" data-e-type=\"section\">\n\t\t\t\t\t\t<div class=\"elementor-container elementor-column-gap-default\">\n\t\t\t\t\t<div class=\"elementor-column elementor-col-100 elementor-top-column elementor-element elementor-element-a45c6d3\" data-id=\"a45c6d3\" data-element_type=\"column\" data-e-type=\"column\">\n\t\t\t<div class=\"elementor-widget-wrap elementor-element-populated\">\n\t\t\t\t\t\t<div class=\"elementor-element elementor-element-f854b1f elementor-widget elementor-widget-heading\" data-id=\"f854b1f\" data-element_type=\"widget\" data-e-type=\"widget\" data-widget_type=\"heading.default\">\n\t\t\t\t<div class=\"elementor-widget-container\">\n\t\t\t\t\t<h2 class=\"elementor-heading-title elementor-size-default\">KLASSISCHES BALLETT - ALBANIEN \/ ITALIEN\n\n\n\n\n\n\n\n\n<\/h2>\t\t\t\t<\/div>\n\t\t\t\t<\/div>\n\t\t\t\t<div class=\"elementor-element elementor-element-3947f8e elementor-widget elementor-widget-text-editor\" data-id=\"3947f8e\" data-element_type=\"widget\" data-e-type=\"widget\" data-widget_type=\"text-editor.default\">\n\t\t\t\t<div class=\"elementor-widget-container\">\n\t\t\t\t\t\t\t\t\t<p>Anbeta Toromani wurde in Tirana in Albanien geboren, wo er die National Academy of Dance besuchte. Das Diplom wurde in Baku, Aserbaidschan, abgeschlossen.&nbsp;<\/p>\n<p>Zur\u00fcck in Albanien trat er sofort als Solot\u00e4nzer dem Corps de Ballet des Teatro dell&#039;Opera von Tirana bei, wo er seit seinem Eintritt in die Kompanie die Hauptrollen ber\u00fchmter Ballette wie \u201eGiselle\u201c, \u201eDon Quijote\u201c und \u201eAschenputtel\u201c spielte \u201c, \u201ePaquita\u201c, \u201eCarmen\u201c. In der Saison 2002-2003 nahm er an der TV-Show \u201eFriends\u201c unter der Moderation von Maria De Filippi teil und erreichte das Finale. Regisseur Patrick Rossi Gastaldi w\u00e4hlte ihn f\u00fcr den Tanz in seiner Inszenierung von \u201eL&#039;Histoire du soldat\u201c von Rocco Papaleo aus. Seit 2003 ist Anbeta als Primaballerina Teil der Besetzung der \u201eFriends\u201c-Sendung. Zu den Auszeichnungen der letzten Jahre z\u00e4hlen der Gino Tani-Preis (2004) f\u00fcr darstellende Kunst und der Danza &amp; Danza-Preis (2005).<\/p>\n<p>In den letzten beiden Spielzeiten wurde Anbeta Toromani eingeladen, im Sferisterio von Macerata in \u201eMacbeth\u201c unter der Regie von Pier Luigi Pizzi und einer Choreografie von Gheorghe Iancu zu tanzen, und sp\u00e4ter in \u201eCarmen\u201c mit einer Choreografie von Gheorghe Iancu und unter der Regie des Oscar Dante Ferretti Award . Im Sommer 2009 war Nell die Protagonistin von \u201eAnbeta &amp; Jos\u00e9 \u2013 Tour 2009\u201c, einem Galaabend, bei dem Anbeta im Theater mit einer Gruppe von T\u00e4nzern der besten Tanzkompanien der Welt auftrat.<\/p>\n<p>Im Jahr 2010 gastierte er f\u00fcr einige Galaabende am Teatro San Carlo in Neapel und erneut im Sferisterio von Macerata f\u00fcr \u201eDer letzte Kreuzzug der Lombardei\u201c unter der Regie von Pier Luigi Pizzi und der Choreographie von Gheorghe Iancu. 2010 und 2011 ist es Testimonial f\u00fcr den Tanz des Giffoni Film Festivals. Im Jahr 2012 war er Gastgeber zahlreicher Imprtanti-Galas in Parma, Udine f\u00fcr das Italienische Rote Kreuz und in Mirandola f\u00fcr die Opfer des Erdbebens, mit Auftritten im Pas de deux von Carmen und Romeo und Julia mit Choreografiemeister Amedeo Amodio.<\/p>\n<p>Im Jahr 2013 war er Gastgeber der Bratislavaer Oper f\u00fcr \u201eRomeo und Julia\u201c von Massimo Moricone, im selben Jahr war er Gast am Teatro San Carlo f\u00fcr das Ballett \u201eDer Nussknacker\u201c, 2014 im \u201eMozart Requiem\u201c cor. B. Eifman f\u00fcr das Teatro San Carlo in Neapel.&nbsp;<\/p>\n<p>Im Jahr 2015 ist er noch zu Gast im San Carlo f\u00fcr \u201eDer Nussknacker\u201c cor. A. Panzavolta, \u201eOtello\u201c cor. F. Monteverde, Giselle Cor. L. Semenyaka war im Juni f\u00fcr Coppelia cor zu Gast am Teatro Massimo in Palermo. A. Amodio. Im Jahr 2016 Swanilda in Coppelia Cor. R. Petit f\u00fcr das Teatro San Carlo in Neapel, das Teatro Verdi in Triest und das Teatro Regio in Parma. Immer mit dem Teatro San Carlo tanzt er in der Rolle der Julia in Romeo und Julia Cor. M. Lavrovsky und das Teatro Massimo von Palermo spielen Cinderella Cor. F. Monteverde.<\/p>\n<p>Von Oktober 2016 bis Februar 2017 ist er in \u201eDer Nussknacker\u201c von Amedeo Amodio auf einer Tournee in den gro\u00dfen italienischen Theatern zu Gast. Gasteinladungen bei zahlreichen Galas in Italien und im Ausland.<\/p>\t\t\t\t\t\t\t\t<\/div>\n\t\t\t\t<\/div>\n\t\t\t\t\t<\/div>\n\t\t<\/div>\n\t\t\t\t\t<\/div>\n\t\t<\/section>\n\t\t\t\t<\/div>","protected":false},"excerpt":{"rendered":"<p>Anbeta Toromani CLASSICAL BALLET &#8211; ALBANIA \/ ITALY Anbeta Toromani was born in Tirana in Albania where he attended the National Academy of Dance. The diploma was completed in Baku, Azerbaijan.&nbsp; Back in Albania immediately joined the Corps de Ballet of the Teatro dell &#8216;Opera of Tirana as a Principal dancer where he was, since [&hellip;]<\/p>\n","protected":false},"author":6,"featured_media":0,"parent":1562,"menu_order":0,"comment_status":"closed","ping_status":"closed","template":"","meta":{"_acf_changed":false,"site-sidebar-layout":"no-sidebar","site-content-layout":"page-builder","ast-site-content-layout":"default","site-content-style":"default","site-sidebar-style":"default","ast-global-header-display":"","ast-banner-title-visibility":"","ast-main-header-display":"","ast-hfb-above-header-display":"","ast-hfb-below-header-display":"","ast-hfb-mobile-header-display":"","site-post-title":"disabled","ast-breadcrumbs-content":"","ast-featured-img":"disabled","footer-sml-layout":"","ast-disable-related-posts":"","theme-transparent-header-meta":"default","adv-header-id-meta":"","stick-header-meta":"default","header-above-stick-meta":"","header-main-stick-meta":"","header-below-stick-meta":"","astra-migrate-meta-layouts":"default","ast-page-background-enabled":"default","ast-page-background-meta":{"desktop":{"background-color":"","background-image":"","background-repeat":"repeat","background-position":"center center","background-size":"auto","background-attachment":"scroll","background-type":"","background-media":"","overlay-type":"","overlay-color":"","overlay-opacity":"","overlay-gradient":""},"tablet":{"background-color":"","background-image":"","background-repeat":"repeat","background-position":"center center","background-size":"auto","background-attachment":"scroll","background-type":"","background-media":"","overlay-type":"","overlay-color":"","overlay-opacity":"","overlay-gradient":""},"mobile":{"background-color":"","background-image":"","background-repeat":"repeat","background-position":"center center","background-size":"auto","background-attachment":"scroll","background-type":"","background-media":"","overlay-type":"","overlay-color":"","overlay-opacity":"","overlay-gradient":""}},"ast-content-background-meta":{"desktop":{"background-color":"var(--ast-global-color-5)","background-image":"","background-repeat":"repeat","background-position":"center center","background-size":"auto","background-attachment":"scroll","background-type":"","background-media":"","overlay-type":"","overlay-color":"","overlay-opacity":"","overlay-gradient":""},"tablet":{"background-color":"var(--ast-global-color-5)","background-image":"","background-repeat":"repeat","background-position":"center center","background-size":"auto","background-attachment":"scroll","background-type":"","background-media":"","overlay-type":"","overlay-color":"","overlay-opacity":"","overlay-gradient":""},"mobile":{"background-color":"var(--ast-global-color-5)","background-image":"","background-repeat":"repeat","background-position":"center center","background-size":"auto","background-attachment":"scroll","background-type":"","background-media":"","overlay-type":"","overlay-color":"","overlay-opacity":"","overlay-gradient":""}},"footnotes":""},"class_list":["post-1586","page","type-page","status-publish","hentry"],"acf":[],"jetpack_sharing_enabled":true,"_links":{"self":[{"href":"https:\/\/worlddancemovement.com\/de\/wp-json\/wp\/v2\/pages\/1586","targetHints":{"allow":["GET"]}}],"collection":[{"href":"https:\/\/worlddancemovement.com\/de\/wp-json\/wp\/v2\/pages"}],"about":[{"href":"https:\/\/worlddancemovement.com\/de\/wp-json\/wp\/v2\/types\/page"}],"author":[{"embeddable":true,"href":"https:\/\/worlddancemovement.com\/de\/wp-json\/wp\/v2\/users\/6"}],"replies":[{"embeddable":true,"href":"https:\/\/worlddancemovement.com\/de\/wp-json\/wp\/v2\/comments?post=1586"}],"version-history":[{"count":10,"href":"https:\/\/worlddancemovement.com\/de\/wp-json\/wp\/v2\/pages\/1586\/revisions"}],"predecessor-version":[{"id":3170,"href":"https:\/\/worlddancemovement.com\/de\/wp-json\/wp\/v2\/pages\/1586\/revisions\/3170"}],"up":[{"embeddable":true,"href":"https:\/\/worlddancemovement.com\/de\/wp-json\/wp\/v2\/pages\/1562"}],"wp:attachment":[{"href":"https:\/\/worlddancemovement.com\/de\/wp-json\/wp\/v2\/media?parent=1586"}],"curies":[{"name":"wp","href":"https:\/\/api.w.org\/{rel}","templated":true}]}}