{"id":1601,"date":"2021-01-01T12:49:15","date_gmt":"2021-01-01T12:49:15","guid":{"rendered":"https:\/\/migrate.worlddancemovement.com\/?page_id=1601"},"modified":"2021-01-23T20:02:42","modified_gmt":"2021-01-23T20:02:42","slug":"jon-ole-olstad","status":"publish","type":"page","link":"https:\/\/worlddancemovement.com\/de\/faculty\/jon-ole-olstad\/","title":{"rendered":"Jon Ole Olstad"},"content":{"rendered":"<div data-elementor-type=\"wp-page\" data-elementor-id=\"1601\" class=\"elementor elementor-1601\" data-elementor-post-type=\"page\">\n\t\t\t\t\t\t<section class=\"elementor-section elementor-top-section elementor-element elementor-element-94ec49d elementor-section-full_width elementor-section-height-min-height elementor-section-height-default elementor-section-items-middle\" data-id=\"94ec49d\" data-element_type=\"section\" data-e-type=\"section\" data-settings=\"{&quot;background_background&quot;:&quot;classic&quot;}\">\n\t\t\t\t\t\t\t<div class=\"elementor-background-overlay\"><\/div>\n\t\t\t\t\t\t\t<div class=\"elementor-container elementor-column-gap-no\">\n\t\t\t\t\t<div class=\"elementor-column elementor-col-100 elementor-top-column elementor-element elementor-element-8268956\" data-id=\"8268956\" data-element_type=\"column\" data-e-type=\"column\">\n\t\t\t<div class=\"elementor-widget-wrap elementor-element-populated\">\n\t\t\t\t\t\t<div class=\"elementor-element elementor-element-5016628 elementor-widget elementor-widget-heading\" data-id=\"5016628\" data-element_type=\"widget\" data-e-type=\"widget\" data-widget_type=\"heading.default\">\n\t\t\t\t<div class=\"elementor-widget-container\">\n\t\t\t\t\t<h2 class=\"elementor-heading-title elementor-size-default\">Jon Ole Olstad\n<\/h2>\t\t\t\t<\/div>\n\t\t\t\t<\/div>\n\t\t\t\t<div class=\"elementor-element elementor-element-a86216f elementor-widget-divider--view-line elementor-widget elementor-widget-divider\" data-id=\"a86216f\" data-element_type=\"widget\" data-e-type=\"widget\" data-widget_type=\"divider.default\">\n\t\t\t\t<div class=\"elementor-widget-container\">\n\t\t\t\t\t\t\t<div class=\"elementor-divider\">\n\t\t\t<span class=\"elementor-divider-separator\">\n\t\t\t\t\t\t<\/span>\n\t\t<\/div>\n\t\t\t\t\t\t<\/div>\n\t\t\t\t<\/div>\n\t\t\t\t\t<\/div>\n\t\t<\/div>\n\t\t\t\t\t<\/div>\n\t\t<\/section>\n\t\t\t\t<section class=\"elementor-section elementor-top-section elementor-element elementor-element-a2d6cca elementor-section-full_width elementor-section-height-default elementor-section-height-default\" data-id=\"a2d6cca\" data-element_type=\"section\" data-e-type=\"section\">\n\t\t\t\t\t\t<div class=\"elementor-container elementor-column-gap-default\">\n\t\t\t\t\t<div class=\"elementor-column elementor-col-100 elementor-top-column elementor-element elementor-element-a45c6d3\" data-id=\"a45c6d3\" data-element_type=\"column\" data-e-type=\"column\">\n\t\t\t<div class=\"elementor-widget-wrap elementor-element-populated\">\n\t\t\t\t\t\t<div class=\"elementor-element elementor-element-f854b1f elementor-widget elementor-widget-heading\" data-id=\"f854b1f\" data-element_type=\"widget\" data-e-type=\"widget\" data-widget_type=\"heading.default\">\n\t\t\t\t<div class=\"elementor-widget-container\">\n\t\t\t\t\t<h2 class=\"elementor-heading-title elementor-size-default\">ZEITGEN\u00d6SSISCH - NORWEGEN \/ USA \n\n\n\n\n\n\n\n\n<\/h2>\t\t\t\t<\/div>\n\t\t\t\t<\/div>\n\t\t\t\t<div class=\"elementor-element elementor-element-3947f8e elementor-widget elementor-widget-text-editor\" data-id=\"3947f8e\" data-element_type=\"widget\" data-e-type=\"widget\" data-widget_type=\"text-editor.default\">\n\t\t\t\t<div class=\"elementor-widget-container\">\n\t\t\t\t\t\t\t\t\t<p>Jon Ole Olstad begann im Alter von 16 Jahren mit dem Tanzen und nahm an seinem ersten Ballettkurs teil, als er f\u00fcr die Tanzabteilung einer High School vorsprach. Schnell wurde ihm klar, dass Tanzen seine gro\u00dfe Leidenschaft ist und dass er alles tun w\u00fcrde, um seinen Traum, professioneller T\u00e4nzer zu werden, zu verwirklichen. Sp\u00e4ter wurde er in die Nationale Akademie der K\u00fcnste in Oslo aufgenommen und schloss 2009 sein Studium mit einem Bachelor ab.<\/p><p>Nach dem College wurde er f\u00fcr das Tourprojekt \u201eKamuyot\u201c engagiert, eine Zusammenarbeit zwischen den schwedischen Riksteatern und der Batsheva Dance Company unter der Leitung des k\u00fcnstlerischen Leiters Ohad Naharin.<\/p><p>Im Jahr 2013 wurde Jon Ole vom Nederlands Dans Theater 1 unter der Leitung des k\u00fcnstlerischen Leiters Paul Lightfoot engagiert. Er hat mit Choreografen wie Paul Lighfoot und Sol Leon, Johan Inger, Hofesh Shechter, Marco Goecke, Alexander Ekman, Jiri Kylian, Mehdi Walerski und Crystal Pite zusammengearbeitet.<\/p><p>Seine eigene choreografische Arbeit nahm an mehreren Festivals, Veranstaltungsorten und Choreografiewettbewerben wie dem Cross Connection Choreografiewettbewerb in Kopenhagen und dem Stockholm Dance Film Festival teil.<\/p><p>2015 gewann er den 1. Preis beim renommierten Wettbewerb International Solo-Tanz Festival in Stuttgart. Mit seinem Solo \u201eand we bereits kannten die Namen\u201c wurde er mit dem 1. Preis in der Kategorie Tanz und dem 1. Preis in der Kategorie Choreografie ausgezeichnet.<\/p><p>Er begann 2009 zu unterrichten und hat eine gro\u00dfe Leidenschaft daf\u00fcr, sein Wissen und die Liebe zum Tanz weiterzugeben. Er hat an zahlreichen Colleges, Studios, Intensivkursen und Kompanien in ganz Europa und den USA unterrichtet und choreografiert, darunter Lines Ballet, Gallim Dance, Ballet Hisp\u00e1nico, Juilliard, NYU-Tisch, Marymount Manhattan University, Alvin Ailey School, Edge PAC und Movement Lifestyle, Millenium Dance Complex, Opificio Movimento, Peridance und Broadway Dance Center.<\/p><p>Jon lebt derzeit in New York City, wo er seine Lehrt\u00e4tigkeit, seine choreografische Arbeit und seinen Tanz mit verschiedenen Choreografen sowie Crossover-Projekte mit Film und Foto weiterentwickelt.<\/p>\t\t\t\t\t\t\t\t<\/div>\n\t\t\t\t<\/div>\n\t\t\t\t\t<\/div>\n\t\t<\/div>\n\t\t\t\t\t<\/div>\n\t\t<\/section>\n\t\t\t\t<\/div>","protected":false},"excerpt":{"rendered":"<p>Jon Ole Olstad CONTEMPORARY &#8211; NORWAY \/ USA Jon Ole Olstad started dancing at the age of 16 and took his first ballet class when auditioning for a high school dance department. He quickly realized dancing was his big passion and that he would do anything to make his dream of becoming a professional dancer [&hellip;]<\/p>\n","protected":false},"author":6,"featured_media":0,"parent":1562,"menu_order":0,"comment_status":"closed","ping_status":"closed","template":"","meta":{"_acf_changed":false,"site-sidebar-layout":"no-sidebar","site-content-layout":"page-builder","ast-site-content-layout":"default","site-content-style":"default","site-sidebar-style":"default","ast-global-header-display":"","ast-banner-title-visibility":"","ast-main-header-display":"","ast-hfb-above-header-display":"","ast-hfb-below-header-display":"","ast-hfb-mobile-header-display":"","site-post-title":"disabled","ast-breadcrumbs-content":"","ast-featured-img":"disabled","footer-sml-layout":"","ast-disable-related-posts":"","theme-transparent-header-meta":"default","adv-header-id-meta":"","stick-header-meta":"default","header-above-stick-meta":"","header-main-stick-meta":"","header-below-stick-meta":"","astra-migrate-meta-layouts":"default","ast-page-background-enabled":"default","ast-page-background-meta":{"desktop":{"background-color":"","background-image":"","background-repeat":"repeat","background-position":"center center","background-size":"auto","background-attachment":"scroll","background-type":"","background-media":"","overlay-type":"","overlay-color":"","overlay-opacity":"","overlay-gradient":""},"tablet":{"background-color":"","background-image":"","background-repeat":"repeat","background-position":"center center","background-size":"auto","background-attachment":"scroll","background-type":"","background-media":"","overlay-type":"","overlay-color":"","overlay-opacity":"","overlay-gradient":""},"mobile":{"background-color":"","background-image":"","background-repeat":"repeat","background-position":"center center","background-size":"auto","background-attachment":"scroll","background-type":"","background-media":"","overlay-type":"","overlay-color":"","overlay-opacity":"","overlay-gradient":""}},"ast-content-background-meta":{"desktop":{"background-color":"var(--ast-global-color-5)","background-image":"","background-repeat":"repeat","background-position":"center center","background-size":"auto","background-attachment":"scroll","background-type":"","background-media":"","overlay-type":"","overlay-color":"","overlay-opacity":"","overlay-gradient":""},"tablet":{"background-color":"var(--ast-global-color-5)","background-image":"","background-repeat":"repeat","background-position":"center center","background-size":"auto","background-attachment":"scroll","background-type":"","background-media":"","overlay-type":"","overlay-color":"","overlay-opacity":"","overlay-gradient":""},"mobile":{"background-color":"var(--ast-global-color-5)","background-image":"","background-repeat":"repeat","background-position":"center center","background-size":"auto","background-attachment":"scroll","background-type":"","background-media":"","overlay-type":"","overlay-color":"","overlay-opacity":"","overlay-gradient":""}},"footnotes":""},"class_list":["post-1601","page","type-page","status-publish","hentry"],"acf":[],"jetpack_sharing_enabled":true,"_links":{"self":[{"href":"https:\/\/worlddancemovement.com\/de\/wp-json\/wp\/v2\/pages\/1601","targetHints":{"allow":["GET"]}}],"collection":[{"href":"https:\/\/worlddancemovement.com\/de\/wp-json\/wp\/v2\/pages"}],"about":[{"href":"https:\/\/worlddancemovement.com\/de\/wp-json\/wp\/v2\/types\/page"}],"author":[{"embeddable":true,"href":"https:\/\/worlddancemovement.com\/de\/wp-json\/wp\/v2\/users\/6"}],"replies":[{"embeddable":true,"href":"https:\/\/worlddancemovement.com\/de\/wp-json\/wp\/v2\/comments?post=1601"}],"version-history":[{"count":10,"href":"https:\/\/worlddancemovement.com\/de\/wp-json\/wp\/v2\/pages\/1601\/revisions"}],"predecessor-version":[{"id":3212,"href":"https:\/\/worlddancemovement.com\/de\/wp-json\/wp\/v2\/pages\/1601\/revisions\/3212"}],"up":[{"embeddable":true,"href":"https:\/\/worlddancemovement.com\/de\/wp-json\/wp\/v2\/pages\/1562"}],"wp:attachment":[{"href":"https:\/\/worlddancemovement.com\/de\/wp-json\/wp\/v2\/media?parent=1601"}],"curies":[{"name":"wp","href":"https:\/\/api.w.org\/{rel}","templated":true}]}}