{"id":1613,"date":"2021-01-01T12:55:35","date_gmt":"2021-01-01T12:55:35","guid":{"rendered":"https:\/\/migrate.worlddancemovement.com\/?page_id=1613"},"modified":"2021-01-23T20:05:29","modified_gmt":"2021-01-23T20:05:29","slug":"valentina-franchino","status":"publish","type":"page","link":"https:\/\/worlddancemovement.com\/de\/faculty\/valentina-franchino\/","title":{"rendered":"VALENTINA FRANCHINO"},"content":{"rendered":"<div data-elementor-type=\"wp-page\" data-elementor-id=\"1613\" class=\"elementor elementor-1613\" data-elementor-post-type=\"page\">\n\t\t\t\t\t\t<section class=\"elementor-section elementor-top-section elementor-element elementor-element-94ec49d elementor-section-full_width elementor-section-height-min-height elementor-section-height-default elementor-section-items-middle\" data-id=\"94ec49d\" data-element_type=\"section\" data-e-type=\"section\" data-settings=\"{&quot;background_background&quot;:&quot;classic&quot;}\">\n\t\t\t\t\t\t\t<div class=\"elementor-background-overlay\"><\/div>\n\t\t\t\t\t\t\t<div class=\"elementor-container elementor-column-gap-no\">\n\t\t\t\t\t<div class=\"elementor-column elementor-col-100 elementor-top-column elementor-element elementor-element-8268956\" data-id=\"8268956\" data-element_type=\"column\" data-e-type=\"column\">\n\t\t\t<div class=\"elementor-widget-wrap elementor-element-populated\">\n\t\t\t\t\t\t<div class=\"elementor-element elementor-element-5016628 elementor-widget elementor-widget-heading\" data-id=\"5016628\" data-element_type=\"widget\" data-e-type=\"widget\" data-widget_type=\"heading.default\">\n\t\t\t\t<div class=\"elementor-widget-container\">\n\t\t\t\t\t<h2 class=\"elementor-heading-title elementor-size-default\">Valentina Franchino\n<\/h2>\t\t\t\t<\/div>\n\t\t\t\t<\/div>\n\t\t\t\t<div class=\"elementor-element elementor-element-a86216f elementor-widget-divider--view-line elementor-widget elementor-widget-divider\" data-id=\"a86216f\" data-element_type=\"widget\" data-e-type=\"widget\" data-widget_type=\"divider.default\">\n\t\t\t\t<div class=\"elementor-widget-container\">\n\t\t\t\t\t\t\t<div class=\"elementor-divider\">\n\t\t\t<span class=\"elementor-divider-separator\">\n\t\t\t\t\t\t<\/span>\n\t\t<\/div>\n\t\t\t\t\t\t<\/div>\n\t\t\t\t<\/div>\n\t\t\t\t\t<\/div>\n\t\t<\/div>\n\t\t\t\t\t<\/div>\n\t\t<\/section>\n\t\t\t\t<section class=\"elementor-section elementor-top-section elementor-element elementor-element-a2d6cca elementor-section-full_width elementor-section-height-default elementor-section-height-default\" data-id=\"a2d6cca\" data-element_type=\"section\" data-e-type=\"section\">\n\t\t\t\t\t\t<div class=\"elementor-container elementor-column-gap-default\">\n\t\t\t\t\t<div class=\"elementor-column elementor-col-100 elementor-top-column elementor-element elementor-element-a45c6d3\" data-id=\"a45c6d3\" data-element_type=\"column\" data-e-type=\"column\">\n\t\t\t<div class=\"elementor-widget-wrap elementor-element-populated\">\n\t\t\t\t\t\t<div class=\"elementor-element elementor-element-f854b1f elementor-widget elementor-widget-heading\" data-id=\"f854b1f\" data-element_type=\"widget\" data-e-type=\"widget\" data-widget_type=\"heading.default\">\n\t\t\t\t<div class=\"elementor-widget-container\">\n\t\t\t\t\t<h2 class=\"elementor-heading-title elementor-size-default\">ITALIEN \/ Klasse: Lufttanz\n\n\n\n\n\n\n\n\n\n<\/h2>\t\t\t\t<\/div>\n\t\t\t\t<\/div>\n\t\t\t\t<div class=\"elementor-element elementor-element-3947f8e elementor-widget elementor-widget-text-editor\" data-id=\"3947f8e\" data-element_type=\"widget\" data-e-type=\"widget\" data-widget_type=\"text-editor.default\">\n\t\t\t\t<div class=\"elementor-widget-container\">\n\t\t\t\t\t\t\t\t\t<p>Valentina ist Lehrerin f\u00fcr Lufttanz und Bewegungstechniken an der Scuola di Teatro di Bologna Alessandra Galante Garrone und in mehreren italienischen Tanzstudios und Theatern. Sie ist Schauspielerin und Luftakrobatin, hat ein Diplom in Zirkuskunstdisziplinen erworben und sich in Frankreich auf Tanz und Lufttanz spezialisiert.<\/p><p>Im Jahr 2004 arbeitete sie als Luftakrobatin am Teatro Massimo in Palermo, Italien, und f\u00fcr mehrere beliebte \u00f6ffentliche Veranstaltungen wie Smart Night auf der Piazza Maggiore (Bologna, Italien), die White Nights in Teramo, Rimini, Ravenna und Piacenza (Italien). Sie ist Luftakrobatin f\u00fcr die Rami-Show unter der Regie der Schauspielerin\/Akrobatin Nicole Kehrberger (Totales Theatre International). Sie arbeitet f\u00fcr die Firma Chi\u00e8discena f\u00fcr die Show Cirque Cabaret. Im Jahr 2006 nahm sie als Lufttanz-Darstellerin an gro\u00dfen Veranstaltungen und Festivals in ganz Italien teil (Castelli in Aria e Sogni in Volo). Sie arbeitete als Akrobatin in der venezianischen Show Serata Futurista im Goldoni Theater. Sie hat regelm\u00e4\u00dfig mit der Firma Visonaria f\u00fcr mehrere Aerial Dance-Shows zusammengearbeitet. 2009 arbeitete sie als Schauspielerin und Luftt\u00e4nzerin mit der Opernkompanie Teatro Kismet in der Show \u201eK\u00f6nigin des Schnees\u201c unter der Regie von Teresa Ludovico. Seit 2013 ist sie Schauspielerin und Luftt\u00e4nzerin f\u00fcr die Show Sposa Sirena unter der Regie von Michelangelo Campanale und produziert vom Teatro Crest. Derzeit arbeitet sie f\u00fcr die neue Produktion des Teatro di Milano, Peter Pan e la Scatola Magica.<\/p><p>Sie unterrichtet Lufttanz mit Stoff, festem Trapez und Reifen und nutzt dabei die k\u00f6rperlichen F\u00e4higkeiten ihrer Sch\u00fcler, um Luftchoreografien zu erstellen. Meisterkursprogramm Dieser Meisterkurs erm\u00f6glicht es den Sch\u00fclern, Lufttanz mit Stoff, Fixtrapez, Reifen usw. zu erlernen und sich darauf zu spezialisieren. Valentina ist in der Lage, mit den eigenen k\u00f6rperlichen F\u00e4higkeiten ihrer Sch\u00fcler zu arbeiten. Der Meisterkurs steht T\u00e4nzern, Schauspielern und allen offen, die Aerial Dance erlernen m\u00f6chten, um die M\u00f6glichkeiten ihres in der Luft schwebenden K\u00f6rpers zu erkunden. Zeitplan f\u00fcr den Meisterkurs: \u2013 Aufw\u00e4rm- und Kr\u00e4ftigungs\u00fcbungen \u2013 Unterrichten einiger Grundfiguren mit Stoff, Fixtrapez, Reifen \u2013 Choreografische Improvisation zur Entwicklung des K\u00f6rperausdrucks mit Stoff.<\/p>\t\t\t\t\t\t\t\t<\/div>\n\t\t\t\t<\/div>\n\t\t\t\t\t<\/div>\n\t\t<\/div>\n\t\t\t\t\t<\/div>\n\t\t<\/section>\n\t\t\t\t<\/div>","protected":false},"excerpt":{"rendered":"<p>Valentina Franchino ITALY \/ Class: Aerial Dance Valentina is an Aerial Dance and Movement Techniques teacher at Scuola di Teatro di Bologna Alessandra Galante Garrone and in several Italian dance studios and theaters. She is an actress and an Aerial acrobat, she obtained a diploma in Circus Arts disciplines and she specialized in dance and [&hellip;]<\/p>\n","protected":false},"author":6,"featured_media":0,"parent":1562,"menu_order":0,"comment_status":"closed","ping_status":"closed","template":"","meta":{"_acf_changed":false,"site-sidebar-layout":"no-sidebar","site-content-layout":"page-builder","ast-site-content-layout":"default","site-content-style":"default","site-sidebar-style":"default","ast-global-header-display":"","ast-banner-title-visibility":"","ast-main-header-display":"","ast-hfb-above-header-display":"","ast-hfb-below-header-display":"","ast-hfb-mobile-header-display":"","site-post-title":"disabled","ast-breadcrumbs-content":"","ast-featured-img":"disabled","footer-sml-layout":"","ast-disable-related-posts":"","theme-transparent-header-meta":"default","adv-header-id-meta":"","stick-header-meta":"default","header-above-stick-meta":"","header-main-stick-meta":"","header-below-stick-meta":"","astra-migrate-meta-layouts":"default","ast-page-background-enabled":"default","ast-page-background-meta":{"desktop":{"background-color":"","background-image":"","background-repeat":"repeat","background-position":"center center","background-size":"auto","background-attachment":"scroll","background-type":"","background-media":"","overlay-type":"","overlay-color":"","overlay-opacity":"","overlay-gradient":""},"tablet":{"background-color":"","background-image":"","background-repeat":"repeat","background-position":"center center","background-size":"auto","background-attachment":"scroll","background-type":"","background-media":"","overlay-type":"","overlay-color":"","overlay-opacity":"","overlay-gradient":""},"mobile":{"background-color":"","background-image":"","background-repeat":"repeat","background-position":"center center","background-size":"auto","background-attachment":"scroll","background-type":"","background-media":"","overlay-type":"","overlay-color":"","overlay-opacity":"","overlay-gradient":""}},"ast-content-background-meta":{"desktop":{"background-color":"var(--ast-global-color-5)","background-image":"","background-repeat":"repeat","background-position":"center center","background-size":"auto","background-attachment":"scroll","background-type":"","background-media":"","overlay-type":"","overlay-color":"","overlay-opacity":"","overlay-gradient":""},"tablet":{"background-color":"var(--ast-global-color-5)","background-image":"","background-repeat":"repeat","background-position":"center center","background-size":"auto","background-attachment":"scroll","background-type":"","background-media":"","overlay-type":"","overlay-color":"","overlay-opacity":"","overlay-gradient":""},"mobile":{"background-color":"var(--ast-global-color-5)","background-image":"","background-repeat":"repeat","background-position":"center center","background-size":"auto","background-attachment":"scroll","background-type":"","background-media":"","overlay-type":"","overlay-color":"","overlay-opacity":"","overlay-gradient":""}},"footnotes":""},"class_list":["post-1613","page","type-page","status-publish","hentry"],"acf":[],"jetpack_sharing_enabled":true,"_links":{"self":[{"href":"https:\/\/worlddancemovement.com\/de\/wp-json\/wp\/v2\/pages\/1613","targetHints":{"allow":["GET"]}}],"collection":[{"href":"https:\/\/worlddancemovement.com\/de\/wp-json\/wp\/v2\/pages"}],"about":[{"href":"https:\/\/worlddancemovement.com\/de\/wp-json\/wp\/v2\/types\/page"}],"author":[{"embeddable":true,"href":"https:\/\/worlddancemovement.com\/de\/wp-json\/wp\/v2\/users\/6"}],"replies":[{"embeddable":true,"href":"https:\/\/worlddancemovement.com\/de\/wp-json\/wp\/v2\/comments?post=1613"}],"version-history":[{"count":10,"href":"https:\/\/worlddancemovement.com\/de\/wp-json\/wp\/v2\/pages\/1613\/revisions"}],"predecessor-version":[{"id":3264,"href":"https:\/\/worlddancemovement.com\/de\/wp-json\/wp\/v2\/pages\/1613\/revisions\/3264"}],"up":[{"embeddable":true,"href":"https:\/\/worlddancemovement.com\/de\/wp-json\/wp\/v2\/pages\/1562"}],"wp:attachment":[{"href":"https:\/\/worlddancemovement.com\/de\/wp-json\/wp\/v2\/media?parent=1613"}],"curies":[{"name":"wp","href":"https:\/\/api.w.org\/{rel}","templated":true}]}}