{"id":1628,"date":"2021-01-01T13:04:29","date_gmt":"2021-01-01T13:04:29","guid":{"rendered":"https:\/\/migrate.worlddancemovement.com\/?page_id=1628"},"modified":"2021-01-23T20:03:48","modified_gmt":"2021-01-23T20:03:48","slug":"silvia-humaila","status":"publish","type":"page","link":"https:\/\/worlddancemovement.com\/de\/faculty\/silvia-humaila\/","title":{"rendered":"Silvia Humaila"},"content":{"rendered":"<div data-elementor-type=\"wp-page\" data-elementor-id=\"1628\" class=\"elementor elementor-1628\" data-elementor-post-type=\"page\">\n\t\t\t\t\t\t<section class=\"elementor-section elementor-top-section elementor-element elementor-element-94ec49d elementor-section-full_width elementor-section-height-min-height elementor-section-height-default elementor-section-items-middle\" data-id=\"94ec49d\" data-element_type=\"section\" data-e-type=\"section\" data-settings=\"{&quot;background_background&quot;:&quot;classic&quot;}\">\n\t\t\t\t\t\t\t<div class=\"elementor-background-overlay\"><\/div>\n\t\t\t\t\t\t\t<div class=\"elementor-container elementor-column-gap-no\">\n\t\t\t\t\t<div class=\"elementor-column elementor-col-100 elementor-top-column elementor-element elementor-element-8268956\" data-id=\"8268956\" data-element_type=\"column\" data-e-type=\"column\">\n\t\t\t<div class=\"elementor-widget-wrap elementor-element-populated\">\n\t\t\t\t\t\t<div class=\"elementor-element elementor-element-5016628 elementor-widget elementor-widget-heading\" data-id=\"5016628\" data-element_type=\"widget\" data-e-type=\"widget\" data-widget_type=\"heading.default\">\n\t\t\t\t<div class=\"elementor-widget-container\">\n\t\t\t\t\t<h2 class=\"elementor-heading-title elementor-size-default\">Silvia Humaila\n<\/h2>\t\t\t\t<\/div>\n\t\t\t\t<\/div>\n\t\t\t\t<div class=\"elementor-element elementor-element-a86216f elementor-widget-divider--view-line elementor-widget elementor-widget-divider\" data-id=\"a86216f\" data-element_type=\"widget\" data-e-type=\"widget\" data-widget_type=\"divider.default\">\n\t\t\t\t<div class=\"elementor-widget-container\">\n\t\t\t\t\t\t\t<div class=\"elementor-divider\">\n\t\t\t<span class=\"elementor-divider-separator\">\n\t\t\t\t\t\t<\/span>\n\t\t<\/div>\n\t\t\t\t\t\t<\/div>\n\t\t\t\t<\/div>\n\t\t\t\t\t<\/div>\n\t\t<\/div>\n\t\t\t\t\t<\/div>\n\t\t<\/section>\n\t\t\t\t<section class=\"elementor-section elementor-top-section elementor-element elementor-element-a2d6cca elementor-section-full_width elementor-section-height-default elementor-section-height-default\" data-id=\"a2d6cca\" data-element_type=\"section\" data-e-type=\"section\">\n\t\t\t\t\t\t<div class=\"elementor-container elementor-column-gap-default\">\n\t\t\t\t\t<div class=\"elementor-column elementor-col-100 elementor-top-column elementor-element elementor-element-a45c6d3\" data-id=\"a45c6d3\" data-element_type=\"column\" data-e-type=\"column\">\n\t\t\t<div class=\"elementor-widget-wrap elementor-element-populated\">\n\t\t\t\t\t\t<div class=\"elementor-element elementor-element-f854b1f elementor-widget elementor-widget-heading\" data-id=\"f854b1f\" data-element_type=\"widget\" data-e-type=\"widget\" data-widget_type=\"heading.default\">\n\t\t\t\t<div class=\"elementor-widget-container\">\n\t\t\t\t\t<h2 class=\"elementor-heading-title elementor-size-default\">Rum\u00e4nien-Italien \/ Klasse: Ballett\n\n\n\n\n\n\n\n\n\n<\/h2>\t\t\t\t<\/div>\n\t\t\t\t<\/div>\n\t\t\t\t<div class=\"elementor-element elementor-element-3947f8e elementor-widget elementor-widget-text-editor\" data-id=\"3947f8e\" data-element_type=\"widget\" data-e-type=\"widget\" data-widget_type=\"text-editor.default\">\n\t\t\t\t<div class=\"elementor-widget-container\">\n\t\t\t\t\t\t\t\t\t<p>Abschluss an der Clui Choreography Academy (Rum\u00e4nien). Solot\u00e4nzer, P\u00e4dagoge, Ma\u00eetre du Ballet und Choreograf f\u00fcr das Staatsballett in Timisoara (Rum\u00e4nien) und das Nationaltheater Sarajevo (Jugoslawien).<\/p><p>Sie erhielt ein Leistungsstipendium vom Kirow-Mariynski-Theater in Sankt Petersburg (Russland), wo sie ihre Ballettf\u00e4higkeiten vervollkommnete und sich auf Ballettp\u00e4dagogik (Vaganova-Methode) spezialisierte. Sie studierte bei gro\u00dfen russischen Ballettt\u00e4nzern, darunter Alla Shelest und Ninel Kurgapkina, Rudolf Nurejevs Assistentin an der Pariser Oper.<\/p><p>Als Solot\u00e4nzerin tanzte sie in Giselle, Don Quichotte, dem Nussknacker, Dornr\u00f6schen, Coppelia, Sinfonia Fantastica und in mehreren zeitgen\u00f6ssischen Produktionen wie Patetica PI Ciakovski, Omagin a Br\u00e0ncusi T. Olah, Carmina Burana&#039;K.Orff. Sie trat in mehreren Theatern auf der ganzen Welt auf, darunter in der Russischen Akademie (Odessa), in Italien, Deutschland, den Niederlanden, Belgien, \u00d6sterreich, der T\u00fcrkei, dem Libanon, \u00c4gypten, Algerien, Indien, Iran, Luxemburg und Tunesien.<\/p><p>1968 begann sie als Ma\u00eetre du Ballet und Choreografin am Nationaltheater Sarajevo (Jugoslawien) f\u00fcr Giselle und Don Quichotte zu arbeiten. Zwischenzeitlich arbeitete sie als Choreografin in Rum\u00e4nien (Timisoara) und am Nationalballetttheater von Oleg D\u00e0vrovski. 1985 arbeitete sie in der Stagione Lirica di Lecce (Italien) als Solot\u00e4nzerin und Choreografin (Aida, Faust, Adriana Lecouvreur, I Puritani) mit.<\/p><p>1997 erhielt sie ein Stipendium in Italien, um in New York am Joffrey Ballet, im Steps Ballet Studio, im Broadway Dance Center und bei Alvin Ailey zu studieren. Was ihre p\u00e4dagogische T\u00e4tigkeit betrifft, gewann sie mehrere wichtige internationale Wettbewerbe wie: Prix de Lausanne, Concorso Varna Bulgaria, Luxembourgo, Eurovision Paris, Tokio, mit International \u00c8toile Danilo Mazzotta. Ihre ehemaligen Sch\u00fcler sind Solisten und Solot\u00e4nzer an der Scala di Milano, dem Balletto di Roma und Maggio<br \/>Florenz.<\/p><p>Derzeit setzt sie ihre p\u00e4dagogische T\u00e4tigkeit am Tanzzentrum \u201ePas de deux\u201c in Fasano (Italien) fort und unterrichtet Workshops zur Vaganova-Methode f\u00fcr Lehrer am Centro Studi Danza in Bari (Italien) und am Centro Danza \u201eNuova Era\u201c in Lecce (Italien). .<\/p>\t\t\t\t\t\t\t\t<\/div>\n\t\t\t\t<\/div>\n\t\t\t\t\t<\/div>\n\t\t<\/div>\n\t\t\t\t\t<\/div>\n\t\t<\/section>\n\t\t\t\t<\/div>","protected":false},"excerpt":{"rendered":"<p>Silvia Humaila Romania-Italy \/ Class: Ballet Graduated from Clui Choreography Accademy (Romania). Principal dancer, pedagogue, Ma\u00eetre du Ballet and choreographer for State Ballet in Timisoara (Romania) and Sarajevo National Theater (Jugoslavia). She received a Merit Scholarship from Saint Petersburg&#8217;s Kirov Mariynski Theater (Russia) where she perfected her ballet skills specializing in ballet pedagogy (Vaganova method). [&hellip;]<\/p>\n","protected":false},"author":6,"featured_media":0,"parent":1562,"menu_order":0,"comment_status":"closed","ping_status":"closed","template":"","meta":{"_acf_changed":false,"site-sidebar-layout":"no-sidebar","site-content-layout":"page-builder","ast-site-content-layout":"default","site-content-style":"default","site-sidebar-style":"default","ast-global-header-display":"","ast-banner-title-visibility":"","ast-main-header-display":"","ast-hfb-above-header-display":"","ast-hfb-below-header-display":"","ast-hfb-mobile-header-display":"","site-post-title":"disabled","ast-breadcrumbs-content":"","ast-featured-img":"disabled","footer-sml-layout":"","ast-disable-related-posts":"","theme-transparent-header-meta":"default","adv-header-id-meta":"","stick-header-meta":"default","header-above-stick-meta":"","header-main-stick-meta":"","header-below-stick-meta":"","astra-migrate-meta-layouts":"default","ast-page-background-enabled":"default","ast-page-background-meta":{"desktop":{"background-color":"","background-image":"","background-repeat":"repeat","background-position":"center center","background-size":"auto","background-attachment":"scroll","background-type":"","background-media":"","overlay-type":"","overlay-color":"","overlay-opacity":"","overlay-gradient":""},"tablet":{"background-color":"","background-image":"","background-repeat":"repeat","background-position":"center center","background-size":"auto","background-attachment":"scroll","background-type":"","background-media":"","overlay-type":"","overlay-color":"","overlay-opacity":"","overlay-gradient":""},"mobile":{"background-color":"","background-image":"","background-repeat":"repeat","background-position":"center center","background-size":"auto","background-attachment":"scroll","background-type":"","background-media":"","overlay-type":"","overlay-color":"","overlay-opacity":"","overlay-gradient":""}},"ast-content-background-meta":{"desktop":{"background-color":"var(--ast-global-color-5)","background-image":"","background-repeat":"repeat","background-position":"center center","background-size":"auto","background-attachment":"scroll","background-type":"","background-media":"","overlay-type":"","overlay-color":"","overlay-opacity":"","overlay-gradient":""},"tablet":{"background-color":"var(--ast-global-color-5)","background-image":"","background-repeat":"repeat","background-position":"center center","background-size":"auto","background-attachment":"scroll","background-type":"","background-media":"","overlay-type":"","overlay-color":"","overlay-opacity":"","overlay-gradient":""},"mobile":{"background-color":"var(--ast-global-color-5)","background-image":"","background-repeat":"repeat","background-position":"center center","background-size":"auto","background-attachment":"scroll","background-type":"","background-media":"","overlay-type":"","overlay-color":"","overlay-opacity":"","overlay-gradient":""}},"footnotes":""},"class_list":["post-1628","page","type-page","status-publish","hentry"],"acf":[],"jetpack_sharing_enabled":true,"_links":{"self":[{"href":"https:\/\/worlddancemovement.com\/de\/wp-json\/wp\/v2\/pages\/1628","targetHints":{"allow":["GET"]}}],"collection":[{"href":"https:\/\/worlddancemovement.com\/de\/wp-json\/wp\/v2\/pages"}],"about":[{"href":"https:\/\/worlddancemovement.com\/de\/wp-json\/wp\/v2\/types\/page"}],"author":[{"embeddable":true,"href":"https:\/\/worlddancemovement.com\/de\/wp-json\/wp\/v2\/users\/6"}],"replies":[{"embeddable":true,"href":"https:\/\/worlddancemovement.com\/de\/wp-json\/wp\/v2\/comments?post=1628"}],"version-history":[{"count":10,"href":"https:\/\/worlddancemovement.com\/de\/wp-json\/wp\/v2\/pages\/1628\/revisions"}],"predecessor-version":[{"id":3246,"href":"https:\/\/worlddancemovement.com\/de\/wp-json\/wp\/v2\/pages\/1628\/revisions\/3246"}],"up":[{"embeddable":true,"href":"https:\/\/worlddancemovement.com\/de\/wp-json\/wp\/v2\/pages\/1562"}],"wp:attachment":[{"href":"https:\/\/worlddancemovement.com\/de\/wp-json\/wp\/v2\/media?parent=1628"}],"curies":[{"name":"wp","href":"https:\/\/api.w.org\/{rel}","templated":true}]}}