{"id":1635,"date":"2021-01-01T13:09:58","date_gmt":"2021-01-01T13:09:58","guid":{"rendered":"https:\/\/migrate.worlddancemovement.com\/?page_id=1635"},"modified":"2021-01-23T20:03:25","modified_gmt":"2021-01-23T20:03:25","slug":"noa-paran","status":"publish","type":"page","link":"https:\/\/worlddancemovement.com\/de\/faculty\/noa-paran\/","title":{"rendered":"Noa Paran"},"content":{"rendered":"<div data-elementor-type=\"wp-page\" data-elementor-id=\"1635\" class=\"elementor elementor-1635\" data-elementor-post-type=\"page\">\n\t\t\t\t\t\t<section class=\"elementor-section elementor-top-section elementor-element elementor-element-94ec49d elementor-section-full_width elementor-section-height-min-height elementor-section-height-default elementor-section-items-middle\" data-id=\"94ec49d\" data-element_type=\"section\" data-e-type=\"section\" data-settings=\"{&quot;background_background&quot;:&quot;classic&quot;}\">\n\t\t\t\t\t\t\t<div class=\"elementor-background-overlay\"><\/div>\n\t\t\t\t\t\t\t<div class=\"elementor-container elementor-column-gap-no\">\n\t\t\t\t\t<div class=\"elementor-column elementor-col-100 elementor-top-column elementor-element elementor-element-8268956\" data-id=\"8268956\" data-element_type=\"column\" data-e-type=\"column\">\n\t\t\t<div class=\"elementor-widget-wrap elementor-element-populated\">\n\t\t\t\t\t\t<div class=\"elementor-element elementor-element-5016628 elementor-widget elementor-widget-heading\" data-id=\"5016628\" data-element_type=\"widget\" data-e-type=\"widget\" data-widget_type=\"heading.default\">\n\t\t\t\t<div class=\"elementor-widget-container\">\n\t\t\t\t\t<h2 class=\"elementor-heading-title elementor-size-default\">Noa Paran\n<\/h2>\t\t\t\t<\/div>\n\t\t\t\t<\/div>\n\t\t\t\t<div class=\"elementor-element elementor-element-a86216f elementor-widget-divider--view-line elementor-widget elementor-widget-divider\" data-id=\"a86216f\" data-element_type=\"widget\" data-e-type=\"widget\" data-widget_type=\"divider.default\">\n\t\t\t\t<div class=\"elementor-widget-container\">\n\t\t\t\t\t\t\t<div class=\"elementor-divider\">\n\t\t\t<span class=\"elementor-divider-separator\">\n\t\t\t\t\t\t<\/span>\n\t\t<\/div>\n\t\t\t\t\t\t<\/div>\n\t\t\t\t<\/div>\n\t\t\t\t\t<\/div>\n\t\t<\/div>\n\t\t\t\t\t<\/div>\n\t\t<\/section>\n\t\t\t\t<section class=\"elementor-section elementor-top-section elementor-element elementor-element-a2d6cca elementor-section-full_width elementor-section-height-default elementor-section-height-default\" data-id=\"a2d6cca\" data-element_type=\"section\" data-e-type=\"section\">\n\t\t\t\t\t\t<div class=\"elementor-container elementor-column-gap-default\">\n\t\t\t\t\t<div class=\"elementor-column elementor-col-100 elementor-top-column elementor-element elementor-element-a45c6d3\" data-id=\"a45c6d3\" data-element_type=\"column\" data-e-type=\"column\">\n\t\t\t<div class=\"elementor-widget-wrap elementor-element-populated\">\n\t\t\t\t\t\t<div class=\"elementor-element elementor-element-f854b1f elementor-widget elementor-widget-heading\" data-id=\"f854b1f\" data-element_type=\"widget\" data-e-type=\"widget\" data-widget_type=\"heading.default\">\n\t\t\t\t<div class=\"elementor-widget-container\">\n\t\t\t\t\t<h2 class=\"elementor-heading-title elementor-size-default\">GAGA-BEWEGUNG, OHAD NAHARIN REPERTORY \u2013 ISRAEL\n\n\n\n\n\n\n\n\n<\/h2>\t\t\t\t<\/div>\n\t\t\t\t<\/div>\n\t\t\t\t<div class=\"elementor-element elementor-element-3947f8e elementor-widget elementor-widget-text-editor\" data-id=\"3947f8e\" data-element_type=\"widget\" data-e-type=\"widget\" data-widget_type=\"text-editor.default\">\n\t\t\t\t<div class=\"elementor-widget-container\">\n\t\t\t\t\t\t\t\t\t<p>Noa Paran wurde 1986 in Israel geboren. Ihre Ausbildung zur T\u00e4nzerin absolvierte sie im Kadima Community Center. Von 2007 bis 2010 war er Teil des Batsheva Ensembles und tanzte in Werken von Ohad Naharin und Sharon Eyal. Au\u00dferdem choreografierte sie zwei T\u00e4nze f\u00fcr die Plattform Batsheva Dancers Create.<\/p><p>Noa trat als Mitt\u00e4nzerin im St\u00fcck \u201ePhysical Education\u201c von Maya Levy &amp; Hanan Anando Mars auf und nahm mit dem St\u00fcck \u201eCelebration of the Lion\u201c von Luc Jacobs am 15. Internationalen Solo-Tanz-Theater-Festival Stuttgart teil. Noa begann 2008, Gaga in Israel und auf der ganzen Welt zu unterrichten. Sie gibt Unterricht f\u00fcr das Batsheva Ensemble und unterrichtet im Gaga Teacher Training Program. Noa unterrichtet regelm\u00e4\u00dfig in den Gaga-People-Klassen in Israel sowie in Tanzschulen und Workshops in Israel und auf der ganzen Welt.<\/p><p>Derzeit tritt sie in einem neuen Projekt auf \u2013 einem von Noa Zuk und Ohad Fishif choreografierten St\u00fcck mit dem Titel \u201eGarten der Minuten\u201c.<\/p>\t\t\t\t\t\t\t\t<\/div>\n\t\t\t\t<\/div>\n\t\t\t\t<div class=\"elementor-element elementor-element-d10f4bf elementor-widget elementor-widget-heading\" data-id=\"d10f4bf\" data-element_type=\"widget\" data-e-type=\"widget\" data-widget_type=\"heading.default\">\n\t\t\t\t<div class=\"elementor-widget-container\">\n\t\t\t\t\t<h2 class=\"elementor-heading-title elementor-size-default\">GAGA-BEWEGUNGSSPRACHE &amp; OHAD NAHARINS REPERTORIUM\n\n\n\n\n\n\n\n\n<\/h2>\t\t\t\t<\/div>\n\t\t\t\t<\/div>\n\t\t\t\t<div class=\"elementor-element elementor-element-50a82b4 elementor-widget elementor-widget-text-editor\" data-id=\"50a82b4\" data-element_type=\"widget\" data-e-type=\"widget\" data-widget_type=\"text-editor.default\">\n\t\t\t\t<div class=\"elementor-widget-container\">\n\t\t\t\t\t\t\t\t\t<p>Gaga ist eine Bewegungssprache, die Ohad Naharin im Laufe vieler Jahre entwickelt hat und die von den Mitgliedern der Batsheva Dance Company in der t\u00e4glichen Praxis und in \u00dcbungen angewendet wird.<\/p><p>Schauen Sie sich dieses Video an, in dem Ohad Naharin \u00fcber die Gaga-Bewegung spricht: https:\/\/youtu.be\/OGPG1QL1vJc<\/p><p>Die Sprache von Gaga entstand aus dem Glauben an die heilende, dynamische und sich st\u00e4ndig ver\u00e4ndernde Kraft der Bewegung. Gaga ist eine neue Art, Wissen und Selbstbewusstsein durch Ihren K\u00f6rper zu erlangen. Gaga bietet einen Rahmen f\u00fcr die Entdeckung und St\u00e4rkung Ihres K\u00f6rpers und f\u00fcr mehr Flexibilit\u00e4t, Ausdauer und Beweglichkeit, w\u00e4hrend gleichzeitig die Sinne und die Vorstellungskraft angeregt werden. Gaga sch\u00e4rft das Bewusstsein f\u00fcr k\u00f6rperliche Schw\u00e4chen, weckt taube Bereiche, legt k\u00f6rperliche Fixierungen offen und bietet Wege zu deren Beseitigung an. Die Arbeit verbessert die instinktive Bewegung und verbindet bewusste und unbewusste Bewegung und erm\u00f6glicht ein Erleben von Freiheit und Vergn\u00fcgen auf einfache Weise, in einem angenehmen Raum, in bequemer Kleidung, begleitet von Musik, jeder mit sich selbst und anderen.<\/p><p>Gaga hat zwei Titel: Gaga\/people und Gaga\/dancers.<\/p><p>Dieser Workshop bietet den Teilnehmern die M\u00f6glichkeit, von den T\u00e4nzern und Lehrern der Kompanie Ausz\u00fcge aus Ohad Naharins choreografischen Werken zu lernen. In diesem Kurs wenden T\u00e4nzer ihr Gaga-Training auf das Repertoire an.<\/p>\t\t\t\t\t\t\t\t<\/div>\n\t\t\t\t<\/div>\n\t\t\t\t<div class=\"elementor-element elementor-element-b6d4c13 elementor-widget elementor-widget-text-editor\" data-id=\"b6d4c13\" data-element_type=\"widget\" data-e-type=\"widget\" data-widget_type=\"text-editor.default\">\n\t\t\t\t<div class=\"elementor-widget-container\">\n\t\t\t\t\t\t\t\t\t<p>* Es wird dringend empfohlen, dass sich Sch\u00fcler sowohl f\u00fcr den Gaga-Bewegungssprache-Kurs als auch f\u00fcr den Ohad-Naharin-Repertoire-Kurs anmelden, da sie sich gegenseitig erg\u00e4nzen. T\u00e4nzer k\u00f6nnen den Gaga-Kurs und nicht den Repertory-Kurs belegen, aber sie d\u00fcrfen nicht am Repertory-Kurs teilnehmen, ohne f\u00fcr den Gaga-Kurs eingeschrieben zu sein.<\/p>\t\t\t\t\t\t\t\t<\/div>\n\t\t\t\t<\/div>\n\t\t\t\t\t<\/div>\n\t\t<\/div>\n\t\t\t\t\t<\/div>\n\t\t<\/section>\n\t\t\t\t<\/div>","protected":false},"excerpt":{"rendered":"<p>Noa Paran GAGA MOVEMENT, OHAD NAHARIN REPERTORY &#8211; ISRAEL Noa Paran was born in Israel in 1986. She trained as a dancer in the Kadima community Center. From 2007-2010 was part of the Batsheva Ensemble, and danced in works by Ohad Naharin and Sharon Eyal. She also choreographed two dances for the Batsheva Dancers Create [&hellip;]<\/p>\n","protected":false},"author":6,"featured_media":0,"parent":1562,"menu_order":0,"comment_status":"closed","ping_status":"closed","template":"","meta":{"_acf_changed":false,"site-sidebar-layout":"no-sidebar","site-content-layout":"page-builder","ast-site-content-layout":"default","site-content-style":"default","site-sidebar-style":"default","ast-global-header-display":"","ast-banner-title-visibility":"","ast-main-header-display":"","ast-hfb-above-header-display":"","ast-hfb-below-header-display":"","ast-hfb-mobile-header-display":"","site-post-title":"disabled","ast-breadcrumbs-content":"","ast-featured-img":"disabled","footer-sml-layout":"","ast-disable-related-posts":"","theme-transparent-header-meta":"default","adv-header-id-meta":"","stick-header-meta":"default","header-above-stick-meta":"","header-main-stick-meta":"","header-below-stick-meta":"","astra-migrate-meta-layouts":"default","ast-page-background-enabled":"default","ast-page-background-meta":{"desktop":{"background-color":"","background-image":"","background-repeat":"repeat","background-position":"center center","background-size":"auto","background-attachment":"scroll","background-type":"","background-media":"","overlay-type":"","overlay-color":"","overlay-opacity":"","overlay-gradient":""},"tablet":{"background-color":"","background-image":"","background-repeat":"repeat","background-position":"center center","background-size":"auto","background-attachment":"scroll","background-type":"","background-media":"","overlay-type":"","overlay-color":"","overlay-opacity":"","overlay-gradient":""},"mobile":{"background-color":"","background-image":"","background-repeat":"repeat","background-position":"center center","background-size":"auto","background-attachment":"scroll","background-type":"","background-media":"","overlay-type":"","overlay-color":"","overlay-opacity":"","overlay-gradient":""}},"ast-content-background-meta":{"desktop":{"background-color":"var(--ast-global-color-5)","background-image":"","background-repeat":"repeat","background-position":"center center","background-size":"auto","background-attachment":"scroll","background-type":"","background-media":"","overlay-type":"","overlay-color":"","overlay-opacity":"","overlay-gradient":""},"tablet":{"background-color":"var(--ast-global-color-5)","background-image":"","background-repeat":"repeat","background-position":"center center","background-size":"auto","background-attachment":"scroll","background-type":"","background-media":"","overlay-type":"","overlay-color":"","overlay-opacity":"","overlay-gradient":""},"mobile":{"background-color":"var(--ast-global-color-5)","background-image":"","background-repeat":"repeat","background-position":"center center","background-size":"auto","background-attachment":"scroll","background-type":"","background-media":"","overlay-type":"","overlay-color":"","overlay-opacity":"","overlay-gradient":""}},"footnotes":""},"class_list":["post-1635","page","type-page","status-publish","hentry"],"acf":[],"jetpack_sharing_enabled":true,"_links":{"self":[{"href":"https:\/\/worlddancemovement.com\/de\/wp-json\/wp\/v2\/pages\/1635","targetHints":{"allow":["GET"]}}],"collection":[{"href":"https:\/\/worlddancemovement.com\/de\/wp-json\/wp\/v2\/pages"}],"about":[{"href":"https:\/\/worlddancemovement.com\/de\/wp-json\/wp\/v2\/types\/page"}],"author":[{"embeddable":true,"href":"https:\/\/worlddancemovement.com\/de\/wp-json\/wp\/v2\/users\/6"}],"replies":[{"embeddable":true,"href":"https:\/\/worlddancemovement.com\/de\/wp-json\/wp\/v2\/comments?post=1635"}],"version-history":[{"count":10,"href":"https:\/\/worlddancemovement.com\/de\/wp-json\/wp\/v2\/pages\/1635\/revisions"}],"predecessor-version":[{"id":3234,"href":"https:\/\/worlddancemovement.com\/de\/wp-json\/wp\/v2\/pages\/1635\/revisions\/3234"}],"up":[{"embeddable":true,"href":"https:\/\/worlddancemovement.com\/de\/wp-json\/wp\/v2\/pages\/1562"}],"wp:attachment":[{"href":"https:\/\/worlddancemovement.com\/de\/wp-json\/wp\/v2\/media?parent=1635"}],"curies":[{"name":"wp","href":"https:\/\/api.w.org\/{rel}","templated":true}]}}