{"id":1650,"date":"2021-01-01T13:21:40","date_gmt":"2021-01-01T13:21:40","guid":{"rendered":"https:\/\/migrate.worlddancemovement.com\/?page_id=1650"},"modified":"2023-10-05T21:51:21","modified_gmt":"2023-10-05T21:51:21","slug":"benoit-swan-pouffer","status":"publish","type":"page","link":"https:\/\/worlddancemovement.com\/de\/faculty\/benoit-swan-pouffer\/","title":{"rendered":"Benoit Swan Puff"},"content":{"rendered":"<div data-elementor-type=\"wp-page\" data-elementor-id=\"1650\" class=\"elementor elementor-1650\" data-elementor-post-type=\"page\">\n\t\t\t\t\t\t<section class=\"elementor-section elementor-top-section elementor-element elementor-element-94ec49d elementor-section-full_width elementor-section-height-min-height elementor-section-height-default elementor-section-items-middle\" data-id=\"94ec49d\" data-element_type=\"section\" data-e-type=\"section\" data-settings=\"{&quot;background_background&quot;:&quot;classic&quot;}\">\n\t\t\t\t\t\t\t<div class=\"elementor-background-overlay\"><\/div>\n\t\t\t\t\t\t\t<div class=\"elementor-container elementor-column-gap-no\">\n\t\t\t\t\t<div class=\"elementor-column elementor-col-100 elementor-top-column elementor-element elementor-element-8268956\" data-id=\"8268956\" data-element_type=\"column\" data-e-type=\"column\">\n\t\t\t<div class=\"elementor-widget-wrap elementor-element-populated\">\n\t\t\t\t\t\t<div class=\"elementor-element elementor-element-5016628 elementor-widget elementor-widget-heading\" data-id=\"5016628\" data-element_type=\"widget\" data-e-type=\"widget\" data-widget_type=\"heading.default\">\n\t\t\t\t<div class=\"elementor-widget-container\">\n\t\t\t\t\t<h2 class=\"elementor-heading-title elementor-size-default\">Benoit Swan Puff\n<\/h2>\t\t\t\t<\/div>\n\t\t\t\t<\/div>\n\t\t\t\t<div class=\"elementor-element elementor-element-a86216f elementor-widget-divider--view-line elementor-widget elementor-widget-divider\" data-id=\"a86216f\" data-element_type=\"widget\" data-e-type=\"widget\" data-widget_type=\"divider.default\">\n\t\t\t\t<div class=\"elementor-widget-container\">\n\t\t\t\t\t\t\t<div class=\"elementor-divider\">\n\t\t\t<span class=\"elementor-divider-separator\">\n\t\t\t\t\t\t<\/span>\n\t\t<\/div>\n\t\t\t\t\t\t<\/div>\n\t\t\t\t<\/div>\n\t\t\t\t\t<\/div>\n\t\t<\/div>\n\t\t\t\t\t<\/div>\n\t\t<\/section>\n\t\t\t\t<section class=\"elementor-section elementor-top-section elementor-element elementor-element-a2d6cca elementor-section-full_width elementor-section-height-default elementor-section-height-default\" data-id=\"a2d6cca\" data-element_type=\"section\" data-e-type=\"section\">\n\t\t\t\t\t\t<div class=\"elementor-container elementor-column-gap-default\">\n\t\t\t\t\t<div class=\"elementor-column elementor-col-100 elementor-top-column elementor-element elementor-element-a45c6d3\" data-id=\"a45c6d3\" data-element_type=\"column\" data-e-type=\"column\">\n\t\t\t<div class=\"elementor-widget-wrap elementor-element-populated\">\n\t\t\t\t\t\t<div class=\"elementor-element elementor-element-f854b1f elementor-widget elementor-widget-heading\" data-id=\"f854b1f\" data-element_type=\"widget\" data-e-type=\"widget\" data-widget_type=\"heading.default\">\n\t\t\t\t<div class=\"elementor-widget-container\">\n\t\t\t\t\t<h2 class=\"elementor-heading-title elementor-size-default\">FRANKREICH \/ Klasse: Zeitgen\u00f6ssisches Ballett\n\n\n\n\n\n\n\n\n\n\n\n<\/h2>\t\t\t\t<\/div>\n\t\t\t\t<\/div>\n\t\t\t\t<div class=\"elementor-element elementor-element-3947f8e elementor-widget elementor-widget-text-editor\" data-id=\"3947f8e\" data-element_type=\"widget\" data-e-type=\"widget\" data-widget_type=\"text-editor.default\">\n\t\t\t\t<div class=\"elementor-widget-container\">\n\t\t\t\t\t\t\t\t\t<p>Benoit Swan Pouffer war zuletzt k\u00fcnstlerischer Leiter des Cedar Lake Contemporary Ballet, eine Position, die er seit 2005 innehatte.<\/p><p>Geboren und aufgewachsen in Paris, begann seine Karriere mit einem Studium am renommierten Conservatoire National Superieur de Musique et de Danse, wo er Werke renommierter franz\u00f6sischer Choreografen wie Claude Brumachon, Daniel Larrieu und Angelin Preljocaj auff\u00fchrte. Im April 1993 belegte Pouffer den ersten Platz beim Benetton European Dance-Wettbewerb.<\/p><p>Seine bemerkenswerte Karriere als professioneller T\u00e4nzer umfasst eine siebenj\u00e4hrige T\u00e4tigkeit beim Alvin Ailey American Dance Theater, Spielzeiten bei Philadanco und Donald Byrd\/The Group sowie das Anbieten von Outreach-Programmen in S\u00fcdafrika und Meisterkursen in ganz Europa.<\/p><p>Die New York Times hat Pouffer eine k\u00fcnstlerische und bahnbrechende Vision zugeschrieben, die geschickte Technik mit einem bemerkenswert unverwechselbaren Weltklasse-Repertoire verbindet, das der Kunstform neues Leben einhaucht. Er hat sich auch einen internationalen Ruf f\u00fcr die Identifizierung und Entwicklung au\u00dfergew\u00f6hnlich talentierter T\u00e4nzer erworben.<\/p><p>Die New York Times erkl\u00e4rte k\u00fcrzlich: \u201eGl\u00fccklicherweise scheint Benoit-Swan Pouffer, der in Frankreich geborene k\u00fcnstlerische Leiter von Cedar Lake, es sich zur Aufgabe gemacht zu haben, dem Publikum eine neue Generation europ\u00e4ischer Choreografen vorzustellen.\u201c<\/p><p>Im Jahr 2005 stellte Pouffer die erste einer Reihe von Installationsperformances vor und choreografierte sie. Pouffer wurde von der Kritik hochgelobt und repr\u00e4sentiert einen innovativen, weniger formalisierten Ansatz f\u00fcr Tanzdarbietungen. Er hat das traditionelle Publikumserlebnis weiterentwickelt, um eine wirklich kollaborative Arbeit zwischen dem Darsteller und dem Publikum zu schaffen.<\/p><p>Zu seinen Originalwerken f\u00fcr Cedar Lake geh\u00f6ren au\u00dferdem Seed, Between Here and Now, Hammer, Vastav, Glassy Essence, On This Planet und NU.<\/p><p>Pouffer war auch in dem gro\u00dfen Kinofilm \u201eThe Adjustment Bureau\u201c zu sehen und schuf die Tanzsequenzen daf\u00fcr, einschlie\u00dflich der Originalchoreografie f\u00fcr die Hauptdarstellerin des Films, Emily Blunt. Seine Arbeit an dem Film brachte ihm 2011 eine Nominierung f\u00fcr den Fred and Adele Astaire Award in der Kategorie Beste Filmchoreografie ein.<\/p><p>Pouffer choreografierte au\u00dferdem \u201eDangerous Beauty\u201c im Pasadena Playhouse unter der Regie der Tony-Nominierten Sheryl Kaller. Im Jahr 2012 trat Pouffer dem Kreativteam als Choreograf im Musical \u201eAmazing Grace\u201c am Goodspeed Opera House unter der Regie von Gabriel Barre bei.<\/p><p>Pouffers Arbeit war in der Broadway-Show Soul Doctor unter der Regie von Daniel Wise zu sehen, die im August 2013 Premiere hatte.<\/p><p>Derzeit arbeitet Pouffer an einer neuen Revue f\u00fcr The Lido de Paris unter der Regie von Franco Dragone.<\/p><p><strong>Streamen Sie Benoits Kurs und viele andere auf unserem<a href=\"https:\/\/worlddancemovement.com\/de\/produkt-kategorie\/streaming\/\" target=\"_blank\" rel=\"noopener\">\u00a0Online-Website<\/a>.<\/strong><\/p>\t\t\t\t\t\t\t\t<\/div>\n\t\t\t\t<\/div>\n\t\t\t\t\t<\/div>\n\t\t<\/div>\n\t\t\t\t\t<\/div>\n\t\t<\/section>\n\t\t\t\t<\/div>","protected":false},"excerpt":{"rendered":"<p>Benoit Swan Pouffer FRANCE \/ Class: Contemporary Ballet Benoit Swan Pouffer was most recently the Artistic Director of Cedar Lake Contemporary Ballet, a position he held since 2005. Born and raised in Paris, his career began with study at the prestigious Conservatoire National Superieur de Musique et de Danse, where he performed works by such [&hellip;]<\/p>\n","protected":false},"author":6,"featured_media":0,"parent":1562,"menu_order":0,"comment_status":"closed","ping_status":"closed","template":"","meta":{"_acf_changed":false,"site-sidebar-layout":"no-sidebar","site-content-layout":"page-builder","ast-site-content-layout":"default","site-content-style":"default","site-sidebar-style":"default","ast-global-header-display":"","ast-banner-title-visibility":"","ast-main-header-display":"","ast-hfb-above-header-display":"","ast-hfb-below-header-display":"","ast-hfb-mobile-header-display":"","site-post-title":"disabled","ast-breadcrumbs-content":"","ast-featured-img":"disabled","footer-sml-layout":"","ast-disable-related-posts":"","theme-transparent-header-meta":"default","adv-header-id-meta":"","stick-header-meta":"default","header-above-stick-meta":"","header-main-stick-meta":"","header-below-stick-meta":"","astra-migrate-meta-layouts":"default","ast-page-background-enabled":"default","ast-page-background-meta":{"desktop":{"background-color":"","background-image":"","background-repeat":"repeat","background-position":"center center","background-size":"auto","background-attachment":"scroll","background-type":"","background-media":"","overlay-type":"","overlay-color":"","overlay-opacity":"","overlay-gradient":""},"tablet":{"background-color":"","background-image":"","background-repeat":"repeat","background-position":"center center","background-size":"auto","background-attachment":"scroll","background-type":"","background-media":"","overlay-type":"","overlay-color":"","overlay-opacity":"","overlay-gradient":""},"mobile":{"background-color":"","background-image":"","background-repeat":"repeat","background-position":"center center","background-size":"auto","background-attachment":"scroll","background-type":"","background-media":"","overlay-type":"","overlay-color":"","overlay-opacity":"","overlay-gradient":""}},"ast-content-background-meta":{"desktop":{"background-color":"var(--ast-global-color-5)","background-image":"","background-repeat":"repeat","background-position":"center center","background-size":"auto","background-attachment":"scroll","background-type":"","background-media":"","overlay-type":"","overlay-color":"","overlay-opacity":"","overlay-gradient":""},"tablet":{"background-color":"var(--ast-global-color-5)","background-image":"","background-repeat":"repeat","background-position":"center center","background-size":"auto","background-attachment":"scroll","background-type":"","background-media":"","overlay-type":"","overlay-color":"","overlay-opacity":"","overlay-gradient":""},"mobile":{"background-color":"var(--ast-global-color-5)","background-image":"","background-repeat":"repeat","background-position":"center center","background-size":"auto","background-attachment":"scroll","background-type":"","background-media":"","overlay-type":"","overlay-color":"","overlay-opacity":"","overlay-gradient":""}},"footnotes":""},"class_list":["post-1650","page","type-page","status-publish","hentry"],"acf":[],"jetpack_sharing_enabled":true,"_links":{"self":[{"href":"https:\/\/worlddancemovement.com\/de\/wp-json\/wp\/v2\/pages\/1650","targetHints":{"allow":["GET"]}}],"collection":[{"href":"https:\/\/worlddancemovement.com\/de\/wp-json\/wp\/v2\/pages"}],"about":[{"href":"https:\/\/worlddancemovement.com\/de\/wp-json\/wp\/v2\/types\/page"}],"author":[{"embeddable":true,"href":"https:\/\/worlddancemovement.com\/de\/wp-json\/wp\/v2\/users\/6"}],"replies":[{"embeddable":true,"href":"https:\/\/worlddancemovement.com\/de\/wp-json\/wp\/v2\/comments?post=1650"}],"version-history":[{"count":10,"href":"https:\/\/worlddancemovement.com\/de\/wp-json\/wp\/v2\/pages\/1650\/revisions"}],"predecessor-version":[{"id":13337,"href":"https:\/\/worlddancemovement.com\/de\/wp-json\/wp\/v2\/pages\/1650\/revisions\/13337"}],"up":[{"embeddable":true,"href":"https:\/\/worlddancemovement.com\/de\/wp-json\/wp\/v2\/pages\/1562"}],"wp:attachment":[{"href":"https:\/\/worlddancemovement.com\/de\/wp-json\/wp\/v2\/media?parent=1650"}],"curies":[{"name":"wp","href":"https:\/\/api.w.org\/{rel}","templated":true}]}}