{"id":16589,"date":"2024-09-24T19:20:56","date_gmt":"2024-09-24T19:20:56","guid":{"rendered":"https:\/\/worlddancemovement.com\/?page_id=16589"},"modified":"2024-09-24T19:56:22","modified_gmt":"2024-09-24T19:56:22","slug":"steve-lachance","status":"publish","type":"page","link":"https:\/\/worlddancemovement.com\/de\/faculty-italy\/steve-lachance\/","title":{"rendered":"STEVE LACHANCE"},"content":{"rendered":"<div data-elementor-type=\"wp-page\" data-elementor-id=\"16589\" class=\"elementor elementor-16589\" data-elementor-post-type=\"page\">\n\t\t\t\t\t\t<section class=\"elementor-section elementor-top-section elementor-element elementor-element-94ec49d elementor-section-full_width elementor-section-height-min-height elementor-section-height-default elementor-section-items-middle\" data-id=\"94ec49d\" data-element_type=\"section\" data-e-type=\"section\" data-settings=\"{&quot;background_background&quot;:&quot;classic&quot;}\">\n\t\t\t\t\t\t\t<div class=\"elementor-background-overlay\"><\/div>\n\t\t\t\t\t\t\t<div class=\"elementor-container elementor-column-gap-no\">\n\t\t\t\t\t<div class=\"elementor-column elementor-col-100 elementor-top-column elementor-element elementor-element-8268956\" data-id=\"8268956\" data-element_type=\"column\" data-e-type=\"column\">\n\t\t\t<div class=\"elementor-widget-wrap elementor-element-populated\">\n\t\t\t\t\t\t<div class=\"elementor-element elementor-element-5016628 elementor-widget elementor-widget-heading\" data-id=\"5016628\" data-element_type=\"widget\" data-e-type=\"widget\" data-widget_type=\"heading.default\">\n\t\t\t\t<div class=\"elementor-widget-container\">\n\t\t\t\t\t<h2 class=\"elementor-heading-title elementor-size-default\">STEVE LACHANCE\n<\/h2>\t\t\t\t<\/div>\n\t\t\t\t<\/div>\n\t\t\t\t<div class=\"elementor-element elementor-element-a86216f elementor-widget-divider--view-line elementor-widget elementor-widget-divider\" data-id=\"a86216f\" data-element_type=\"widget\" data-e-type=\"widget\" data-widget_type=\"divider.default\">\n\t\t\t\t<div class=\"elementor-widget-container\">\n\t\t\t\t\t\t\t<div class=\"elementor-divider\">\n\t\t\t<span class=\"elementor-divider-separator\">\n\t\t\t\t\t\t<\/span>\n\t\t<\/div>\n\t\t\t\t\t\t<\/div>\n\t\t\t\t<\/div>\n\t\t\t\t\t<\/div>\n\t\t<\/div>\n\t\t\t\t\t<\/div>\n\t\t<\/section>\n\t\t\t\t<section class=\"elementor-section elementor-top-section elementor-element elementor-element-a2d6cca elementor-section-full_width elementor-section-height-default elementor-section-height-default\" data-id=\"a2d6cca\" data-element_type=\"section\" data-e-type=\"section\">\n\t\t\t\t\t\t<div class=\"elementor-container elementor-column-gap-default\">\n\t\t\t\t\t<div class=\"elementor-column elementor-col-100 elementor-top-column elementor-element elementor-element-a45c6d3\" data-id=\"a45c6d3\" data-element_type=\"column\" data-e-type=\"column\">\n\t\t\t<div class=\"elementor-widget-wrap elementor-element-populated\">\n\t\t\t\t\t\t<div class=\"elementor-element elementor-element-f854b1f elementor-widget elementor-widget-heading\" data-id=\"f854b1f\" data-element_type=\"widget\" data-e-type=\"widget\" data-widget_type=\"heading.default\">\n\t\t\t\t<div class=\"elementor-widget-container\">\n\t\t\t\t\t<h2 class=\"elementor-heading-title elementor-size-default\">STEVE LACHANCE <font color=\"#000000\"><span style=\"font-weight: 400\"> <\/span><\/font>- \ud83c\uddfa\ud83c\uddf8 USA \/ \ud83c\uddee\ud83c\uddf9 ITALIEN<br>KURS: MODERN JAZZ <\/h2>\t\t\t\t<\/div>\n\t\t\t\t<\/div>\n\t\t\t\t<div class=\"elementor-element elementor-element-494939a elementor-widget elementor-widget-gallery\" data-id=\"494939a\" data-element_type=\"widget\" data-e-type=\"widget\" data-settings=\"{&quot;columns&quot;:3,&quot;lazyload&quot;:&quot;yes&quot;,&quot;gallery_layout&quot;:&quot;grid&quot;,&quot;columns_tablet&quot;:2,&quot;columns_mobile&quot;:1,&quot;gap&quot;:{&quot;unit&quot;:&quot;px&quot;,&quot;size&quot;:10,&quot;sizes&quot;:[]},&quot;gap_tablet&quot;:{&quot;unit&quot;:&quot;px&quot;,&quot;size&quot;:10,&quot;sizes&quot;:[]},&quot;gap_mobile&quot;:{&quot;unit&quot;:&quot;px&quot;,&quot;size&quot;:10,&quot;sizes&quot;:[]},&quot;link_to&quot;:&quot;file&quot;,&quot;aspect_ratio&quot;:&quot;3:2&quot;,&quot;overlay_background&quot;:&quot;yes&quot;,&quot;content_hover_animation&quot;:&quot;fade-in&quot;}\" data-widget_type=\"gallery.default\">\n\t\t\t\t<div class=\"elementor-widget-container\">\n\t\t\t\t\t\t\t<div class=\"elementor-gallery__container\">\n\t\t\t\t\t\t\t<a class=\"e-gallery-item elementor-gallery-item elementor-animated-content\" href=\"https:\/\/worlddancemovement.com\/wp-content\/uploads\/2024\/09\/Steve-LaChance-teaching.jpg\" data-elementor-open-lightbox=\"yes\" data-elementor-lightbox-slideshow=\"494939a\" data-elementor-lightbox-title=\"Steve LaChance teaching\" data-e-action-hash=\"#elementor-action%3Aaction%3Dlightbox%26settings%3DeyJpZCI6MTY1OTEsInVybCI6Imh0dHBzOlwvXC93b3JsZGRhbmNlbW92ZW1lbnQuY29tXC93cC1jb250ZW50XC91cGxvYWRzXC8yMDI0XC8wOVwvU3RldmUtTGFDaGFuY2UtdGVhY2hpbmcuanBnIiwic2xpZGVzaG93IjoiNDk0OTM5YSJ9\">\n\t\t\t\t\t<div class=\"e-gallery-image elementor-gallery-item__image\" data-thumbnail=\"https:\/\/worlddancemovement.com\/wp-content\/uploads\/2024\/09\/Steve-LaChance-teaching.jpg\" data-width=\"750\" data-height=\"563\" aria-label=\"\" role=\"img\" ><\/div>\n\t\t\t\t\t\t\t\t\t\t\t<div class=\"elementor-gallery-item__overlay\"><\/div>\n\t\t\t\t\t\t\t\t\t\t\t\t\t\t<\/a>\n\t\t\t\t\t\t\t<a class=\"e-gallery-item elementor-gallery-item elementor-animated-content\" href=\"https:\/\/worlddancemovement.com\/wp-content\/uploads\/2024\/09\/stevelachance-580x360-1.jpg\" data-elementor-open-lightbox=\"yes\" data-elementor-lightbox-slideshow=\"494939a\" data-elementor-lightbox-title=\"stevelachance-580x360\" data-e-action-hash=\"#elementor-action%3Aaction%3Dlightbox%26settings%3DeyJpZCI6MTY1OTMsInVybCI6Imh0dHBzOlwvXC93b3JsZGRhbmNlbW92ZW1lbnQuY29tXC93cC1jb250ZW50XC91cGxvYWRzXC8yMDI0XC8wOVwvc3RldmVsYWNoYW5jZS01ODB4MzYwLTEuanBnIiwic2xpZGVzaG93IjoiNDk0OTM5YSJ9\">\n\t\t\t\t\t<div class=\"e-gallery-image elementor-gallery-item__image\" data-thumbnail=\"https:\/\/worlddancemovement.com\/wp-content\/uploads\/2024\/09\/stevelachance-580x360-1.jpg\" data-width=\"580\" data-height=\"360\" aria-label=\"\" role=\"img\" ><\/div>\n\t\t\t\t\t\t\t\t\t\t\t<div class=\"elementor-gallery-item__overlay\"><\/div>\n\t\t\t\t\t\t\t\t\t\t\t\t\t\t<\/a>\n\t\t\t\t\t\t\t<a class=\"e-gallery-item elementor-gallery-item elementor-animated-content\" href=\"https:\/\/worlddancemovement.com\/wp-content\/uploads\/2024\/09\/Steve-LaChance-1.jpg\" data-elementor-open-lightbox=\"yes\" data-elementor-lightbox-slideshow=\"494939a\" data-elementor-lightbox-title=\"Steve-LaChance\" data-e-action-hash=\"#elementor-action%3Aaction%3Dlightbox%26settings%3DeyJpZCI6MTY1OTIsInVybCI6Imh0dHBzOlwvXC93b3JsZGRhbmNlbW92ZW1lbnQuY29tXC93cC1jb250ZW50XC91cGxvYWRzXC8yMDI0XC8wOVwvU3RldmUtTGFDaGFuY2UtMS5qcGciLCJzbGlkZXNob3ciOiI0OTQ5MzlhIn0%3D\">\n\t\t\t\t\t<div class=\"e-gallery-image elementor-gallery-item__image\" data-thumbnail=\"https:\/\/worlddancemovement.com\/wp-content\/uploads\/2024\/09\/Steve-LaChance-1-1024x679.jpg\" data-width=\"1024\" data-height=\"679\" aria-label=\"\" role=\"img\" ><\/div>\n\t\t\t\t\t\t\t\t\t\t\t<div class=\"elementor-gallery-item__overlay\"><\/div>\n\t\t\t\t\t\t\t\t\t\t\t\t\t\t<\/a>\n\t\t\t\t\t<\/div>\n\t\t\t\t\t<\/div>\n\t\t\t\t<\/div>\n\t\t\t\t<div class=\"elementor-element elementor-element-3947f8e elementor-widget elementor-widget-text-editor\" data-id=\"3947f8e\" data-element_type=\"widget\" data-e-type=\"widget\" data-widget_type=\"text-editor.default\">\n\t\t\t\t<div class=\"elementor-widget-container\">\n\t\t\t\t\t\t\t\t\t<p>Steve LaChance ist ein amerikanischer T\u00e4nzer, Choreograph und Lehrer mit einer jahrzehntelangen Karriere. Er wurde 1961 auf den Philippinen geboren und lebt in Los Angeles, Kalifornien, wo er klassischen Tanz, Jazz und Stepptanz studierte.<\/p><p>Mit f\u00fcnfzehn arbeitete er bereits mit Juliet Prowse. Er nahm an den ber\u00fchmten Musicals teil <em>Tanzen<\/em> Und <em>All dieser Jazz<\/em>von Bob Fosse. In Los Angeles trat er in zahlreichen Fernsehshows und mehreren Filmen auf, darunter <em>Brechen<\/em>, <em>M\u00e4dchen wollen einfach nur Spa\u00df haben<\/em>, Und <em>Tanzakademie<\/em>.<\/p><p>Im Alter von 24 Jahren zog er nach Italien, wo sein gro\u00dfes Talent und seine beeindruckende Pr\u00e4senz schnell das Fernsehpublikum \u00fcberzeugten. Er nahm an der VI. und IX. Ausgabe von teil <em>Fantastisch<\/em>sowie in Shows wie <em>Sandra und Raimondo Show<\/em>, <em>Stasera Lino<\/em>, <em>Serata d&#039;Onore<\/em>, <em>Ist das das Letzte?<\/em>und in vielen anderen beliebten Fernsehsendungen, bei denen er oft an der Seite von Heather Parisi auftrat. 1991 trat er als Solot\u00e4nzer bei der Oscar-Verleihung im Shrine Auditorium in Los Angeles auf.<\/p><p>Neben seinem Erfolg als T\u00e4nzer hat sich Steve LaChance auch als Choreograf und Lehrer einen Namen gemacht. Er leitete zahlreiche Kurse und fungierte als Juror bei nationalen und internationalen Wettbewerben. Von 2001 bis 2010 war er Lehrer und Choreograf bei der Fernsehshow <em>Freunde<\/em> von Maria De Filippi. Er choreographierte auch das Musical <em>Ungebunden<\/em>, das Musikvideo <em>Occhi x Occhi<\/em> von Anna Tatangelo und verschiedene Pas de deux auf dem Programm <em>Uno Mattina In Famiglia<\/em> auf Rai Uno.<\/p><p>2008 er\u00f6ffnete Steve LaChance seine Schule, das Centro di Formazione alla Danza LaChance Ballet, im Norden Roms, die seitdem zu einem Bezugspunkt f\u00fcr viele junge T\u00e4nzer und Musicaldarsteller geworden ist. Viele Jahre lang war er k\u00fcnstlerischer Leiter internationaler Veranstaltungen wie Europa in Danza und des LaChance Dance Competition.<\/p><p>Im Jahr 2023 er\u00f6ffnete er die LaChance Arts School, eine choreografische High School, die schnell zu einer vom Ministerium f\u00fcr Bildung und Leistung anerkannten privaten High School wurde.<\/p><p>Maestro LaChance ist ein weltweit bekannter K\u00fcnstler, der ma\u00dfgeblich dazu beigetragen hat, die Leidenschaft f\u00fcr den Tanz weltweit zu verbreiten. Seine Karriere ist ein beispielhafter Beweis f\u00fcr Talent, Hingabe und Leidenschaft f\u00fcr die Kunst des Tanzes.<\/p>\t\t\t\t\t\t\t\t<\/div>\n\t\t\t\t<\/div>\n\t\t\t\t<div class=\"elementor-element elementor-element-e38c931 elementor-widget elementor-widget-text-editor\" data-id=\"e38c931\" data-element_type=\"widget\" data-e-type=\"widget\" data-widget_type=\"text-editor.default\">\n\t\t\t\t<div class=\"elementor-widget-container\">\n\t\t\t\t\t\t\t\t\t<p><b style=\"font-family: Oswald, sans-serif; font-size: 1.111111rem;\">Um mehr zu lernen<\/b><\/p><p style=\"font-size: 18px; font-style: normal; caret-color: #000000; color: #000000; font-family: Oswald, sans-serif;\"><a style=\"font-size: 18px; transition-property: all;\" href=\"https:\/\/www.weflowexperience.com\/\">LA CHANCE BALLET<\/a><\/p><p style=\"font-size: 18px; font-style: normal; caret-color: #000000; color: #000000; font-family: Oswald, sans-serif;\"><a style=\"font-size: 18px; transition-property: all;\" href=\"https:\/\/www.instagram.com\/romeevdmeent\/\">STEVE&#039;S INSTAGRAM<\/a><\/p>\t\t\t\t\t\t\t\t<\/div>\n\t\t\t\t<\/div>\n\t\t\t\t\t<\/div>\n\t\t<\/div>\n\t\t\t\t\t<\/div>\n\t\t<\/section>\n\t\t\t\t<\/div>","protected":false},"excerpt":{"rendered":"<p>STEVE LACHANCE STEVE LACHANCE &#8211; \ud83c\uddfa\ud83c\uddf8 USA \/ \ud83c\uddee\ud83c\uddf9 ITALYCLASS: MODERN JAZZ Steve LaChance is an American dancer, choreographer, and teacher with a decades-long career. Born in the Philippines in 1961, he lives in Los Angeles, California, where he studied classical dance, jazz, and tap dance. At fifteen, he was already working with Juliet Prowse. [&hellip;]<\/p>\n","protected":false},"author":40,"featured_media":0,"parent":329,"menu_order":0,"comment_status":"closed","ping_status":"closed","template":"","meta":{"_acf_changed":false,"site-sidebar-layout":"no-sidebar","site-content-layout":"page-builder","ast-site-content-layout":"default","site-content-style":"default","site-sidebar-style":"default","ast-global-header-display":"","ast-banner-title-visibility":"","ast-main-header-display":"","ast-hfb-above-header-display":"","ast-hfb-below-header-display":"","ast-hfb-mobile-header-display":"","site-post-title":"disabled","ast-breadcrumbs-content":"","ast-featured-img":"disabled","footer-sml-layout":"","ast-disable-related-posts":"","theme-transparent-header-meta":"default","adv-header-id-meta":"","stick-header-meta":"default","header-above-stick-meta":"","header-main-stick-meta":"","header-below-stick-meta":"","astra-migrate-meta-layouts":"default","ast-page-background-enabled":"default","ast-page-background-meta":{"desktop":{"background-color":"","background-image":"","background-repeat":"repeat","background-position":"center center","background-size":"auto","background-attachment":"scroll","background-type":"","background-media":"","overlay-type":"","overlay-color":"","overlay-opacity":"","overlay-gradient":""},"tablet":{"background-color":"","background-image":"","background-repeat":"repeat","background-position":"center center","background-size":"auto","background-attachment":"scroll","background-type":"","background-media":"","overlay-type":"","overlay-color":"","overlay-opacity":"","overlay-gradient":""},"mobile":{"background-color":"","background-image":"","background-repeat":"repeat","background-position":"center center","background-size":"auto","background-attachment":"scroll","background-type":"","background-media":"","overlay-type":"","overlay-color":"","overlay-opacity":"","overlay-gradient":""}},"ast-content-background-meta":{"desktop":{"background-color":"var(--ast-global-color-5)","background-image":"","background-repeat":"repeat","background-position":"center center","background-size":"auto","background-attachment":"scroll","background-type":"","background-media":"","overlay-type":"","overlay-color":"","overlay-opacity":"","overlay-gradient":""},"tablet":{"background-color":"var(--ast-global-color-5)","background-image":"","background-repeat":"repeat","background-position":"center center","background-size":"auto","background-attachment":"scroll","background-type":"","background-media":"","overlay-type":"","overlay-color":"","overlay-opacity":"","overlay-gradient":""},"mobile":{"background-color":"var(--ast-global-color-5)","background-image":"","background-repeat":"repeat","background-position":"center center","background-size":"auto","background-attachment":"scroll","background-type":"","background-media":"","overlay-type":"","overlay-color":"","overlay-opacity":"","overlay-gradient":""}},"footnotes":""},"class_list":["post-16589","page","type-page","status-publish","hentry"],"acf":[],"jetpack_sharing_enabled":true,"_links":{"self":[{"href":"https:\/\/worlddancemovement.com\/de\/wp-json\/wp\/v2\/pages\/16589","targetHints":{"allow":["GET"]}}],"collection":[{"href":"https:\/\/worlddancemovement.com\/de\/wp-json\/wp\/v2\/pages"}],"about":[{"href":"https:\/\/worlddancemovement.com\/de\/wp-json\/wp\/v2\/types\/page"}],"author":[{"embeddable":true,"href":"https:\/\/worlddancemovement.com\/de\/wp-json\/wp\/v2\/users\/40"}],"replies":[{"embeddable":true,"href":"https:\/\/worlddancemovement.com\/de\/wp-json\/wp\/v2\/comments?post=16589"}],"version-history":[{"count":11,"href":"https:\/\/worlddancemovement.com\/de\/wp-json\/wp\/v2\/pages\/16589\/revisions"}],"predecessor-version":[{"id":16618,"href":"https:\/\/worlddancemovement.com\/de\/wp-json\/wp\/v2\/pages\/16589\/revisions\/16618"}],"up":[{"embeddable":true,"href":"https:\/\/worlddancemovement.com\/de\/wp-json\/wp\/v2\/pages\/329"}],"wp:attachment":[{"href":"https:\/\/worlddancemovement.com\/de\/wp-json\/wp\/v2\/media?parent=16589"}],"curies":[{"name":"wp","href":"https:\/\/api.w.org\/{rel}","templated":true}]}}