{"id":1660,"date":"2021-01-01T13:32:37","date_gmt":"2021-01-01T13:32:37","guid":{"rendered":"https:\/\/migrate.worlddancemovement.com\/?page_id=1660"},"modified":"2023-10-05T05:31:09","modified_gmt":"2023-10-05T05:31:09","slug":"desmond-richardson","status":"publish","type":"page","link":"https:\/\/worlddancemovement.com\/de\/faculty\/desmond-richardson\/","title":{"rendered":"DESMOND RICHARDSON"},"content":{"rendered":"<div data-elementor-type=\"wp-page\" data-elementor-id=\"1660\" class=\"elementor elementor-1660\" data-elementor-post-type=\"page\">\n\t\t\t\t\t\t<section class=\"elementor-section elementor-top-section elementor-element elementor-element-94ec49d elementor-section-full_width elementor-section-height-min-height elementor-section-height-default elementor-section-items-middle\" data-id=\"94ec49d\" data-element_type=\"section\" data-e-type=\"section\" data-settings=\"{&quot;background_background&quot;:&quot;classic&quot;}\">\n\t\t\t\t\t\t\t<div class=\"elementor-background-overlay\"><\/div>\n\t\t\t\t\t\t\t<div class=\"elementor-container elementor-column-gap-no\">\n\t\t\t\t\t<div class=\"elementor-column elementor-col-100 elementor-top-column elementor-element elementor-element-8268956\" data-id=\"8268956\" data-element_type=\"column\" data-e-type=\"column\">\n\t\t\t<div class=\"elementor-widget-wrap elementor-element-populated\">\n\t\t\t\t\t\t<div class=\"elementor-element elementor-element-5016628 elementor-widget elementor-widget-heading\" data-id=\"5016628\" data-element_type=\"widget\" data-e-type=\"widget\" data-widget_type=\"heading.default\">\n\t\t\t\t<div class=\"elementor-widget-container\">\n\t\t\t\t\t<h2 class=\"elementor-heading-title elementor-size-default\">DESMOND RICHARDSON\n<\/h2>\t\t\t\t<\/div>\n\t\t\t\t<\/div>\n\t\t\t\t<div class=\"elementor-element elementor-element-a86216f elementor-widget-divider--view-line elementor-widget elementor-widget-divider\" data-id=\"a86216f\" data-element_type=\"widget\" data-e-type=\"widget\" data-widget_type=\"divider.default\">\n\t\t\t\t<div class=\"elementor-widget-container\">\n\t\t\t\t\t\t\t<div class=\"elementor-divider\">\n\t\t\t<span class=\"elementor-divider-separator\">\n\t\t\t\t\t\t<\/span>\n\t\t<\/div>\n\t\t\t\t\t\t<\/div>\n\t\t\t\t<\/div>\n\t\t\t\t\t<\/div>\n\t\t<\/div>\n\t\t\t\t\t<\/div>\n\t\t<\/section>\n\t\t\t\t<section class=\"elementor-section elementor-top-section elementor-element elementor-element-a2d6cca elementor-section-full_width elementor-section-height-default elementor-section-height-default\" data-id=\"a2d6cca\" data-element_type=\"section\" data-e-type=\"section\">\n\t\t\t\t\t\t<div class=\"elementor-container elementor-column-gap-default\">\n\t\t\t\t\t<div class=\"elementor-column elementor-col-100 elementor-top-column elementor-element elementor-element-a45c6d3\" data-id=\"a45c6d3\" data-element_type=\"column\" data-e-type=\"column\">\n\t\t\t<div class=\"elementor-widget-wrap elementor-element-populated\">\n\t\t\t\t\t\t<div class=\"elementor-element elementor-element-f854b1f elementor-widget elementor-widget-heading\" data-id=\"f854b1f\" data-element_type=\"widget\" data-e-type=\"widget\" data-widget_type=\"heading.default\">\n\t\t\t\t<div class=\"elementor-widget-container\">\n\t\t\t\t\t<h2 class=\"elementor-heading-title elementor-size-default\">BALLETT, TEINT-TECHNIK-WORKSHOP \u2013 USA \n\n\n\n\n\n\n\n\n\n\n<\/h2>\t\t\t\t<\/div>\n\t\t\t\t<\/div>\n\t\t\t\t<div class=\"elementor-element elementor-element-3947f8e elementor-widget elementor-widget-text-editor\" data-id=\"3947f8e\" data-element_type=\"widget\" data-e-type=\"widget\" data-widget_type=\"text-editor.default\">\n\t\t\t\t<div class=\"elementor-widget-container\">\n\t\t\t\t\t\t\t\t\t<p>Von der New York Times als \u201eeiner der gro\u00dfen modernen T\u00e4nzer seiner Zeit\u201c gepriesen, ist Desmond Richardson ein vielseitig talentierter K\u00fcnstler, der eine breite Palette von Tanzgenres beherrscht, ausgehend von seinen Wurzeln im Hip Hop, im klassischen, modernen und zeitgen\u00f6ssischen Ballett. Richardson wird f\u00fcr seinen kraftvollen Tanz und seine einzigartige Darbietungsqualit\u00e4t gelobt und ist der Markenzeichenk\u00fcnstler, der die Essenz des Complexions-Stils gepr\u00e4gt hat.<\/p><p>Als Solot\u00e4nzer und Gastk\u00fcnstler so namhafter Kompanien wie Alvin Ailey, Frankfurt Ballet, American Ballet Theater, Teatro al La Scala, Royal Swedish Opera Ballet, San Francisco Ballet, Washington Ballet, North Carolina Dance Theater, Austin Ballet, Aspen Santa Fe Ballett, Orlando Ballet, Teatro Massimo und Complexions Contemporary Ballet haben sein k\u00fcnstlerisches Schaffen gepr\u00e4gt.<\/p><p>Als Richardson die Titelrolle in der Produktion von \u201eOthello\u201c des American Ballet Theatre tanzte, beschrieb ihn die New York Times als \u201eeinen der majest\u00e4tischsten T\u00e4nzer, die jemals die B\u00fchne des Metropolitan Opera House betraten\u201c.<\/p><p>Richardson arbeitete in den USA und im Ausland f\u00fcr Fernsehen, Film und Video und trat mit Musikern wie Michael Jackson, Prince, Aretha Franklin, En Vogue und Madonna auf.<\/p><p>Sein Deb\u00fct als S\u00e4nger am Broadway gab er in der Musical-Revue von Burt Bacarach\/Hal David.<\/p><p>\u201eThe Look Of Love\u201c (Ann Reinking \/ Scott Ellis) 2003, Besetzung in der Hauptrolle des \u201eTony\u201c in Twyla Tharps Hit-Musical \u201eMoving Out\u201c 2004. Richardson trat in Filmen wie dem Oscar-pr\u00e4mierten Film \u201eChicago\u201c als S\u00e4nger auf in Charles Randolph Wrights \u201ePreaching to the Choir\u201c, in Patrick Swayze\/Lisa Niemis Film \u201eOne Last Dance\u201c und Julie Taymors Film \u201eAcross The Universe\u201c zu sehen, au\u00dferdem tanzte sie die Hauptrolle des \u201eBeowulf\u201c in Ms. Taymors Adaption von \u201eGrendel\u201c an der LA Opera und dem New York State Theater. Er ist auch auf DVD in der Oper \u201eMoise e Pharone\u201c des Teatro al La Scala zu sehen, wo er die B\u00fchne mit der Tanzsensation Roberto Bolle unter der Leitung von Maestro Riccardo Muti teilt.<\/p><p>Zu seinen zahlreichen Auszeichnungen z\u00e4hlen der Bessie Award, der Benois De la Danse (nominiert) Monarch Award, der Ailey Apex Award, der Presidential Scholar in the Arts Award und der NFAA Alumni Award. Er und sein Mitarbeiter Dwight Rhoden arbeiteten mit der Primaballerina Diana Vishneva f\u00fcr ihre One-Woman-Show \u201eBeauty In Motion\u201c im New York City Center, im Orange County Performing Arts Center und in Moskau (Russland) zusammen. Richardson kehrte k\u00fcrzlich als eingeladener Gast nach Russland zur\u00fcck, um mit der unvergleichlichen Diana Vishneva beim White Nights Festival im Mariinsky-Theater in einem f\u00fcr Richardson und Frau Vishneva kreierten Pas de deux mit dem Titel \u201eThree Point Turn\u201c zusammenzuarbeiten.<\/p><p>Richardson war Gastk\u00fcnstler auf der Welttournee der \u201eKings Of Dance\u201c (Ardani Artists), trat in der Fox-TV-Hitshow \u201eSo You Think You Can Dance\u201c als prominenter Gastdarsteller und Choreograf mit Dwight Rhoden und in der Hit-TV-Show auf \u201eAmici di Maria de Filippi\u201c in Italien.<\/p><p>Sie k\u00f6nnen seine TezoroLIVE-Tanz-Lehr-DVDs erwerben <a href=\"https:\/\/worlddancemovement.com\/de\/produkt-kategorie\/dance-videos\/contemporary\/\">HIER<\/a> und streame seine Online-Kurse weiter <a href=\"https:\/\/worlddancemovement.com\/de\/produkt-kategorie\/streaming\/\">HIER<\/a>\u00a0<\/p>\t\t\t\t\t\t\t\t<\/div>\n\t\t\t\t<\/div>\n\t\t\t\t\t<\/div>\n\t\t<\/div>\n\t\t\t\t\t<\/div>\n\t\t<\/section>\n\t\t\t\t<\/div>","protected":false},"excerpt":{"rendered":"<p>DESMOND RICHARDSON BALLET, COMPLEXIONS TECHNIQUE WORKSHOP &#8211; USA Hailed by the New York Times as \u201cOne of the great modern dancers of his time&#8221; Desmond Richardson is a multi-talented artist who has mastered a wide range of dance genres from his roots in hip hop, classical, modern and contemporary ballet. Praised for his powerful dancing [&hellip;]<\/p>\n","protected":false},"author":6,"featured_media":0,"parent":1562,"menu_order":0,"comment_status":"closed","ping_status":"closed","template":"","meta":{"_acf_changed":false,"site-sidebar-layout":"no-sidebar","site-content-layout":"page-builder","ast-site-content-layout":"default","site-content-style":"default","site-sidebar-style":"default","ast-global-header-display":"","ast-banner-title-visibility":"","ast-main-header-display":"","ast-hfb-above-header-display":"","ast-hfb-below-header-display":"","ast-hfb-mobile-header-display":"","site-post-title":"disabled","ast-breadcrumbs-content":"","ast-featured-img":"disabled","footer-sml-layout":"","ast-disable-related-posts":"","theme-transparent-header-meta":"default","adv-header-id-meta":"","stick-header-meta":"default","header-above-stick-meta":"","header-main-stick-meta":"","header-below-stick-meta":"","astra-migrate-meta-layouts":"default","ast-page-background-enabled":"default","ast-page-background-meta":{"desktop":{"background-color":"","background-image":"","background-repeat":"repeat","background-position":"center center","background-size":"auto","background-attachment":"scroll","background-type":"","background-media":"","overlay-type":"","overlay-color":"","overlay-opacity":"","overlay-gradient":""},"tablet":{"background-color":"","background-image":"","background-repeat":"repeat","background-position":"center center","background-size":"auto","background-attachment":"scroll","background-type":"","background-media":"","overlay-type":"","overlay-color":"","overlay-opacity":"","overlay-gradient":""},"mobile":{"background-color":"","background-image":"","background-repeat":"repeat","background-position":"center center","background-size":"auto","background-attachment":"scroll","background-type":"","background-media":"","overlay-type":"","overlay-color":"","overlay-opacity":"","overlay-gradient":""}},"ast-content-background-meta":{"desktop":{"background-color":"var(--ast-global-color-5)","background-image":"","background-repeat":"repeat","background-position":"center center","background-size":"auto","background-attachment":"scroll","background-type":"","background-media":"","overlay-type":"","overlay-color":"","overlay-opacity":"","overlay-gradient":""},"tablet":{"background-color":"var(--ast-global-color-5)","background-image":"","background-repeat":"repeat","background-position":"center center","background-size":"auto","background-attachment":"scroll","background-type":"","background-media":"","overlay-type":"","overlay-color":"","overlay-opacity":"","overlay-gradient":""},"mobile":{"background-color":"var(--ast-global-color-5)","background-image":"","background-repeat":"repeat","background-position":"center center","background-size":"auto","background-attachment":"scroll","background-type":"","background-media":"","overlay-type":"","overlay-color":"","overlay-opacity":"","overlay-gradient":""}},"footnotes":""},"class_list":["post-1660","page","type-page","status-publish","hentry"],"acf":[],"jetpack_sharing_enabled":true,"_links":{"self":[{"href":"https:\/\/worlddancemovement.com\/de\/wp-json\/wp\/v2\/pages\/1660","targetHints":{"allow":["GET"]}}],"collection":[{"href":"https:\/\/worlddancemovement.com\/de\/wp-json\/wp\/v2\/pages"}],"about":[{"href":"https:\/\/worlddancemovement.com\/de\/wp-json\/wp\/v2\/types\/page"}],"author":[{"embeddable":true,"href":"https:\/\/worlddancemovement.com\/de\/wp-json\/wp\/v2\/users\/6"}],"replies":[{"embeddable":true,"href":"https:\/\/worlddancemovement.com\/de\/wp-json\/wp\/v2\/comments?post=1660"}],"version-history":[{"count":10,"href":"https:\/\/worlddancemovement.com\/de\/wp-json\/wp\/v2\/pages\/1660\/revisions"}],"predecessor-version":[{"id":13247,"href":"https:\/\/worlddancemovement.com\/de\/wp-json\/wp\/v2\/pages\/1660\/revisions\/13247"}],"up":[{"embeddable":true,"href":"https:\/\/worlddancemovement.com\/de\/wp-json\/wp\/v2\/pages\/1562"}],"wp:attachment":[{"href":"https:\/\/worlddancemovement.com\/de\/wp-json\/wp\/v2\/media?parent=1660"}],"curies":[{"name":"wp","href":"https:\/\/api.w.org\/{rel}","templated":true}]}}