{"id":1674,"date":"2021-01-01T13:49:30","date_gmt":"2021-01-01T13:49:30","guid":{"rendered":"https:\/\/migrate.worlddancemovement.com\/?page_id=1674"},"modified":"2023-10-05T22:09:57","modified_gmt":"2023-10-05T22:09:57","slug":"ac-ciulla","status":"publish","type":"page","link":"https:\/\/worlddancemovement.com\/de\/faculty\/ac-ciulla\/","title":{"rendered":"AC CIULLA"},"content":{"rendered":"<div data-elementor-type=\"wp-page\" data-elementor-id=\"1674\" class=\"elementor elementor-1674\" data-elementor-post-type=\"page\">\n\t\t\t\t\t\t<section class=\"elementor-section elementor-top-section elementor-element elementor-element-94ec49d elementor-section-full_width elementor-section-height-min-height elementor-section-height-default elementor-section-items-middle\" data-id=\"94ec49d\" data-element_type=\"section\" data-e-type=\"section\" data-settings=\"{&quot;background_background&quot;:&quot;classic&quot;}\">\n\t\t\t\t\t\t\t<div class=\"elementor-background-overlay\"><\/div>\n\t\t\t\t\t\t\t<div class=\"elementor-container elementor-column-gap-no\">\n\t\t\t\t\t<div class=\"elementor-column elementor-col-100 elementor-top-column elementor-element elementor-element-8268956\" data-id=\"8268956\" data-element_type=\"column\" data-e-type=\"column\">\n\t\t\t<div class=\"elementor-widget-wrap elementor-element-populated\">\n\t\t\t\t\t\t<div class=\"elementor-element elementor-element-5016628 elementor-widget elementor-widget-heading\" data-id=\"5016628\" data-element_type=\"widget\" data-e-type=\"widget\" data-widget_type=\"heading.default\">\n\t\t\t\t<div class=\"elementor-widget-container\">\n\t\t\t\t\t<h2 class=\"elementor-heading-title elementor-size-default\">AC CIULLA\n<\/h2>\t\t\t\t<\/div>\n\t\t\t\t<\/div>\n\t\t\t\t<div class=\"elementor-element elementor-element-a86216f elementor-widget-divider--view-line elementor-widget elementor-widget-divider\" data-id=\"a86216f\" data-element_type=\"widget\" data-e-type=\"widget\" data-widget_type=\"divider.default\">\n\t\t\t\t<div class=\"elementor-widget-container\">\n\t\t\t\t\t\t\t<div class=\"elementor-divider\">\n\t\t\t<span class=\"elementor-divider-separator\">\n\t\t\t\t\t\t<\/span>\n\t\t<\/div>\n\t\t\t\t\t\t<\/div>\n\t\t\t\t<\/div>\n\t\t\t\t\t<\/div>\n\t\t<\/div>\n\t\t\t\t\t<\/div>\n\t\t<\/section>\n\t\t\t\t<section class=\"elementor-section elementor-top-section elementor-element elementor-element-a2d6cca elementor-section-full_width elementor-section-height-default elementor-section-height-default\" data-id=\"a2d6cca\" data-element_type=\"section\" data-e-type=\"section\">\n\t\t\t\t\t\t<div class=\"elementor-container elementor-column-gap-default\">\n\t\t\t\t\t<div class=\"elementor-column elementor-col-100 elementor-top-column elementor-element elementor-element-a45c6d3\" data-id=\"a45c6d3\" data-element_type=\"column\" data-e-type=\"column\">\n\t\t\t<div class=\"elementor-widget-wrap elementor-element-populated\">\n\t\t\t\t\t\t<div class=\"elementor-element elementor-element-f854b1f elementor-widget elementor-widget-heading\" data-id=\"f854b1f\" data-element_type=\"widget\" data-e-type=\"widget\" data-widget_type=\"heading.default\">\n\t\t\t\t<div class=\"elementor-widget-container\">\n\t\t\t\t\t<h2 class=\"elementor-heading-title elementor-size-default\">USA - THEATERTANZ\n\n\n\n\n\n\n\n\n\n\n<\/h2>\t\t\t\t<\/div>\n\t\t\t\t<\/div>\n\t\t\t\t<div class=\"elementor-element elementor-element-3947f8e elementor-widget elementor-widget-text-editor\" data-id=\"3947f8e\" data-element_type=\"widget\" data-e-type=\"widget\" data-widget_type=\"text-editor.default\">\n\t\t\t\t<div class=\"elementor-widget-container\">\n\t\t\t\t\t\t\t\t\t<p>Der mit dem EMMY Award ausgezeichnete und von TONY nominierte Choreograf AC Ciulla blickt auf eine vielseitige Karriere zur\u00fcck, die ein breites Spektrum an Arbeiten in verschiedenen kreativen Bereichen umfasst.<\/p><p>AC wurde f\u00fcr den TONY Award f\u00fcr die beste Choreografie f\u00fcr das Broadway-Hitmusical \u201eFootloose\u201c nominiert und hat zahlreiche Produktionen im In- und Ausland choreografiert bzw. Regie gef\u00fchrt. Off-Broadway, AC choreografierte \u201eLucky Guy\u201c (Nominierung f\u00fcr den Callaway Award), \u201eThe Bubbly Black Girl\u2026\u201c (Nominierung f\u00fcr Lucille Lortel), \u201eGhetto Superstar\u201c mit dem TONY-Gewinner Billy Porter und \u201eLast Smoker In America\u201c.<\/p><p>Regional choreografierte AC Chess im Ford Amphitheatre mit Matthew Morrison (von Fox\u2018 Erfolgsserie Glee), Stephen Sondheims Being Alive, The Plexiglass Slipper, The Yiddish Coming, Barrio Babies und The Little Mermaid. \u201eVices: A Love Story\u201c, eine anspruchsvolle Erkundung von Beziehungen, erz\u00e4hlt durch Musik und Tanz, brachte AC 2010 den Carbonell Award f\u00fcr die \u201eBeste Choreografie\u201c ein.<\/p><p>AC war Mitgestalter\/Choreograph des Hits \u201eRevealed\u201c von Toni Braxton (Flamingo, Las Vegas) sowie der Libra Tour des Grammy-preisgekr\u00f6nten Aufnahmek\u00fcnstlers und des Live-Auftritts der NBA All-Stars. Zu den weiteren Aufnahmek\u00fcnstlern z\u00e4hlen Live-Shows f\u00fcr Eden&#039;s Crush mit Nicole Scherzinger, der Vokalband Duwende sowie Videos f\u00fcr Freedom Williams (C&amp;C Music Factory) und den R&amp;B-S\u00e4nger Billy Porter.<\/p><p>Ciulla inszenierte Signed, Sealed, Delivered \u2013 A Musical Celebration of Stevie Wonder mit Chaka Khan (Venetian, Las Vegas) und f\u00fchrte Regie\/Choreografie bei Nights on Broadway II &amp; III (Caesars, Atlantic City) mit vielen der neuesten Broadway-Stars. Zu ihren zahlreichen Film-, Fernseh- und Werbeauftritten geh\u00f6rt der Gewinn des Emmy Award 2003 f\u00fcr \u201eHerausragende Choreographie eines Fernsehspecials\u201c f\u00fcr Stars on Ice. AC trat in den letzten drei Staffeln als Gastchoreograf bei So You Think You Can Dance (UA) auf und hatte einen besonderen Auftritt bei Lifetime&#039;s Dance Moms.<\/p><p>Als Darsteller gab AC im Alter von 19 Jahren sein Broadway-Deb\u00fct in Starlight Express, war achtmaliger Gewinner und Halbfinalist bei Star Search und tourte als Solist mit der weltber\u00fchmten Jazz Dance Company Waves. Er tourte mit der Tanzsensation C&amp;C Music Factory durch die USA, tanzte bei den MTV Video Music Awards und hatte die Ehre, an der Seite von Michael Jackson zu tanzen.<\/p>\t\t\t\t\t\t\t\t<\/div>\n\t\t\t\t<\/div>\n\t\t\t\t\t<\/div>\n\t\t<\/div>\n\t\t\t\t\t<\/div>\n\t\t<\/section>\n\t\t\t\t<\/div>","protected":false},"excerpt":{"rendered":"<p>AC CIULLA USA &#8211; THEATRE DANCE EMMY Award winning, TONY nominated choreographer, AC Ciulla has enjoyed an eclectic career spanning a wide range of work in different creative arenas. AC was nominated for the TONY Award for Best Choreography for Broadway\u2019s hit musical Footloose, and has choreographed\/directed numerous productions both nationally and abroad. Off-Broadway, AC [&hellip;]<\/p>\n","protected":false},"author":6,"featured_media":0,"parent":1562,"menu_order":0,"comment_status":"closed","ping_status":"closed","template":"","meta":{"_acf_changed":false,"site-sidebar-layout":"no-sidebar","site-content-layout":"page-builder","ast-site-content-layout":"default","site-content-style":"default","site-sidebar-style":"default","ast-global-header-display":"","ast-banner-title-visibility":"","ast-main-header-display":"","ast-hfb-above-header-display":"","ast-hfb-below-header-display":"","ast-hfb-mobile-header-display":"","site-post-title":"disabled","ast-breadcrumbs-content":"","ast-featured-img":"disabled","footer-sml-layout":"","ast-disable-related-posts":"","theme-transparent-header-meta":"default","adv-header-id-meta":"","stick-header-meta":"default","header-above-stick-meta":"","header-main-stick-meta":"","header-below-stick-meta":"","astra-migrate-meta-layouts":"default","ast-page-background-enabled":"default","ast-page-background-meta":{"desktop":{"background-color":"","background-image":"","background-repeat":"repeat","background-position":"center center","background-size":"auto","background-attachment":"scroll","background-type":"","background-media":"","overlay-type":"","overlay-color":"","overlay-opacity":"","overlay-gradient":""},"tablet":{"background-color":"","background-image":"","background-repeat":"repeat","background-position":"center center","background-size":"auto","background-attachment":"scroll","background-type":"","background-media":"","overlay-type":"","overlay-color":"","overlay-opacity":"","overlay-gradient":""},"mobile":{"background-color":"","background-image":"","background-repeat":"repeat","background-position":"center center","background-size":"auto","background-attachment":"scroll","background-type":"","background-media":"","overlay-type":"","overlay-color":"","overlay-opacity":"","overlay-gradient":""}},"ast-content-background-meta":{"desktop":{"background-color":"var(--ast-global-color-5)","background-image":"","background-repeat":"repeat","background-position":"center center","background-size":"auto","background-attachment":"scroll","background-type":"","background-media":"","overlay-type":"","overlay-color":"","overlay-opacity":"","overlay-gradient":""},"tablet":{"background-color":"var(--ast-global-color-5)","background-image":"","background-repeat":"repeat","background-position":"center center","background-size":"auto","background-attachment":"scroll","background-type":"","background-media":"","overlay-type":"","overlay-color":"","overlay-opacity":"","overlay-gradient":""},"mobile":{"background-color":"var(--ast-global-color-5)","background-image":"","background-repeat":"repeat","background-position":"center center","background-size":"auto","background-attachment":"scroll","background-type":"","background-media":"","overlay-type":"","overlay-color":"","overlay-opacity":"","overlay-gradient":""}},"footnotes":""},"class_list":["post-1674","page","type-page","status-publish","hentry"],"acf":[],"jetpack_sharing_enabled":true,"_links":{"self":[{"href":"https:\/\/worlddancemovement.com\/de\/wp-json\/wp\/v2\/pages\/1674","targetHints":{"allow":["GET"]}}],"collection":[{"href":"https:\/\/worlddancemovement.com\/de\/wp-json\/wp\/v2\/pages"}],"about":[{"href":"https:\/\/worlddancemovement.com\/de\/wp-json\/wp\/v2\/types\/page"}],"author":[{"embeddable":true,"href":"https:\/\/worlddancemovement.com\/de\/wp-json\/wp\/v2\/users\/6"}],"replies":[{"embeddable":true,"href":"https:\/\/worlddancemovement.com\/de\/wp-json\/wp\/v2\/comments?post=1674"}],"version-history":[{"count":10,"href":"https:\/\/worlddancemovement.com\/de\/wp-json\/wp\/v2\/pages\/1674\/revisions"}],"predecessor-version":[{"id":13343,"href":"https:\/\/worlddancemovement.com\/de\/wp-json\/wp\/v2\/pages\/1674\/revisions\/13343"}],"up":[{"embeddable":true,"href":"https:\/\/worlddancemovement.com\/de\/wp-json\/wp\/v2\/pages\/1562"}],"wp:attachment":[{"href":"https:\/\/worlddancemovement.com\/de\/wp-json\/wp\/v2\/media?parent=1674"}],"curies":[{"name":"wp","href":"https:\/\/api.w.org\/{rel}","templated":true}]}}