{"id":1679,"date":"2021-01-01T13:51:20","date_gmt":"2021-01-01T13:51:20","guid":{"rendered":"https:\/\/migrate.worlddancemovement.com\/?page_id=1679"},"modified":"2023-10-05T22:10:56","modified_gmt":"2023-10-05T22:10:56","slug":"marco-cavalloro","status":"publish","type":"page","link":"https:\/\/worlddancemovement.com\/de\/faculty\/marco-cavalloro\/","title":{"rendered":"MARCO CAVALLORO"},"content":{"rendered":"<div data-elementor-type=\"wp-page\" data-elementor-id=\"1679\" class=\"elementor elementor-1679\" data-elementor-post-type=\"page\">\n\t\t\t\t\t\t<section class=\"elementor-section elementor-top-section elementor-element elementor-element-94ec49d elementor-section-full_width elementor-section-height-min-height elementor-section-height-default elementor-section-items-middle\" data-id=\"94ec49d\" data-element_type=\"section\" data-e-type=\"section\" data-settings=\"{&quot;background_background&quot;:&quot;classic&quot;}\">\n\t\t\t\t\t\t\t<div class=\"elementor-background-overlay\"><\/div>\n\t\t\t\t\t\t\t<div class=\"elementor-container elementor-column-gap-no\">\n\t\t\t\t\t<div class=\"elementor-column elementor-col-100 elementor-top-column elementor-element elementor-element-8268956\" data-id=\"8268956\" data-element_type=\"column\" data-e-type=\"column\">\n\t\t\t<div class=\"elementor-widget-wrap elementor-element-populated\">\n\t\t\t\t\t\t<div class=\"elementor-element elementor-element-5016628 elementor-widget elementor-widget-heading\" data-id=\"5016628\" data-element_type=\"widget\" data-e-type=\"widget\" data-widget_type=\"heading.default\">\n\t\t\t\t<div class=\"elementor-widget-container\">\n\t\t\t\t\t<h2 class=\"elementor-heading-title elementor-size-default\">MARCO CAVALLORO\n<\/h2>\t\t\t\t<\/div>\n\t\t\t\t<\/div>\n\t\t\t\t<div class=\"elementor-element elementor-element-a86216f elementor-widget-divider--view-line elementor-widget elementor-widget-divider\" data-id=\"a86216f\" data-element_type=\"widget\" data-e-type=\"widget\" data-widget_type=\"divider.default\">\n\t\t\t\t<div class=\"elementor-widget-container\">\n\t\t\t\t\t\t\t<div class=\"elementor-divider\">\n\t\t\t<span class=\"elementor-divider-separator\">\n\t\t\t\t\t\t<\/span>\n\t\t<\/div>\n\t\t\t\t\t\t<\/div>\n\t\t\t\t<\/div>\n\t\t\t\t\t<\/div>\n\t\t<\/div>\n\t\t\t\t\t<\/div>\n\t\t<\/section>\n\t\t\t\t<section class=\"elementor-section elementor-top-section elementor-element elementor-element-a2d6cca elementor-section-full_width elementor-section-height-default elementor-section-height-default\" data-id=\"a2d6cca\" data-element_type=\"section\" data-e-type=\"section\">\n\t\t\t\t\t\t<div class=\"elementor-container elementor-column-gap-default\">\n\t\t\t\t\t<div class=\"elementor-column elementor-col-100 elementor-top-column elementor-element elementor-element-a45c6d3\" data-id=\"a45c6d3\" data-element_type=\"column\" data-e-type=\"column\">\n\t\t\t<div class=\"elementor-widget-wrap elementor-element-populated\">\n\t\t\t\t\t\t<div class=\"elementor-element elementor-element-f854b1f elementor-widget elementor-widget-heading\" data-id=\"f854b1f\" data-element_type=\"widget\" data-e-type=\"widget\" data-widget_type=\"heading.default\">\n\t\t\t\t<div class=\"elementor-widget-container\">\n\t\t\t\t\t<h2 class=\"elementor-heading-title elementor-size-default\">ITALIEN \/ Klasse: Hip Hop\n\n\n\n\n\n\n\n\n\n\n\n<\/h2>\t\t\t\t<\/div>\n\t\t\t\t<\/div>\n\t\t\t\t<div class=\"elementor-element elementor-element-3947f8e elementor-widget elementor-widget-text-editor\" data-id=\"3947f8e\" data-element_type=\"widget\" data-e-type=\"widget\" data-widget_type=\"text-editor.default\">\n\t\t\t\t<div class=\"elementor-widget-container\">\n\t\t\t\t\t\t\t\t\t<p>Marco wurde 1983 in Montalto di Castro, Italien, geboren.<\/p><p>1994 reiste er im Alter von 11 Jahren zum ersten Mal nach Los Angeles, USA, wo er seinen ersten Lehrer, Milo Levell, traf und begann, Hip Hop zu tanzen. Er tanzte weiter, w\u00e4hrend er die High School und dann das College besuchte.<\/p><p>Als T\u00e4nzer begann er mit der sorgf\u00e4ltigen Erforschung einer sauberen, ausdrucksstarken und technisch korrekten Bewegung und wurde ein leidenschaftlicher Zuh\u00f6rer von Hip-Hop- und R&amp;B-Musik.<\/p><p>Er reiste weiterhin jedes Jahr in die USA und studierte in einigen der renommiertesten Tanzstudios der USA: Los Angeles (Millenium Dance Complex, Debbie Reynolds, The Edge\u2026), New York (Broadway Dance Center). Er tanzte mit weltbekannten T\u00e4nzern wie Brian Green, Ejoe Wilson, Superdave, Popin Pete, Mr Wiggles, Link, Loose Joint, Dante, Marty Kudelka, Jayson Wright, RoRo Tabor, Rino, Dave Scott, Shane Sparks, Misha Gabriel, um nur einige zu nennen.<\/p><p>Im Jahr 1996, im Alter von 13 Jahren, wurde Marco Milos Assistent und arbeitete mit ihm sowohl in Europa als auch in Amerika. Durch diese Erfahrung lernte er, wie wichtig eine effektive Lehrmethode und eine positive Beziehung zu den Sch\u00fclern sind.<\/p><p>1998 begann er in Jesolo, Italien, auf der von Cruisin&#039; organisierten internationalen Tagung Fitnesslandia zu unterrichten. Er begann auch, auf renommierten Kongressen in ganz Europa zu unterrichten: Madrid, Barcelona, Chiasso, Saint Tropez, Lissabon, Z\u00fcrich, Basilea, Amsterdam.<\/p><p>W\u00e4hrend Marco am Wochenende auf Reisen war, unterrichtete er unter der Woche in seinem Tanzstudio. Seine Sch\u00fcler haben an nationalen und internationalen Wettbewerben und Kongressen teilgenommen. Durch die Arbeit in seinem Tanzstudio konnte Marco die tats\u00e4chlichen Probleme verstehen, mit denen die Sch\u00fcler beim Unterrichten konfrontiert sind, und konnte auf pers\u00f6nlicher Ebene mit den Sch\u00fclern in Kontakt treten.<\/p><p>Zwischen 1999 und 2000 sammelte Marco seine ersten Arbeitserfahrungen in den USA als italienischer Meisterlehrer an der International Hip Hop School von Madonna Grimes in Los Angeles.<\/p><p>Im Jahr 2006 gr\u00fcndete er zusammen mit Cruisin&#039; Marco mit der R&amp;B Dance School einen Tour-Wochenend-Meisterkurs, der in Mailand, Pordenone, Mantova, Montalto di Castro, Venezia und Mirandola stattfand.<\/p><p>Im Jahr 2011 wurde Marco eingeladen, 15 Tage lang am Amsterdam Dance Center zu unterrichten. Marco hat sich in den letzten Jahren auf das Training und die Verbesserung seiner Freestyle-Techniken konzentriert.<\/p><p>In den Jahren 2013 und 2014 nahm er erfolgreich an mehreren Wettbewerben teil: Abruzzo Hip Hop Festival 2013, Jambo 2013, Give It Up 2013, Special One 2014.<\/p>\t\t\t\t\t\t\t\t<\/div>\n\t\t\t\t<\/div>\n\t\t\t\t\t<\/div>\n\t\t<\/div>\n\t\t\t\t\t<\/div>\n\t\t<\/section>\n\t\t\t\t<\/div>","protected":false},"excerpt":{"rendered":"<p>MARCO CAVALLORO ITALY \/ Class: Hip Hop Marco was born in 1983 in Montalto di Castro, Italy. In 1994 at the age 11 he traveled to Los Angeles, USA for the firs time where he met his first teacher, Milo Levell and where he started dancing Hip Hop. He continued dancing while studying in high [&hellip;]<\/p>\n","protected":false},"author":6,"featured_media":0,"parent":1562,"menu_order":0,"comment_status":"closed","ping_status":"closed","template":"","meta":{"_acf_changed":false,"site-sidebar-layout":"no-sidebar","site-content-layout":"page-builder","ast-site-content-layout":"default","site-content-style":"default","site-sidebar-style":"default","ast-global-header-display":"","ast-banner-title-visibility":"","ast-main-header-display":"","ast-hfb-above-header-display":"","ast-hfb-below-header-display":"","ast-hfb-mobile-header-display":"","site-post-title":"disabled","ast-breadcrumbs-content":"","ast-featured-img":"disabled","footer-sml-layout":"","ast-disable-related-posts":"","theme-transparent-header-meta":"default","adv-header-id-meta":"","stick-header-meta":"default","header-above-stick-meta":"","header-main-stick-meta":"","header-below-stick-meta":"","astra-migrate-meta-layouts":"default","ast-page-background-enabled":"default","ast-page-background-meta":{"desktop":{"background-color":"","background-image":"","background-repeat":"repeat","background-position":"center center","background-size":"auto","background-attachment":"scroll","background-type":"","background-media":"","overlay-type":"","overlay-color":"","overlay-opacity":"","overlay-gradient":""},"tablet":{"background-color":"","background-image":"","background-repeat":"repeat","background-position":"center center","background-size":"auto","background-attachment":"scroll","background-type":"","background-media":"","overlay-type":"","overlay-color":"","overlay-opacity":"","overlay-gradient":""},"mobile":{"background-color":"","background-image":"","background-repeat":"repeat","background-position":"center center","background-size":"auto","background-attachment":"scroll","background-type":"","background-media":"","overlay-type":"","overlay-color":"","overlay-opacity":"","overlay-gradient":""}},"ast-content-background-meta":{"desktop":{"background-color":"var(--ast-global-color-5)","background-image":"","background-repeat":"repeat","background-position":"center center","background-size":"auto","background-attachment":"scroll","background-type":"","background-media":"","overlay-type":"","overlay-color":"","overlay-opacity":"","overlay-gradient":""},"tablet":{"background-color":"var(--ast-global-color-5)","background-image":"","background-repeat":"repeat","background-position":"center center","background-size":"auto","background-attachment":"scroll","background-type":"","background-media":"","overlay-type":"","overlay-color":"","overlay-opacity":"","overlay-gradient":""},"mobile":{"background-color":"var(--ast-global-color-5)","background-image":"","background-repeat":"repeat","background-position":"center center","background-size":"auto","background-attachment":"scroll","background-type":"","background-media":"","overlay-type":"","overlay-color":"","overlay-opacity":"","overlay-gradient":""}},"footnotes":""},"class_list":["post-1679","page","type-page","status-publish","hentry"],"acf":[],"jetpack_sharing_enabled":true,"_links":{"self":[{"href":"https:\/\/worlddancemovement.com\/de\/wp-json\/wp\/v2\/pages\/1679","targetHints":{"allow":["GET"]}}],"collection":[{"href":"https:\/\/worlddancemovement.com\/de\/wp-json\/wp\/v2\/pages"}],"about":[{"href":"https:\/\/worlddancemovement.com\/de\/wp-json\/wp\/v2\/types\/page"}],"author":[{"embeddable":true,"href":"https:\/\/worlddancemovement.com\/de\/wp-json\/wp\/v2\/users\/6"}],"replies":[{"embeddable":true,"href":"https:\/\/worlddancemovement.com\/de\/wp-json\/wp\/v2\/comments?post=1679"}],"version-history":[{"count":10,"href":"https:\/\/worlddancemovement.com\/de\/wp-json\/wp\/v2\/pages\/1679\/revisions"}],"predecessor-version":[{"id":13346,"href":"https:\/\/worlddancemovement.com\/de\/wp-json\/wp\/v2\/pages\/1679\/revisions\/13346"}],"up":[{"embeddable":true,"href":"https:\/\/worlddancemovement.com\/de\/wp-json\/wp\/v2\/pages\/1562"}],"wp:attachment":[{"href":"https:\/\/worlddancemovement.com\/de\/wp-json\/wp\/v2\/media?parent=1679"}],"curies":[{"name":"wp","href":"https:\/\/api.w.org\/{rel}","templated":true}]}}