{"id":1692,"date":"2021-01-01T14:03:09","date_gmt":"2021-01-01T14:03:09","guid":{"rendered":"https:\/\/migrate.worlddancemovement.com\/?page_id=1692"},"modified":"2023-10-05T22:26:31","modified_gmt":"2023-10-05T22:26:31","slug":"susanna-odevaine","status":"publish","type":"page","link":"https:\/\/worlddancemovement.com\/de\/faculty\/susanna-odevaine\/","title":{"rendered":"SUSANNA ODEVAINE"},"content":{"rendered":"<div data-elementor-type=\"wp-page\" data-elementor-id=\"1692\" class=\"elementor elementor-1692\" data-elementor-post-type=\"page\">\n\t\t\t\t\t\t<section class=\"elementor-section elementor-top-section elementor-element elementor-element-94ec49d elementor-section-full_width elementor-section-height-min-height elementor-section-height-default elementor-section-items-middle\" data-id=\"94ec49d\" data-element_type=\"section\" data-e-type=\"section\" data-settings=\"{&quot;background_background&quot;:&quot;classic&quot;}\">\n\t\t\t\t\t\t\t<div class=\"elementor-background-overlay\"><\/div>\n\t\t\t\t\t\t\t<div class=\"elementor-container elementor-column-gap-no\">\n\t\t\t\t\t<div class=\"elementor-column elementor-col-100 elementor-top-column elementor-element elementor-element-8268956\" data-id=\"8268956\" data-element_type=\"column\" data-e-type=\"column\">\n\t\t\t<div class=\"elementor-widget-wrap elementor-element-populated\">\n\t\t\t\t\t\t<div class=\"elementor-element elementor-element-5016628 elementor-widget elementor-widget-heading\" data-id=\"5016628\" data-element_type=\"widget\" data-e-type=\"widget\" data-widget_type=\"heading.default\">\n\t\t\t\t<div class=\"elementor-widget-container\">\n\t\t\t\t\t<h2 class=\"elementor-heading-title elementor-size-default\">SUSANNA ODEVAINE\n<\/h2>\t\t\t\t<\/div>\n\t\t\t\t<\/div>\n\t\t\t\t<div class=\"elementor-element elementor-element-a86216f elementor-widget-divider--view-line elementor-widget elementor-widget-divider\" data-id=\"a86216f\" data-element_type=\"widget\" data-e-type=\"widget\" data-widget_type=\"divider.default\">\n\t\t\t\t<div class=\"elementor-widget-container\">\n\t\t\t\t\t\t\t<div class=\"elementor-divider\">\n\t\t\t<span class=\"elementor-divider-separator\">\n\t\t\t\t\t\t<\/span>\n\t\t<\/div>\n\t\t\t\t\t\t<\/div>\n\t\t\t\t<\/div>\n\t\t\t\t\t<\/div>\n\t\t<\/div>\n\t\t\t\t\t<\/div>\n\t\t<\/section>\n\t\t\t\t<section class=\"elementor-section elementor-top-section elementor-element elementor-element-a2d6cca elementor-section-full_width elementor-section-height-default elementor-section-height-default\" data-id=\"a2d6cca\" data-element_type=\"section\" data-e-type=\"section\">\n\t\t\t\t\t\t<div class=\"elementor-container elementor-column-gap-default\">\n\t\t\t\t\t<div class=\"elementor-column elementor-col-100 elementor-top-column elementor-element elementor-element-a45c6d3\" data-id=\"a45c6d3\" data-element_type=\"column\" data-e-type=\"column\">\n\t\t\t<div class=\"elementor-widget-wrap elementor-element-populated\">\n\t\t\t\t\t\t<div class=\"elementor-element elementor-element-f854b1f elementor-widget elementor-widget-heading\" data-id=\"f854b1f\" data-element_type=\"widget\" data-e-type=\"widget\" data-widget_type=\"heading.default\">\n\t\t\t\t<div class=\"elementor-widget-container\">\n\t\t\t\t\t<h2 class=\"elementor-heading-title elementor-size-default\">ITALIEN \/ Klasse: Elemente der k\u00fcnstlerischen P\u00e4dagogik \n\n\n\n\n\n\n\n\n\n\n\n<\/h2>\t\t\t\t<\/div>\n\t\t\t\t<\/div>\n\t\t\t\t<div class=\"elementor-element elementor-element-85d28df elementor-widget elementor-widget-heading\" data-id=\"85d28df\" data-element_type=\"widget\" data-e-type=\"widget\" data-widget_type=\"heading.default\">\n\t\t\t\t<div class=\"elementor-widget-container\">\n\t\t\t\t\t<h2 class=\"elementor-heading-title elementor-size-default\">Das Kind und sein Tanz:\n\n<\/h2>\t\t\t\t<\/div>\n\t\t\t\t<\/div>\n\t\t\t\t<div class=\"elementor-element elementor-element-3947f8e elementor-widget elementor-widget-text-editor\" data-id=\"3947f8e\" data-element_type=\"widget\" data-e-type=\"widget\" data-widget_type=\"text-editor.default\">\n\t\t\t\t<div class=\"elementor-widget-container\">\n\t\t\t\t\t\t\t\t\t<p>Tanz ist die Kunst der Bewegung. Das Seminar bietet einen Blick auf die Kunst der Tanzp\u00e4dagogik in ihren k\u00f6rperlichen, sozialen und symbolischen Dimensionen.<\/p><p>Der Tanzlehrer ist daf\u00fcr verantwortlich, die Sensibilit\u00e4t, Kreativit\u00e4t und den \u00e4sthetischen Sinn des Kindes zu f\u00f6rdern, damit es alle Phasen des k\u00fcnstlerischen Schaffensprozesses miterleben kann. Der Kindertanz enth\u00e4lt bereits alle Elemente des choreografischen Spiels: Erkunden, Improvisieren, Komponieren, Beobachten. Die Qualit\u00e4t der Handlung steht in direktem Zusammenhang mit der Ausdrucksintentionalit\u00e4t der Handlung, sie muss im Zuge der schrittweisen Entwicklung technischer F\u00e4higkeiten in jeder Bewegung zum Vorschein kommen k\u00f6nnen.<\/p><p>Diese Idee des Tanzes l\u00e4sst einen offenen Forschungsraum offen, in dem sich die eigentliche Idee der Technik auf die Materie des Zuh\u00f6rens, der Beziehung, der imagin\u00e4ren und sensorischen Erfahrung erstreckt.<\/p><p>Die Kurse bieten praktische Beispiele f\u00fcr Workshops, die sich an Kinder richten und sich auf die verschiedenen Altersgruppen zwischen 3 und 8 Jahren beziehen. Jeder Teilnehmer hat die M\u00f6glichkeit, die vorgeschlagenen Inhalte entsprechend seinen Bed\u00fcrfnissen und seiner Pers\u00f6nlichkeit zu \u00fcberarbeiten.<\/p><p>Das Projekt umfasst mehrere Phasen: Praxiserfahrung, Analyse der Arbeit (Zweck, Inhalt, methodische Bez\u00fcge), erg\u00e4nzende Arbeitshypothesen (Diskussion unter den Teilnehmern \u00fcber die Entwicklung und Anwendung dieser Methodik).<\/p><p><strong>BIOGRAFIE<\/strong><\/p><p>Susanna Odevaine absolvierte ihr Studium am Institut de Formation Professionnelle pour l&#039;Enseignement de la Danse Contemporaine unter der Leitung von Fran\u00e7oise Dupuy (RIDC, Paris 1983-87). Sie hat mit mehreren italienischen Kompanien in Italien und im Ausland getanzt.<\/p><p>Im Jahr 2003 begann sie eine intensive Tanzunterrichtst\u00e4tigkeit an \u00f6ffentlichen Schulen. Sie erhielt ein Zertifikat als Danzeducatore\u00ae von Mousik\u00e9 in Bologna und das Zertifikat als DanceAbility Teacher Trainer von DanceAbility\u00ae International.<\/p><p>Von 2006 bis 2012 war sie Mitglied des Executive Council der National Dance Education Society, DES.<\/p><p>Sie war Professorin an der Universit\u00e4t f\u00fcr Sportwissenschaften (IUMS, Rom) im Rahmen des Projekts Tanzunterricht in Schulen; Zweij\u00e4hrlicher Kurs in Musiktherapie Gabriel Marcel in Palermo und am Consorzio Universitario Orientale di Noto, MT Academy.<\/p><p>Sie bildet Lehrer in Kinderg\u00e4rten und Grundschulen aus.<\/p><p>Sie ist Hochschulprofessorin im Masterstudiengang \u201eLe Artiterapie: metodi e tecniche d&#039;intervento\u201c an der Universit\u00e4t Rom III in Italien. Sie ist Autorin von Artikeln und Rednerin auf verschiedenen Konferenzen. Sie ist Pr\u00e4sidentin des Choronde Educational Project und Leiterin des Ausbildungskurses f\u00fcr P\u00e4dagogik der Bewegung \u201eThe Dance Goes to School\u201c.<\/p>\t\t\t\t\t\t\t\t<\/div>\n\t\t\t\t<\/div>\n\t\t\t\t\t<\/div>\n\t\t<\/div>\n\t\t\t\t\t<\/div>\n\t\t<\/section>\n\t\t\t\t<\/div>","protected":false},"excerpt":{"rendered":"<p>SUSANNA ODEVAINE ITALY \/ Class: Elements of Artistic Pedagogy The child and his\/her dance: Dance is the art of movement. The seminar offers a point of view regarding the art of dance education in its body, social and symbolic dimensions. The dance teacher is responsible for cultivating sensitivity, creativity and the aesthetic sense of the [&hellip;]<\/p>\n","protected":false},"author":6,"featured_media":0,"parent":1562,"menu_order":0,"comment_status":"closed","ping_status":"closed","template":"","meta":{"_acf_changed":false,"site-sidebar-layout":"no-sidebar","site-content-layout":"page-builder","ast-site-content-layout":"default","site-content-style":"default","site-sidebar-style":"default","ast-global-header-display":"","ast-banner-title-visibility":"","ast-main-header-display":"","ast-hfb-above-header-display":"","ast-hfb-below-header-display":"","ast-hfb-mobile-header-display":"","site-post-title":"disabled","ast-breadcrumbs-content":"","ast-featured-img":"disabled","footer-sml-layout":"","ast-disable-related-posts":"","theme-transparent-header-meta":"default","adv-header-id-meta":"","stick-header-meta":"default","header-above-stick-meta":"","header-main-stick-meta":"","header-below-stick-meta":"","astra-migrate-meta-layouts":"default","ast-page-background-enabled":"default","ast-page-background-meta":{"desktop":{"background-color":"","background-image":"","background-repeat":"repeat","background-position":"center center","background-size":"auto","background-attachment":"scroll","background-type":"","background-media":"","overlay-type":"","overlay-color":"","overlay-opacity":"","overlay-gradient":""},"tablet":{"background-color":"","background-image":"","background-repeat":"repeat","background-position":"center center","background-size":"auto","background-attachment":"scroll","background-type":"","background-media":"","overlay-type":"","overlay-color":"","overlay-opacity":"","overlay-gradient":""},"mobile":{"background-color":"","background-image":"","background-repeat":"repeat","background-position":"center center","background-size":"auto","background-attachment":"scroll","background-type":"","background-media":"","overlay-type":"","overlay-color":"","overlay-opacity":"","overlay-gradient":""}},"ast-content-background-meta":{"desktop":{"background-color":"var(--ast-global-color-5)","background-image":"","background-repeat":"repeat","background-position":"center center","background-size":"auto","background-attachment":"scroll","background-type":"","background-media":"","overlay-type":"","overlay-color":"","overlay-opacity":"","overlay-gradient":""},"tablet":{"background-color":"var(--ast-global-color-5)","background-image":"","background-repeat":"repeat","background-position":"center center","background-size":"auto","background-attachment":"scroll","background-type":"","background-media":"","overlay-type":"","overlay-color":"","overlay-opacity":"","overlay-gradient":""},"mobile":{"background-color":"var(--ast-global-color-5)","background-image":"","background-repeat":"repeat","background-position":"center center","background-size":"auto","background-attachment":"scroll","background-type":"","background-media":"","overlay-type":"","overlay-color":"","overlay-opacity":"","overlay-gradient":""}},"footnotes":""},"class_list":["post-1692","page","type-page","status-publish","hentry"],"acf":[],"jetpack_sharing_enabled":true,"_links":{"self":[{"href":"https:\/\/worlddancemovement.com\/de\/wp-json\/wp\/v2\/pages\/1692","targetHints":{"allow":["GET"]}}],"collection":[{"href":"https:\/\/worlddancemovement.com\/de\/wp-json\/wp\/v2\/pages"}],"about":[{"href":"https:\/\/worlddancemovement.com\/de\/wp-json\/wp\/v2\/types\/page"}],"author":[{"embeddable":true,"href":"https:\/\/worlddancemovement.com\/de\/wp-json\/wp\/v2\/users\/6"}],"replies":[{"embeddable":true,"href":"https:\/\/worlddancemovement.com\/de\/wp-json\/wp\/v2\/comments?post=1692"}],"version-history":[{"count":10,"href":"https:\/\/worlddancemovement.com\/de\/wp-json\/wp\/v2\/pages\/1692\/revisions"}],"predecessor-version":[{"id":13361,"href":"https:\/\/worlddancemovement.com\/de\/wp-json\/wp\/v2\/pages\/1692\/revisions\/13361"}],"up":[{"embeddable":true,"href":"https:\/\/worlddancemovement.com\/de\/wp-json\/wp\/v2\/pages\/1562"}],"wp:attachment":[{"href":"https:\/\/worlddancemovement.com\/de\/wp-json\/wp\/v2\/media?parent=1692"}],"curies":[{"name":"wp","href":"https:\/\/api.w.org\/{rel}","templated":true}]}}