{"id":1697,"date":"2021-01-01T14:06:10","date_gmt":"2021-01-01T14:06:10","guid":{"rendered":"https:\/\/migrate.worlddancemovement.com\/?page_id=1697"},"modified":"2023-10-05T22:27:41","modified_gmt":"2023-10-05T22:27:41","slug":"ezio-schiavulli","status":"publish","type":"page","link":"https:\/\/worlddancemovement.com\/de\/faculty\/ezio-schiavulli\/","title":{"rendered":"EZIO SCHIAVULLI"},"content":{"rendered":"<div data-elementor-type=\"wp-page\" data-elementor-id=\"1697\" class=\"elementor elementor-1697\" data-elementor-post-type=\"page\">\n\t\t\t\t\t\t<section class=\"elementor-section elementor-top-section elementor-element elementor-element-94ec49d elementor-section-full_width elementor-section-height-min-height elementor-section-height-default elementor-section-items-middle\" data-id=\"94ec49d\" data-element_type=\"section\" data-e-type=\"section\" data-settings=\"{&quot;background_background&quot;:&quot;classic&quot;}\">\n\t\t\t\t\t\t\t<div class=\"elementor-background-overlay\"><\/div>\n\t\t\t\t\t\t\t<div class=\"elementor-container elementor-column-gap-no\">\n\t\t\t\t\t<div class=\"elementor-column elementor-col-100 elementor-top-column elementor-element elementor-element-8268956\" data-id=\"8268956\" data-element_type=\"column\" data-e-type=\"column\">\n\t\t\t<div class=\"elementor-widget-wrap elementor-element-populated\">\n\t\t\t\t\t\t<div class=\"elementor-element elementor-element-5016628 elementor-widget elementor-widget-heading\" data-id=\"5016628\" data-element_type=\"widget\" data-e-type=\"widget\" data-widget_type=\"heading.default\">\n\t\t\t\t<div class=\"elementor-widget-container\">\n\t\t\t\t\t<h2 class=\"elementor-heading-title elementor-size-default\">Ezio Schiavulli<\/h2>\t\t\t\t<\/div>\n\t\t\t\t<\/div>\n\t\t\t\t<div class=\"elementor-element elementor-element-a86216f elementor-widget-divider--view-line elementor-widget elementor-widget-divider\" data-id=\"a86216f\" data-element_type=\"widget\" data-e-type=\"widget\" data-widget_type=\"divider.default\">\n\t\t\t\t<div class=\"elementor-widget-container\">\n\t\t\t\t\t\t\t<div class=\"elementor-divider\">\n\t\t\t<span class=\"elementor-divider-separator\">\n\t\t\t\t\t\t<\/span>\n\t\t<\/div>\n\t\t\t\t\t\t<\/div>\n\t\t\t\t<\/div>\n\t\t\t\t\t<\/div>\n\t\t<\/div>\n\t\t\t\t\t<\/div>\n\t\t<\/section>\n\t\t\t\t<section class=\"elementor-section elementor-top-section elementor-element elementor-element-a2d6cca elementor-section-full_width elementor-section-height-default elementor-section-height-default\" data-id=\"a2d6cca\" data-element_type=\"section\" data-e-type=\"section\">\n\t\t\t\t\t\t<div class=\"elementor-container elementor-column-gap-default\">\n\t\t\t\t\t<div class=\"elementor-column elementor-col-100 elementor-top-column elementor-element elementor-element-a45c6d3\" data-id=\"a45c6d3\" data-element_type=\"column\" data-e-type=\"column\">\n\t\t\t<div class=\"elementor-widget-wrap elementor-element-populated\">\n\t\t\t\t\t\t<div class=\"elementor-element elementor-element-f854b1f elementor-widget elementor-widget-heading\" data-id=\"f854b1f\" data-element_type=\"widget\" data-e-type=\"widget\" data-widget_type=\"heading.default\">\n\t\t\t\t<div class=\"elementor-widget-container\">\n\t\t\t\t\t<h2 class=\"elementor-heading-title elementor-size-default\">Ezio Schiavulli \u2013 Zeitgen\u00f6ssisch (Italien)\n\n\n\n\n\n\n\n\n\n\n\n<\/h2>\t\t\t\t<\/div>\n\t\t\t\t<\/div>\n\t\t\t\t<div class=\"elementor-element elementor-element-3947f8e elementor-widget elementor-widget-text-editor\" data-id=\"3947f8e\" data-element_type=\"widget\" data-e-type=\"widget\" data-widget_type=\"text-editor.default\">\n\t\t\t\t<div class=\"elementor-widget-container\">\n\t\t\t\t\t\t\t\t\t<p>Geboren am 03.Oktober 1979 in Bari.<\/p><p>Nach seinem Diplom in Industriechemie ging er an das Mail\u00e4nder Konservatorium unter der Leitung von Susanna Beltrami.<\/p><p>In 3 Jahren hat er klassischen, zeitgen\u00f6ssischen, modernen Tanz, Theater und Musik studiert. Er absolvierte das 6. Jahr der Ausbildung bei \u201eLondon Contemporary of Dancing\u201c (UK) und schloss seine Tanzausbildung am \u201eCentro della Danza Aterballetto\u201c ab. (Reggio Emilia-Italien)Daher hatte er Zusammenarbeit mit verschiedenen Choreographen und Regisseuren, wie zum Beispiel: Franco Branciaroli (Italien), Susanna Beltrami (Italien), Loris Petrillo (Italien), Mark Baldwin (Rambert Ballett \u2013 UK), Bruno Agati (Frankreich). ), Yvann Alexandre (Frankreich), M. Blandini \u2013 G. Battezzato (Teatri del Vento \u2013 Frankreich), Olivier Py (Grand Th\u00e9\u00e2tre von Genf \u2013 Schweiz), Lionel Hoche (Frankreich), Lena Josefsson (Schweden), David Drouard (Frankreich). ), Caroline Bo (Frankreich), Farid Ounchiouene (Frankreich).<\/p><p>2004 leitet er sein erstes choreografisches Projekt. 2007 gr\u00fcndete er den Verein Expresso Forma\/Company Ezio Schiavulli (Frankreich). Im Vorfeld entwickelten Ezio und sein Team eine Studie \u00fcber die Verbindungen zur Schaffung von Sprach- und Kunstformen mit verschiedenen K\u00fcnstlern und Forschern. Vereinbarung \u00fcber professionelle zeitgen\u00f6ssische Tanzkompanie im Jahr 2009 mit der Region Ile de France, dem Departement Seine et Marne und den St\u00e4dten Tounan-en-Brie und Savigny-le-Temple. Ezio, Datum, Signaturchoreografie und Regie von 13 Kreationen. Unterrichtet au\u00dferdem zeitgen\u00f6ssische Technik \u201ePhysical Movement\u201c in verschiedenen Unternehmen und Schulungszentren in Europa: Company Yvann Alexandre (Fr); Firma Lionel Hoche (Fr); Firma Raande-vo (Schweden); Biennale Venedig 2009 (Italien); Kompanie RANDOM DANCE (Wayne McGregor \u2013 England), Studio Harmonic (Paris); CIRA (Stra\u00dfburg); Centre National de la Danse (Pantin-Frankreich).<\/p><p>Seit Juli 2013 ist Schiavulli Ezio Mitglied des International Dance Council \u2013 UNESCO. Im selben Jahr entsteht EZ3 Diffusione Coreografiche auf dem Gebiet Apuliens. Im Jahr 2014 wurde das Signaturprojekt der \u201ePermanent International Artistic Residence\u201c, k\u00fcnstlerische Leitung, geschaffen, das eine kulturelle Br\u00fccke mit drei EU-L\u00e4ndern schafft: Italien (Apulien) \u2013 Frankreich \u2013 Albanien.<\/p>\t\t\t\t\t\t\t\t<\/div>\n\t\t\t\t<\/div>\n\t\t\t\t\t<\/div>\n\t\t<\/div>\n\t\t\t\t\t<\/div>\n\t\t<\/section>\n\t\t\t\t<\/div>","protected":false},"excerpt":{"rendered":"<p>Ezio Schiavulli Ezio Schiavulli &#8211; Contemporary (Italy) Born in Bari on the 03.October 1979. After obtaining his diploma in industrial chemistry, he went to the Milan conservatory under the direction of Susanna Beltrami. In 3 years he has followed classical, contemporary, modern dance, theatre and music. He joined the 6th year of the training at [&hellip;]<\/p>\n","protected":false},"author":6,"featured_media":0,"parent":1562,"menu_order":0,"comment_status":"closed","ping_status":"closed","template":"","meta":{"_acf_changed":false,"site-sidebar-layout":"no-sidebar","site-content-layout":"page-builder","ast-site-content-layout":"default","site-content-style":"default","site-sidebar-style":"default","ast-global-header-display":"","ast-banner-title-visibility":"","ast-main-header-display":"","ast-hfb-above-header-display":"","ast-hfb-below-header-display":"","ast-hfb-mobile-header-display":"","site-post-title":"disabled","ast-breadcrumbs-content":"","ast-featured-img":"disabled","footer-sml-layout":"","ast-disable-related-posts":"","theme-transparent-header-meta":"default","adv-header-id-meta":"","stick-header-meta":"default","header-above-stick-meta":"","header-main-stick-meta":"","header-below-stick-meta":"","astra-migrate-meta-layouts":"default","ast-page-background-enabled":"default","ast-page-background-meta":{"desktop":{"background-color":"","background-image":"","background-repeat":"repeat","background-position":"center center","background-size":"auto","background-attachment":"scroll","background-type":"","background-media":"","overlay-type":"","overlay-color":"","overlay-opacity":"","overlay-gradient":""},"tablet":{"background-color":"","background-image":"","background-repeat":"repeat","background-position":"center center","background-size":"auto","background-attachment":"scroll","background-type":"","background-media":"","overlay-type":"","overlay-color":"","overlay-opacity":"","overlay-gradient":""},"mobile":{"background-color":"","background-image":"","background-repeat":"repeat","background-position":"center center","background-size":"auto","background-attachment":"scroll","background-type":"","background-media":"","overlay-type":"","overlay-color":"","overlay-opacity":"","overlay-gradient":""}},"ast-content-background-meta":{"desktop":{"background-color":"var(--ast-global-color-5)","background-image":"","background-repeat":"repeat","background-position":"center center","background-size":"auto","background-attachment":"scroll","background-type":"","background-media":"","overlay-type":"","overlay-color":"","overlay-opacity":"","overlay-gradient":""},"tablet":{"background-color":"var(--ast-global-color-5)","background-image":"","background-repeat":"repeat","background-position":"center center","background-size":"auto","background-attachment":"scroll","background-type":"","background-media":"","overlay-type":"","overlay-color":"","overlay-opacity":"","overlay-gradient":""},"mobile":{"background-color":"var(--ast-global-color-5)","background-image":"","background-repeat":"repeat","background-position":"center center","background-size":"auto","background-attachment":"scroll","background-type":"","background-media":"","overlay-type":"","overlay-color":"","overlay-opacity":"","overlay-gradient":""}},"footnotes":""},"class_list":["post-1697","page","type-page","status-publish","hentry"],"acf":[],"jetpack_sharing_enabled":true,"_links":{"self":[{"href":"https:\/\/worlddancemovement.com\/de\/wp-json\/wp\/v2\/pages\/1697","targetHints":{"allow":["GET"]}}],"collection":[{"href":"https:\/\/worlddancemovement.com\/de\/wp-json\/wp\/v2\/pages"}],"about":[{"href":"https:\/\/worlddancemovement.com\/de\/wp-json\/wp\/v2\/types\/page"}],"author":[{"embeddable":true,"href":"https:\/\/worlddancemovement.com\/de\/wp-json\/wp\/v2\/users\/6"}],"replies":[{"embeddable":true,"href":"https:\/\/worlddancemovement.com\/de\/wp-json\/wp\/v2\/comments?post=1697"}],"version-history":[{"count":10,"href":"https:\/\/worlddancemovement.com\/de\/wp-json\/wp\/v2\/pages\/1697\/revisions"}],"predecessor-version":[{"id":13364,"href":"https:\/\/worlddancemovement.com\/de\/wp-json\/wp\/v2\/pages\/1697\/revisions\/13364"}],"up":[{"embeddable":true,"href":"https:\/\/worlddancemovement.com\/de\/wp-json\/wp\/v2\/pages\/1562"}],"wp:attachment":[{"href":"https:\/\/worlddancemovement.com\/de\/wp-json\/wp\/v2\/media?parent=1697"}],"curies":[{"name":"wp","href":"https:\/\/api.w.org\/{rel}","templated":true}]}}