{"id":1709,"date":"2021-01-01T14:17:27","date_gmt":"2021-01-01T14:17:27","guid":{"rendered":"https:\/\/migrate.worlddancemovement.com\/?page_id=1709"},"modified":"2023-10-05T22:35:44","modified_gmt":"2023-10-05T22:35:44","slug":"stacey-tookey","status":"publish","type":"page","link":"https:\/\/worlddancemovement.com\/de\/faculty\/stacey-tookey\/","title":{"rendered":"STACEY TOOKEY"},"content":{"rendered":"<div data-elementor-type=\"wp-page\" data-elementor-id=\"1709\" class=\"elementor elementor-1709\" data-elementor-post-type=\"page\">\n\t\t\t\t\t\t<section class=\"elementor-section elementor-top-section elementor-element elementor-element-94ec49d elementor-section-full_width elementor-section-height-min-height elementor-section-height-default elementor-section-items-middle\" data-id=\"94ec49d\" data-element_type=\"section\" data-e-type=\"section\" data-settings=\"{&quot;background_background&quot;:&quot;classic&quot;}\">\n\t\t\t\t\t\t\t<div class=\"elementor-background-overlay\"><\/div>\n\t\t\t\t\t\t\t<div class=\"elementor-container elementor-column-gap-no\">\n\t\t\t\t\t<div class=\"elementor-column elementor-col-100 elementor-top-column elementor-element elementor-element-8268956\" data-id=\"8268956\" data-element_type=\"column\" data-e-type=\"column\">\n\t\t\t<div class=\"elementor-widget-wrap elementor-element-populated\">\n\t\t\t\t\t\t<div class=\"elementor-element elementor-element-5016628 elementor-widget elementor-widget-heading\" data-id=\"5016628\" data-element_type=\"widget\" data-e-type=\"widget\" data-widget_type=\"heading.default\">\n\t\t\t\t<div class=\"elementor-widget-container\">\n\t\t\t\t\t<h2 class=\"elementor-heading-title elementor-size-default\">STACEY TOOKEY\n<\/h2>\t\t\t\t<\/div>\n\t\t\t\t<\/div>\n\t\t\t\t<div class=\"elementor-element elementor-element-a86216f elementor-widget-divider--view-line elementor-widget elementor-widget-divider\" data-id=\"a86216f\" data-element_type=\"widget\" data-e-type=\"widget\" data-widget_type=\"divider.default\">\n\t\t\t\t<div class=\"elementor-widget-container\">\n\t\t\t\t\t\t\t<div class=\"elementor-divider\">\n\t\t\t<span class=\"elementor-divider-separator\">\n\t\t\t\t\t\t<\/span>\n\t\t<\/div>\n\t\t\t\t\t\t<\/div>\n\t\t\t\t<\/div>\n\t\t\t\t\t<\/div>\n\t\t<\/div>\n\t\t\t\t\t<\/div>\n\t\t<\/section>\n\t\t\t\t<section class=\"elementor-section elementor-top-section elementor-element elementor-element-a2d6cca elementor-section-full_width elementor-section-height-default elementor-section-height-default\" data-id=\"a2d6cca\" data-element_type=\"section\" data-e-type=\"section\">\n\t\t\t\t\t\t<div class=\"elementor-container elementor-column-gap-default\">\n\t\t\t\t\t<div class=\"elementor-column elementor-col-100 elementor-top-column elementor-element elementor-element-a45c6d3\" data-id=\"a45c6d3\" data-element_type=\"column\" data-e-type=\"column\">\n\t\t\t<div class=\"elementor-widget-wrap elementor-element-populated\">\n\t\t\t\t\t\t<div class=\"elementor-element elementor-element-f854b1f elementor-widget elementor-widget-heading\" data-id=\"f854b1f\" data-element_type=\"widget\" data-e-type=\"widget\" data-widget_type=\"heading.default\">\n\t\t\t\t<div class=\"elementor-widget-container\">\n\t\t\t\t\t<h2 class=\"elementor-heading-title elementor-size-default\">KANADA-USA \/ Klasse: Zeitgen\u00f6ssisch\n\n\n\n\n\n\n\n\n\n\n\n\n\n<\/h2>\t\t\t\t<\/div>\n\t\t\t\t<\/div>\n\t\t\t\t<div class=\"elementor-element elementor-element-3947f8e elementor-widget elementor-widget-text-editor\" data-id=\"3947f8e\" data-element_type=\"widget\" data-e-type=\"widget\" data-widget_type=\"text-editor.default\">\n\t\t\t\t<div class=\"elementor-widget-container\">\n\t\t\t\t\t\t\t\t\t<h4 class=\"x-el x-el-h1 c1-1 c1-2 c1-1n c1-1b c1-8l c1-15 c1-13 c1-12 c1-14 c1-b c1-8m c1-20 c1-21 c1-22 c1-23 c1-24 c1-25\" role=\"heading\" aria-level=\"1\" data-ux=\"ContentHeading\" data-aid=\"CONTENT_MEDIA_HEADLINE1_RENDERED\" data-promoted-from=\"4\" data-order=\"1\" data-typography=\"HeadingDelta\">Die Emmy-nominierte Choreografin Stacey Tookey\u2026<\/h4><div class=\"x-el c1-1 c1-2 c1-1n c1-1b c1-4q c1-12 c1-14 c1-8n c1-8o c1-8p c1-8q c1-8r c1-8s c1-8t c1-8u c1-8v c1-8w c1-8x c1-8y c1-8z c1-90 c1-91 c1-92 c1-93 c1-94 c1-95 c1-96 c1-97 c1-98 c1-99 c1-9a c1-9b c1-9c c1-9d c1-9e c1-5k c1-b c1-9f c1-9g c1-21 c1-9h c1-9i c1-9j c1-9k x-rt\" data-ux=\"ContentText\" data-aid=\"CONTENT_MEDIA_DESCRIPTION1_RENDERED\" data-typography=\"BodyAlpha\" data-font-scaled=\"true\"><p>ist eine vielseitige kanadische Regisseurin, Choreografin und T\u00e4nzerin, die im Laufe ihrer Karriere sowohl im Konzert- als auch im kommerziellen Bereich gearbeitet hat. Sie hat mit legend\u00e4ren Musikern wie zusammengearbeitet\u00a0<\/p><ul><li>Celine Dion<\/li><li>Bette Midler<\/li><li>Christina Perri<\/li><li>Justin Timberlake<\/li><li>Michael Bubl\u00e9<\/li><li>Ingrid Michaelson\u00a0<\/li><li>Paula Abdul<\/li><\/ul><p>Zu den Auftrittsh\u00f6hepunkten z\u00e4hlen Mia Michaels&#039; zeitgen\u00f6ssische Tanzkompanie R<em class=\"x-el x-el-span c1-1k c1-1l c1-b c1-9l c1-2s c1-1v c1-9m c1-9n\">.AW,\u00a0<\/em>Parsons Dance Project, Ballet British Columbia, Peter Chus ChuThis, Houston Grand Opera und Celine Dions rekordverd\u00e4chtige Show \u201eA<em class=\"x-el x-el-span c1-1k c1-1l c1-b c1-9l c1-2s c1-1v c1-9m c1-9n\">\u00a0Neuer Tag&quot;\u00a0<\/em>im Caesars Palace, wo sie f\u00fcnf Jahre lang Mitglied der Besetzung war.\u00a0<\/p><p>Zu den Credits f\u00fcr Fernseh- und Filmchoreografien geh\u00f6ren:<\/p><ul><li>Du denkst also, du kannst 10 Staffeln lang tanzen<\/li><li>Du denkst also, du kannst in Kanada tanzen<\/li><li>Mit den Sternen tanzen<\/li><li>Die James Cordin-Show<\/li><li>(Virale Sensation) Shia LeBeouf Live f\u00fcr Rob Cantor<\/li><li>Abtanzen<\/li><li>Der n\u00e4chste Schritt<\/li><li>Fairer Marktwert<\/li><\/ul><p>Sie hat abendf\u00fcllende Ballette f\u00fcr das Cincinnati Ballet und das Los Angeles Ballet choreografiert und an renommierten Universit\u00e4ten wie der Loyola Marymount University, der University of Jacksonville, Princeton und der Juilliard School unterrichtet. Stacey&#039;s Dance Company S<em class=\"x-el x-el-span c1-1k c1-1l c1-b c1-9l c1-2s c1-1v c1-9m c1-9n\">bis Bewegung\u00a0<\/em>feierte seine Weltpremiere von M<em class=\"x-el x-el-span c1-1k c1-1l c1-b c1-9l c1-2s c1-1v c1-9m c1-9n\">Kommentare Definiert\u00a0<\/em>im Jahr 2012 und traten seitdem vor ausverkauftem Publikum in LA, NYC, Long Beach und bei Perry Mansfield, Jacobs Pillow und DansEncore in Trois-Rivi\u00e8res auf.<\/p><p>Stacey choreografiert derzeit zwei neue B\u00fchnenmusicals \u201ePump Up The Volume\u201c und \u201eDancer\u201c sowie das kommende Spielfilmmusical \u201eI&#039;m Not Gay\u201c. Sie freut sich, im Rahmen ihres Ausbildungsprogramms weiterhin Studierende aus der ganzen Welt zu betreuen, die eine Karriere in der Kunst anstreben\u00a0<a class=\"x-el x-el-a c1-1k c1-1l c1-9p c1-1n c1-1b c1-1o c1-1p c1-9q c1-b c1-9r c1-1v c1-9s c1-9t\" href=\"https:\/\/www.theprotegemovement.com\/\" target=\"_blank\" rel=\"noopener\"><strong class=\"x-el x-el-span c1-1k c1-1l c1-b c1-9l c1-2s c1-46 c1-9m\">\u201eDie Sch\u00fctzlingsbewegung\u201c<\/strong><\/a>. Ein Training f\u00fcr T\u00e4nzer, das sich inspirieren l\u00e4sst und gleichzeitig als Ganzes gef\u00f6rdert wird ... Geist, K\u00f6rper und Seele sowie ihr vorprofessionelles Programm\u00a0<a class=\"x-el x-el-a c1-1k c1-1l c1-9p c1-1n c1-1b c1-1o c1-1p c1-9q c1-b c1-9r c1-1v c1-9s c1-9t\" href=\"https:\/\/www.thebridgemovement.com\/\" target=\"_blank\" rel=\"noopener\"><strong class=\"x-el x-el-span c1-1k c1-1l c1-b c1-9l c1-2s c1-46 c1-9m\">\u201eDie Br\u00fcckenbewegung\u201c<\/strong><\/a>.<\/p><\/div><p>Streamen Sie ihre Kurse weiter <a href=\"https:\/\/worlddancemovement.com\/de\/produkt-kategorie\/streaming\/\" target=\"_blank\" rel=\"noopener\">die WDM-Website.<\/a><\/p>\t\t\t\t\t\t\t\t<\/div>\n\t\t\t\t<\/div>\n\t\t\t\t\t<\/div>\n\t\t<\/div>\n\t\t\t\t\t<\/div>\n\t\t<\/section>\n\t\t\t\t<\/div>","protected":false},"excerpt":{"rendered":"<p>STACEY TOOKEY CANADA-USA \/ Class: Contemporary Emmy-nominated choreographer Stacey Tookey&#8230; is a multifaceted, Canadian director, choreographer and dancer who has worked in both concert and commercial platforms throughout her career. She has worked with legendary musical artists such as\u00a0 Celine Dion Bette Midler Christina Perri Justin Timberlake Michael Bubl\u00e9 Ingrid Michealson\u00a0 Paula Abdul Performing highlights [&hellip;]<\/p>\n","protected":false},"author":6,"featured_media":0,"parent":1562,"menu_order":0,"comment_status":"closed","ping_status":"closed","template":"","meta":{"_acf_changed":false,"site-sidebar-layout":"no-sidebar","site-content-layout":"page-builder","ast-site-content-layout":"default","site-content-style":"default","site-sidebar-style":"default","ast-global-header-display":"","ast-banner-title-visibility":"","ast-main-header-display":"","ast-hfb-above-header-display":"","ast-hfb-below-header-display":"","ast-hfb-mobile-header-display":"","site-post-title":"disabled","ast-breadcrumbs-content":"","ast-featured-img":"disabled","footer-sml-layout":"","ast-disable-related-posts":"","theme-transparent-header-meta":"default","adv-header-id-meta":"","stick-header-meta":"default","header-above-stick-meta":"","header-main-stick-meta":"","header-below-stick-meta":"","astra-migrate-meta-layouts":"default","ast-page-background-enabled":"default","ast-page-background-meta":{"desktop":{"background-color":"","background-image":"","background-repeat":"repeat","background-position":"center center","background-size":"auto","background-attachment":"scroll","background-type":"","background-media":"","overlay-type":"","overlay-color":"","overlay-opacity":"","overlay-gradient":""},"tablet":{"background-color":"","background-image":"","background-repeat":"repeat","background-position":"center center","background-size":"auto","background-attachment":"scroll","background-type":"","background-media":"","overlay-type":"","overlay-color":"","overlay-opacity":"","overlay-gradient":""},"mobile":{"background-color":"","background-image":"","background-repeat":"repeat","background-position":"center center","background-size":"auto","background-attachment":"scroll","background-type":"","background-media":"","overlay-type":"","overlay-color":"","overlay-opacity":"","overlay-gradient":""}},"ast-content-background-meta":{"desktop":{"background-color":"var(--ast-global-color-5)","background-image":"","background-repeat":"repeat","background-position":"center center","background-size":"auto","background-attachment":"scroll","background-type":"","background-media":"","overlay-type":"","overlay-color":"","overlay-opacity":"","overlay-gradient":""},"tablet":{"background-color":"var(--ast-global-color-5)","background-image":"","background-repeat":"repeat","background-position":"center center","background-size":"auto","background-attachment":"scroll","background-type":"","background-media":"","overlay-type":"","overlay-color":"","overlay-opacity":"","overlay-gradient":""},"mobile":{"background-color":"var(--ast-global-color-5)","background-image":"","background-repeat":"repeat","background-position":"center center","background-size":"auto","background-attachment":"scroll","background-type":"","background-media":"","overlay-type":"","overlay-color":"","overlay-opacity":"","overlay-gradient":""}},"footnotes":""},"class_list":["post-1709","page","type-page","status-publish","hentry"],"acf":[],"jetpack_sharing_enabled":true,"_links":{"self":[{"href":"https:\/\/worlddancemovement.com\/de\/wp-json\/wp\/v2\/pages\/1709","targetHints":{"allow":["GET"]}}],"collection":[{"href":"https:\/\/worlddancemovement.com\/de\/wp-json\/wp\/v2\/pages"}],"about":[{"href":"https:\/\/worlddancemovement.com\/de\/wp-json\/wp\/v2\/types\/page"}],"author":[{"embeddable":true,"href":"https:\/\/worlddancemovement.com\/de\/wp-json\/wp\/v2\/users\/6"}],"replies":[{"embeddable":true,"href":"https:\/\/worlddancemovement.com\/de\/wp-json\/wp\/v2\/comments?post=1709"}],"version-history":[{"count":10,"href":"https:\/\/worlddancemovement.com\/de\/wp-json\/wp\/v2\/pages\/1709\/revisions"}],"predecessor-version":[{"id":13378,"href":"https:\/\/worlddancemovement.com\/de\/wp-json\/wp\/v2\/pages\/1709\/revisions\/13378"}],"up":[{"embeddable":true,"href":"https:\/\/worlddancemovement.com\/de\/wp-json\/wp\/v2\/pages\/1562"}],"wp:attachment":[{"href":"https:\/\/worlddancemovement.com\/de\/wp-json\/wp\/v2\/media?parent=1709"}],"curies":[{"name":"wp","href":"https:\/\/api.w.org\/{rel}","templated":true}]}}