{"id":1714,"date":"2021-01-01T14:20:22","date_gmt":"2021-01-01T14:20:22","guid":{"rendered":"https:\/\/migrate.worlddancemovement.com\/?page_id=1714"},"modified":"2023-10-05T22:37:54","modified_gmt":"2023-10-05T22:37:54","slug":"rick-tjia","status":"publish","type":"page","link":"https:\/\/worlddancemovement.com\/de\/faculty\/rick-tjia\/","title":{"rendered":"RICK TJIA"},"content":{"rendered":"<div data-elementor-type=\"wp-page\" data-elementor-id=\"1714\" class=\"elementor elementor-1714\" data-elementor-post-type=\"page\">\n\t\t\t\t\t\t<section class=\"elementor-section elementor-top-section elementor-element elementor-element-94ec49d elementor-section-full_width elementor-section-height-min-height elementor-section-height-default elementor-section-items-middle\" data-id=\"94ec49d\" data-element_type=\"section\" data-e-type=\"section\" data-settings=\"{&quot;background_background&quot;:&quot;classic&quot;}\">\n\t\t\t\t\t\t\t<div class=\"elementor-background-overlay\"><\/div>\n\t\t\t\t\t\t\t<div class=\"elementor-container elementor-column-gap-no\">\n\t\t\t\t\t<div class=\"elementor-column elementor-col-100 elementor-top-column elementor-element elementor-element-8268956\" data-id=\"8268956\" data-element_type=\"column\" data-e-type=\"column\">\n\t\t\t<div class=\"elementor-widget-wrap elementor-element-populated\">\n\t\t\t\t\t\t<div class=\"elementor-element elementor-element-5016628 elementor-widget elementor-widget-heading\" data-id=\"5016628\" data-element_type=\"widget\" data-e-type=\"widget\" data-widget_type=\"heading.default\">\n\t\t\t\t<div class=\"elementor-widget-container\">\n\t\t\t\t\t<h2 class=\"elementor-heading-title elementor-size-default\">RICK TJIA\n<\/h2>\t\t\t\t<\/div>\n\t\t\t\t<\/div>\n\t\t\t\t<div class=\"elementor-element elementor-element-a86216f elementor-widget-divider--view-line elementor-widget elementor-widget-divider\" data-id=\"a86216f\" data-element_type=\"widget\" data-e-type=\"widget\" data-widget_type=\"divider.default\">\n\t\t\t\t<div class=\"elementor-widget-container\">\n\t\t\t\t\t\t\t<div class=\"elementor-divider\">\n\t\t\t<span class=\"elementor-divider-separator\">\n\t\t\t\t\t\t<\/span>\n\t\t<\/div>\n\t\t\t\t\t\t<\/div>\n\t\t\t\t<\/div>\n\t\t\t\t\t<\/div>\n\t\t<\/div>\n\t\t\t\t\t<\/div>\n\t\t<\/section>\n\t\t\t\t<section class=\"elementor-section elementor-top-section elementor-element elementor-element-a2d6cca elementor-section-full_width elementor-section-height-default elementor-section-height-default\" data-id=\"a2d6cca\" data-element_type=\"section\" data-e-type=\"section\">\n\t\t\t\t\t\t<div class=\"elementor-container elementor-column-gap-default\">\n\t\t\t\t\t<div class=\"elementor-column elementor-col-100 elementor-top-column elementor-element elementor-element-a45c6d3\" data-id=\"a45c6d3\" data-element_type=\"column\" data-e-type=\"column\">\n\t\t\t<div class=\"elementor-widget-wrap elementor-element-populated\">\n\t\t\t\t\t\t<div class=\"elementor-element elementor-element-f854b1f elementor-widget elementor-widget-heading\" data-id=\"f854b1f\" data-element_type=\"widget\" data-e-type=\"widget\" data-widget_type=\"heading.default\">\n\t\t\t\t<div class=\"elementor-widget-container\">\n\t\t\t\t\t<h2 class=\"elementor-heading-title elementor-size-default\">Zeitgen\u00f6ssische Improvisation, zeitgen\u00f6ssische Partnerschaft \u2013 KANADA\n\n\n\n\n\n\n\n\n\n\n<\/h2>\t\t\t\t<\/div>\n\t\t\t\t<\/div>\n\t\t\t\t<div class=\"elementor-element elementor-element-3947f8e elementor-widget elementor-widget-text-editor\" data-id=\"3947f8e\" data-element_type=\"widget\" data-e-type=\"widget\" data-widget_type=\"text-editor.default\">\n\t\t\t\t<div class=\"elementor-widget-container\">\n\t\t\t\t\t\t\t\t\t<p>Rick Gavin Tjia wurde in Columbia, Missouri, geboren und wuchs in Gainesville, Florida, auf, wo er im Alter von acht Jahren mit dem Stepptanzstudium begann und sich schlie\u00dflich einem professionellen Studium des klassischen Balletts, des Jazz und des zeitgen\u00f6ssischen Tanzes widmete (Ausbildung bei Lehrern wie David Howard, Finis). Jhung, Christine Busch, Bruce Marks, Laura Young und Geri Houlihan). Er bildete sich auch in anderen Disziplinen aus (Trompete, Physik, sp\u00e4ter Gitarrenstudium und verschiedene BWL-Studien). Nach einer umfangreichen Tanz- und Schauspielkarriere, zu der Auftritte beim Ballet Austin, Boston Ballet und Delta Festival Ballet geh\u00f6ren, sowie drei Jahren Arbeit in Film und Fernsehen in Los Angeles (mit Choreografen wie Twyla Tharp, Joe Layton und mit Filmregisseuren). (wie Mark Rydell und James Brooks) schloss sich Rick 1993 den La La La Human Steps in Montreal an, mit denen er acht Jahre lang tanzte und um die Welt tourte. Wie viele T\u00e4nzer und Musiker ist Rick auch Komponist und Choreograf.<\/p><p>Im Jahr 2002 trat er dem Cirque du Soleil bei, wo er von 2004 bis heute als Talent Scout mit Schwerpunkt Tanz t\u00e4tig ist. In den letzten Jahren hat sich Ricks Beitrag zur Casting-Abteilung auf die Mitarbeit und Ausarbeitung neuer Betriebs- und Gesch\u00e4ftsstrategien sowie auf die Mitwirkung an innovativen internen und externen Strategien verschiedener Art ausgeweitet.<\/p>\t\t\t\t\t\t\t\t<\/div>\n\t\t\t\t<\/div>\n\t\t\t\t<div class=\"elementor-element elementor-element-2319da5 elementor-widget elementor-widget-heading\" data-id=\"2319da5\" data-element_type=\"widget\" data-e-type=\"widget\" data-widget_type=\"heading.default\">\n\t\t\t\t<div class=\"elementor-widget-container\">\n\t\t\t\t\t<h4 class=\"elementor-heading-title elementor-size-default\">Zeitgen\u00f6ssische Improvisation \u2013 Konzeptkl\u00e4rung und methodisches Vorgehen\n\n\n\n\n\n\n\n\n\n\n\n\n<\/h4>\t\t\t\t<\/div>\n\t\t\t\t<\/div>\n\t\t\t\t<div class=\"elementor-element elementor-element-144accb elementor-widget elementor-widget-text-editor\" data-id=\"144accb\" data-element_type=\"widget\" data-e-type=\"widget\" data-widget_type=\"text-editor.default\">\n\t\t\t\t<div class=\"elementor-widget-container\">\n\t\t\t\t\t\t\t\t\tBeginnt am Anfang \u2013 um die Frage \u201eWo fange ich an?\u201c zu beantworten. und \u201eWie trainiere ich?\u201c Bei der Improvisation muss man das zugrunde liegende Konzept verstehen und wissen, wie man das Training mit klaren und spezifischen Zielen vor Augen angeht. In diesem Kurs wird versucht, den Improvisationsprozess zu entmystifizieren, damit die Sch\u00fcler wissen, wie sie darauf hinarbeiten k\u00f6nnen, hervorragende Improvisatoren zu werden. Beachten Sie, dass in diesem Kurs viele Informationen auf Englisch verbal \u00fcbermittelt werden.\n\n\t\t\t\t\t\t\t\t<\/div>\n\t\t\t\t<\/div>\n\t\t\t\t<div class=\"elementor-element elementor-element-f927676 elementor-widget elementor-widget-heading\" data-id=\"f927676\" data-element_type=\"widget\" data-e-type=\"widget\" data-widget_type=\"heading.default\">\n\t\t\t\t<div class=\"elementor-widget-container\">\n\t\t\t\t\t<h4 class=\"elementor-heading-title elementor-size-default\">Zeitgen\u00f6ssisches Partnering \u2013 Grundtechnik\n\n\n\n\n\n\n\n\n\n\n\n\n\n<\/h4>\t\t\t\t<\/div>\n\t\t\t\t<\/div>\n\t\t\t\t<div class=\"elementor-element elementor-element-38afb0f elementor-widget elementor-widget-text-editor\" data-id=\"38afb0f\" data-element_type=\"widget\" data-e-type=\"widget\" data-widget_type=\"text-editor.default\">\n\t\t\t\t<div class=\"elementor-widget-container\">\n\t\t\t\t\t\t\t\t\tVermittelt einige oft ignorierte Grundlagen der Zusammenarbeit mit einem Partner. Behandelt einige der Grundlagen, die notwendig sind, um ein gro\u00dfartiger Tanzpartner zu werden, indem es den T\u00e4nzern hilft, die dahinter stehende Physik zu verstehen. Die in diesem Kurs erlernten Techniken k\u00f6nnen auch auf das klassische Partnering angewendet werden, allerdings wird kein rein klassisches Bewegungsvokabular verwendet. Hinweis: Es muss nicht die gleiche Anzahl von M\u00e4nnern und Frauen in der Klasse sein, damit unterrichtet werden kann. \n\n\t\t\t\t\t\t\t\t<\/div>\n\t\t\t\t<\/div>\n\t\t\t\t\t<\/div>\n\t\t<\/div>\n\t\t\t\t\t<\/div>\n\t\t<\/section>\n\t\t\t\t<\/div>","protected":false},"excerpt":{"rendered":"<p>RICK TJIA Contemporary Improvisation, Contemporary Partnering &#8211; CANADA Born in Columbia, Missouri, Rick Gavin Tjia grew up in Gainesville, Florida, where at age eight he began studies in tap dancing, eventually branching out into professional studies of classical ballet, jazz and contemporary dance (training with teachers like David Howard, Finis Jhung, Christine Busch, Bruce Marks, [&hellip;]<\/p>\n","protected":false},"author":6,"featured_media":0,"parent":1562,"menu_order":0,"comment_status":"closed","ping_status":"closed","template":"","meta":{"_acf_changed":false,"site-sidebar-layout":"no-sidebar","site-content-layout":"page-builder","ast-site-content-layout":"default","site-content-style":"default","site-sidebar-style":"default","ast-global-header-display":"","ast-banner-title-visibility":"","ast-main-header-display":"","ast-hfb-above-header-display":"","ast-hfb-below-header-display":"","ast-hfb-mobile-header-display":"","site-post-title":"disabled","ast-breadcrumbs-content":"","ast-featured-img":"disabled","footer-sml-layout":"","ast-disable-related-posts":"","theme-transparent-header-meta":"default","adv-header-id-meta":"","stick-header-meta":"default","header-above-stick-meta":"","header-main-stick-meta":"","header-below-stick-meta":"","astra-migrate-meta-layouts":"default","ast-page-background-enabled":"default","ast-page-background-meta":{"desktop":{"background-color":"","background-image":"","background-repeat":"repeat","background-position":"center center","background-size":"auto","background-attachment":"scroll","background-type":"","background-media":"","overlay-type":"","overlay-color":"","overlay-opacity":"","overlay-gradient":""},"tablet":{"background-color":"","background-image":"","background-repeat":"repeat","background-position":"center center","background-size":"auto","background-attachment":"scroll","background-type":"","background-media":"","overlay-type":"","overlay-color":"","overlay-opacity":"","overlay-gradient":""},"mobile":{"background-color":"","background-image":"","background-repeat":"repeat","background-position":"center center","background-size":"auto","background-attachment":"scroll","background-type":"","background-media":"","overlay-type":"","overlay-color":"","overlay-opacity":"","overlay-gradient":""}},"ast-content-background-meta":{"desktop":{"background-color":"var(--ast-global-color-5)","background-image":"","background-repeat":"repeat","background-position":"center center","background-size":"auto","background-attachment":"scroll","background-type":"","background-media":"","overlay-type":"","overlay-color":"","overlay-opacity":"","overlay-gradient":""},"tablet":{"background-color":"var(--ast-global-color-5)","background-image":"","background-repeat":"repeat","background-position":"center center","background-size":"auto","background-attachment":"scroll","background-type":"","background-media":"","overlay-type":"","overlay-color":"","overlay-opacity":"","overlay-gradient":""},"mobile":{"background-color":"var(--ast-global-color-5)","background-image":"","background-repeat":"repeat","background-position":"center center","background-size":"auto","background-attachment":"scroll","background-type":"","background-media":"","overlay-type":"","overlay-color":"","overlay-opacity":"","overlay-gradient":""}},"footnotes":""},"class_list":["post-1714","page","type-page","status-publish","hentry"],"acf":[],"jetpack_sharing_enabled":true,"_links":{"self":[{"href":"https:\/\/worlddancemovement.com\/de\/wp-json\/wp\/v2\/pages\/1714","targetHints":{"allow":["GET"]}}],"collection":[{"href":"https:\/\/worlddancemovement.com\/de\/wp-json\/wp\/v2\/pages"}],"about":[{"href":"https:\/\/worlddancemovement.com\/de\/wp-json\/wp\/v2\/types\/page"}],"author":[{"embeddable":true,"href":"https:\/\/worlddancemovement.com\/de\/wp-json\/wp\/v2\/users\/6"}],"replies":[{"embeddable":true,"href":"https:\/\/worlddancemovement.com\/de\/wp-json\/wp\/v2\/comments?post=1714"}],"version-history":[{"count":10,"href":"https:\/\/worlddancemovement.com\/de\/wp-json\/wp\/v2\/pages\/1714\/revisions"}],"predecessor-version":[{"id":13384,"href":"https:\/\/worlddancemovement.com\/de\/wp-json\/wp\/v2\/pages\/1714\/revisions\/13384"}],"up":[{"embeddable":true,"href":"https:\/\/worlddancemovement.com\/de\/wp-json\/wp\/v2\/pages\/1562"}],"wp:attachment":[{"href":"https:\/\/worlddancemovement.com\/de\/wp-json\/wp\/v2\/media?parent=1714"}],"curies":[{"name":"wp","href":"https:\/\/api.w.org\/{rel}","templated":true}]}}