{"id":1741,"date":"2021-01-01T14:45:28","date_gmt":"2021-01-01T14:45:28","guid":{"rendered":"https:\/\/migrate.worlddancemovement.com\/?page_id=1741"},"modified":"2021-01-23T20:00:07","modified_gmt":"2021-01-23T20:00:07","slug":"fredy-franzutti-wdm","status":"publish","type":"page","link":"https:\/\/worlddancemovement.com\/de\/faculty\/fredy-franzutti-wdm\/","title":{"rendered":"FREDY FRANZUTTI"},"content":{"rendered":"<div data-elementor-type=\"wp-page\" data-elementor-id=\"1741\" class=\"elementor elementor-1741\" data-elementor-post-type=\"page\">\n\t\t\t\t\t\t<section class=\"elementor-section elementor-top-section elementor-element elementor-element-94ec49d elementor-section-full_width elementor-section-height-min-height elementor-section-height-default elementor-section-items-middle\" data-id=\"94ec49d\" data-element_type=\"section\" data-e-type=\"section\" data-settings=\"{&quot;background_background&quot;:&quot;classic&quot;}\">\n\t\t\t\t\t\t\t<div class=\"elementor-background-overlay\"><\/div>\n\t\t\t\t\t\t\t<div class=\"elementor-container elementor-column-gap-no\">\n\t\t\t\t\t<div class=\"elementor-column elementor-col-100 elementor-top-column elementor-element elementor-element-8268956\" data-id=\"8268956\" data-element_type=\"column\" data-e-type=\"column\">\n\t\t\t<div class=\"elementor-widget-wrap elementor-element-populated\">\n\t\t\t\t\t\t<div class=\"elementor-element elementor-element-5016628 elementor-widget elementor-widget-heading\" data-id=\"5016628\" data-element_type=\"widget\" data-e-type=\"widget\" data-widget_type=\"heading.default\">\n\t\t\t\t<div class=\"elementor-widget-container\">\n\t\t\t\t\t<h2 class=\"elementor-heading-title elementor-size-default\">FREDY FRANZUTTI\n<\/h2>\t\t\t\t<\/div>\n\t\t\t\t<\/div>\n\t\t\t\t<div class=\"elementor-element elementor-element-a86216f elementor-widget-divider--view-line elementor-widget elementor-widget-divider\" data-id=\"a86216f\" data-element_type=\"widget\" data-e-type=\"widget\" data-widget_type=\"divider.default\">\n\t\t\t\t<div class=\"elementor-widget-container\">\n\t\t\t\t\t\t\t<div class=\"elementor-divider\">\n\t\t\t<span class=\"elementor-divider-separator\">\n\t\t\t\t\t\t<\/span>\n\t\t<\/div>\n\t\t\t\t\t\t<\/div>\n\t\t\t\t<\/div>\n\t\t\t\t\t<\/div>\n\t\t<\/div>\n\t\t\t\t\t<\/div>\n\t\t<\/section>\n\t\t\t\t<section class=\"elementor-section elementor-top-section elementor-element elementor-element-a2d6cca elementor-section-full_width elementor-section-height-default elementor-section-height-default\" data-id=\"a2d6cca\" data-element_type=\"section\" data-e-type=\"section\">\n\t\t\t\t\t\t<div class=\"elementor-container elementor-column-gap-default\">\n\t\t\t\t\t<div class=\"elementor-column elementor-col-100 elementor-top-column elementor-element elementor-element-a45c6d3\" data-id=\"a45c6d3\" data-element_type=\"column\" data-e-type=\"column\">\n\t\t\t<div class=\"elementor-widget-wrap elementor-element-populated\">\n\t\t\t\t\t\t<div class=\"elementor-element elementor-element-f854b1f elementor-widget elementor-widget-heading\" data-id=\"f854b1f\" data-element_type=\"widget\" data-e-type=\"widget\" data-widget_type=\"heading.default\">\n\t\t\t\t<div class=\"elementor-widget-container\">\n\t\t\t\t\t<h2 class=\"elementor-heading-title elementor-size-default\">ITALIEN \/ Klasse: Ballett\n\n\n\n\n\n\n\n\n\n\n<\/h2>\t\t\t\t<\/div>\n\t\t\t\t<\/div>\n\t\t\t\t<div class=\"elementor-element elementor-element-3947f8e elementor-widget elementor-widget-text-editor\" data-id=\"3947f8e\" data-element_type=\"widget\" data-e-type=\"widget\" data-widget_type=\"text-editor.default\">\n\t\t\t\t<div class=\"elementor-widget-container\">\n\t\t\t\t\t\t\t\t\t<p>FREDY Franzutti galt sofort als \u201eitalienisches Wunderkind der Gar\u00e7on-Choreografie\u201c (Michele Nocera -Tuttodanza) und als \u201eeiner der angesehensten Choreografen des Landes\u201c (Vittoria Ottolenghi). Erstellen Sie Ballette f\u00fcr das Theater \u201eBolschoi\u201c Moskau, f\u00fcr die Oper von Rom, das Teatro dell&#039;Opera in Sophia, die Oper von Monte Carlo, die Oper von Bilbao, f\u00fcr das Theater \u201eV. Bellini \u201eCatania\u201c und f\u00fcr mehrere Veranstaltungen Rai Uno als T\u00e4nze des Neujahrskonzerts 2004 unter der Regie von Lorin Maazel, \u00fcbertragen aus Venedig im Eurovision Song Contest.<\/p><p>Seit 1995 leitet er das \u201eBallett des S\u00fcdens\u201c, f\u00fcr das er 25 Produktionen choreographierte, darunter \u201eDer Nussknacker\u201c, \u201eSchwanensee\u201c, \u201eDornr\u00f6schen\u201c, \u201eRomeo und Julia\u201c, \u201eScheherazade\u201c und \u201eDer Feuervogel\u201c. \u201e. Heute ist seine Kompanie auf dem wichtigsten italienischen Festival zu sehen und beteiligt sich auch an zahlreichen Opernproduktionen, wir erinnern uns an die auf Einladung von Pier Luigi Pizzi am ROF von Pesaro und am Teatro Lirico in Cagliari, an Paul Miccich\u00e8 an die Caracalla-Thermen in Rom (Aida 2006), Flavio Trevisan am Teatro Bellini in Catania, Pier Francesco Maestrini am Teatro Valli in Reggio Emilia, in Russland und Spanien, Beppe De Tomasi in Frankreich. Franzutti war Choreografin der T\u00e4nze der Opernsaison von Lecce von 1998 bis 2005 auf Einladung von Katia Ricciarelli und seit 2006 auf Einladung von Philip Zigante. Franzutti arbeitet mit Carla Fracci und Lindsay Kemp zusammen und kreiert Choreografien f\u00fcr zahlreiche internationale \u00c8toile. Erinnern Sie sich auch an die T\u00e4nze des \u201eMartyriums des Heiligen Sebastian\u201c mit Giorgio Albertazzi in Verona, die Er\u00f6ffnungsveranstaltung des R\u00f6mischen Theaters von Lecce (f\u00fcr die Fondazione Memmo), die Einweihung der Porta Galliera (2003) und die Treppe von Pincio (2004). Bologna (f\u00fcr Vittoria Cappelli). Auf Einladung von Vittoria nahm Ottolenghi an mehreren Ausgaben des Internationalen Marathons teil und tanzte zur Show mit Musik von Luciano Berio \u201eTriumphe des Petrarca\u201c zum Mitlefest Cividale. Maurizio Squillante beauftragte ihn mit der Choreografie seiner zeitgen\u00f6ssischen Oper \u201eThe Wings of Daedalus\u201c, die auf nationaler Tournee war.<br \/>Zu den italienischen Festivals, bei denen seine Kompanie mehrere Male auftrat, geh\u00f6ren das Versiliana-Festival und die von Vignale, Rom, Todi, Venedig, Mailand, Syrakus, Taormina, Paestum und Gardone Riviera, und er trat in zahlreichen italienischen Theatern auf. Erinnern Sie sich auch an den Pavillao Atlantic in Lissabon, die Olympiahalle von Monaco in Bayern, das Teatro Euskalduna in Bilbao und die Tournee 2006 in Theatern in Hanoi und Ho-Chi-Min-Stadt in Vietnam.<\/p><p>Die von ihm gestalteten Shows, zu denen auch Lesetexte geh\u00f6ren, wurden von Ugo Pagliai, Paola Pythagoras, Michele Mirabella und Arnoldo Foa besucht. Zu den Musikern, mit denen er zusammenarbeitet, geh\u00f6ren Lorin Maazel, Richard Bonynge, Karl Martin und Francesco Libetta. Franzutti f\u00fchrt Regie beim Kurzfilm \u201eIf This Is a Man\u201c mit Michele Placido und Emilio Solfrizzi in den Hauptrollen. Zu den Fernsehauftritten der Veranstaltung z\u00e4hlen neben dem Neujahrskonzert 2004 auch die Choreografie f\u00fcr \u201eTag der Republik\u201c 2002, f\u00fcr die Sendung \u201eEine Stimme f\u00fcr Padre Pio\u201c (2004 und 2006) und f\u00fcr Rai 2 \u201ePremio Zeus\u201c. ( 2005 und 2006), die Sommerwunder (Padula 2006), \u201eSie \u2026 Golf\u201c (Pompeji 2007), \u201eDer Kreislauf des Lebens\u201c (Agropoli 2007).<\/p><p>Carla Fracci l\u00e4dt Franzutti f\u00fcr die Choreographie des Balletts ins Opernhaus in Rom ein: \u201eKatharina, die Tochter der Verbannten\u201c zur Musik von Pugni, \u201eBaccus und Ariadne\u201c zur Musik von Russell und \u201eDie Tochter der Donau\u201c zur Musik von Adam.<\/p><p>Die ma\u00dfgeblichste Kritik zeigt ein breites Interesse an seiner Arbeit und hebt die urspr\u00fcnglichen und modernen Merkmale hervor.<\/p>\t\t\t\t\t\t\t\t<\/div>\n\t\t\t\t<\/div>\n\t\t\t\t<div class=\"elementor-element elementor-element-a136ef3 elementor-widget elementor-widget-heading\" data-id=\"a136ef3\" data-element_type=\"widget\" data-e-type=\"widget\" data-widget_type=\"heading.default\">\n\t\t\t\t<div class=\"elementor-widget-container\">\n\t\t\t\t\t<h2 class=\"elementor-heading-title elementor-size-default\"><a href=\"http:\/\/translate.google.com\/translate?depth=1&#038;hl=en&#038;prev=search&#038;rurl=translate.google.com&#038;sl=it&#038;u=http:\/\/www.ballettodelsud.it\/index.php%3Foption%3Dcom_content%26task%3Dview%26id%3D237%26Itemid%3D50\">Fredy Franzutti-Karte \n\n\n\n\n\n\n\n\n\n<\/a><\/h2>\t\t\t\t<\/div>\n\t\t\t\t<\/div>\n\t\t\t\t<div class=\"elementor-element elementor-element-2187aa7 elementor-widget elementor-widget-text-editor\" data-id=\"2187aa7\" data-element_type=\"widget\" data-e-type=\"widget\" data-widget_type=\"text-editor.default\">\n\t\t\t\t<div class=\"elementor-widget-container\">\n\t\t\t\t\t\t\t\t\t<p>\u201eDer Direktor des Balletts des S\u00fcdens hat sein neues \u201eDornr\u00f6schen\u201c in seiner Heimat Salento inszeniert \u2026 Eine brillante Idee.\u201c<br \/>Vittoria Ottolenghi \u2013 L&#039;Espresso<\/p><p>\u201eFredy Franzutti wirkte immer noch wie ein Choreograf, der so entschlossen und leidenschaftlich dabei war, die gro\u00dfen Gesch\u00fctze der Ballettliteratur in Angriff zu nehmen, ehrgeizig, aber nicht unrealistisch und von der Kreativit\u00e4t angezogen.\u201c<br \/>Albert \u2013 Ballett heute<\/p><p>\u201eFranzutti \u00fcberarbeitet mit eigenwilliger Arbeit, auf sehr pers\u00f6nliche und zeitgem\u00e4\u00dfe Weise, Erz\u00e4hlmethoden und konstruiert Shows, die Spuren hinterlassen.\u201c<br \/>Michele Nocera \u2013 Tuttodanza<\/p><p>\u201eFredy Franzutti, ich habe gro\u00dfen Respekt vor seiner Arbeit und seinem Engagement als K\u00fcnstler.\u201c<br \/>Pier Luigi Pizzi \u2013 Das T\u00e4gliche<\/p><p>\u201eInsbesondere habe ich eine gro\u00dfartige Beziehung zum Choreografen Fredy Franzutti \u2026 weil er neben seiner au\u00dfergew\u00f6hnlichen und einfallsreichen romantischen Ader auch die F\u00e4higkeit besitzt, Menschen zum Lachen zu bringen, und Choreografiegeister sind am schwersten zu erreichen.\u201c .Beppe De Tomasi<\/p><p>\u201eDas passt zu Franzutti in der Tradition vieler gro\u00dfer Choreografen der britischen Schule.\u201c<br \/>Nicola Sbis\u00e0 \u2013 Gazzetta del Mezzogiorno<\/p>\t\t\t\t\t\t\t\t<\/div>\n\t\t\t\t<\/div>\n\t\t\t\t\t<\/div>\n\t\t<\/div>\n\t\t\t\t\t<\/div>\n\t\t<\/section>\n\t\t\t\t<\/div>","protected":false},"excerpt":{"rendered":"<p>FREDY FRANZUTTI ITALY \/ Class: Ballet FREDY Franzutti was immediately considered the &#8220;gar\u00e7on prodigy choreography Italian&#8221; (Michele Nocera -Tuttodanza), and &#8220;one of the most respected choreographers in the national&#8221; (Vittoria Ottolenghi). Create ballets for the Theatre &#8220;Bolshoi&#8221; Moscow, for the Rome Opera, the Teatro dell&#8217;Opera in Sophia, the Monte Carlo Opera, the Opera of Bilbao, [&hellip;]<\/p>\n","protected":false},"author":6,"featured_media":0,"parent":1562,"menu_order":0,"comment_status":"closed","ping_status":"closed","template":"","meta":{"_acf_changed":false,"site-sidebar-layout":"no-sidebar","site-content-layout":"page-builder","ast-site-content-layout":"default","site-content-style":"default","site-sidebar-style":"default","ast-global-header-display":"","ast-banner-title-visibility":"","ast-main-header-display":"","ast-hfb-above-header-display":"","ast-hfb-below-header-display":"","ast-hfb-mobile-header-display":"","site-post-title":"disabled","ast-breadcrumbs-content":"","ast-featured-img":"disabled","footer-sml-layout":"","ast-disable-related-posts":"","theme-transparent-header-meta":"default","adv-header-id-meta":"","stick-header-meta":"default","header-above-stick-meta":"","header-main-stick-meta":"","header-below-stick-meta":"","astra-migrate-meta-layouts":"default","ast-page-background-enabled":"default","ast-page-background-meta":{"desktop":{"background-color":"","background-image":"","background-repeat":"repeat","background-position":"center center","background-size":"auto","background-attachment":"scroll","background-type":"","background-media":"","overlay-type":"","overlay-color":"","overlay-opacity":"","overlay-gradient":""},"tablet":{"background-color":"","background-image":"","background-repeat":"repeat","background-position":"center center","background-size":"auto","background-attachment":"scroll","background-type":"","background-media":"","overlay-type":"","overlay-color":"","overlay-opacity":"","overlay-gradient":""},"mobile":{"background-color":"","background-image":"","background-repeat":"repeat","background-position":"center center","background-size":"auto","background-attachment":"scroll","background-type":"","background-media":"","overlay-type":"","overlay-color":"","overlay-opacity":"","overlay-gradient":""}},"ast-content-background-meta":{"desktop":{"background-color":"var(--ast-global-color-5)","background-image":"","background-repeat":"repeat","background-position":"center center","background-size":"auto","background-attachment":"scroll","background-type":"","background-media":"","overlay-type":"","overlay-color":"","overlay-opacity":"","overlay-gradient":""},"tablet":{"background-color":"var(--ast-global-color-5)","background-image":"","background-repeat":"repeat","background-position":"center center","background-size":"auto","background-attachment":"scroll","background-type":"","background-media":"","overlay-type":"","overlay-color":"","overlay-opacity":"","overlay-gradient":""},"mobile":{"background-color":"var(--ast-global-color-5)","background-image":"","background-repeat":"repeat","background-position":"center center","background-size":"auto","background-attachment":"scroll","background-type":"","background-media":"","overlay-type":"","overlay-color":"","overlay-opacity":"","overlay-gradient":""}},"footnotes":""},"class_list":["post-1741","page","type-page","status-publish","hentry"],"acf":[],"jetpack_sharing_enabled":true,"_links":{"self":[{"href":"https:\/\/worlddancemovement.com\/de\/wp-json\/wp\/v2\/pages\/1741","targetHints":{"allow":["GET"]}}],"collection":[{"href":"https:\/\/worlddancemovement.com\/de\/wp-json\/wp\/v2\/pages"}],"about":[{"href":"https:\/\/worlddancemovement.com\/de\/wp-json\/wp\/v2\/types\/page"}],"author":[{"embeddable":true,"href":"https:\/\/worlddancemovement.com\/de\/wp-json\/wp\/v2\/users\/6"}],"replies":[{"embeddable":true,"href":"https:\/\/worlddancemovement.com\/de\/wp-json\/wp\/v2\/comments?post=1741"}],"version-history":[{"count":10,"href":"https:\/\/worlddancemovement.com\/de\/wp-json\/wp\/v2\/pages\/1741\/revisions"}],"predecessor-version":[{"id":3200,"href":"https:\/\/worlddancemovement.com\/de\/wp-json\/wp\/v2\/pages\/1741\/revisions\/3200"}],"up":[{"embeddable":true,"href":"https:\/\/worlddancemovement.com\/de\/wp-json\/wp\/v2\/pages\/1562"}],"wp:attachment":[{"href":"https:\/\/worlddancemovement.com\/de\/wp-json\/wp\/v2\/media?parent=1741"}],"curies":[{"name":"wp","href":"https:\/\/api.w.org\/{rel}","templated":true}]}}