{"id":1746,"date":"2021-01-01T14:49:35","date_gmt":"2021-01-01T14:49:35","guid":{"rendered":"https:\/\/migrate.worlddancemovement.com\/?page_id=1746"},"modified":"2021-01-23T19:58:48","modified_gmt":"2021-01-23T19:58:48","slug":"ana-catalina-roman","status":"publish","type":"page","link":"https:\/\/worlddancemovement.com\/de\/faculty\/ana-catalina-roman\/","title":{"rendered":"ANA CATALINA ROM\u00c1N"},"content":{"rendered":"<div data-elementor-type=\"wp-page\" data-elementor-id=\"1746\" class=\"elementor elementor-1746\" data-elementor-post-type=\"page\">\n\t\t\t\t\t\t<section class=\"elementor-section elementor-top-section elementor-element elementor-element-94ec49d elementor-section-full_width elementor-section-height-min-height elementor-section-height-default elementor-section-items-middle\" data-id=\"94ec49d\" data-element_type=\"section\" data-e-type=\"section\" data-settings=\"{&quot;background_background&quot;:&quot;classic&quot;}\">\n\t\t\t\t\t\t\t<div class=\"elementor-background-overlay\"><\/div>\n\t\t\t\t\t\t\t<div class=\"elementor-container elementor-column-gap-no\">\n\t\t\t\t\t<div class=\"elementor-column elementor-col-100 elementor-top-column elementor-element elementor-element-8268956\" data-id=\"8268956\" data-element_type=\"column\" data-e-type=\"column\">\n\t\t\t<div class=\"elementor-widget-wrap elementor-element-populated\">\n\t\t\t\t\t\t<div class=\"elementor-element elementor-element-5016628 elementor-widget elementor-widget-heading\" data-id=\"5016628\" data-element_type=\"widget\" data-e-type=\"widget\" data-widget_type=\"heading.default\">\n\t\t\t\t<div class=\"elementor-widget-container\">\n\t\t\t\t\t<h2 class=\"elementor-heading-title elementor-size-default\">ANA CATALINA ROM\u00c1N\n<\/h2>\t\t\t\t<\/div>\n\t\t\t\t<\/div>\n\t\t\t\t<div class=\"elementor-element elementor-element-a86216f elementor-widget-divider--view-line elementor-widget elementor-widget-divider\" data-id=\"a86216f\" data-element_type=\"widget\" data-e-type=\"widget\" data-widget_type=\"divider.default\">\n\t\t\t\t<div class=\"elementor-widget-container\">\n\t\t\t\t\t\t\t<div class=\"elementor-divider\">\n\t\t\t<span class=\"elementor-divider-separator\">\n\t\t\t\t\t\t<\/span>\n\t\t<\/div>\n\t\t\t\t\t\t<\/div>\n\t\t\t\t<\/div>\n\t\t\t\t\t<\/div>\n\t\t<\/div>\n\t\t\t\t\t<\/div>\n\t\t<\/section>\n\t\t\t\t<section class=\"elementor-section elementor-top-section elementor-element elementor-element-a2d6cca elementor-section-full_width elementor-section-height-default elementor-section-height-default\" data-id=\"a2d6cca\" data-element_type=\"section\" data-e-type=\"section\">\n\t\t\t\t\t\t<div class=\"elementor-container elementor-column-gap-default\">\n\t\t\t\t\t<div class=\"elementor-column elementor-col-100 elementor-top-column elementor-element elementor-element-a45c6d3\" data-id=\"a45c6d3\" data-element_type=\"column\" data-e-type=\"column\">\n\t\t\t<div class=\"elementor-widget-wrap elementor-element-populated\">\n\t\t\t\t\t\t<div class=\"elementor-element elementor-element-f854b1f elementor-widget elementor-widget-heading\" data-id=\"f854b1f\" data-element_type=\"widget\" data-e-type=\"widget\" data-widget_type=\"heading.default\">\n\t\t\t\t<div class=\"elementor-widget-container\">\n\t\t\t\t\t<h2 class=\"elementor-heading-title elementor-size-default\">SPANIEN \/ Klasse: W.Forsythe Technik und Repertoire  \n\n\n\n\n\n\n\n\n\n<\/h2>\t\t\t\t<\/div>\n\t\t\t\t<\/div>\n\t\t\t\t<div class=\"elementor-element elementor-element-3947f8e elementor-widget elementor-widget-text-editor\" data-id=\"3947f8e\" data-element_type=\"widget\" data-e-type=\"widget\" data-widget_type=\"text-editor.default\">\n\t\t\t\t<div class=\"elementor-widget-container\">\n\t\t\t\t\t\t\t\t\t<p>Ana Catalina Rom\u00e1n absolvierte ihr klassisches Tanzstudium am \u201eReal Conservatorio Superior\u201c in Madrid, Spanien und an der \u201eJohn Cranko Ballett-Akademie\u201c in Stuttgart-Deutschland und studierte als klassische Tanzlehrerin bei Kathy Bennets in Frankfurt. Sie hat einen Master of Scenic Arts an der Universit\u00e4t Rey Juan Carlos abgeschlossen und Filmanimation an der \u201eEscuela de Artes Visuales de Madrid \u2013 Animart\u201c studiert.<\/p><p>Zwischen 1978 und 1980 war er beim \u201eGelsenkirchener Ballett-Musiktheater im Revier\u201c unter der Leitung des Choreografen Bernd Schindowsky engagiert.<\/p><p>Seit 1980 tanzte er beim \u201eBALLETT FRANKFURT\u201c, die ersten 4 Jahre unter der Leitung von Egon Madsen; Auff\u00fchrungsrepertoire von Choreografen wie John Cranko, G.Balanchine, Peter Wright und Uwe Scholz.<\/p><p>Weiter im Ballett Frankfurt begann sie ab 1982 mit William Forsythe zu arbeiten, zun\u00e4chst kam er als Gastchoreograf, sp\u00e4ter ab 1984 als Regisseur zu ihm. Von 1987 bis 2000 war sie Solistin. Sie tanzte in vielen seiner Kreationen und wirkte in einigen davon an der Schaffung ihrer eigenen Rollen mit. Wir w\u00fcrden hier erw\u00e4hnen: \u201eDie Befragung des Robert Scott\u201c, \u201eImpressing the Czar\u201c, \u201eLimb\u2019s Theorem\u201c, \u201eSlingerland\u201c und \u201eThe Loss of Small Detail\u201c.<\/p><p>W\u00e4hrend dieser Zeit tanzte sie auch in Balletten von Gastchoreografen wie Toni Rizzi, Amanda Miller, Pascal Touzau, Jan Farbre, Mak Heim und Daniel Larrieu.<\/p><p>Ab 1992 begann sie au\u00dferdem W. Forsythe bei der Komposition von Balletten wie \u201eInvisible Film\u201c und \u201eFour Point Counter\u201c zu unterst\u00fctzen und war Produktionsassistentin bei \u201eOf any if and\u201c.<\/p><p>Sie hat W. Forsythe-Choreografien in verschiedenen Kompanien inszeniert, darunter: NDT-La Haya, CND-Madrid, Les Ballets de Monte Carlo, Bayerisches Staatsballett M\u00fcnchen und Hubbard Street-Dance Chicago.<\/p><p>Sie unterrichtet Seminare \u00fcber Forsythe-Improvisationstechnologien, W.Forsythe-Repertoire, choreografische Komposition und Ballettunterricht an verschiedenen Schulen. Unter anderem: Conservatoire de Lyon, PARTS-Br\u00fcssel, Espacio Madrid, Tanzuniversit\u00e4t Stockholm, Palucca Schule-Dresden, Isl\u00e4ndische Akademie der K\u00fcnste, Toulouse Conservatoire und Conservatorio Superior de Danza Mar\u00eda de \u00c1vila \u2013 Madrid.<\/p><p>Zu ihrem Repertoire als Choreografin geh\u00f6ren Ballette wie \u201eEquipoise\u201c, \u201eThe Secret Bob\u201c, \u201eFases inobservadas\u201c, \u201e7 rasgos\u201c, \u201eSi quisiera no podr\u00eda y si pudiera no quisiese\u201c, \u201eSurface Pour R\u00eaves\u201c, \u201eHecho a mano\u201c, Parent(h)esis, (o dicho sea de paso) und Choreographik-Tanzp\u00e4dagogische Projekte wie: \u201eFirst Steps\u201c f\u00fcr das \u201eMuseum f\u00fcr Angewandte Kunst Frankfurt\u201c und \u201eAnnaTanz\u201c im St.-Anna-Gymnasium M\u00fcnchen. Choreografische Arbeiten wie \u201eTiento\u201c und \u201eDiscordio\u201c in Zusammenarbeit mit Studierenden der CSDMA.<\/p>\t\t\t\t\t\t\t\t<\/div>\n\t\t\t\t<\/div>\n\t\t\t\t\t<\/div>\n\t\t<\/div>\n\t\t\t\t\t<\/div>\n\t\t<\/section>\n\t\t\t\t<\/div>","protected":false},"excerpt":{"rendered":"<p>ANA CATALINA ROM\u00c1N SPAIN \/ Class: W.Forsythe Technique and Repertoire Ana Catalina Rom\u00e1n completed her classical Dance Studies at the \u201eReal Conservatorio Superior\u201c in Madrid Spain and at The \u201eJohn Cranko Ballett-Akademie\u201c in Stuttgart-Germany and studied as a classical dance teacher with Kathy Bennets in Frankfurt. She has completed a Master of Scenic Arts at [&hellip;]<\/p>\n","protected":false},"author":6,"featured_media":0,"parent":1562,"menu_order":0,"comment_status":"closed","ping_status":"closed","template":"","meta":{"_acf_changed":false,"site-sidebar-layout":"no-sidebar","site-content-layout":"page-builder","ast-site-content-layout":"default","site-content-style":"default","site-sidebar-style":"default","ast-global-header-display":"","ast-banner-title-visibility":"","ast-main-header-display":"","ast-hfb-above-header-display":"","ast-hfb-below-header-display":"","ast-hfb-mobile-header-display":"","site-post-title":"disabled","ast-breadcrumbs-content":"","ast-featured-img":"disabled","footer-sml-layout":"","ast-disable-related-posts":"","theme-transparent-header-meta":"default","adv-header-id-meta":"","stick-header-meta":"default","header-above-stick-meta":"","header-main-stick-meta":"","header-below-stick-meta":"","astra-migrate-meta-layouts":"default","ast-page-background-enabled":"default","ast-page-background-meta":{"desktop":{"background-color":"","background-image":"","background-repeat":"repeat","background-position":"center center","background-size":"auto","background-attachment":"scroll","background-type":"","background-media":"","overlay-type":"","overlay-color":"","overlay-opacity":"","overlay-gradient":""},"tablet":{"background-color":"","background-image":"","background-repeat":"repeat","background-position":"center center","background-size":"auto","background-attachment":"scroll","background-type":"","background-media":"","overlay-type":"","overlay-color":"","overlay-opacity":"","overlay-gradient":""},"mobile":{"background-color":"","background-image":"","background-repeat":"repeat","background-position":"center center","background-size":"auto","background-attachment":"scroll","background-type":"","background-media":"","overlay-type":"","overlay-color":"","overlay-opacity":"","overlay-gradient":""}},"ast-content-background-meta":{"desktop":{"background-color":"var(--ast-global-color-5)","background-image":"","background-repeat":"repeat","background-position":"center center","background-size":"auto","background-attachment":"scroll","background-type":"","background-media":"","overlay-type":"","overlay-color":"","overlay-opacity":"","overlay-gradient":""},"tablet":{"background-color":"var(--ast-global-color-5)","background-image":"","background-repeat":"repeat","background-position":"center center","background-size":"auto","background-attachment":"scroll","background-type":"","background-media":"","overlay-type":"","overlay-color":"","overlay-opacity":"","overlay-gradient":""},"mobile":{"background-color":"var(--ast-global-color-5)","background-image":"","background-repeat":"repeat","background-position":"center center","background-size":"auto","background-attachment":"scroll","background-type":"","background-media":"","overlay-type":"","overlay-color":"","overlay-opacity":"","overlay-gradient":""}},"footnotes":""},"class_list":["post-1746","page","type-page","status-publish","hentry"],"acf":[],"jetpack_sharing_enabled":true,"_links":{"self":[{"href":"https:\/\/worlddancemovement.com\/de\/wp-json\/wp\/v2\/pages\/1746","targetHints":{"allow":["GET"]}}],"collection":[{"href":"https:\/\/worlddancemovement.com\/de\/wp-json\/wp\/v2\/pages"}],"about":[{"href":"https:\/\/worlddancemovement.com\/de\/wp-json\/wp\/v2\/types\/page"}],"author":[{"embeddable":true,"href":"https:\/\/worlddancemovement.com\/de\/wp-json\/wp\/v2\/users\/6"}],"replies":[{"embeddable":true,"href":"https:\/\/worlddancemovement.com\/de\/wp-json\/wp\/v2\/comments?post=1746"}],"version-history":[{"count":10,"href":"https:\/\/worlddancemovement.com\/de\/wp-json\/wp\/v2\/pages\/1746\/revisions"}],"predecessor-version":[{"id":3167,"href":"https:\/\/worlddancemovement.com\/de\/wp-json\/wp\/v2\/pages\/1746\/revisions\/3167"}],"up":[{"embeddable":true,"href":"https:\/\/worlddancemovement.com\/de\/wp-json\/wp\/v2\/pages\/1562"}],"wp:attachment":[{"href":"https:\/\/worlddancemovement.com\/de\/wp-json\/wp\/v2\/media?parent=1746"}],"curies":[{"name":"wp","href":"https:\/\/api.w.org\/{rel}","templated":true}]}}