{"id":1747,"date":"2021-01-01T14:49:47","date_gmt":"2021-01-01T14:49:47","guid":{"rendered":"https:\/\/migrate.worlddancemovement.com\/?page_id=1747"},"modified":"2021-01-23T20:01:22","modified_gmt":"2021-01-23T20:01:22","slug":"guy-shomroni","status":"publish","type":"page","link":"https:\/\/worlddancemovement.com\/de\/faculty\/guy-shomroni\/","title":{"rendered":"GUY SHOMRONI"},"content":{"rendered":"<div data-elementor-type=\"wp-page\" data-elementor-id=\"1747\" class=\"elementor elementor-1747\" data-elementor-post-type=\"page\">\n\t\t\t\t\t\t<section class=\"elementor-section elementor-top-section elementor-element elementor-element-94ec49d elementor-section-full_width elementor-section-height-min-height elementor-section-height-default elementor-section-items-middle\" data-id=\"94ec49d\" data-element_type=\"section\" data-e-type=\"section\" data-settings=\"{&quot;background_background&quot;:&quot;classic&quot;}\">\n\t\t\t\t\t\t\t<div class=\"elementor-background-overlay\"><\/div>\n\t\t\t\t\t\t\t<div class=\"elementor-container elementor-column-gap-no\">\n\t\t\t\t\t<div class=\"elementor-column elementor-col-100 elementor-top-column elementor-element elementor-element-8268956\" data-id=\"8268956\" data-element_type=\"column\" data-e-type=\"column\">\n\t\t\t<div class=\"elementor-widget-wrap elementor-element-populated\">\n\t\t\t\t\t\t<div class=\"elementor-element elementor-element-5016628 elementor-widget elementor-widget-heading\" data-id=\"5016628\" data-element_type=\"widget\" data-e-type=\"widget\" data-widget_type=\"heading.default\">\n\t\t\t\t<div class=\"elementor-widget-container\">\n\t\t\t\t\t<h2 class=\"elementor-heading-title elementor-size-default\">GUY SHOMRONI\n<\/h2>\t\t\t\t<\/div>\n\t\t\t\t<\/div>\n\t\t\t\t<div class=\"elementor-element elementor-element-a86216f elementor-widget-divider--view-line elementor-widget elementor-widget-divider\" data-id=\"a86216f\" data-element_type=\"widget\" data-e-type=\"widget\" data-widget_type=\"divider.default\">\n\t\t\t\t<div class=\"elementor-widget-container\">\n\t\t\t\t\t\t\t<div class=\"elementor-divider\">\n\t\t\t<span class=\"elementor-divider-separator\">\n\t\t\t\t\t\t<\/span>\n\t\t<\/div>\n\t\t\t\t\t\t<\/div>\n\t\t\t\t<\/div>\n\t\t\t\t\t<\/div>\n\t\t<\/div>\n\t\t\t\t\t<\/div>\n\t\t<\/section>\n\t\t\t\t<section class=\"elementor-section elementor-top-section elementor-element elementor-element-a2d6cca elementor-section-full_width elementor-section-height-default elementor-section-height-default\" data-id=\"a2d6cca\" data-element_type=\"section\" data-e-type=\"section\">\n\t\t\t\t\t\t<div class=\"elementor-container elementor-column-gap-default\">\n\t\t\t\t\t<div class=\"elementor-column elementor-col-100 elementor-top-column elementor-element elementor-element-a45c6d3\" data-id=\"a45c6d3\" data-element_type=\"column\" data-e-type=\"column\">\n\t\t\t<div class=\"elementor-widget-wrap elementor-element-populated\">\n\t\t\t\t\t\t<div class=\"elementor-element elementor-element-f854b1f elementor-widget elementor-widget-heading\" data-id=\"f854b1f\" data-element_type=\"widget\" data-e-type=\"widget\" data-widget_type=\"heading.default\">\n\t\t\t\t<div class=\"elementor-widget-container\">\n\t\t\t\t\t<h2 class=\"elementor-heading-title elementor-size-default\">LEHRER: Guy Shomroni \u2013 Israel\n\n\n\n\n\n\n\n\n\n\n<\/h2>\t\t\t\t<\/div>\n\t\t\t\t<\/div>\n\t\t\t\t<div class=\"elementor-element elementor-element-3947f8e elementor-widget elementor-widget-text-editor\" data-id=\"3947f8e\" data-element_type=\"widget\" data-e-type=\"widget\" data-widget_type=\"text-editor.default\">\n\t\t\t\t<div class=\"elementor-widget-container\">\n\t\t\t\t\t\t\t\t\t<p>Guy begann 2001 mit dem Batsheva Ensemble zu tanzen und trat 2004 der \u00e4lteren Batsheva Dance Company bei, wo er zahlreiche Repertoirest\u00fccke von Choreografen wie Ohad Naharin, Sharon Eyal und Yasmeen Godder auff\u00fchrte. Seit seinem Ausscheiden aus dem Unternehmen im Jahr 2012 fungierte er als Assistent von Ohad Naharin im Entstehungsprozess von The Hole (2013). Guy ist auch ein aktiver DJ in der lokalen Szene von Tel Aviv, legt in Clubs und Bars auf und tritt auch live bei den Session-Auftritten der Batsheva Dance Company auf. Guy unterrichtet Gaga seit 2002 in Israel und im Ausland. Er gibt Workshops f\u00fcr professionelle T\u00e4nzer und unterrichtet auch Gaga\/People-Kurse.<\/p>\t\t\t\t\t\t\t\t<\/div>\n\t\t\t\t<\/div>\n\t\t\t\t<div class=\"elementor-element elementor-element-4e9117b elementor-widget elementor-widget-heading\" data-id=\"4e9117b\" data-element_type=\"widget\" data-e-type=\"widget\" data-widget_type=\"heading.default\">\n\t\t\t\t<div class=\"elementor-widget-container\">\n\t\t\t\t\t<h2 class=\"elementor-heading-title elementor-size-default\">GAGA-BEWEGUNGSSPRACHE &amp; OHAD NAHARINS REPERTORIUM\n\n\n\n\n\n\n\n\n\n\n<\/h2>\t\t\t\t<\/div>\n\t\t\t\t<\/div>\n\t\t\t\t<div class=\"elementor-element elementor-element-c133094 elementor-widget elementor-widget-text-editor\" data-id=\"c133094\" data-element_type=\"widget\" data-e-type=\"widget\" data-widget_type=\"text-editor.default\">\n\t\t\t\t<div class=\"elementor-widget-container\">\n\t\t\t\t\t\t\t\t\t<p>Gaga ist eine Bewegungssprache, die Ohad Naharin im Laufe vieler Jahre entwickelt hat und die von den Mitgliedern der Batsheva Dance Company in der t\u00e4glichen Praxis und in \u00dcbungen angewendet wird.<\/p><p>Die Sprache von Gaga entstand aus dem Glauben an die heilende, dynamische und sich st\u00e4ndig ver\u00e4ndernde Kraft der Bewegung. Gaga ist eine neue Art, Wissen und Selbstbewusstsein durch Ihren K\u00f6rper zu erlangen. Gaga bietet einen Rahmen f\u00fcr die Entdeckung und St\u00e4rkung Ihres K\u00f6rpers und f\u00fcr mehr Flexibilit\u00e4t, Ausdauer und Beweglichkeit, w\u00e4hrend gleichzeitig die Sinne und die Vorstellungskraft angeregt werden. Gaga sch\u00e4rft das Bewusstsein f\u00fcr k\u00f6rperliche Schw\u00e4chen, weckt taube Bereiche, legt k\u00f6rperliche Fixierungen offen und bietet Wege zu deren Beseitigung an. Die Arbeit verbessert die instinktive Bewegung und verbindet bewusste und unbewusste Bewegung und erm\u00f6glicht ein Erleben von Freiheit und Vergn\u00fcgen auf einfache Weise, in einem angenehmen Raum, in bequemer Kleidung, begleitet von Musik, jeder mit sich selbst und anderen.<\/p><p>Gaga hat zwei Titel: Gaga\/people und Gaga\/dancers.<\/p><p>Dieser Workshop bietet den Teilnehmern die M\u00f6glichkeit, von den T\u00e4nzern und Lehrern der Kompanie Ausz\u00fcge aus Ohad Naharins choreografischen Werken zu lernen. In diesem Kurs wenden T\u00e4nzer ihr Gaga-Training auf das Repertoire an.<\/p>\t\t\t\t\t\t\t\t<\/div>\n\t\t\t\t<\/div>\n\t\t\t\t<div class=\"elementor-element elementor-element-11c2a49 elementor-widget elementor-widget-text-editor\" data-id=\"11c2a49\" data-element_type=\"widget\" data-e-type=\"widget\" data-widget_type=\"text-editor.default\">\n\t\t\t\t<div class=\"elementor-widget-container\">\n\t\t\t\t\t\t\t\t\t<p><strong>* Es wird dringend empfohlen, dass sich Sch\u00fcler sowohl f\u00fcr den Gaga-Bewegungssprache-Kurs als auch f\u00fcr den Ohad-Naharin-Repertoire-Kurs anmelden, da sie sich gegenseitig erg\u00e4nzen. Sie k\u00f6nnen den Gaga-Movement-Kurs und nicht das Repertory belegen, k\u00f6nnen sich aber ohne die Gaga-Movement-Sprache nicht f\u00fcr das Repertory anmelden.<\/strong><\/p>\t\t\t\t\t\t\t\t<\/div>\n\t\t\t\t<\/div>\n\t\t\t\t\t<\/div>\n\t\t<\/div>\n\t\t\t\t\t<\/div>\n\t\t<\/section>\n\t\t\t\t<\/div>","protected":false},"excerpt":{"rendered":"<p>GUY SHOMRONI TEACHER: Guy Shomroni &#8211; Israel Guy began dancing with Batsheva Ensemble in 2001 and joined the senior Batsheva Dance Company in 2004, where he performed numerous repertoire pieces by choreographers such as Ohad Naharin, Sharon Eyal, and Yasmeen Godder. Since leaving the company in 2012, he has served as Ohad Naharin\u2019s assistant in [&hellip;]<\/p>\n","protected":false},"author":6,"featured_media":0,"parent":1562,"menu_order":0,"comment_status":"closed","ping_status":"closed","template":"","meta":{"_acf_changed":false,"site-sidebar-layout":"no-sidebar","site-content-layout":"page-builder","ast-site-content-layout":"default","site-content-style":"default","site-sidebar-style":"default","ast-global-header-display":"","ast-banner-title-visibility":"","ast-main-header-display":"","ast-hfb-above-header-display":"","ast-hfb-below-header-display":"","ast-hfb-mobile-header-display":"","site-post-title":"disabled","ast-breadcrumbs-content":"","ast-featured-img":"disabled","footer-sml-layout":"","ast-disable-related-posts":"","theme-transparent-header-meta":"default","adv-header-id-meta":"","stick-header-meta":"default","header-above-stick-meta":"","header-main-stick-meta":"","header-below-stick-meta":"","astra-migrate-meta-layouts":"default","ast-page-background-enabled":"default","ast-page-background-meta":{"desktop":{"background-color":"","background-image":"","background-repeat":"repeat","background-position":"center center","background-size":"auto","background-attachment":"scroll","background-type":"","background-media":"","overlay-type":"","overlay-color":"","overlay-opacity":"","overlay-gradient":""},"tablet":{"background-color":"","background-image":"","background-repeat":"repeat","background-position":"center center","background-size":"auto","background-attachment":"scroll","background-type":"","background-media":"","overlay-type":"","overlay-color":"","overlay-opacity":"","overlay-gradient":""},"mobile":{"background-color":"","background-image":"","background-repeat":"repeat","background-position":"center center","background-size":"auto","background-attachment":"scroll","background-type":"","background-media":"","overlay-type":"","overlay-color":"","overlay-opacity":"","overlay-gradient":""}},"ast-content-background-meta":{"desktop":{"background-color":"var(--ast-global-color-5)","background-image":"","background-repeat":"repeat","background-position":"center center","background-size":"auto","background-attachment":"scroll","background-type":"","background-media":"","overlay-type":"","overlay-color":"","overlay-opacity":"","overlay-gradient":""},"tablet":{"background-color":"var(--ast-global-color-5)","background-image":"","background-repeat":"repeat","background-position":"center center","background-size":"auto","background-attachment":"scroll","background-type":"","background-media":"","overlay-type":"","overlay-color":"","overlay-opacity":"","overlay-gradient":""},"mobile":{"background-color":"var(--ast-global-color-5)","background-image":"","background-repeat":"repeat","background-position":"center center","background-size":"auto","background-attachment":"scroll","background-type":"","background-media":"","overlay-type":"","overlay-color":"","overlay-opacity":"","overlay-gradient":""}},"footnotes":""},"class_list":["post-1747","page","type-page","status-publish","hentry"],"acf":[],"jetpack_sharing_enabled":true,"_links":{"self":[{"href":"https:\/\/worlddancemovement.com\/de\/wp-json\/wp\/v2\/pages\/1747","targetHints":{"allow":["GET"]}}],"collection":[{"href":"https:\/\/worlddancemovement.com\/de\/wp-json\/wp\/v2\/pages"}],"about":[{"href":"https:\/\/worlddancemovement.com\/de\/wp-json\/wp\/v2\/types\/page"}],"author":[{"embeddable":true,"href":"https:\/\/worlddancemovement.com\/de\/wp-json\/wp\/v2\/users\/6"}],"replies":[{"embeddable":true,"href":"https:\/\/worlddancemovement.com\/de\/wp-json\/wp\/v2\/comments?post=1747"}],"version-history":[{"count":10,"href":"https:\/\/worlddancemovement.com\/de\/wp-json\/wp\/v2\/pages\/1747\/revisions"}],"predecessor-version":[{"id":3203,"href":"https:\/\/worlddancemovement.com\/de\/wp-json\/wp\/v2\/pages\/1747\/revisions\/3203"}],"up":[{"embeddable":true,"href":"https:\/\/worlddancemovement.com\/de\/wp-json\/wp\/v2\/pages\/1562"}],"wp:attachment":[{"href":"https:\/\/worlddancemovement.com\/de\/wp-json\/wp\/v2\/media?parent=1747"}],"curies":[{"name":"wp","href":"https:\/\/api.w.org\/{rel}","templated":true}]}}