{"id":17572,"date":"2024-10-31T19:54:41","date_gmt":"2024-10-31T19:54:41","guid":{"rendered":"https:\/\/worlddancemovement.com\/?page_id=17572"},"modified":"2024-10-31T20:04:05","modified_gmt":"2024-10-31T20:04:05","slug":"terry-beeman","status":"publish","type":"page","link":"https:\/\/worlddancemovement.com\/de\/faculty\/terry-beeman\/","title":{"rendered":"Terry Beeman"},"content":{"rendered":"<div data-elementor-type=\"wp-page\" data-elementor-id=\"17572\" class=\"elementor elementor-17572\" data-elementor-post-type=\"page\">\n\t\t\t\t\t\t<section class=\"elementor-section elementor-top-section elementor-element elementor-element-94ec49d elementor-section-full_width elementor-section-height-min-height elementor-section-height-default elementor-section-items-middle\" data-id=\"94ec49d\" data-element_type=\"section\" data-e-type=\"section\" data-settings=\"{&quot;background_background&quot;:&quot;classic&quot;}\">\n\t\t\t\t\t\t\t<div class=\"elementor-background-overlay\"><\/div>\n\t\t\t\t\t\t\t<div class=\"elementor-container elementor-column-gap-no\">\n\t\t\t\t\t<div class=\"elementor-column elementor-col-100 elementor-top-column elementor-element elementor-element-8268956\" data-id=\"8268956\" data-element_type=\"column\" data-e-type=\"column\">\n\t\t\t<div class=\"elementor-widget-wrap elementor-element-populated\">\n\t\t\t\t\t\t<div class=\"elementor-element elementor-element-5016628 elementor-widget elementor-widget-heading\" data-id=\"5016628\" data-element_type=\"widget\" data-e-type=\"widget\" data-widget_type=\"heading.default\">\n\t\t\t\t<div class=\"elementor-widget-container\">\n\t\t\t\t\t<h2 class=\"elementor-heading-title elementor-size-default\">Terry Beeman\n<\/h2>\t\t\t\t<\/div>\n\t\t\t\t<\/div>\n\t\t\t\t<div class=\"elementor-element elementor-element-a86216f elementor-widget-divider--view-line elementor-widget elementor-widget-divider\" data-id=\"a86216f\" data-element_type=\"widget\" data-e-type=\"widget\" data-widget_type=\"divider.default\">\n\t\t\t\t<div class=\"elementor-widget-container\">\n\t\t\t\t\t\t\t<div class=\"elementor-divider\">\n\t\t\t<span class=\"elementor-divider-separator\">\n\t\t\t\t\t\t<\/span>\n\t\t<\/div>\n\t\t\t\t\t\t<\/div>\n\t\t\t\t<\/div>\n\t\t\t\t\t<\/div>\n\t\t<\/div>\n\t\t\t\t\t<\/div>\n\t\t<\/section>\n\t\t\t\t<section class=\"elementor-section elementor-top-section elementor-element elementor-element-bdd1952 elementor-section-boxed elementor-section-height-default elementor-section-height-default\" data-id=\"bdd1952\" data-element_type=\"section\" data-e-type=\"section\">\n\t\t\t\t\t\t<div class=\"elementor-container elementor-column-gap-default\">\n\t\t\t\t\t<div class=\"elementor-column elementor-col-100 elementor-top-column elementor-element elementor-element-9b1280c\" data-id=\"9b1280c\" data-element_type=\"column\" data-e-type=\"column\">\n\t\t\t<div class=\"elementor-widget-wrap elementor-element-populated\">\n\t\t\t\t\t\t<div class=\"elementor-element elementor-element-fea0f3f elementor-widget elementor-widget-heading\" data-id=\"fea0f3f\" data-element_type=\"widget\" data-e-type=\"widget\" data-widget_type=\"heading.default\">\n\t\t\t\t<div class=\"elementor-widget-container\">\n\t\t\t\t\t<h2 class=\"elementor-heading-title elementor-size-default\"><span style=\"font-style: normal;clear: both;line-height: 1.3em;font-family: Oswald, sans-serif;white-space: normal\">TERRY BEEMAN&nbsp;<font color=\"#000000\" style=\"font-size: 26px\"><span style=\"font-size: 26px\"><\/span><\/font>- \ud83c\uddfa\ud83c\uddf8 VEREINIGTE STAATEN<span style=\"font-family: Helvetica, sans-serif;font-size: 26px;font-weight: 600;white-space: pre-wrap\"><\/span><br><\/span><\/h2>\t\t\t\t<\/div>\n\t\t\t\t<\/div>\n\t\t\t\t<div class=\"elementor-element elementor-element-d241cb2 elementor-widget elementor-widget-gallery\" data-id=\"d241cb2\" data-element_type=\"widget\" data-e-type=\"widget\" data-settings=\"{&quot;columns&quot;:3,&quot;lazyload&quot;:&quot;yes&quot;,&quot;gallery_layout&quot;:&quot;grid&quot;,&quot;columns_tablet&quot;:2,&quot;columns_mobile&quot;:1,&quot;gap&quot;:{&quot;unit&quot;:&quot;px&quot;,&quot;size&quot;:10,&quot;sizes&quot;:[]},&quot;gap_tablet&quot;:{&quot;unit&quot;:&quot;px&quot;,&quot;size&quot;:10,&quot;sizes&quot;:[]},&quot;gap_mobile&quot;:{&quot;unit&quot;:&quot;px&quot;,&quot;size&quot;:10,&quot;sizes&quot;:[]},&quot;link_to&quot;:&quot;file&quot;,&quot;aspect_ratio&quot;:&quot;3:2&quot;,&quot;overlay_background&quot;:&quot;yes&quot;,&quot;content_hover_animation&quot;:&quot;fade-in&quot;}\" data-widget_type=\"gallery.default\">\n\t\t\t\t<div class=\"elementor-widget-container\">\n\t\t\t\t\t\t\t<div class=\"elementor-gallery__container\">\n\t\t\t\t\t\t\t<a class=\"e-gallery-item elementor-gallery-item elementor-animated-content\" href=\"https:\/\/worlddancemovement.com\/wp-content\/uploads\/2024\/10\/Terry-Beeman-3.heic\" data-elementor-open-lightbox=\"yes\" data-elementor-lightbox-slideshow=\"d241cb2\" data-elementor-lightbox-title=\"Terry Beeman-3\" data-e-action-hash=\"#elementor-action%3Aaction%3Dlightbox%26settings%3DeyJpZCI6MTc1NzgsInVybCI6Imh0dHBzOlwvXC93b3JsZGRhbmNlbW92ZW1lbnQuY29tXC93cC1jb250ZW50XC91cGxvYWRzXC8yMDI0XC8xMFwvVGVycnktQmVlbWFuLTMuaGVpYyIsInNsaWRlc2hvdyI6ImQyNDFjYjIifQ%3D%3D\">\n\t\t\t\t\t<div class=\"e-gallery-image elementor-gallery-item__image\" data-thumbnail=\"https:\/\/worlddancemovement.com\/wp-content\/uploads\/2024\/10\/Terry-Beeman-3.heic\" data-width=\"1\" data-height=\"1\" aria-label=\"\" role=\"img\" ><\/div>\n\t\t\t\t\t\t\t\t\t\t\t<div class=\"elementor-gallery-item__overlay\"><\/div>\n\t\t\t\t\t\t\t\t\t\t\t\t\t\t<\/a>\n\t\t\t\t\t\t\t<a class=\"e-gallery-item elementor-gallery-item elementor-animated-content\" href=\"https:\/\/worlddancemovement.com\/wp-content\/uploads\/2024\/10\/Terry-Beeman-2.heic\" data-elementor-open-lightbox=\"yes\" data-elementor-lightbox-slideshow=\"d241cb2\" data-elementor-lightbox-title=\"Terry Beeman\" data-e-action-hash=\"#elementor-action%3Aaction%3Dlightbox%26settings%3DeyJpZCI6MTc1NzcsInVybCI6Imh0dHBzOlwvXC93b3JsZGRhbmNlbW92ZW1lbnQuY29tXC93cC1jb250ZW50XC91cGxvYWRzXC8yMDI0XC8xMFwvVGVycnktQmVlbWFuLTIuaGVpYyIsInNsaWRlc2hvdyI6ImQyNDFjYjIifQ%3D%3D\">\n\t\t\t\t\t<div class=\"e-gallery-image elementor-gallery-item__image\" data-thumbnail=\"https:\/\/worlddancemovement.com\/wp-content\/uploads\/2024\/10\/Terry-Beeman-2.heic\" data-width=\"1\" data-height=\"1\" aria-label=\"Terry Beeman\" role=\"img\" ><\/div>\n\t\t\t\t\t\t\t\t\t\t\t<div class=\"elementor-gallery-item__overlay\"><\/div>\n\t\t\t\t\t\t\t\t\t\t\t\t\t\t<\/a>\n\t\t\t\t\t\t\t<a class=\"e-gallery-item elementor-gallery-item elementor-animated-content\" href=\"https:\/\/worlddancemovement.com\/wp-content\/uploads\/2024\/10\/Terry-Beeman-4.heic\" data-elementor-open-lightbox=\"yes\" data-elementor-lightbox-slideshow=\"d241cb2\" data-elementor-lightbox-title=\"Terry Beeman-4\" data-e-action-hash=\"#elementor-action%3Aaction%3Dlightbox%26settings%3DeyJpZCI6MTc1NzksInVybCI6Imh0dHBzOlwvXC93b3JsZGRhbmNlbW92ZW1lbnQuY29tXC93cC1jb250ZW50XC91cGxvYWRzXC8yMDI0XC8xMFwvVGVycnktQmVlbWFuLTQuaGVpYyIsInNsaWRlc2hvdyI6ImQyNDFjYjIifQ%3D%3D\">\n\t\t\t\t\t<div class=\"e-gallery-image elementor-gallery-item__image\" data-thumbnail=\"https:\/\/worlddancemovement.com\/wp-content\/uploads\/2024\/10\/Terry-Beeman-4.heic\" data-width=\"1\" data-height=\"1\" aria-label=\"\" role=\"img\" ><\/div>\n\t\t\t\t\t\t\t\t\t\t\t<div class=\"elementor-gallery-item__overlay\"><\/div>\n\t\t\t\t\t\t\t\t\t\t\t\t\t\t<\/a>\n\t\t\t\t\t<\/div>\n\t\t\t\t\t<\/div>\n\t\t\t\t<\/div>\n\t\t\t\t<div class=\"elementor-element elementor-element-9164b74 elementor-widget elementor-widget-text-editor\" data-id=\"9164b74\" data-element_type=\"widget\" data-e-type=\"widget\" data-widget_type=\"text-editor.default\">\n\t\t\t\t<div class=\"elementor-widget-container\">\n\t\t\t\t\t\t\t\t\t<div><div data-animation-override=\"\" data-width-percentage=\"27.5\"><p>Terry Beeman ist ein renommierter T\u00e4nzer, Choreograph, Regisseur, Luftakrobat und Meisterlehrer, dessen Name Anmut, Kunstfertigkeit und Leidenschaft ausstrahlt. Terrys viele Talente er\u00f6ffnen ihm Kenntnisse, die \u00fcber Tanz und Choreographie hinausgehen und sich auf Luftakrobatik und Stunts, Schauspiel, Regie, Erz\u00e4hlung, Produktion, Schnitt und Kost\u00fcmdesign erstrecken.<\/p><p>Terry tanzt seit Jahren mit den gr\u00f6\u00dften Stars der Musikbranche und tourt mit Whitney Houston, Paula Abdul und Mariah Carey um die Welt. Live auf der B\u00fchne und im Video mit Celine Dion, J-Lo, EnVogue, Reba McEntire, Josh Groban, Natalie Cole, Karen White, Toad the Wet Sprocket, Taylor Dayne und Debbie Allen, um nur einige zu nennen. Terry ist in der Hollywood-Szene sehr aktiv und tritt in Filmen wie Batman und Robin, Eraser, Confession of an Action Star, Jackass Number Two und seiner Rolle als Felix im Kultklassiker Showgirls auf. Seine Emmy-Ehrung kommt von seinem Beitrag zur Choreographie in Dolly Partons Christmas on the Square unter der Regie von Debbie Allen.<\/p><p>Zu den Fernsehsendungen geh\u00f6ren Grey&#039;s Anatomy, Fame LA, gleich links, Nikki, Mord ist ihr Hobby und der Reality-Wettbewerb Fame. Tanzen an den gr\u00f6\u00dften Abenden in Hollywood mit Prominenten f\u00fcr die Oscars (f\u00fcnf Jahre in Folge), die American Music Awards, Emmys, die Grammys und die MTV Music Awards. Nationale Werbespots f\u00fcr Pepsi, Diet Coke, Miller Beer Lite, Target, GMC Envoy Trucks, Verizon, Visa Card und Radio Shack. Gleichzeitig reist dieser wahre Meisterlehrer f\u00fcr Tanz und Luftakrobatik um die Welt und unterrichtet in gro\u00dfen St\u00e4dten wie Paris, Prag, Tokio, New York City und Los Angeles. Wundersch\u00f6ne L\u00e4nder wie Indien, Italien, Mexiko, Kanada, Australien und Europa.<\/p><p>W\u00e4hrend er die Titelseiten und Artikel in Zeitschriften wie Dance Spirit, Vogue und zahlreichen Zeitschriften in Italien ziert, ist er aufgrund seines eigenen Ruhms beim Tanzen mit Heather Parisi in Fantastico 8, Sta Sera Lino, Finalmente Venerdi und Lorella Cuccarini in A Tutta Festa bekannt geworden. Derzeit assistiert Terry Debbie Allen bei Mariah Careys Weihnachtstournee 2024 und ist Choreograf f\u00fcr The Motown Christmas Special. In Terrys \u00fcber 30-j\u00e4hriger Ausbildung und Lehre von Tanz und Luftakrobatik hat Mr. Beeman einen Qualit\u00e4tsstandard gesetzt, der die meisten \u00fcbertrifft. LATimes sagt, Terry Beeman wird Ihnen sein Herz schenken und Sie dazu bringen, es zu glauben.<\/p><\/div><\/div><div><div data-animation-override=\"\" data-width-percentage=\"27.5\"><h4 style=\"font-size: 1.111111rem; font-style: normal;\"><b>Um mehr zu lernen:<\/b><\/h4><div><a href=\"https:\/\/www.instagram.com\/mrterrybeeman\/\" target=\"_blank\" rel=\"noopener\">TERRYS INSTAGRAM<\/a><\/div><\/div><\/div>\t\t\t\t\t\t\t\t<\/div>\n\t\t\t\t<\/div>\n\t\t\t\t\t<\/div>\n\t\t<\/div>\n\t\t\t\t\t<\/div>\n\t\t<\/section>\n\t\t\t\t<\/div>","protected":false},"excerpt":{"rendered":"<p>Terry beeman TERRY BEEMAN&nbsp;&#8211; \ud83c\uddfa\ud83c\uddf8 UNITED STATES Terry Beeman is a renowned Dancer, Choreographer, Director, Aerialist and Master Teacher whose name resonates with grace, artistry and passion. Terry&#8217;s many talents open him to the knowledge that extends beyond just dance and choreography but into aerial and stunt work, acting, directing, narrating, producing, editing and costume [&hellip;]<\/p>\n","protected":false},"author":40,"featured_media":0,"parent":1562,"menu_order":0,"comment_status":"closed","ping_status":"closed","template":"","meta":{"_acf_changed":false,"site-sidebar-layout":"no-sidebar","site-content-layout":"page-builder","ast-site-content-layout":"default","site-content-style":"default","site-sidebar-style":"default","ast-global-header-display":"","ast-banner-title-visibility":"","ast-main-header-display":"","ast-hfb-above-header-display":"","ast-hfb-below-header-display":"","ast-hfb-mobile-header-display":"","site-post-title":"disabled","ast-breadcrumbs-content":"","ast-featured-img":"disabled","footer-sml-layout":"","ast-disable-related-posts":"","theme-transparent-header-meta":"default","adv-header-id-meta":"","stick-header-meta":"default","header-above-stick-meta":"","header-main-stick-meta":"","header-below-stick-meta":"","astra-migrate-meta-layouts":"default","ast-page-background-enabled":"default","ast-page-background-meta":{"desktop":{"background-color":"","background-image":"","background-repeat":"repeat","background-position":"center center","background-size":"auto","background-attachment":"scroll","background-type":"","background-media":"","overlay-type":"","overlay-color":"","overlay-opacity":"","overlay-gradient":""},"tablet":{"background-color":"","background-image":"","background-repeat":"repeat","background-position":"center center","background-size":"auto","background-attachment":"scroll","background-type":"","background-media":"","overlay-type":"","overlay-color":"","overlay-opacity":"","overlay-gradient":""},"mobile":{"background-color":"","background-image":"","background-repeat":"repeat","background-position":"center center","background-size":"auto","background-attachment":"scroll","background-type":"","background-media":"","overlay-type":"","overlay-color":"","overlay-opacity":"","overlay-gradient":""}},"ast-content-background-meta":{"desktop":{"background-color":"var(--ast-global-color-5)","background-image":"","background-repeat":"repeat","background-position":"center center","background-size":"auto","background-attachment":"scroll","background-type":"","background-media":"","overlay-type":"","overlay-color":"","overlay-opacity":"","overlay-gradient":""},"tablet":{"background-color":"var(--ast-global-color-5)","background-image":"","background-repeat":"repeat","background-position":"center center","background-size":"auto","background-attachment":"scroll","background-type":"","background-media":"","overlay-type":"","overlay-color":"","overlay-opacity":"","overlay-gradient":""},"mobile":{"background-color":"var(--ast-global-color-5)","background-image":"","background-repeat":"repeat","background-position":"center center","background-size":"auto","background-attachment":"scroll","background-type":"","background-media":"","overlay-type":"","overlay-color":"","overlay-opacity":"","overlay-gradient":""}},"footnotes":""},"class_list":["post-17572","page","type-page","status-publish","hentry"],"acf":[],"jetpack_sharing_enabled":true,"_links":{"self":[{"href":"https:\/\/worlddancemovement.com\/de\/wp-json\/wp\/v2\/pages\/17572","targetHints":{"allow":["GET"]}}],"collection":[{"href":"https:\/\/worlddancemovement.com\/de\/wp-json\/wp\/v2\/pages"}],"about":[{"href":"https:\/\/worlddancemovement.com\/de\/wp-json\/wp\/v2\/types\/page"}],"author":[{"embeddable":true,"href":"https:\/\/worlddancemovement.com\/de\/wp-json\/wp\/v2\/users\/40"}],"replies":[{"embeddable":true,"href":"https:\/\/worlddancemovement.com\/de\/wp-json\/wp\/v2\/comments?post=17572"}],"version-history":[{"count":7,"href":"https:\/\/worlddancemovement.com\/de\/wp-json\/wp\/v2\/pages\/17572\/revisions"}],"predecessor-version":[{"id":17596,"href":"https:\/\/worlddancemovement.com\/de\/wp-json\/wp\/v2\/pages\/17572\/revisions\/17596"}],"up":[{"embeddable":true,"href":"https:\/\/worlddancemovement.com\/de\/wp-json\/wp\/v2\/pages\/1562"}],"wp:attachment":[{"href":"https:\/\/worlddancemovement.com\/de\/wp-json\/wp\/v2\/media?parent=17572"}],"curies":[{"name":"wp","href":"https:\/\/api.w.org\/{rel}","templated":true}]}}