{"id":1763,"date":"2021-01-01T15:02:14","date_gmt":"2021-01-01T15:02:14","guid":{"rendered":"https:\/\/migrate.worlddancemovement.com\/?page_id=1763"},"modified":"2021-01-23T20:06:03","modified_gmt":"2021-01-23T20:06:03","slug":"wes-veldink","status":"publish","type":"page","link":"https:\/\/worlddancemovement.com\/de\/faculty\/wes-veldink\/","title":{"rendered":"WES VELDINK"},"content":{"rendered":"<div data-elementor-type=\"wp-page\" data-elementor-id=\"1763\" class=\"elementor elementor-1763\" data-elementor-post-type=\"page\">\n\t\t\t\t\t\t<section class=\"elementor-section elementor-top-section elementor-element elementor-element-94ec49d elementor-section-full_width elementor-section-height-min-height elementor-section-height-default elementor-section-items-middle\" data-id=\"94ec49d\" data-element_type=\"section\" data-e-type=\"section\" data-settings=\"{&quot;background_background&quot;:&quot;classic&quot;}\">\n\t\t\t\t\t\t\t<div class=\"elementor-background-overlay\"><\/div>\n\t\t\t\t\t\t\t<div class=\"elementor-container elementor-column-gap-no\">\n\t\t\t\t\t<div class=\"elementor-column elementor-col-100 elementor-top-column elementor-element elementor-element-8268956\" data-id=\"8268956\" data-element_type=\"column\" data-e-type=\"column\">\n\t\t\t<div class=\"elementor-widget-wrap elementor-element-populated\">\n\t\t\t\t\t\t<div class=\"elementor-element elementor-element-5016628 elementor-widget elementor-widget-heading\" data-id=\"5016628\" data-element_type=\"widget\" data-e-type=\"widget\" data-widget_type=\"heading.default\">\n\t\t\t\t<div class=\"elementor-widget-container\">\n\t\t\t\t\t<h2 class=\"elementor-heading-title elementor-size-default\">WES VELDINK\n<\/h2>\t\t\t\t<\/div>\n\t\t\t\t<\/div>\n\t\t\t\t<div class=\"elementor-element elementor-element-a86216f elementor-widget-divider--view-line elementor-widget elementor-widget-divider\" data-id=\"a86216f\" data-element_type=\"widget\" data-e-type=\"widget\" data-widget_type=\"divider.default\">\n\t\t\t\t<div class=\"elementor-widget-container\">\n\t\t\t\t\t\t\t<div class=\"elementor-divider\">\n\t\t\t<span class=\"elementor-divider-separator\">\n\t\t\t\t\t\t<\/span>\n\t\t<\/div>\n\t\t\t\t\t\t<\/div>\n\t\t\t\t<\/div>\n\t\t\t\t\t<\/div>\n\t\t<\/div>\n\t\t\t\t\t<\/div>\n\t\t<\/section>\n\t\t\t\t<section class=\"elementor-section elementor-top-section elementor-element elementor-element-a2d6cca elementor-section-full_width elementor-section-height-default elementor-section-height-default\" data-id=\"a2d6cca\" data-element_type=\"section\" data-e-type=\"section\">\n\t\t\t\t\t\t<div class=\"elementor-container elementor-column-gap-default\">\n\t\t\t\t\t<div class=\"elementor-column elementor-col-100 elementor-top-column elementor-element elementor-element-a45c6d3\" data-id=\"a45c6d3\" data-element_type=\"column\" data-e-type=\"column\">\n\t\t\t<div class=\"elementor-widget-wrap elementor-element-populated\">\n\t\t\t\t\t\t<div class=\"elementor-element elementor-element-f854b1f elementor-widget elementor-widget-heading\" data-id=\"f854b1f\" data-element_type=\"widget\" data-e-type=\"widget\" data-widget_type=\"heading.default\">\n\t\t\t\t<div class=\"elementor-widget-container\">\n\t\t\t\t\t<h2 class=\"elementor-heading-title elementor-size-default\">USA \/ Klasse: Zeitgen\u00f6ssisch\n\n\n\n\n\n\n\n\n\n\n\n<\/h2>\t\t\t\t<\/div>\n\t\t\t\t<\/div>\n\t\t\t\t<div class=\"elementor-element elementor-element-09d8b9c elementor-blockquote--skin-border elementor-widget elementor-widget-blockquote\" data-id=\"09d8b9c\" data-element_type=\"widget\" data-e-type=\"widget\" data-widget_type=\"blockquote.default\">\n\t\t\t\t<div class=\"elementor-widget-container\">\n\t\t\t\t\t\t\t<blockquote class=\"elementor-blockquote\">\n\t\t\t<p class=\"elementor-blockquote__content\">\n\t\t\t\t\u201eWes Veldink und seine T\u00e4nzer bewegen sich mit einer wilden, sexy Qualit\u00e4t, die Leidenschaft, Lust und Wut ausstrahlt. Die erfrischende Ehrlichkeit ihrer Bewegungen nimmt das Publikum mit auf eine emotionale Reise durch die T\u00e4ler ihrer eigenen W\u00fcnsche.\u201c\t\t\t<\/p>\n\t\t\t\t\t\t\t<div class=\"e-q-footer\">\n\t\t\t\t\t\t\t\t\t\t\t<cite class=\"elementor-blockquote__author\">\u00a0-Sara Jarrett, Chefredakteurin des Dance Spirit Magazine<\/cite>\n\t\t\t\t\t\t\t\t\t\t\t\t\t\t<\/div>\n\t\t\t\t\t<\/blockquote>\n\t\t\t\t\t\t<\/div>\n\t\t\t\t<\/div>\n\t\t\t\t<div class=\"elementor-element elementor-element-3947f8e elementor-widget elementor-widget-text-editor\" data-id=\"3947f8e\" data-element_type=\"widget\" data-e-type=\"widget\" data-widget_type=\"text-editor.default\">\n\t\t\t\t<div class=\"elementor-widget-container\">\n\t\t\t\t\t\t\t\t\t<p>Der Regisseur und Choreograf Wes Veldink begann vor \u00fcber zwei Jahrzehnten mit der Entwicklung seines einzigartigen und dynamischen Tanzstils. Basierend auf den Grundlagen von Jazz, Ballett und Modern transformiert seine Arbeit menschliche K\u00f6rperhaltung und Gesten in Bewegung, die die Feinheiten der Musik zum visuellen Leben erweckt und die Grenzen zwischen kommerziellem und konzertantem Tanz \u00fcberschreitet.<\/p>\n<p>Nachdem er im Alter von 16 Jahren in seiner Heimatstadt ein Tanzstudio er\u00f6ffnet hatte, begann Wes seine Karriere nach seinem Abschluss an der renommierten Orange County High School of the Arts in Los Angeles. W\u00e4hrend seines Aufenthalts in LA unterrichtete Wes am EDGE Performing Arts Center, war Co-Choreograph von Paula Abduls Video \u201eBlowing Kisses in the Wind\u201c, war Michael Jacksons Tanzdouble in zwei Videos, improvisierte live auf der B\u00fchne mit der S\u00e4ngerin\/Songwriterin Ani Difranco und tanzte im Disney-Film Newsies.<\/p>\n<p>Nach seinem Umzug nach New York City gr\u00fcndete er seine eigene professionelle Tanzkompanie, The Wes Veldink Movement, die durch Los Angeles, Toronto und S\u00fcdkorea tourte. Wes wurde eingeladen, f\u00fcr die Oslo State Ballet School\/Oslo Dance Ensemble (Norwegen), die Osaka School of Music und K-Broadway (Japan), das Mediterraneo Dance Festival und World Dance Movement (Italien) sowie Studio Harmonic zu unterrichten und zu choreografieren (Frankreich), Amsterdam Dance Centre (Holland) und die Nadine Bommer Academy (Israel) sowie Universit\u00e4ten, Konservatorien und Kongresse in den USA und Kanada. Wes unterrichtet seit \u00fcber 25 Jahren Tanz und Bewegung. Derzeit ist er Dozent am Broadway Dance Center NYC und auf Tour mit der Tanzkonvention Artists Simply Human.<\/p>\n<p>K\u00fcrzlich hat Wes eine Reihe von Werbespots f\u00fcr Joe Fresh, eine internationale Kampagne f\u00fcr Nikon mit Kate Moss und eine Revlon-Kampagne mit Olivia Wilde choreografiert. Im Musikbereich war Wes Mitwirkender Choreograf f\u00fcr Alicia Keys\u2018 \u201eSet the World on Fire Tour\u201c und Regisseur\/Choreograf f\u00fcr Ashlyne Huffs 30-St\u00e4dte-Werbetour \u201eHeart of Gold\u201c.<\/p>\n<p>Dar\u00fcber hinaus choreografierte und vertonte Wes die Tanzsequenzen f\u00fcr Gwyneth Paltrow und Leighton Meester im Spielfilm Country Strong. Mit seiner eigenen Produktionsfirma \u201eCalm &amp; Sense Creations\u201c hat er zwei Tanzkurzfilme konzipiert, Regie gef\u00fchrt und choreografiert: Full Circle (gedreht im Redwood National Forest) und Untitled (gedreht in Tropea, Italien).<\/p>\n<p><b>Klassenbeschreibung:<\/b> Mein Kurs betont die Bedeutung von Atmung, Energieverteilung, Verletzlichkeit und Musikalit\u00e4t. Das Aufw\u00e4rmen basiert auf Yoga und soll T\u00e4nzern dabei helfen, eine Bestandsaufnahme ihres mentalen, emotionalen, k\u00f6rperlichen und spirituellen Zustands zu machen. Ich bin fest davon \u00fcberzeugt, dass wir nur das, was wir wissen, effektiv teilen k\u00f6nnen. Meine Choreografie ist eine Verschmelzung von Technik, zahlreichen Tanzstilen und menschlicher Bewegung. Ich bem\u00fche mich, ein Unterrichtsumfeld zu schaffen, das die M\u00f6glichkeit bietet, Selbsterkenntnis, eine Verbindung zwischen Geist und K\u00f6rper zu erlangen und sich gewissenhaft zu bewegen. T\u00e4nzer werden zu einem ausgepr\u00e4gten Fokus, grenzenloser Vorstellungskraft und einem starken Wunsch nach Weiterentwicklung ermutigt. Und Freude ... viel Freude.<\/p>\t\t\t\t\t\t\t\t<\/div>\n\t\t\t\t<\/div>\n\t\t\t\t\t<\/div>\n\t\t<\/div>\n\t\t\t\t\t<\/div>\n\t\t<\/section>\n\t\t\t\t<\/div>","protected":false},"excerpt":{"rendered":"<p>WES VELDINK USA \/ Class: Contemporary &#8220;Wes Veldink and his dancers move with a fierce, sexy quality that wreaks of passion, lust and rage. The refreshing honesty of their movement takes the audience on an emotional journey through the valleys of their own desire.&#8221; \u00a0-Sara Jarrett, editor-in-chief Dance Spirit Magazine Director and choreographer, Wes Veldink, [&hellip;]<\/p>\n","protected":false},"author":6,"featured_media":0,"parent":1562,"menu_order":0,"comment_status":"closed","ping_status":"closed","template":"","meta":{"_acf_changed":false,"site-sidebar-layout":"no-sidebar","site-content-layout":"page-builder","ast-site-content-layout":"default","site-content-style":"default","site-sidebar-style":"default","ast-global-header-display":"","ast-banner-title-visibility":"","ast-main-header-display":"","ast-hfb-above-header-display":"","ast-hfb-below-header-display":"","ast-hfb-mobile-header-display":"","site-post-title":"disabled","ast-breadcrumbs-content":"","ast-featured-img":"disabled","footer-sml-layout":"","ast-disable-related-posts":"","theme-transparent-header-meta":"default","adv-header-id-meta":"","stick-header-meta":"default","header-above-stick-meta":"","header-main-stick-meta":"","header-below-stick-meta":"","astra-migrate-meta-layouts":"default","ast-page-background-enabled":"default","ast-page-background-meta":{"desktop":{"background-color":"","background-image":"","background-repeat":"repeat","background-position":"center center","background-size":"auto","background-attachment":"scroll","background-type":"","background-media":"","overlay-type":"","overlay-color":"","overlay-opacity":"","overlay-gradient":""},"tablet":{"background-color":"","background-image":"","background-repeat":"repeat","background-position":"center center","background-size":"auto","background-attachment":"scroll","background-type":"","background-media":"","overlay-type":"","overlay-color":"","overlay-opacity":"","overlay-gradient":""},"mobile":{"background-color":"","background-image":"","background-repeat":"repeat","background-position":"center center","background-size":"auto","background-attachment":"scroll","background-type":"","background-media":"","overlay-type":"","overlay-color":"","overlay-opacity":"","overlay-gradient":""}},"ast-content-background-meta":{"desktop":{"background-color":"var(--ast-global-color-5)","background-image":"","background-repeat":"repeat","background-position":"center center","background-size":"auto","background-attachment":"scroll","background-type":"","background-media":"","overlay-type":"","overlay-color":"","overlay-opacity":"","overlay-gradient":""},"tablet":{"background-color":"var(--ast-global-color-5)","background-image":"","background-repeat":"repeat","background-position":"center center","background-size":"auto","background-attachment":"scroll","background-type":"","background-media":"","overlay-type":"","overlay-color":"","overlay-opacity":"","overlay-gradient":""},"mobile":{"background-color":"var(--ast-global-color-5)","background-image":"","background-repeat":"repeat","background-position":"center center","background-size":"auto","background-attachment":"scroll","background-type":"","background-media":"","overlay-type":"","overlay-color":"","overlay-opacity":"","overlay-gradient":""}},"footnotes":""},"class_list":["post-1763","page","type-page","status-publish","hentry"],"acf":[],"jetpack_sharing_enabled":true,"_links":{"self":[{"href":"https:\/\/worlddancemovement.com\/de\/wp-json\/wp\/v2\/pages\/1763","targetHints":{"allow":["GET"]}}],"collection":[{"href":"https:\/\/worlddancemovement.com\/de\/wp-json\/wp\/v2\/pages"}],"about":[{"href":"https:\/\/worlddancemovement.com\/de\/wp-json\/wp\/v2\/types\/page"}],"author":[{"embeddable":true,"href":"https:\/\/worlddancemovement.com\/de\/wp-json\/wp\/v2\/users\/6"}],"replies":[{"embeddable":true,"href":"https:\/\/worlddancemovement.com\/de\/wp-json\/wp\/v2\/comments?post=1763"}],"version-history":[{"count":10,"href":"https:\/\/worlddancemovement.com\/de\/wp-json\/wp\/v2\/pages\/1763\/revisions"}],"predecessor-version":[{"id":3267,"href":"https:\/\/worlddancemovement.com\/de\/wp-json\/wp\/v2\/pages\/1763\/revisions\/3267"}],"up":[{"embeddable":true,"href":"https:\/\/worlddancemovement.com\/de\/wp-json\/wp\/v2\/pages\/1562"}],"wp:attachment":[{"href":"https:\/\/worlddancemovement.com\/de\/wp-json\/wp\/v2\/media?parent=1763"}],"curies":[{"name":"wp","href":"https:\/\/api.w.org\/{rel}","templated":true}]}}