{"id":17935,"date":"2025-01-19T04:12:16","date_gmt":"2025-01-19T04:12:16","guid":{"rendered":"https:\/\/worlddancemovement.com\/?page_id=17935"},"modified":"2025-01-23T18:53:25","modified_gmt":"2025-01-23T18:53:25","slug":"aisling-ni-cheallaighi","status":"publish","type":"page","link":"https:\/\/worlddancemovement.com\/de\/faculty\/aisling-ni-cheallaighi\/","title":{"rendered":"Aisling n\u00ed Cheallaighi"},"content":{"rendered":"<div data-elementor-type=\"wp-page\" data-elementor-id=\"17935\" class=\"elementor elementor-17935\" data-elementor-post-type=\"page\">\n\t\t\t\t\t\t<section class=\"elementor-section elementor-top-section elementor-element elementor-element-94ec49d elementor-section-full_width elementor-section-height-min-height elementor-section-height-default elementor-section-items-middle\" data-id=\"94ec49d\" data-element_type=\"section\" data-e-type=\"section\" data-settings=\"{&quot;background_background&quot;:&quot;classic&quot;}\">\n\t\t\t\t\t\t\t<div class=\"elementor-background-overlay\"><\/div>\n\t\t\t\t\t\t\t<div class=\"elementor-container elementor-column-gap-no\">\n\t\t\t\t\t<div class=\"elementor-column elementor-col-100 elementor-top-column elementor-element elementor-element-8268956\" data-id=\"8268956\" data-element_type=\"column\" data-e-type=\"column\">\n\t\t\t<div class=\"elementor-widget-wrap elementor-element-populated\">\n\t\t\t\t\t\t<div class=\"elementor-element elementor-element-5016628 elementor-widget elementor-widget-heading\" data-id=\"5016628\" data-element_type=\"widget\" data-e-type=\"widget\" data-widget_type=\"heading.default\">\n\t\t\t\t<div class=\"elementor-widget-container\">\n\t\t\t\t\t<h2 class=\"elementor-heading-title elementor-size-default\">Aisling in Cheallaigh<\/h2>\t\t\t\t<\/div>\n\t\t\t\t<\/div>\n\t\t\t\t<div class=\"elementor-element elementor-element-a86216f elementor-widget-divider--view-line elementor-widget elementor-widget-divider\" data-id=\"a86216f\" data-element_type=\"widget\" data-e-type=\"widget\" data-widget_type=\"divider.default\">\n\t\t\t\t<div class=\"elementor-widget-container\">\n\t\t\t\t\t\t\t<div class=\"elementor-divider\">\n\t\t\t<span class=\"elementor-divider-separator\">\n\t\t\t\t\t\t<\/span>\n\t\t<\/div>\n\t\t\t\t\t\t<\/div>\n\t\t\t\t<\/div>\n\t\t\t\t\t<\/div>\n\t\t<\/div>\n\t\t\t\t\t<\/div>\n\t\t<\/section>\n\t\t\t\t<section class=\"elementor-section elementor-top-section elementor-element elementor-element-a2d6cca elementor-section-full_width elementor-section-height-default elementor-section-height-default\" data-id=\"a2d6cca\" data-element_type=\"section\" data-e-type=\"section\">\n\t\t\t\t\t\t<div class=\"elementor-container elementor-column-gap-default\">\n\t\t\t\t\t<div class=\"elementor-column elementor-col-100 elementor-top-column elementor-element elementor-element-a45c6d3\" data-id=\"a45c6d3\" data-element_type=\"column\" data-e-type=\"column\">\n\t\t\t<div class=\"elementor-widget-wrap elementor-element-populated\">\n\t\t\t\t\t\t<div class=\"elementor-element elementor-element-f854b1f elementor-widget elementor-widget-heading\" data-id=\"f854b1f\" data-element_type=\"widget\" data-e-type=\"widget\" data-widget_type=\"heading.default\">\n\t\t\t\t<div class=\"elementor-widget-container\">\n\t\t\t\t\t<h2 class=\"elementor-heading-title elementor-size-default\">AISLING N\u00cd CHEALLAIGH \u2013 \ud83c\uddee\ud83c\uddea ADVANCED AERIAL HOOP \u2013 IRLAND<\/h2>\t\t\t\t<\/div>\n\t\t\t\t<\/div>\n\t\t\t\t<div class=\"elementor-element elementor-element-b84f848 elementor-widget elementor-widget-gallery\" data-id=\"b84f848\" data-element_type=\"widget\" data-e-type=\"widget\" data-settings=\"{&quot;columns&quot;:3,&quot;lazyload&quot;:&quot;yes&quot;,&quot;gallery_layout&quot;:&quot;grid&quot;,&quot;columns_tablet&quot;:2,&quot;columns_mobile&quot;:1,&quot;gap&quot;:{&quot;unit&quot;:&quot;px&quot;,&quot;size&quot;:10,&quot;sizes&quot;:[]},&quot;gap_tablet&quot;:{&quot;unit&quot;:&quot;px&quot;,&quot;size&quot;:10,&quot;sizes&quot;:[]},&quot;gap_mobile&quot;:{&quot;unit&quot;:&quot;px&quot;,&quot;size&quot;:10,&quot;sizes&quot;:[]},&quot;link_to&quot;:&quot;file&quot;,&quot;aspect_ratio&quot;:&quot;3:2&quot;,&quot;overlay_background&quot;:&quot;yes&quot;,&quot;content_hover_animation&quot;:&quot;fade-in&quot;}\" data-widget_type=\"gallery.default\">\n\t\t\t\t<div class=\"elementor-widget-container\">\n\t\t\t\t\t\t\t<div class=\"elementor-gallery__container\">\n\t\t\t\t\t\t\t<a class=\"e-gallery-item elementor-gallery-item elementor-animated-content\" href=\"https:\/\/worlddancemovement.com\/wp-content\/uploads\/2025\/01\/Aisling_1-scaled-e1737319659337.jpg\" data-elementor-open-lightbox=\"yes\" data-elementor-lightbox-slideshow=\"b84f848\" data-elementor-lightbox-title=\"Aisling_1\" data-e-action-hash=\"#elementor-action%3Aaction%3Dlightbox%26settings%3DeyJpZCI6MTc5NzIsInVybCI6Imh0dHBzOlwvXC93b3JsZGRhbmNlbW92ZW1lbnQuY29tXC93cC1jb250ZW50XC91cGxvYWRzXC8yMDI1XC8wMVwvQWlzbGluZ18xLXNjYWxlZC1lMTczNzMxOTY1OTMzNy5qcGciLCJzbGlkZXNob3ciOiJiODRmODQ4In0%3D\">\n\t\t\t\t\t<div class=\"e-gallery-image elementor-gallery-item__image\" data-thumbnail=\"https:\/\/worlddancemovement.com\/wp-content\/uploads\/2025\/01\/Aisling_1-754x1024.jpg\" data-width=\"754\" data-height=\"1024\" aria-label=\"\" role=\"img\" ><\/div>\n\t\t\t\t\t\t\t\t\t\t\t<div class=\"elementor-gallery-item__overlay\"><\/div>\n\t\t\t\t\t\t\t\t\t\t\t\t\t\t<\/a>\n\t\t\t\t\t\t\t<a class=\"e-gallery-item elementor-gallery-item elementor-animated-content\" href=\"https:\/\/worlddancemovement.com\/wp-content\/uploads\/2025\/01\/Aisling_2-scaled.jpg\" data-elementor-open-lightbox=\"yes\" data-elementor-lightbox-slideshow=\"b84f848\" data-elementor-lightbox-title=\"Aisling_2\" data-e-action-hash=\"#elementor-action%3Aaction%3Dlightbox%26settings%3DeyJpZCI6MTc5NzMsInVybCI6Imh0dHBzOlwvXC93b3JsZGRhbmNlbW92ZW1lbnQuY29tXC93cC1jb250ZW50XC91cGxvYWRzXC8yMDI1XC8wMVwvQWlzbGluZ18yLXNjYWxlZC5qcGciLCJzbGlkZXNob3ciOiJiODRmODQ4In0%3D\">\n\t\t\t\t\t<div class=\"e-gallery-image elementor-gallery-item__image\" data-thumbnail=\"https:\/\/worlddancemovement.com\/wp-content\/uploads\/2025\/01\/Aisling_2-1024x819.jpg\" data-width=\"1024\" data-height=\"819\" aria-label=\"\" role=\"img\" ><\/div>\n\t\t\t\t\t\t\t\t\t\t\t<div class=\"elementor-gallery-item__overlay\"><\/div>\n\t\t\t\t\t\t\t\t\t\t\t\t\t\t<\/a>\n\t\t\t\t\t\t\t<a class=\"e-gallery-item elementor-gallery-item elementor-animated-content\" href=\"https:\/\/worlddancemovement.com\/wp-content\/uploads\/2025\/01\/Aisling_3-scaled.jpg\" data-elementor-open-lightbox=\"yes\" data-elementor-lightbox-slideshow=\"b84f848\" data-elementor-lightbox-title=\"Aisling_3\" data-e-action-hash=\"#elementor-action%3Aaction%3Dlightbox%26settings%3DeyJpZCI6MTc5NzQsInVybCI6Imh0dHBzOlwvXC93b3JsZGRhbmNlbW92ZW1lbnQuY29tXC93cC1jb250ZW50XC91cGxvYWRzXC8yMDI1XC8wMVwvQWlzbGluZ18zLXNjYWxlZC5qcGciLCJzbGlkZXNob3ciOiJiODRmODQ4In0%3D\">\n\t\t\t\t\t<div class=\"e-gallery-image elementor-gallery-item__image\" data-thumbnail=\"https:\/\/worlddancemovement.com\/wp-content\/uploads\/2025\/01\/Aisling_3-819x1024.jpg\" data-width=\"819\" data-height=\"1024\" aria-label=\"\" role=\"img\" ><\/div>\n\t\t\t\t\t\t\t\t\t\t\t<div class=\"elementor-gallery-item__overlay\"><\/div>\n\t\t\t\t\t\t\t\t\t\t\t\t\t\t<\/a>\n\t\t\t\t\t\t\t<a class=\"e-gallery-item elementor-gallery-item elementor-animated-content\" href=\"https:\/\/worlddancemovement.com\/wp-content\/uploads\/2025\/01\/download-3.jpg\" data-elementor-open-lightbox=\"yes\" data-elementor-lightbox-slideshow=\"b84f848\" data-elementor-lightbox-title=\"download-3\" data-e-action-hash=\"#elementor-action%3Aaction%3Dlightbox%26settings%3DeyJpZCI6MTc5MzksInVybCI6Imh0dHBzOlwvXC93b3JsZGRhbmNlbW92ZW1lbnQuY29tXC93cC1jb250ZW50XC91cGxvYWRzXC8yMDI1XC8wMVwvZG93bmxvYWQtMy5qcGciLCJzbGlkZXNob3ciOiJiODRmODQ4In0%3D\">\n\t\t\t\t\t<div class=\"e-gallery-image elementor-gallery-item__image\" data-thumbnail=\"https:\/\/worlddancemovement.com\/wp-content\/uploads\/2025\/01\/download-3.jpg\" data-width=\"225\" data-height=\"225\" aria-label=\"\" role=\"img\" ><\/div>\n\t\t\t\t\t\t\t\t\t\t\t<div class=\"elementor-gallery-item__overlay\"><\/div>\n\t\t\t\t\t\t\t\t\t\t\t\t\t\t<\/a>\n\t\t\t\t\t\t\t<a class=\"e-gallery-item elementor-gallery-item elementor-animated-content\" href=\"https:\/\/worlddancemovement.com\/wp-content\/uploads\/2025\/01\/download-5.jpg\" data-elementor-open-lightbox=\"yes\" data-elementor-lightbox-slideshow=\"b84f848\" data-elementor-lightbox-title=\"download-5\" data-e-action-hash=\"#elementor-action%3Aaction%3Dlightbox%26settings%3DeyJpZCI6MTc5NDEsInVybCI6Imh0dHBzOlwvXC93b3JsZGRhbmNlbW92ZW1lbnQuY29tXC93cC1jb250ZW50XC91cGxvYWRzXC8yMDI1XC8wMVwvZG93bmxvYWQtNS5qcGciLCJzbGlkZXNob3ciOiJiODRmODQ4In0%3D\">\n\t\t\t\t\t<div class=\"e-gallery-image elementor-gallery-item__image\" data-thumbnail=\"https:\/\/worlddancemovement.com\/wp-content\/uploads\/2025\/01\/download-5.jpg\" data-width=\"251\" data-height=\"201\" aria-label=\"\" role=\"img\" ><\/div>\n\t\t\t\t\t\t\t\t\t\t\t<div class=\"elementor-gallery-item__overlay\"><\/div>\n\t\t\t\t\t\t\t\t\t\t\t\t\t\t<\/a>\n\t\t\t\t\t\t\t<a class=\"e-gallery-item elementor-gallery-item elementor-animated-content\" href=\"https:\/\/worlddancemovement.com\/wp-content\/uploads\/2025\/01\/download-4.jpg\" data-elementor-open-lightbox=\"yes\" data-elementor-lightbox-slideshow=\"b84f848\" data-elementor-lightbox-title=\"download-4\" data-e-action-hash=\"#elementor-action%3Aaction%3Dlightbox%26settings%3DeyJpZCI6MTc5NDAsInVybCI6Imh0dHBzOlwvXC93b3JsZGRhbmNlbW92ZW1lbnQuY29tXC93cC1jb250ZW50XC91cGxvYWRzXC8yMDI1XC8wMVwvZG93bmxvYWQtNC5qcGciLCJzbGlkZXNob3ciOiJiODRmODQ4In0%3D\">\n\t\t\t\t\t<div class=\"e-gallery-image elementor-gallery-item__image\" data-thumbnail=\"https:\/\/worlddancemovement.com\/wp-content\/uploads\/2025\/01\/download-4.jpg\" data-width=\"288\" data-height=\"175\" aria-label=\"\" role=\"img\" ><\/div>\n\t\t\t\t\t\t\t\t\t\t\t<div class=\"elementor-gallery-item__overlay\"><\/div>\n\t\t\t\t\t\t\t\t\t\t\t\t\t\t<\/a>\n\t\t\t\t\t<\/div>\n\t\t\t\t\t<\/div>\n\t\t\t\t<\/div>\n\t\t\t\t<div class=\"elementor-element elementor-element-a612660 elementor-widget elementor-widget-text-editor\" data-id=\"a612660\" data-element_type=\"widget\" data-e-type=\"widget\" data-widget_type=\"text-editor.default\">\n\t\t\t\t<div class=\"elementor-widget-container\">\n\t\t\t\t\t\t\t\t\t<p>Aisling N\u00ed Cheallaigh ist eine irische Luftakrobatin, die von einem Konglomerat aus Unternehmen und Trainern selbst gro\u00dfgezogen wurde.<\/p><p>Sie haben Freude am Fliegen und an der Bewegung und obwohl sie sich auf den Luftring spezialisiert haben, sind sie auch Experten in den Bereichen Riemen, Stoffe, Doppeltrapez, Nahakrobatik und der anspruchsvollen Disziplin, sich von einem Cyr Wheel ins Gesicht schlagen zu lassen.<\/p><p>Sie sind weit gereist und haben auf B\u00fchnen wie Le Monast\u00e9re (Kanada) und FIRCO (Spanien) sowie bei Gro\u00dfveranstaltungen wie Hogmanay in Edinburgh (Gro\u00dfbritannien), den Islamic Solidarity Games (Aserbaidschan), dem Montreal Completion Cirque (Kanada), Bliss Circus Nights (Indien) und der Cathy Pacific Night Parade (Hongkong) gespielt.<\/p><p>Sie haben drei ihrer eigenen Shows mitgestaltet: \u201eHow to Square A Circle\u201c, \u201eSub Rosa\u201c und \u201eNASC\u201c und arbeiten derzeit an einer Soloshow namens \u201eEaspa\u201c. Sie leben in Freilandhaltung, sind biologisch und werden mit Mais gef\u00fcttert.<\/p><h4><b>Um mehr zu lernen:<\/b><\/h4><p><a href=\"https:\/\/www.instagram.com\/aislingcheallaigh\/?hl=en\" target=\"_blank\" rel=\"noopener\">AISLINGS INSTAGRAM<\/a><\/p>\t\t\t\t\t\t\t\t<\/div>\n\t\t\t\t<\/div>\n\t\t\t\t\t<\/div>\n\t\t<\/div>\n\t\t\t\t\t<\/div>\n\t\t<\/section>\n\t\t\t\t<\/div>","protected":false},"excerpt":{"rendered":"<p>Aisling ni\u0301 Cheallaigh AISLING N\u00cd CHEALLAIGH &#8211; \ud83c\uddee\ud83c\uddea ADVANCED AERIAL HOOP &#8211; IRELAND Aisling N\u00ed Cheallaigh is an Irish aerialist homegrown and hand reared by a conglomerate of companies and coaches. They delight in flight and movement and while they specialises in Aerial Hoop they are also an expert dabbler in Straps, Fabric, Doubles Trapeze, [&hellip;]<\/p>\n","protected":false},"author":6,"featured_media":0,"parent":1562,"menu_order":0,"comment_status":"closed","ping_status":"closed","template":"","meta":{"_acf_changed":false,"site-sidebar-layout":"no-sidebar","site-content-layout":"page-builder","ast-site-content-layout":"default","site-content-style":"default","site-sidebar-style":"default","ast-global-header-display":"","ast-banner-title-visibility":"","ast-main-header-display":"","ast-hfb-above-header-display":"","ast-hfb-below-header-display":"","ast-hfb-mobile-header-display":"","site-post-title":"disabled","ast-breadcrumbs-content":"","ast-featured-img":"disabled","footer-sml-layout":"","ast-disable-related-posts":"","theme-transparent-header-meta":"default","adv-header-id-meta":"","stick-header-meta":"default","header-above-stick-meta":"","header-main-stick-meta":"","header-below-stick-meta":"","astra-migrate-meta-layouts":"default","ast-page-background-enabled":"default","ast-page-background-meta":{"desktop":{"background-color":"","background-image":"","background-repeat":"repeat","background-position":"center center","background-size":"auto","background-attachment":"scroll","background-type":"","background-media":"","overlay-type":"","overlay-color":"","overlay-opacity":"","overlay-gradient":""},"tablet":{"background-color":"","background-image":"","background-repeat":"repeat","background-position":"center center","background-size":"auto","background-attachment":"scroll","background-type":"","background-media":"","overlay-type":"","overlay-color":"","overlay-opacity":"","overlay-gradient":""},"mobile":{"background-color":"","background-image":"","background-repeat":"repeat","background-position":"center center","background-size":"auto","background-attachment":"scroll","background-type":"","background-media":"","overlay-type":"","overlay-color":"","overlay-opacity":"","overlay-gradient":""}},"ast-content-background-meta":{"desktop":{"background-color":"var(--ast-global-color-5)","background-image":"","background-repeat":"repeat","background-position":"center center","background-size":"auto","background-attachment":"scroll","background-type":"","background-media":"","overlay-type":"","overlay-color":"","overlay-opacity":"","overlay-gradient":""},"tablet":{"background-color":"var(--ast-global-color-5)","background-image":"","background-repeat":"repeat","background-position":"center center","background-size":"auto","background-attachment":"scroll","background-type":"","background-media":"","overlay-type":"","overlay-color":"","overlay-opacity":"","overlay-gradient":""},"mobile":{"background-color":"var(--ast-global-color-5)","background-image":"","background-repeat":"repeat","background-position":"center center","background-size":"auto","background-attachment":"scroll","background-type":"","background-media":"","overlay-type":"","overlay-color":"","overlay-opacity":"","overlay-gradient":""}},"footnotes":""},"class_list":["post-17935","page","type-page","status-publish","hentry"],"acf":[],"jetpack_sharing_enabled":true,"_links":{"self":[{"href":"https:\/\/worlddancemovement.com\/de\/wp-json\/wp\/v2\/pages\/17935","targetHints":{"allow":["GET"]}}],"collection":[{"href":"https:\/\/worlddancemovement.com\/de\/wp-json\/wp\/v2\/pages"}],"about":[{"href":"https:\/\/worlddancemovement.com\/de\/wp-json\/wp\/v2\/types\/page"}],"author":[{"embeddable":true,"href":"https:\/\/worlddancemovement.com\/de\/wp-json\/wp\/v2\/users\/6"}],"replies":[{"embeddable":true,"href":"https:\/\/worlddancemovement.com\/de\/wp-json\/wp\/v2\/comments?post=17935"}],"version-history":[{"count":10,"href":"https:\/\/worlddancemovement.com\/de\/wp-json\/wp\/v2\/pages\/17935\/revisions"}],"predecessor-version":[{"id":18046,"href":"https:\/\/worlddancemovement.com\/de\/wp-json\/wp\/v2\/pages\/17935\/revisions\/18046"}],"up":[{"embeddable":true,"href":"https:\/\/worlddancemovement.com\/de\/wp-json\/wp\/v2\/pages\/1562"}],"wp:attachment":[{"href":"https:\/\/worlddancemovement.com\/de\/wp-json\/wp\/v2\/media?parent=17935"}],"curies":[{"name":"wp","href":"https:\/\/api.w.org\/{rel}","templated":true}]}}