{"id":1801,"date":"2021-01-01T15:50:33","date_gmt":"2021-01-01T15:50:33","guid":{"rendered":"https:\/\/migrate.worlddancemovement.com\/?page_id=1801"},"modified":"2023-10-05T23:08:53","modified_gmt":"2023-10-05T23:08:53","slug":"jason-parsons","status":"publish","type":"page","link":"https:\/\/worlddancemovement.com\/de\/faculty\/jason-parsons\/","title":{"rendered":"JASON PARSONS"},"content":{"rendered":"<div data-elementor-type=\"wp-page\" data-elementor-id=\"1801\" class=\"elementor elementor-1801\" data-elementor-post-type=\"page\">\n\t\t\t\t\t\t<section class=\"elementor-section elementor-top-section elementor-element elementor-element-94ec49d elementor-section-full_width elementor-section-height-min-height elementor-section-height-default elementor-section-items-middle\" data-id=\"94ec49d\" data-element_type=\"section\" data-e-type=\"section\" data-settings=\"{&quot;background_background&quot;:&quot;classic&quot;}\">\n\t\t\t\t\t\t\t<div class=\"elementor-background-overlay\"><\/div>\n\t\t\t\t\t\t\t<div class=\"elementor-container elementor-column-gap-no\">\n\t\t\t\t\t<div class=\"elementor-column elementor-col-100 elementor-top-column elementor-element elementor-element-8268956\" data-id=\"8268956\" data-element_type=\"column\" data-e-type=\"column\">\n\t\t\t<div class=\"elementor-widget-wrap elementor-element-populated\">\n\t\t\t\t\t\t<div class=\"elementor-element elementor-element-5016628 elementor-widget elementor-widget-heading\" data-id=\"5016628\" data-element_type=\"widget\" data-e-type=\"widget\" data-widget_type=\"heading.default\">\n\t\t\t\t<div class=\"elementor-widget-container\">\n\t\t\t\t\t<h2 class=\"elementor-heading-title elementor-size-default\">JASON PARSONS\n<\/h2>\t\t\t\t<\/div>\n\t\t\t\t<\/div>\n\t\t\t\t<div class=\"elementor-element elementor-element-a86216f elementor-widget-divider--view-line elementor-widget elementor-widget-divider\" data-id=\"a86216f\" data-element_type=\"widget\" data-e-type=\"widget\" data-widget_type=\"divider.default\">\n\t\t\t\t<div class=\"elementor-widget-container\">\n\t\t\t\t\t\t\t<div class=\"elementor-divider\">\n\t\t\t<span class=\"elementor-divider-separator\">\n\t\t\t\t\t\t<\/span>\n\t\t<\/div>\n\t\t\t\t\t\t<\/div>\n\t\t\t\t<\/div>\n\t\t\t\t\t<\/div>\n\t\t<\/div>\n\t\t\t\t\t<\/div>\n\t\t<\/section>\n\t\t\t\t<section class=\"elementor-section elementor-top-section elementor-element elementor-element-a2d6cca elementor-section-full_width elementor-section-height-default elementor-section-height-default\" data-id=\"a2d6cca\" data-element_type=\"section\" data-e-type=\"section\">\n\t\t\t\t\t\t<div class=\"elementor-container elementor-column-gap-default\">\n\t\t\t\t\t<div class=\"elementor-column elementor-col-100 elementor-top-column elementor-element elementor-element-a45c6d3\" data-id=\"a45c6d3\" data-element_type=\"column\" data-e-type=\"column\">\n\t\t\t<div class=\"elementor-widget-wrap elementor-element-populated\">\n\t\t\t\t\t\t<div class=\"elementor-element elementor-element-f854b1f elementor-widget elementor-widget-heading\" data-id=\"f854b1f\" data-element_type=\"widget\" data-e-type=\"widget\" data-widget_type=\"heading.default\">\n\t\t\t\t<div class=\"elementor-widget-container\">\n\t\t\t\t\t<h2 class=\"elementor-heading-title elementor-size-default\">USA \/ Klasse: Modern Jazz\n\n\n\n\n\n\n\n\n\n\n\n<\/h2>\t\t\t\t<\/div>\n\t\t\t\t<\/div>\n\t\t\t\t<div class=\"elementor-element elementor-element-3947f8e elementor-widget elementor-widget-text-editor\" data-id=\"3947f8e\" data-element_type=\"widget\" data-e-type=\"widget\" data-widget_type=\"text-editor.default\">\n\t\t\t\t<div class=\"elementor-widget-container\">\n\t\t\t\t\t\t\t\t\t<ul><li>Jason hat Arbeiten f\u00fcr SALT 2, Rasta Thomas&#039;s Bad Boys of Dance, Willow Oak Contemporary Ballet, Odyssey, HoustonMet und die Evolution Dance Company geschaffen.\u00a0<\/li><li>International wurden seine Arbeiten beim Gwang Ju Biennale Festival (S\u00fcdkorea), Baudelaire (Japan), Artedanza (Italien), Nokia Awards (Tschechien), Minjockchoom Cultural Festival (S\u00fcdkorea), Puglia Danza (Italien) und dem aufgef\u00fchrt Seoul Contemporary Jazz Dance Festival (S\u00fcdkorea).\u00a0<\/li><li>Jason hat auch mit der italienischen K\u00fcnstlerin Elena Parisi zusammengearbeitet, um eine bewegende Installation f\u00fcr ihre erste Ausstellung in Mailand, Italien, zu schaffen.\u00a0<\/li><li>Seit Februar 2008 kreiert und urauff\u00fchrt Jason f\u00fcr sich und seine T\u00e4nzertruppe abendf\u00fcllende Konzertwerke. Jason und seine T\u00e4nzer traten in New York City im Joyce Theater, im Cedar Lake Theater, im Joyce Soho, im Salvatore Capezio Theater von Peridance, im Dixon Place, im Manhattan Movement and Art Center, im Alvin Ailey und f\u00fcr APAP in der Carnegie Hall auf.\u00a0<\/li><li>Im Juli 2015 hatte Jason bei Dancepalooza25 LIVE in Long Beach, Kalifornien, eine 25-min\u00fctige gemeinsame Tanzarbeit mit der Choreografin Lauren Adams uraufgef\u00fchrt.\u00a0<\/li><li>F\u00fcr die Kanada-Tournee 2015\/2016 von Toes for Dance (Toronto Outreach and Exchange Strategy) hat er zwei Originalwerke mit den Titeln \u201eEyes Swallow As You Take Me In\u201c und \u201eI Hear Your Colors\u201c geschaffen.\u00a0<\/li><li>Im Mai 2016 schuf er ein neues Werk mit dem Titel \u201eMy Mouth, Your Whisper\u201c, das im Diavolo Space in Los Angeles Premiere hatte.\u00a0<\/li><li>Als Performer ist Jason im Tanzfilm \u201eMovement One\u201c zu sehen. Er war einer der Hauptdarsteller in Stacey Tookeys Show \u201eMoments Defined\u201c. Im Juli 2016 war er einer der Hauptdarsteller in Travis Walls \u201eHollow Suit\u201c.\u00a0<\/li><li>Jason ist Dozent bei der Nuvo Dance Convention und war Dozent bei Steps on Broadway, Peridance und dem Broadway Dance Center in New York City. Als Meisterlehrer hat er in den USA, Kanada, den Niederlanden, England, Italien, Japan, S\u00fcdkorea, Costa Rica, Zypern und der Tschechischen Republik unterrichtet.<\/li><\/ul><p>\u00a0<\/p>\t\t\t\t\t\t\t\t<\/div>\n\t\t\t\t<\/div>\n\t\t\t\t\t<\/div>\n\t\t<\/div>\n\t\t\t\t\t<\/div>\n\t\t<\/section>\n\t\t\t\t<\/div>","protected":false},"excerpt":{"rendered":"<p>JASON PARSONS USA \/ Class: Modern Jazz Jason has created work for SALT 2, Rasta Thomas&#8217;s Bad Boys of Dance, Willow Oak Contemporary Ballet, Odyssey, HoustonMet and the Evolution Dance Company.\u00a0 Internationally his work has been performed at the Gwang Ju Biennale Festival (South Korea), Baudelaire (Japan), Artedanza (Italy), Nokia Awards (Czech Rep.), Minjockchoom Cultural [&hellip;]<\/p>\n","protected":false},"author":6,"featured_media":0,"parent":1562,"menu_order":0,"comment_status":"closed","ping_status":"closed","template":"","meta":{"_acf_changed":false,"site-sidebar-layout":"no-sidebar","site-content-layout":"page-builder","ast-site-content-layout":"default","site-content-style":"default","site-sidebar-style":"default","ast-global-header-display":"","ast-banner-title-visibility":"","ast-main-header-display":"","ast-hfb-above-header-display":"","ast-hfb-below-header-display":"","ast-hfb-mobile-header-display":"","site-post-title":"disabled","ast-breadcrumbs-content":"","ast-featured-img":"disabled","footer-sml-layout":"","ast-disable-related-posts":"","theme-transparent-header-meta":"default","adv-header-id-meta":"","stick-header-meta":"default","header-above-stick-meta":"","header-main-stick-meta":"","header-below-stick-meta":"","astra-migrate-meta-layouts":"default","ast-page-background-enabled":"default","ast-page-background-meta":{"desktop":{"background-color":"","background-image":"","background-repeat":"repeat","background-position":"center center","background-size":"auto","background-attachment":"scroll","background-type":"","background-media":"","overlay-type":"","overlay-color":"","overlay-opacity":"","overlay-gradient":""},"tablet":{"background-color":"","background-image":"","background-repeat":"repeat","background-position":"center center","background-size":"auto","background-attachment":"scroll","background-type":"","background-media":"","overlay-type":"","overlay-color":"","overlay-opacity":"","overlay-gradient":""},"mobile":{"background-color":"","background-image":"","background-repeat":"repeat","background-position":"center center","background-size":"auto","background-attachment":"scroll","background-type":"","background-media":"","overlay-type":"","overlay-color":"","overlay-opacity":"","overlay-gradient":""}},"ast-content-background-meta":{"desktop":{"background-color":"var(--ast-global-color-5)","background-image":"","background-repeat":"repeat","background-position":"center center","background-size":"auto","background-attachment":"scroll","background-type":"","background-media":"","overlay-type":"","overlay-color":"","overlay-opacity":"","overlay-gradient":""},"tablet":{"background-color":"var(--ast-global-color-5)","background-image":"","background-repeat":"repeat","background-position":"center center","background-size":"auto","background-attachment":"scroll","background-type":"","background-media":"","overlay-type":"","overlay-color":"","overlay-opacity":"","overlay-gradient":""},"mobile":{"background-color":"var(--ast-global-color-5)","background-image":"","background-repeat":"repeat","background-position":"center center","background-size":"auto","background-attachment":"scroll","background-type":"","background-media":"","overlay-type":"","overlay-color":"","overlay-opacity":"","overlay-gradient":""}},"footnotes":""},"class_list":["post-1801","page","type-page","status-publish","hentry"],"acf":[],"jetpack_sharing_enabled":true,"_links":{"self":[{"href":"https:\/\/worlddancemovement.com\/de\/wp-json\/wp\/v2\/pages\/1801","targetHints":{"allow":["GET"]}}],"collection":[{"href":"https:\/\/worlddancemovement.com\/de\/wp-json\/wp\/v2\/pages"}],"about":[{"href":"https:\/\/worlddancemovement.com\/de\/wp-json\/wp\/v2\/types\/page"}],"author":[{"embeddable":true,"href":"https:\/\/worlddancemovement.com\/de\/wp-json\/wp\/v2\/users\/6"}],"replies":[{"embeddable":true,"href":"https:\/\/worlddancemovement.com\/de\/wp-json\/wp\/v2\/comments?post=1801"}],"version-history":[{"count":10,"href":"https:\/\/worlddancemovement.com\/de\/wp-json\/wp\/v2\/pages\/1801\/revisions"}],"predecessor-version":[{"id":13417,"href":"https:\/\/worlddancemovement.com\/de\/wp-json\/wp\/v2\/pages\/1801\/revisions\/13417"}],"up":[{"embeddable":true,"href":"https:\/\/worlddancemovement.com\/de\/wp-json\/wp\/v2\/pages\/1562"}],"wp:attachment":[{"href":"https:\/\/worlddancemovement.com\/de\/wp-json\/wp\/v2\/media?parent=1801"}],"curies":[{"name":"wp","href":"https:\/\/api.w.org\/{rel}","templated":true}]}}