{"id":1806,"date":"2021-01-01T15:52:54","date_gmt":"2021-01-01T15:52:54","guid":{"rendered":"https:\/\/migrate.worlddancemovement.com\/?page_id=1806"},"modified":"2021-01-23T19:59:31","modified_gmt":"2021-01-23T19:59:31","slug":"dana-foglia-wdm","status":"publish","type":"page","link":"https:\/\/worlddancemovement.com\/de\/faculty\/dana-foglia-wdm\/","title":{"rendered":"DANA FOGLIA"},"content":{"rendered":"<div data-elementor-type=\"wp-page\" data-elementor-id=\"1806\" class=\"elementor elementor-1806\" data-elementor-post-type=\"page\">\n\t\t\t\t\t\t<section class=\"elementor-section elementor-top-section elementor-element elementor-element-94ec49d elementor-section-full_width elementor-section-height-min-height elementor-section-height-default elementor-section-items-middle\" data-id=\"94ec49d\" data-element_type=\"section\" data-e-type=\"section\" data-settings=\"{&quot;background_background&quot;:&quot;classic&quot;}\">\n\t\t\t\t\t\t\t<div class=\"elementor-background-overlay\"><\/div>\n\t\t\t\t\t\t\t<div class=\"elementor-container elementor-column-gap-no\">\n\t\t\t\t\t<div class=\"elementor-column elementor-col-100 elementor-top-column elementor-element elementor-element-8268956\" data-id=\"8268956\" data-element_type=\"column\" data-e-type=\"column\">\n\t\t\t<div class=\"elementor-widget-wrap elementor-element-populated\">\n\t\t\t\t\t\t<div class=\"elementor-element elementor-element-5016628 elementor-widget elementor-widget-heading\" data-id=\"5016628\" data-element_type=\"widget\" data-e-type=\"widget\" data-widget_type=\"heading.default\">\n\t\t\t\t<div class=\"elementor-widget-container\">\n\t\t\t\t\t<h2 class=\"elementor-heading-title elementor-size-default\">DANA FOGLIA\n<\/h2>\t\t\t\t<\/div>\n\t\t\t\t<\/div>\n\t\t\t\t<div class=\"elementor-element elementor-element-a86216f elementor-widget-divider--view-line elementor-widget elementor-widget-divider\" data-id=\"a86216f\" data-element_type=\"widget\" data-e-type=\"widget\" data-widget_type=\"divider.default\">\n\t\t\t\t<div class=\"elementor-widget-container\">\n\t\t\t\t\t\t\t<div class=\"elementor-divider\">\n\t\t\t<span class=\"elementor-divider-separator\">\n\t\t\t\t\t\t<\/span>\n\t\t<\/div>\n\t\t\t\t\t\t<\/div>\n\t\t\t\t<\/div>\n\t\t\t\t\t<\/div>\n\t\t<\/div>\n\t\t\t\t\t<\/div>\n\t\t<\/section>\n\t\t\t\t<section class=\"elementor-section elementor-top-section elementor-element elementor-element-a2d6cca elementor-section-full_width elementor-section-height-default elementor-section-height-default\" data-id=\"a2d6cca\" data-element_type=\"section\" data-e-type=\"section\">\n\t\t\t\t\t\t<div class=\"elementor-container elementor-column-gap-default\">\n\t\t\t\t\t<div class=\"elementor-column elementor-col-100 elementor-top-column elementor-element elementor-element-a45c6d3\" data-id=\"a45c6d3\" data-element_type=\"column\" data-e-type=\"column\">\n\t\t\t<div class=\"elementor-widget-wrap elementor-element-populated\">\n\t\t\t\t\t\t<div class=\"elementor-element elementor-element-f854b1f elementor-widget elementor-widget-heading\" data-id=\"f854b1f\" data-element_type=\"widget\" data-e-type=\"widget\" data-widget_type=\"heading.default\">\n\t\t\t\t<div class=\"elementor-widget-container\">\n\t\t\t\t\t<h2 class=\"elementor-heading-title elementor-size-default\">USA \/ Klasse: Hip Hop\n\n\n\n\n\n\n\n\n\n\n\n<\/h2>\t\t\t\t<\/div>\n\t\t\t\t<\/div>\n\t\t\t\t<div class=\"elementor-element elementor-element-3947f8e elementor-widget elementor-widget-text-editor\" data-id=\"3947f8e\" data-element_type=\"widget\" data-e-type=\"widget\" data-widget_type=\"text-editor.default\">\n\t\t\t\t<div class=\"elementor-widget-container\">\n\t\t\t\t\t\t\t\t\t<p>Dana Foglia hat Tanz in den gesamten Vereinigten Staaten und international unterrichtet. Sie absolvierte eine umfassende Ballett- und Modernisierungsausbildung an der Seiskaya Ballet Academy und erhielt sp\u00e4ter ein Vollstipendium an der Ailey School. Parallel dazu studierte sie auch Hip Hop, Pointe, Jazz, Stepptanz und African. Dana f\u00fchlte sich geehrt, als nur einige wenige ausgew\u00e4hlt wurden, mit der Ailey Company in Memoria aufzutreten.<\/p><p>Sie tourte und trat mit Top-K\u00fcnstlern auf, darunter Beyonc\u00e9, Janet Jackson, Rihanna, Kelis, New Kids on the Block, Fantasia und der Latin-Sensation Thalia und anderen. Zuletzt arbeitete Dana mit Beyonce f\u00fcr ihre \u201eI Am\u20262009 Tour\u201c als Assistenzchoreografin zusammen und trainierte und bereitete Beyonce pers\u00f6nlich auf diese Tour vor.<\/p><p>Dana hat mit Top-Choreografen wie Frank Gaston, Brian Friedman, Gil Duldalao, Tony Michaels, Rosaro und anderen zusammengearbeitet. Sie trat in zahlreichen Fernseh- und Preisverleihungen auf, darunter \u201eSo You Think You Can Dance\u201c, \u201eQueer Eye for the Straight Guy\u201c, \u201eMTV\u201c, \u201eVMA Awards\u201c, \u201eTeen Choice Awards\u201c, \u201eAMA Awards\u201c, \u201eWorld Music Awards\u201c, \u201eBillboard Awards\u201c, \u201eAll My Children\u201c, \u201eRegis and Kelly\u201c. , Dick Clark&#039;s Rockin New Year&#039;s Eve, die Today Show, Good Morning America, BET 106 &amp; Park, Noble Peace Prize Concert, Jimmy Kimmel, Carson Daly und Jay Leno Shows. M\u00f6glicherweise haben Sie sie Seite an Seite mit Beyonc\u00e9 in \u201eSingle Ladies\u201c bei den World Music Awards tanzen sehen. Dana hat in zahlreichen Werbespots mitgewirkt, darunter Haagen Daaz als Hauptt\u00e4nzerin und Acura.<\/p><p>Dana ist auch in einem Hip-Hop-Lehrvideo zu sehen, das teilweise vom Broadway Dance Center produziert wurde. Dana bringt ihren Sch\u00fclern stets ihr Wissen, ihre Erfahrung und ihre Leidenschaft f\u00fcr den Tanz n\u00e4her. Bleiben Sie \u00fcber alle Neuigkeiten von Dana auf dem Laufenden, indem Sie ihre Website unter www.danafoglia.com besuchen<\/p>\t\t\t\t\t\t\t\t<\/div>\n\t\t\t\t<\/div>\n\t\t\t\t\t<\/div>\n\t\t<\/div>\n\t\t\t\t\t<\/div>\n\t\t<\/section>\n\t\t\t\t<\/div>","protected":false},"excerpt":{"rendered":"<p>DANA FOGLIA USA \/ Class: Hip Hop Dana Foglia has taught dance all over the United States and internationally. She trained extensively in ballet and modern with the Seiskaya Ballet Academy and later on a full scholarship to the Ailey School. At the same time she also studied hip hop, pointe, jazz, tap and African. [&hellip;]<\/p>\n","protected":false},"author":6,"featured_media":0,"parent":1562,"menu_order":0,"comment_status":"closed","ping_status":"closed","template":"","meta":{"_acf_changed":false,"site-sidebar-layout":"no-sidebar","site-content-layout":"page-builder","ast-site-content-layout":"default","site-content-style":"default","site-sidebar-style":"default","ast-global-header-display":"","ast-banner-title-visibility":"","ast-main-header-display":"","ast-hfb-above-header-display":"","ast-hfb-below-header-display":"","ast-hfb-mobile-header-display":"","site-post-title":"disabled","ast-breadcrumbs-content":"","ast-featured-img":"disabled","footer-sml-layout":"","ast-disable-related-posts":"","theme-transparent-header-meta":"default","adv-header-id-meta":"","stick-header-meta":"default","header-above-stick-meta":"","header-main-stick-meta":"","header-below-stick-meta":"","astra-migrate-meta-layouts":"default","ast-page-background-enabled":"default","ast-page-background-meta":{"desktop":{"background-color":"","background-image":"","background-repeat":"repeat","background-position":"center center","background-size":"auto","background-attachment":"scroll","background-type":"","background-media":"","overlay-type":"","overlay-color":"","overlay-opacity":"","overlay-gradient":""},"tablet":{"background-color":"","background-image":"","background-repeat":"repeat","background-position":"center center","background-size":"auto","background-attachment":"scroll","background-type":"","background-media":"","overlay-type":"","overlay-color":"","overlay-opacity":"","overlay-gradient":""},"mobile":{"background-color":"","background-image":"","background-repeat":"repeat","background-position":"center center","background-size":"auto","background-attachment":"scroll","background-type":"","background-media":"","overlay-type":"","overlay-color":"","overlay-opacity":"","overlay-gradient":""}},"ast-content-background-meta":{"desktop":{"background-color":"var(--ast-global-color-5)","background-image":"","background-repeat":"repeat","background-position":"center center","background-size":"auto","background-attachment":"scroll","background-type":"","background-media":"","overlay-type":"","overlay-color":"","overlay-opacity":"","overlay-gradient":""},"tablet":{"background-color":"var(--ast-global-color-5)","background-image":"","background-repeat":"repeat","background-position":"center center","background-size":"auto","background-attachment":"scroll","background-type":"","background-media":"","overlay-type":"","overlay-color":"","overlay-opacity":"","overlay-gradient":""},"mobile":{"background-color":"var(--ast-global-color-5)","background-image":"","background-repeat":"repeat","background-position":"center center","background-size":"auto","background-attachment":"scroll","background-type":"","background-media":"","overlay-type":"","overlay-color":"","overlay-opacity":"","overlay-gradient":""}},"footnotes":""},"class_list":["post-1806","page","type-page","status-publish","hentry"],"acf":[],"jetpack_sharing_enabled":true,"_links":{"self":[{"href":"https:\/\/worlddancemovement.com\/de\/wp-json\/wp\/v2\/pages\/1806","targetHints":{"allow":["GET"]}}],"collection":[{"href":"https:\/\/worlddancemovement.com\/de\/wp-json\/wp\/v2\/pages"}],"about":[{"href":"https:\/\/worlddancemovement.com\/de\/wp-json\/wp\/v2\/types\/page"}],"author":[{"embeddable":true,"href":"https:\/\/worlddancemovement.com\/de\/wp-json\/wp\/v2\/users\/6"}],"replies":[{"embeddable":true,"href":"https:\/\/worlddancemovement.com\/de\/wp-json\/wp\/v2\/comments?post=1806"}],"version-history":[{"count":10,"href":"https:\/\/worlddancemovement.com\/de\/wp-json\/wp\/v2\/pages\/1806\/revisions"}],"predecessor-version":[{"id":3182,"href":"https:\/\/worlddancemovement.com\/de\/wp-json\/wp\/v2\/pages\/1806\/revisions\/3182"}],"up":[{"embeddable":true,"href":"https:\/\/worlddancemovement.com\/de\/wp-json\/wp\/v2\/pages\/1562"}],"wp:attachment":[{"href":"https:\/\/worlddancemovement.com\/de\/wp-json\/wp\/v2\/media?parent=1806"}],"curies":[{"name":"wp","href":"https:\/\/api.w.org\/{rel}","templated":true}]}}