{"id":2118,"date":"2021-01-04T12:38:48","date_gmt":"2021-01-04T12:38:48","guid":{"rendered":"https:\/\/migrate.worlddancemovement.com\/?page_id=2118"},"modified":"2021-01-25T18:02:00","modified_gmt":"2021-01-25T18:02:00","slug":"elias-lazaridis","status":"publish","type":"page","link":"https:\/\/worlddancemovement.com\/de\/faculty\/elias-lazaridis\/","title":{"rendered":"Elias Lazaridis"},"content":{"rendered":"<div data-elementor-type=\"wp-page\" data-elementor-id=\"2118\" class=\"elementor elementor-2118\" data-elementor-post-type=\"page\">\n\t\t\t\t\t\t<section class=\"elementor-section elementor-top-section elementor-element elementor-element-94ec49d elementor-section-full_width elementor-section-height-min-height elementor-section-height-default elementor-section-items-middle\" data-id=\"94ec49d\" data-element_type=\"section\" data-e-type=\"section\" data-settings=\"{&quot;background_background&quot;:&quot;classic&quot;}\">\n\t\t\t\t\t\t\t<div class=\"elementor-background-overlay\"><\/div>\n\t\t\t\t\t\t\t<div class=\"elementor-container elementor-column-gap-no\">\n\t\t\t\t\t<div class=\"elementor-column elementor-col-100 elementor-top-column elementor-element elementor-element-8268956\" data-id=\"8268956\" data-element_type=\"column\" data-e-type=\"column\">\n\t\t\t<div class=\"elementor-widget-wrap elementor-element-populated\">\n\t\t\t\t\t\t<div class=\"elementor-element elementor-element-5016628 elementor-widget elementor-widget-heading\" data-id=\"5016628\" data-element_type=\"widget\" data-e-type=\"widget\" data-widget_type=\"heading.default\">\n\t\t\t\t<div class=\"elementor-widget-container\">\n\t\t\t\t\t<h2 class=\"elementor-heading-title elementor-size-default\">Elias Lazaridis\n\n<\/h2>\t\t\t\t<\/div>\n\t\t\t\t<\/div>\n\t\t\t\t<div class=\"elementor-element elementor-element-a86216f elementor-widget-divider--view-line elementor-widget elementor-widget-divider\" data-id=\"a86216f\" data-element_type=\"widget\" data-e-type=\"widget\" data-widget_type=\"divider.default\">\n\t\t\t\t<div class=\"elementor-widget-container\">\n\t\t\t\t\t\t\t<div class=\"elementor-divider\">\n\t\t\t<span class=\"elementor-divider-separator\">\n\t\t\t\t\t\t<\/span>\n\t\t<\/div>\n\t\t\t\t\t\t<\/div>\n\t\t\t\t<\/div>\n\t\t\t\t\t<\/div>\n\t\t<\/div>\n\t\t\t\t\t<\/div>\n\t\t<\/section>\n\t\t\t\t<section class=\"elementor-section elementor-top-section elementor-element elementor-element-a2d6cca elementor-section-full_width elementor-section-height-default elementor-section-height-default\" data-id=\"a2d6cca\" data-element_type=\"section\" data-e-type=\"section\">\n\t\t\t\t\t\t<div class=\"elementor-container elementor-column-gap-default\">\n\t\t\t\t\t<div class=\"elementor-column elementor-col-100 elementor-top-column elementor-element elementor-element-a45c6d3\" data-id=\"a45c6d3\" data-element_type=\"column\" data-e-type=\"column\">\n\t\t\t<div class=\"elementor-widget-wrap elementor-element-populated\">\n\t\t\t\t\t\t<div class=\"elementor-element elementor-element-f854b1f elementor-widget elementor-widget-heading\" data-id=\"f854b1f\" data-element_type=\"widget\" data-e-type=\"widget\" data-widget_type=\"heading.default\">\n\t\t\t\t<div class=\"elementor-widget-container\">\n\t\t\t\t\t<h2 class=\"elementor-heading-title elementor-size-default\">Belgien \/ Klasse: Eastman Repertory \u2013 Sidi Larbi Cherkaoui\n\n\n\n\n\n\n\n\n\n<\/h2>\t\t\t\t<\/div>\n\t\t\t\t<\/div>\n\t\t\t\t<div class=\"elementor-element elementor-element-3947f8e elementor-widget elementor-widget-text-editor\" data-id=\"3947f8e\" data-element_type=\"widget\" data-e-type=\"widget\" data-widget_type=\"text-editor.default\">\n\t\t\t\t<div class=\"elementor-widget-container\">\n\t\t\t\t\t\t\t\t\t<p>Elias Lazaridis wurde 1981 in Kavala, Griechenland, geboren und begann seine Ausbildung im klassischen Ballett im Alter von acht Jahren. Er war auch Sportler und nahm an internationalen Wettk\u00e4mpfen teil, unter anderem gewann er 400-m-H\u00fcrdenl\u00e4ufe. Er studierte Architektur in Athen, doch seine Leidenschaft f\u00fcr den Tanz war ungebrochen und er setzte seine Tanzausbildung an der Staatlichen Tanzschule in Athen fort. Er arbeitete Teilzeit f\u00fcr die Griechische Nationaloper und adLibdances \/ Kat V\u00e1lastur. Sp\u00e4ter zog er f\u00fcr weitere Studien bei PARTS (Anne Teresa de Keersmaeker) nach Br\u00fcssel, wo er mit verschiedenen zeitgen\u00f6ssischen Techniken in Kontakt kam.<\/p><p>2007 zog Elias Lazaridis nach London, um als freiberuflicher T\u00e4nzer\/Tanzlehrer zu arbeiten. Er tanzte f\u00fcr Hofesh Shechter (Uprising\/In your rooms) und Akram Khan (Vertical Road, Confluence, London 2012 Olympic Ceremony). Lazaridis begann 2009 mit Sidi Larbi Cherkaoui zusammenzuarbeiten. Er trat unter anderem in Das Rheingold und \u751f\u957fgenesis auf. Er wirkte auch im Vorprogramm des Films Anna Karenina unter der Regie von Joe Wright mit, bei dem Sidi Larbi Cherkaoui die Choreografie leitete.<\/p><p>Im Jahr 2014 tanzte Elias in \u201eShell Shock\u201c, einer Oper von Nicholas Lens, Nick Cave und Sidi Larbi Cherkaoui, zum Gedenken an den Ersten Weltkrieg. Sp\u00e4ter wirkte er auch als T\u00e4nzer an den Opern Les Indes Galantes (2016) und Satyagraha (2017) mit, beide unter der Leitung von Sidi Larbi Cherkaoui. Mit Cherkaoui arbeitete er bei G\u00f6teborgsOperans Danskompani als choreografischer Assistent (Noetic, 2014) und Performer (Icon, 2016).<\/p><p><a href=\"mailto:elias.lazaridis@east-man.be\" target=\"_blank\" rel=\"noopener\">elias.lazaridis@east-man.be<\/a><\/p><dl><dt>Assistenz-Choreographie<\/dt><dd><a href=\"http:\/\/www.east-man.be\/en\/14\/69\/Noetic\" target=\"_blank\" rel=\"noopener\">Noetisch<\/a><\/dd><dt>Tanzen<\/dt><dd><a href=\"http:\/\/www.east-man.be\/en\/14\/85\/Satyagraha\" target=\"_blank\" rel=\"noopener\">Satyagraha<\/a>,\u00a0<a href=\"http:\/\/www.east-man.be\/en\/14\/84\/Icon\" target=\"_blank\" rel=\"noopener\">Symbol<\/a>,\u00a0<a href=\"http:\/\/www.east-man.be\/en\/14\/83\/Les-Indes-Galantes\" target=\"_blank\" rel=\"noopener\">Les Indes Galantes<\/a>,\u00a0<a href=\"http:\/\/www.east-man.be\/en\/14\/71\/Shell-Shock-A-Requiem-of-War\" target=\"_blank\" rel=\"noopener\">Shell Shock, ein Requiem des Krieges<\/a>,\u00a0<a href=\"http:\/\/www.east-man.be\/en\/14\/67\/genesis\" target=\"_blank\" rel=\"noopener\">\u751f\u957fGenesis<\/a>,\u00a0<a href=\"http:\/\/www.east-man.be\/en\/14\/63\/G%C3%B6tterd%C3%A4mmerung\" target=\"_blank\" rel=\"noopener\">G\u00f6tterd\u00e4mmerung<\/a>,\u00a0<a href=\"http:\/\/www.east-man.be\/en\/14\/61\/Anna-Karenina\" target=\"_blank\" rel=\"noopener\">Anna Karenina<\/a>,\u00a0<a href=\"http:\/\/www.east-man.be\/en\/14\/29\/Das-Rheingold\" target=\"_blank\" rel=\"noopener\">Das Rheingold<\/a><\/dd><dt>Probenleiter<\/dt><dd><a href=\"http:\/\/www.east-man.be\/en\/14\/67\/genesis\" target=\"_blank\" rel=\"noopener\">\u751f\u957fGenesis<\/a><\/dd><dt>Zweite Besetzung<\/dt><dd><a href=\"http:\/\/www.east-man.be\/en\/14\/72\/Fractus-V\" target=\"_blank\" rel=\"noopener\">Fractus V<\/a>,\u00a0<a href=\"http:\/\/www.east-man.be\/en\/14\/12\/Puzzle\" target=\"_blank\" rel=\"noopener\">Puzzle<\/a>,\u00a0<a href=\"http:\/\/www.east-man.be\/en\/14\/20\/Babelwords\" target=\"_blank\" rel=\"noopener\">Babel (W\u00f6rter)<\/a><\/dd><\/dl>\t\t\t\t\t\t\t\t<\/div>\n\t\t\t\t<\/div>\n\t\t\t\t\t<\/div>\n\t\t<\/div>\n\t\t\t\t\t<\/div>\n\t\t<\/section>\n\t\t\t\t<\/div>","protected":false},"excerpt":{"rendered":"<p>Elias Lazaridis Belgium \/ Class: Eastman Repertory &#8211; Sidi Larbi Cherkaoui Elias Lazaridis was born in Kavala, Greece in 1981 and began his training in classical ballet at the age of eight. He was also an athlete and participated in international competitions, including winning 400m hurdle events. He studied architecture in Athens, but his passion [&hellip;]<\/p>\n","protected":false},"author":6,"featured_media":0,"parent":1562,"menu_order":0,"comment_status":"closed","ping_status":"closed","template":"","meta":{"_acf_changed":false,"site-sidebar-layout":"no-sidebar","site-content-layout":"page-builder","ast-site-content-layout":"default","site-content-style":"default","site-sidebar-style":"default","ast-global-header-display":"","ast-banner-title-visibility":"","ast-main-header-display":"","ast-hfb-above-header-display":"","ast-hfb-below-header-display":"","ast-hfb-mobile-header-display":"","site-post-title":"disabled","ast-breadcrumbs-content":"","ast-featured-img":"disabled","footer-sml-layout":"","ast-disable-related-posts":"","theme-transparent-header-meta":"default","adv-header-id-meta":"","stick-header-meta":"default","header-above-stick-meta":"","header-main-stick-meta":"","header-below-stick-meta":"","astra-migrate-meta-layouts":"default","ast-page-background-enabled":"default","ast-page-background-meta":{"desktop":{"background-color":"","background-image":"","background-repeat":"repeat","background-position":"center center","background-size":"auto","background-attachment":"scroll","background-type":"","background-media":"","overlay-type":"","overlay-color":"","overlay-opacity":"","overlay-gradient":""},"tablet":{"background-color":"","background-image":"","background-repeat":"repeat","background-position":"center center","background-size":"auto","background-attachment":"scroll","background-type":"","background-media":"","overlay-type":"","overlay-color":"","overlay-opacity":"","overlay-gradient":""},"mobile":{"background-color":"","background-image":"","background-repeat":"repeat","background-position":"center center","background-size":"auto","background-attachment":"scroll","background-type":"","background-media":"","overlay-type":"","overlay-color":"","overlay-opacity":"","overlay-gradient":""}},"ast-content-background-meta":{"desktop":{"background-color":"var(--ast-global-color-5)","background-image":"","background-repeat":"repeat","background-position":"center center","background-size":"auto","background-attachment":"scroll","background-type":"","background-media":"","overlay-type":"","overlay-color":"","overlay-opacity":"","overlay-gradient":""},"tablet":{"background-color":"var(--ast-global-color-5)","background-image":"","background-repeat":"repeat","background-position":"center center","background-size":"auto","background-attachment":"scroll","background-type":"","background-media":"","overlay-type":"","overlay-color":"","overlay-opacity":"","overlay-gradient":""},"mobile":{"background-color":"var(--ast-global-color-5)","background-image":"","background-repeat":"repeat","background-position":"center center","background-size":"auto","background-attachment":"scroll","background-type":"","background-media":"","overlay-type":"","overlay-color":"","overlay-opacity":"","overlay-gradient":""}},"footnotes":""},"class_list":["post-2118","page","type-page","status-publish","hentry"],"acf":[],"jetpack_sharing_enabled":true,"_links":{"self":[{"href":"https:\/\/worlddancemovement.com\/de\/wp-json\/wp\/v2\/pages\/2118","targetHints":{"allow":["GET"]}}],"collection":[{"href":"https:\/\/worlddancemovement.com\/de\/wp-json\/wp\/v2\/pages"}],"about":[{"href":"https:\/\/worlddancemovement.com\/de\/wp-json\/wp\/v2\/types\/page"}],"author":[{"embeddable":true,"href":"https:\/\/worlddancemovement.com\/de\/wp-json\/wp\/v2\/users\/6"}],"replies":[{"embeddable":true,"href":"https:\/\/worlddancemovement.com\/de\/wp-json\/wp\/v2\/comments?post=2118"}],"version-history":[{"count":10,"href":"https:\/\/worlddancemovement.com\/de\/wp-json\/wp\/v2\/pages\/2118\/revisions"}],"predecessor-version":[{"id":3629,"href":"https:\/\/worlddancemovement.com\/de\/wp-json\/wp\/v2\/pages\/2118\/revisions\/3629"}],"up":[{"embeddable":true,"href":"https:\/\/worlddancemovement.com\/de\/wp-json\/wp\/v2\/pages\/1562"}],"wp:attachment":[{"href":"https:\/\/worlddancemovement.com\/de\/wp-json\/wp\/v2\/media?parent=2118"}],"curies":[{"name":"wp","href":"https:\/\/api.w.org\/{rel}","templated":true}]}}