{"id":3,"date":"2020-12-10T14:14:10","date_gmt":"2020-12-10T14:14:10","guid":{"rendered":"http:\/?page_id=3"},"modified":"2021-12-09T19:41:39","modified_gmt":"2021-12-09T19:41:39","slug":"privacy-policy","status":"publish","type":"page","link":"https:\/\/worlddancemovement.com\/de\/privacy-policy\/","title":{"rendered":"Datenschutzrichtlinie"},"content":{"rendered":"<div data-elementor-type=\"wp-page\" data-elementor-id=\"3\" class=\"elementor elementor-3\" data-elementor-post-type=\"page\">\n\t\t\t\t\t\t<section class=\"elementor-section elementor-top-section elementor-element elementor-element-27597002 elementor-section-boxed elementor-section-height-default elementor-section-height-default\" data-id=\"27597002\" data-element_type=\"section\" data-e-type=\"section\" data-settings=\"{&quot;background_background&quot;:&quot;classic&quot;}\">\n\t\t\t\t\t\t<div class=\"elementor-container elementor-column-gap-default\">\n\t\t\t\t\t<div class=\"elementor-column elementor-col-100 elementor-top-column elementor-element elementor-element-326cdbaa\" data-id=\"326cdbaa\" data-element_type=\"column\" data-e-type=\"column\">\n\t\t\t<div class=\"elementor-widget-wrap elementor-element-populated\">\n\t\t\t\t\t\t<div class=\"elementor-element elementor-element-24ce777 elementor-widget elementor-widget-heading\" data-id=\"24ce777\" data-element_type=\"widget\" data-e-type=\"widget\" data-widget_type=\"heading.default\">\n\t\t\t\t<div class=\"elementor-widget-container\">\n\t\t\t\t\t<h2 class=\"elementor-heading-title elementor-size-default\">Datenschutzrichtlinie<\/h2>\t\t\t\t<\/div>\n\t\t\t\t<\/div>\n\t\t\t\t<div class=\"elementor-element elementor-element-039181a elementor-widget elementor-widget-text-editor\" data-id=\"039181a\" data-element_type=\"widget\" data-e-type=\"widget\" data-widget_type=\"text-editor.default\">\n\t\t\t\t<div class=\"elementor-widget-container\">\n\t\t\t\t\t\t\t\t\t<p>Willkommen auf den LIVE-Websites von Tezoro Productions unter <a href=\"https:\/\/worlddancemovement.com\/de\/\">tezoroproduktions.com<\/a>, <a href=\"https:\/\/worlddancemovement.com\/de\/\">worlddancemovement.com<\/a> und Partnerseite, stagedoorworkshops.com (die \u201eSeiten\u201c). Wir m\u00f6chten, dass Sie sich bei der Nutzung der Websites wohl f\u00fchlen. Deshalb haben wir diese Datenschutzrichtlinie erstellt, um Sie dar\u00fcber zu informieren, welche Informationen wir auf den Websites von Ihnen sammeln und wie wir diese Informationen verwenden d\u00fcrfen. Bitte nehmen Sie sich einen Moment Zeit, um die Bedingungen unserer Datenschutzrichtlinie durchzulesen. Durch die Nutzung der Websites erkl\u00e4ren Sie sich mit den Bedingungen unserer Datenschutzrichtlinie einverstanden. Wenn Sie den Bedingungen dieser Datenschutzrichtlinie nicht zustimmen, nutzen Sie die Websites bitte nicht. Diese Datenschutzrichtlinie gilt nur f\u00fcr Informationen, die auf den Websites gesammelt werden, und gilt nicht f\u00fcr Informationen, die wir m\u00f6glicherweise auf andere Weise sammeln.<\/p>\n<p>Ihre Informationen und wie wir sie nutzen d\u00fcrfen<\/p>\t\t\t\t\t\t\t\t<\/div>\n\t\t\t\t<\/div>\n\t\t\t\t<div class=\"elementor-element elementor-element-f5bc62a elementor-widget elementor-widget-heading\" data-id=\"f5bc62a\" data-element_type=\"widget\" data-e-type=\"widget\" data-widget_type=\"heading.default\">\n\t\t\t\t<div class=\"elementor-widget-container\">\n\t\t\t\t\t<h2 class=\"elementor-heading-title elementor-size-default\">1. Aggregierte Informationen<\/h2>\t\t\t\t<\/div>\n\t\t\t\t<\/div>\n\t\t\t\t<div class=\"elementor-element elementor-element-84680f4 elementor-widget elementor-widget-text-editor\" data-id=\"84680f4\" data-element_type=\"widget\" data-e-type=\"widget\" data-widget_type=\"text-editor.default\">\n\t\t\t\t<div class=\"elementor-widget-container\">\n\t\t\t\t\t\t\t\t\t<p>Von Zeit zu Zeit erfassen wir m\u00f6glicherweise allgemeine, nicht personenbezogene, statistische Informationen \u00fcber die Nutzung der Websites, z. B. wie viele Besucher eine bestimmte Seite der Websites besuchen, wie lange sie auf dieser Seite bleiben und welche Hyperlinks gegebenenfalls vorhanden sind , sie \u201eklicken\u201c darauf. Wir erfassen diese Informationen, um festzustellen, welche Bereiche der Websites am beliebtesten sind, und um die Websites f\u00fcr Besucher zu verbessern. Wir k\u00f6nnen diese Informationen auch in aggregierten Besucherdaten zusammenfassen, um unseren bestehenden oder potenziellen Gesch\u00e4ftspartnern, Sponsoren, Werbetreibenden oder anderen Dritten die Nutzung der Websites zu beschreiben oder um auf eine beh\u00f6rdliche Anfrage zu reagieren. Seien Sie jedoch versichert, dass diese aggregierten Daten in keiner Weise Sie oder andere Besucher der Websites pers\u00f6nlich identifizieren.<\/p>\t\t\t\t\t\t\t\t<\/div>\n\t\t\t\t<\/div>\n\t\t\t\t<div class=\"elementor-element elementor-element-90bdac1 elementor-widget elementor-widget-heading\" data-id=\"90bdac1\" data-element_type=\"widget\" data-e-type=\"widget\" data-widget_type=\"heading.default\">\n\t\t\t\t<div class=\"elementor-widget-container\">\n\t\t\t\t\t<h2 class=\"elementor-heading-title elementor-size-default\">2. Pers\u00f6nliche Daten\n<\/h2>\t\t\t\t<\/div>\n\t\t\t\t<\/div>\n\t\t\t\t<div class=\"elementor-element elementor-element-d7a8905 elementor-widget elementor-widget-text-editor\" data-id=\"d7a8905\" data-element_type=\"widget\" data-e-type=\"widget\" data-widget_type=\"text-editor.default\">\n\t\t\t\t<div class=\"elementor-widget-container\">\n\t\t\t\t\t\t\t\t\t<p>Zu Ihrer Bequemlichkeit und Information bieten die Websites verschiedene Dienste und Funktionen an, f\u00fcr die Sie uns pers\u00f6nliche Daten wie Ihren Namen, Ihre Postanschrift, Telefonnummer und E-Mail-Adresse mitteilen m\u00fcssen. Beispielsweise fordern wir personenbezogene Daten an, wenn Sie sich f\u00fcr Workshops und Programme von Tezoro Produtions \/ World Dance Movement bewerben, Waren in unserem Online-Shop kaufen oder sich in unsere E-Mail-Liste eintragen. Wenn Sie sich f\u00fcr Kurse oder andere Programme anmelden oder Waren \u00fcber unseren Online-Shop kaufen, fordern wir au\u00dferdem Ihre Kreditkarteninformationen an, um Ihnen diese Programme oder Eink\u00e4ufe in Rechnung zu stellen.<\/p>\t\t\t\t\t\t\t\t<\/div>\n\t\t\t\t<\/div>\n\t\t\t\t<div class=\"elementor-element elementor-element-d50f674 elementor-widget elementor-widget-text-editor\" data-id=\"d50f674\" data-element_type=\"widget\" data-e-type=\"widget\" data-widget_type=\"text-editor.default\">\n\t\t\t\t<div class=\"elementor-widget-container\">\n\t\t\t\t\t\t\t\t\t<p>Wir werden die personenbezogenen Daten, die Sie uns \u00fcbermitteln, f\u00fcr die Zwecke verwenden, f\u00fcr die sie \u00fcbermittelt wurden. Zum Beispiel; Wir w\u00fcrden die Informationen verwenden, um Ihre Online-Bestellungen zu bearbeiten. Dar\u00fcber hinaus k\u00f6nnen wir Ihre pers\u00f6nlichen Daten verwenden, um Ihnen regelm\u00e4\u00dfig Mitteilungen per E-Mail und Post zu senden, um Sie \u00fcber aktuelle Ereignisse bei Tezoro Productions und neue Programme, Produkte oder andere M\u00f6glichkeiten, die wir m\u00f6glicherweise anbieten, auf dem Laufenden zu halten. Sie k\u00f6nnen den Erhalt von Werbe-E-Mail-Mitteilungen von uns ablehnen, indem Sie (1) auf das entsprechende K\u00e4stchen im Registrierungsformular klicken, (2) auf den Abmeldelink klicken, der in solchen E-Mail-Mitteilungen enthalten ist, oder (3) senden eine E-Mail mit dem Betreff \u201eAbbestellen\u201c an uns unter <a href=\"mailto:michele@tezoroproductions.com\">michele@tezoroproductions.com<\/a>.<\/p>\t\t\t\t\t\t\t\t<\/div>\n\t\t\t\t<\/div>\n\t\t\t\t<div class=\"elementor-element elementor-element-aaee056 elementor-widget elementor-widget-heading\" data-id=\"aaee056\" data-element_type=\"widget\" data-e-type=\"widget\" data-widget_type=\"heading.default\">\n\t\t\t\t<div class=\"elementor-widget-container\">\n\t\t\t\t\t<h2 class=\"elementor-heading-title elementor-size-default\">Offenlegung personenbezogener Daten\n<\/h2>\t\t\t\t<\/div>\n\t\t\t\t<\/div>\n\t\t\t\t<div class=\"elementor-element elementor-element-db70029 elementor-widget elementor-widget-text-editor\" data-id=\"db70029\" data-element_type=\"widget\" data-e-type=\"widget\" data-widget_type=\"text-editor.default\">\n\t\t\t\t<div class=\"elementor-widget-container\">\n\t\t\t\t\t\t\t\t\t<p>Wir verkaufen keine personenbezogenen Daten an Dritte. Abgesehen von den in diesem Absatz beschriebenen sehr begrenzten Zwecken geben wir auch keine Ihrer pers\u00f6nlichen Daten an Dritte weiter.<\/p>\n<p>Manchmal beauftragen wir andere Unternehmen mit der Erbringung bestimmter Dienstleistungen f\u00fcr uns, wie z. B. der Abwicklung von Kreditkartenzahlungen, der Zustellung unserer Waren, dem Versand von Postsendungen sowie der Bereitstellung von Marketingunterst\u00fctzung und Datenanalyse. Wir k\u00f6nnen diesen Unternehmen personenbezogene Daten zur Verf\u00fcgung stellen, wenn diese Informationen erforderlich sind, damit sie eine angeforderte Transaktion abschlie\u00dfen oder ihre Aufgaben anderweitig erf\u00fcllen k\u00f6nnen. Diesen Unternehmen ist es nicht gestattet, Ihre Daten f\u00fcr andere Zwecke als die Erbringung ihrer Dienste f\u00fcr Tezoro Productions zu verwenden.<\/p>\n<p>Wir behalten uns das Recht vor, Besucherinformationen in besonderen F\u00e4llen offenzulegen, wenn wir Grund zu der Annahme haben, dass die Offenlegung dieser Informationen erforderlich ist, um jemanden zu identifizieren, zu kontaktieren oder rechtliche Schritte gegen ihn einzuleiten, der m\u00f6glicherweise (vors\u00e4tzlich oder unabsichtlich) eine Verletzung oder Beeintr\u00e4chtigung unserer Website verursacht Rechte oder Eigentum, andere Besucher oder andere Personen, die durch diese Aktivit\u00e4ten gesch\u00e4digt werden k\u00f6nnten, verletzen. Dazu geh\u00f6rt auch unser Recht, Informationen mit anderen Organisationen auszutauschen, um uns vor Betrug zu sch\u00fctzen und das Kreditrisiko zu verringern. Wir behalten uns au\u00dferdem das Recht vor, Besucherinformationen offenzulegen, wenn wir in gutem Glauben davon ausgehen, dass das Gesetz dies erfordert. Kundeninformationen geh\u00f6ren im Allgemeinen zu den Gesch\u00e4ftsg\u00fctern, die beim Verkauf eines Unternehmens anfallen. F\u00fcr den Fall, dass Tezoro Productions oder alle seine Verm\u00f6genswerte erworben w\u00fcrden, w\u00e4ren Kundeninformationen einer der \u00fcbertragenen Verm\u00f6genswerte.<\/p>\t\t\t\t\t\t\t\t<\/div>\n\t\t\t\t<\/div>\n\t\t\t\t<div class=\"elementor-element elementor-element-51002a7 elementor-widget elementor-widget-heading\" data-id=\"51002a7\" data-element_type=\"widget\" data-e-type=\"widget\" data-widget_type=\"heading.default\">\n\t\t\t\t<div class=\"elementor-widget-container\">\n\t\t\t\t\t<h2 class=\"elementor-heading-title elementor-size-default\">IP-Adressen\n<\/h2>\t\t\t\t<\/div>\n\t\t\t\t<\/div>\n\t\t\t\t<div class=\"elementor-element elementor-element-01768a4 elementor-widget elementor-widget-text-editor\" data-id=\"01768a4\" data-element_type=\"widget\" data-e-type=\"widget\" data-widget_type=\"text-editor.default\">\n\t\t\t\t<div class=\"elementor-widget-container\">\n\t\t\t\t\t\t\t\t\t<p>Eine IP-Adresse ist eine Nummer, die Ihrem Computer automatisch zugewiesen wird, wenn Sie im Internet surfen. Webserver \u2013 die gro\u00dfen Computer, die Webseiten \u201ebereitstellen\u201c \u2013 identifizieren Ihren Computer automatisch anhand seiner IP-Adresse. Wir erfassen IP-Adressen zu Zwecken der Systemadministration, um aggregierte Informationen an unsere Werbetreibenden oder andere Dritte zu melden und um die Nutzung der Websites zu verfolgen. Wenn Besucher Seiten von den Websites anfordern, protokollieren unsere Server die IP-Adressen der Besucher. Es ist nicht unsere Praxis, IP-Adressen mit personenbezogenen Daten zu verkn\u00fcpfen, was bedeutet, dass die Sitzung eines Besuchers protokolliert wird, der Besucher f\u00fcr uns jedoch anonym bleibt. Wir behalten uns jedoch das Recht vor, IP-Adressen nur dann zur Identifizierung eines Besuchers zu verwenden, wenn wir der Meinung sind, dass dies erforderlich ist, um die Einhaltung der Richtlinien der Websites durchzusetzen oder um unsere Dienste oder Kunden, die Websites oder andere zu sch\u00fctzen.<\/p>\t\t\t\t\t\t\t\t<\/div>\n\t\t\t\t<\/div>\n\t\t\t\t<div class=\"elementor-element elementor-element-e0000c0 elementor-widget elementor-widget-heading\" data-id=\"e0000c0\" data-element_type=\"widget\" data-e-type=\"widget\" data-widget_type=\"heading.default\">\n\t\t\t\t<div class=\"elementor-widget-container\">\n\t\t\t\t\t<h2 class=\"elementor-heading-title elementor-size-default\">Kekse<\/h2>\t\t\t\t<\/div>\n\t\t\t\t<\/div>\n\t\t\t\t<div class=\"elementor-element elementor-element-08196ee elementor-widget elementor-widget-text-editor\" data-id=\"08196ee\" data-element_type=\"widget\" data-e-type=\"widget\" data-widget_type=\"text-editor.default\">\n\t\t\t\t<div class=\"elementor-widget-container\">\n\t\t\t\t\t\t\t\t\t<p>Cookies sind Informationseinheiten, die eine Website zu Aufzeichnungszwecken auf die Festplatte einer Person \u00fcbertr\u00e4gt. Cookies erleichtern Ihnen das Surfen im Internet, indem sie Ihre Pr\u00e4ferenzen speichern, w\u00e4hrend Sie sich auf den Websites befinden. Wir speichern niemals Kreditkarteninformationen in Cookies. Die Verwendung von Cookies ist ein Industriestandard \u2013 Sie finden sie auf den meisten Websites. Indem sie zeigen, wie und wann G\u00e4ste die Websites nutzen, helfen uns Cookies zu erkennen, welche Bereiche beliebt sind und welche nicht. Informationen wie die Gesamtzahl der Besucher und die aufgerufenen Seiten lassen sich am einfachsten mit Cookies verfolgen. Wir k\u00f6nnen die Informationen von Cookies verwenden, um Verbesserungen und Aktualisierungen an den Websites vorzunehmen und unsere Dienste an die Bed\u00fcrfnisse unserer Besucher anzupassen.<\/p>\n<p>Sie haben jederzeit die M\u00f6glichkeit, Cookies \u00fcber Ihre Browsereinstellungen zu deaktivieren. Die meisten Browser sind zun\u00e4chst so eingestellt, dass sie Cookies akzeptieren. Sie k\u00f6nnen Ihren Browser so zur\u00fccksetzen, dass er alle Cookies ablehnt oder anzeigt, wann ein Cookie gesendet wird. Bitte beachten Sie jedoch, dass einige Teile der Websites m\u00f6glicherweise nicht ordnungsgem\u00e4\u00df funktionieren oder langsamer sind, wenn Sie Cookies ablehnen. Gelegentlich erhalten Sie m\u00f6glicherweise Cookies von unseren Werbetreibenden. Wir kontrollieren diese Cookies nicht. Die Verwendung von Werbe-Cookies, die von Servern Dritter gesendet werden, ist in der Internetbranche Standard.<\/p>\t\t\t\t\t\t\t\t<\/div>\n\t\t\t\t<\/div>\n\t\t\t\t<div class=\"elementor-element elementor-element-b5193b0 elementor-widget elementor-widget-heading\" data-id=\"b5193b0\" data-element_type=\"widget\" data-e-type=\"widget\" data-widget_type=\"heading.default\">\n\t\t\t\t<div class=\"elementor-widget-container\">\n\t\t\t\t\t<h2 class=\"elementor-heading-title elementor-size-default\">Links zu anderen Websites\n<\/h2>\t\t\t\t<\/div>\n\t\t\t\t<\/div>\n\t\t\t\t<div class=\"elementor-element elementor-element-78ff10e elementor-widget elementor-widget-text-editor\" data-id=\"78ff10e\" data-element_type=\"widget\" data-e-type=\"widget\" data-widget_type=\"text-editor.default\">\n\t\t\t\t<div class=\"elementor-widget-container\">\n\t\t\t\t\t\t\t\t\t<p>Bitte beachten Sie, dass Sie beim Besuch der Websites m\u00f6glicherweise zu anderen Websites weitergeleitet werden, die au\u00dferhalb unserer Kontrolle liegen. Auf den Seiten der Sites befinden sich Links zu anderen Sites, die Sie au\u00dferhalb unserer Sites f\u00fchren. Diese anderen Websites senden m\u00f6glicherweise ihre eigenen Cookies an Benutzer, sammeln Daten oder fordern pers\u00f6nliche Informationen an. Die Datenschutzrichtlinien dieser anderen Websites k\u00f6nnen erheblich von dieser Datenschutzrichtlinie abweichen. Wir sind nicht f\u00fcr die Datenschutzpraktiken dieser anderen Websites verantwortlich und k\u00f6nnen die Sicherheit Ihrer dort gesammelten pers\u00f6nlichen Daten nicht garantieren.<\/p>\t\t\t\t\t\t\t\t<\/div>\n\t\t\t\t<\/div>\n\t\t\t\t<div class=\"elementor-element elementor-element-c88d89e elementor-widget elementor-widget-heading\" data-id=\"c88d89e\" data-element_type=\"widget\" data-e-type=\"widget\" data-widget_type=\"heading.default\">\n\t\t\t\t<div class=\"elementor-widget-container\">\n\t\t\t\t\t<h2 class=\"elementor-heading-title elementor-size-default\">Sicherheit<\/h2>\t\t\t\t<\/div>\n\t\t\t\t<\/div>\n\t\t\t\t<div class=\"elementor-element elementor-element-663434c elementor-widget elementor-widget-text-editor\" data-id=\"663434c\" data-element_type=\"widget\" data-e-type=\"widget\" data-widget_type=\"text-editor.default\">\n\t\t\t\t<div class=\"elementor-widget-container\">\n\t\t\t\t\t\t\t\t\t<p>Der Schutz der Sicherheit Ihrer pers\u00f6nlichen Daten ist uns sehr wichtig. Wenn Sie pers\u00f6nliche Informationen oder Kreditkarteninformationen von Ihrem PC an unsere Server \u00fcbertragen, werden Ihre Informationen sowohl durch eine \u201eFirewall\u201c (eine Kombination aus Computerhardware und -software, die dazu beitr\u00e4gt, unbefugte Besucher vom Zugriff auf Informationen in unserem Computernetzwerk abzuhalten) als auch durch Industriestandards gesch\u00fctzt SSL-Verschl\u00fcsselung (Secure Socket Layer). Sobald wir Ihre \u00dcbertragung erhalten, werden wir angemessene Vorkehrungen treffen, um deren Sicherheit auf unseren Systemen zu gew\u00e4hrleisten. Leider kann keine 100%-sichere Daten\u00fcbertragung \u00fcber das Internet garantiert werden. Obwohl wir bestrebt sind, Ihre pers\u00f6nlichen Daten und Ihre Privatsph\u00e4re zu sch\u00fctzen, k\u00f6nnen wir daher die Sicherheit der Informationen, die Sie uns online offenlegen oder \u00fcbermitteln, nicht garantieren oder gew\u00e4hrleisten und k\u00f6nnen nicht f\u00fcr den Diebstahl, die Zerst\u00f6rung oder die versehentliche Offenlegung Ihrer pers\u00f6nlichen Daten verantwortlich gemacht werden.<\/p>\t\t\t\t\t\t\t\t<\/div>\n\t\t\t\t<\/div>\n\t\t\t\t<div class=\"elementor-element elementor-element-92f236d elementor-widget elementor-widget-heading\" data-id=\"92f236d\" data-element_type=\"widget\" data-e-type=\"widget\" data-widget_type=\"heading.default\">\n\t\t\t\t<div class=\"elementor-widget-container\">\n\t\t\t\t\t<h2 class=\"elementor-heading-title elementor-size-default\">\u00c4nderungen dieser Bedingungen\n<\/h2>\t\t\t\t<\/div>\n\t\t\t\t<\/div>\n\t\t\t\t<div class=\"elementor-element elementor-element-8eca427 elementor-widget elementor-widget-text-editor\" data-id=\"8eca427\" data-element_type=\"widget\" data-e-type=\"widget\" data-widget_type=\"text-editor.default\">\n\t\t\t\t<div class=\"elementor-widget-container\">\n\t\t\t\t\t\t\t\t\t<p>Die Bedingungen dieser Datenschutzrichtlinie k\u00f6nnen sich von Zeit zu Zeit \u00e4ndern. Wir werden Sie \u00fcber wesentliche \u00c4nderungen dieser Datenschutzrichtlinie informieren, indem wir f\u00fcr einen angemessenen Zeitraum nach Vornahme solcher \u00c4nderungen auf der Homepage der Websites einen Hinweis ver\u00f6ffentlichen, dass diese Datenschutzrichtlinie aktualisiert wurde, und indem wir die Angabe \u201eZuletzt ge\u00e4ndert\u201c \u00e4ndern \u201dDatum oben in dieser Datenschutzrichtlinie. Wir empfehlen Ihnen, diese Seite regelm\u00e4\u00dfig auf \u00c4nderungen zu \u00fcberpr\u00fcfen. Ihre fortgesetzte Nutzung der Websites nach der Ver\u00f6ffentlichung von \u00c4nderungen dieser Bedingungen bedeutet, dass Sie diese \u00c4nderungen akzeptieren.<\/p>\t\t\t\t\t\t\t\t<\/div>\n\t\t\t\t<\/div>\n\t\t\t\t<div class=\"elementor-element elementor-element-94a6890 elementor-widget elementor-widget-heading\" data-id=\"94a6890\" data-element_type=\"widget\" data-e-type=\"widget\" data-widget_type=\"heading.default\">\n\t\t\t\t<div class=\"elementor-widget-container\">\n\t\t\t\t\t<h2 class=\"elementor-heading-title elementor-size-default\">Fragen und Kommentare\n<\/h2>\t\t\t\t<\/div>\n\t\t\t\t<\/div>\n\t\t\t\t<div class=\"elementor-element elementor-element-4531d07 elementor-widget elementor-widget-text-editor\" data-id=\"4531d07\" data-element_type=\"widget\" data-e-type=\"widget\" data-widget_type=\"text-editor.default\">\n\t\t\t\t<div class=\"elementor-widget-container\">\n\t\t\t\t\t\t\t\t\t<p>Wenn Sie Fragen oder Kommentare zu unserer Datenschutzrichtlinie oder der Verwendung der \u00fcber die Websites gesammelten Informationen haben, kontaktieren Sie uns bitte wie folgt:<\/p>\n<p>Email:\u00a0<a href=\"mailto:michele@tezoroproductions.com?subject=Tezoro%20DVDs\">michele@tezoroproductions.com<\/a><\/p>\t\t\t\t\t\t\t\t<\/div>\n\t\t\t\t<\/div>\n\t\t\t\t\t<\/div>\n\t\t<\/div>\n\t\t\t\t\t<\/div>\n\t\t<\/section>\n\t\t\t\t<\/div>","protected":false},"excerpt":{"rendered":"<p>Privacy Policy Welcome to Tezoro Productions LIVE Web sites located at tezoroproductions.com, worlddancemovement.com and partner site, stagedoorworkshops.com (the &#8220;Sites&#8221;). We want you to feel comfortable using the Sites, so we have created this Privacy Policy to let you know what information we may collect from you on the Sites and how we may use that [&hellip;]<\/p>\n","protected":false},"author":6,"featured_media":0,"parent":0,"menu_order":0,"comment_status":"closed","ping_status":"closed","template":"elementor_header_footer","meta":{"_acf_changed":false,"site-sidebar-layout":"default","site-content-layout":"","ast-site-content-layout":"default","site-content-style":"default","site-sidebar-style":"default","ast-global-header-display":"","ast-banner-title-visibility":"","ast-main-header-display":"","ast-hfb-above-header-display":"","ast-hfb-below-header-display":"","ast-hfb-mobile-header-display":"","site-post-title":"","ast-breadcrumbs-content":"","ast-featured-img":"","footer-sml-layout":"","ast-disable-related-posts":"","theme-transparent-header-meta":"","adv-header-id-meta":"","stick-header-meta":"","header-above-stick-meta":"","header-main-stick-meta":"","header-below-stick-meta":"","astra-migrate-meta-layouts":"default","ast-page-background-enabled":"default","ast-page-background-meta":{"desktop":{"background-color":"","background-image":"","background-repeat":"repeat","background-position":"center center","background-size":"auto","background-attachment":"scroll","background-type":"","background-media":"","overlay-type":"","overlay-color":"","overlay-opacity":"","overlay-gradient":""},"tablet":{"background-color":"","background-image":"","background-repeat":"repeat","background-position":"center center","background-size":"auto","background-attachment":"scroll","background-type":"","background-media":"","overlay-type":"","overlay-color":"","overlay-opacity":"","overlay-gradient":""},"mobile":{"background-color":"","background-image":"","background-repeat":"repeat","background-position":"center center","background-size":"auto","background-attachment":"scroll","background-type":"","background-media":"","overlay-type":"","overlay-color":"","overlay-opacity":"","overlay-gradient":""}},"ast-content-background-meta":{"desktop":{"background-color":"var(--ast-global-color-5)","background-image":"","background-repeat":"repeat","background-position":"center center","background-size":"auto","background-attachment":"scroll","background-type":"","background-media":"","overlay-type":"","overlay-color":"","overlay-opacity":"","overlay-gradient":""},"tablet":{"background-color":"var(--ast-global-color-5)","background-image":"","background-repeat":"repeat","background-position":"center center","background-size":"auto","background-attachment":"scroll","background-type":"","background-media":"","overlay-type":"","overlay-color":"","overlay-opacity":"","overlay-gradient":""},"mobile":{"background-color":"var(--ast-global-color-5)","background-image":"","background-repeat":"repeat","background-position":"center center","background-size":"auto","background-attachment":"scroll","background-type":"","background-media":"","overlay-type":"","overlay-color":"","overlay-opacity":"","overlay-gradient":""}},"footnotes":""},"class_list":["post-3","page","type-page","status-publish","hentry"],"acf":[],"jetpack_sharing_enabled":true,"_links":{"self":[{"href":"https:\/\/worlddancemovement.com\/de\/wp-json\/wp\/v2\/pages\/3","targetHints":{"allow":["GET"]}}],"collection":[{"href":"https:\/\/worlddancemovement.com\/de\/wp-json\/wp\/v2\/pages"}],"about":[{"href":"https:\/\/worlddancemovement.com\/de\/wp-json\/wp\/v2\/types\/page"}],"author":[{"embeddable":true,"href":"https:\/\/worlddancemovement.com\/de\/wp-json\/wp\/v2\/users\/6"}],"replies":[{"embeddable":true,"href":"https:\/\/worlddancemovement.com\/de\/wp-json\/wp\/v2\/comments?post=3"}],"version-history":[{"count":7,"href":"https:\/\/worlddancemovement.com\/de\/wp-json\/wp\/v2\/pages\/3\/revisions"}],"predecessor-version":[{"id":5799,"href":"https:\/\/worlddancemovement.com\/de\/wp-json\/wp\/v2\/pages\/3\/revisions\/5799"}],"wp:attachment":[{"href":"https:\/\/worlddancemovement.com\/de\/wp-json\/wp\/v2\/media?parent=3"}],"curies":[{"name":"wp","href":"https:\/\/api.w.org\/{rel}","templated":true}]}}