{"id":366,"date":"2020-12-28T13:48:30","date_gmt":"2020-12-28T13:48:30","guid":{"rendered":"https:\/\/migrate.worlddancemovement.com\/?page_id=366"},"modified":"2024-10-17T22:47:53","modified_gmt":"2024-10-17T22:47:53","slug":"michele-assaf","status":"publish","type":"page","link":"https:\/\/worlddancemovement.com\/de\/faculty-italy\/michele-assaf\/","title":{"rendered":"MICHELE ASSAF"},"content":{"rendered":"<div data-elementor-type=\"wp-page\" data-elementor-id=\"366\" class=\"elementor elementor-366\" data-elementor-post-type=\"page\">\n\t\t\t\t\t\t<section class=\"elementor-section elementor-top-section elementor-element elementor-element-94ec49d elementor-section-full_width elementor-section-height-min-height elementor-section-height-default elementor-section-items-middle\" data-id=\"94ec49d\" data-element_type=\"section\" data-e-type=\"section\" data-settings=\"{&quot;background_background&quot;:&quot;classic&quot;}\">\n\t\t\t\t\t\t\t<div class=\"elementor-background-overlay\"><\/div>\n\t\t\t\t\t\t\t<div class=\"elementor-container elementor-column-gap-no\">\n\t\t\t\t\t<div class=\"elementor-column elementor-col-100 elementor-top-column elementor-element elementor-element-8268956\" data-id=\"8268956\" data-element_type=\"column\" data-e-type=\"column\">\n\t\t\t<div class=\"elementor-widget-wrap elementor-element-populated\">\n\t\t\t\t\t\t<div class=\"elementor-element elementor-element-5016628 elementor-widget elementor-widget-heading\" data-id=\"5016628\" data-element_type=\"widget\" data-e-type=\"widget\" data-widget_type=\"heading.default\">\n\t\t\t\t<div class=\"elementor-widget-container\">\n\t\t\t\t\t<h2 class=\"elementor-heading-title elementor-size-default\">MICH\u00c8LE ASSAF (K\u00dcNSTLERISCHE LEITERIN)\n<\/h2>\t\t\t\t<\/div>\n\t\t\t\t<\/div>\n\t\t\t\t<div class=\"elementor-element elementor-element-a86216f elementor-widget-divider--view-line elementor-widget elementor-widget-divider\" data-id=\"a86216f\" data-element_type=\"widget\" data-e-type=\"widget\" data-widget_type=\"divider.default\">\n\t\t\t\t<div class=\"elementor-widget-container\">\n\t\t\t\t\t\t\t<div class=\"elementor-divider\">\n\t\t\t<span class=\"elementor-divider-separator\">\n\t\t\t\t\t\t<\/span>\n\t\t<\/div>\n\t\t\t\t\t\t<\/div>\n\t\t\t\t<\/div>\n\t\t\t\t\t<\/div>\n\t\t<\/div>\n\t\t\t\t\t<\/div>\n\t\t<\/section>\n\t\t\t\t<section class=\"elementor-section elementor-top-section elementor-element elementor-element-a2d6cca elementor-section-full_width elementor-section-height-default elementor-section-height-default\" data-id=\"a2d6cca\" data-element_type=\"section\" data-e-type=\"section\">\n\t\t\t\t\t\t<div class=\"elementor-container elementor-column-gap-default\">\n\t\t\t\t\t<div class=\"elementor-column elementor-col-100 elementor-top-column elementor-element elementor-element-a45c6d3\" data-id=\"a45c6d3\" data-element_type=\"column\" data-e-type=\"column\">\n\t\t\t<div class=\"elementor-widget-wrap elementor-element-populated\">\n\t\t\t\t\t\t<div class=\"elementor-element elementor-element-f854b1f elementor-widget elementor-widget-heading\" data-id=\"f854b1f\" data-element_type=\"widget\" data-e-type=\"widget\" data-widget_type=\"heading.default\">\n\t\t\t\t<div class=\"elementor-widget-container\">\n\t\t\t\t\t<h2 class=\"elementor-heading-title elementor-size-default\">JAZZ, LYRISCH, THEATRETANZ, AKTIV-ISOLIERTE FLEXIBILIT\u00c4T \u2013 USA\n\n\n<\/h2>\t\t\t\t<\/div>\n\t\t\t\t<\/div>\n\t\t\t\t<div class=\"elementor-element elementor-element-404b972 elementor-widget elementor-widget-text-editor\" data-id=\"404b972\" data-element_type=\"widget\" data-e-type=\"widget\" data-widget_type=\"text-editor.default\">\n\t\t\t\t<div class=\"elementor-widget-container\">\n\t\t\t\t\t\t\t\t\t<p>Die international bekannte Regisseurin\/Choreografin Mich\u00e8le Assaf hat an Broadway-, Off-Broadway-, regionalen und internationalen Theaterprojekten gearbeitet. Mich\u00e8le f\u00fchrte Regie und choreografierte die Mariah Carey CharmBracelet World Tour, die Mick Jagger Solo Tour, die Michael Bolton Tour, Matchbox Twenty, die international gefeierten Multimedia-Opern f\u00fcr die Houston Grand Opera; Carmen, Pagliacci und Madame Butterfly und HGOs Gala zum 50-j\u00e4hrigen Jubil\u00e4um sowie Aida, Samson und Delilah, Candide und Opera Pacific von Opera Pacific. Weitere Theaterprojekte sind: Starmites (Tony Nomination), Bring In The Morning, Scenes From an Execution, Neun Armenier, It&#039;s A Bird... It&#039;s A Plane... It&#039;s Superman, Sweet Charity, Jesus Christ Superstar, Mata Hari, Bring In The Morning, Can Can, Jeanne La Pucelle, Strides, Topper und Annie. Sie f\u00fchrte Regie beim Broadway-Musical \u201eThe Alchemist\u201c. Sie choreografierte f\u00fcr Lorella Cuccarini (Odiens \u2013 \u201eVola\u201c, Festival Bar, Telegatto) und f\u00fcr den Videoclip von \u201eJovanotti\u201c \u201eLa Mia Moto\u201c.<\/p>\t\t\t\t\t\t\t\t<\/div>\n\t\t\t\t<\/div>\n\t\t\t\t<div class=\"elementor-element elementor-element-fd32062 elementor-widget elementor-widget-text-editor\" data-id=\"fd32062\" data-element_type=\"widget\" data-e-type=\"widget\" data-widget_type=\"text-editor.default\">\n\t\t\t\t<div class=\"elementor-widget-container\">\n\t\t\t\t\t\t\t\t\t<p>Michele ist die Gr\u00fcnderin und kreative k\u00fcnstlerische Leiterin des World Dance Movement \u2013 dem internationalen Festival und Wettbewerb, der im Sommer 2009 in Italien begann! Die Veranstaltung hat nun auch Spanien (Madrid &amp; Sitges (Barcelona)) und Luzern (Schweiz) erreicht! Sie hat einen umfangreichen Lehrhintergrund, da sie in den letzten 45 Jahren T\u00e4nzer\/Lehrer und renommierte Choreographen von NYC bis LA und international ausgebildet hat.<\/p>\t\t\t\t\t\t\t\t<\/div>\n\t\t\t\t<\/div>\n\t\t\t\t<div class=\"elementor-element elementor-element-442744e elementor-widget elementor-widget-text-editor\" data-id=\"442744e\" data-element_type=\"widget\" data-e-type=\"widget\" data-widget_type=\"text-editor.default\">\n\t\t\t\t<div class=\"elementor-widget-container\">\n\t\t\t\t\t\t\t\t\t<p>Eines von Mich\u00e8les aufregendsten Unterfangen ist die Gr\u00fcndung von Tezoro Productions LIVE. Es handelt sich um eine internationale Tanzproduktionsfirma, die sich der Ausbildung und Betreuung von T\u00e4nzern auf der ganzen Welt verschrieben hat. Zu Tezoros Markenportfolio geh\u00f6ren Tezoro LIVE \u2013 DVDs mit Tanzunterricht, Broadway Teaches Kids und World Dance Movement \u2013 das internationale Festival.\u00a0<\/p><p>Mit dem umfassendsten Portfolio an Tanzlehrinhalten der Branche, von denen viele im Broadway Dance Center gedreht wurden, stellt Tezoro LIVE die besten Choreografen der Branche \u00fcber DVDs, Streaming, On-Demand-Kurse, Schulklassen und mobile Anwendungen vor.\u00a0\u00a0<\/p><p>Broadway Teaches Kids \u2013 ein virtuelles Programm f\u00fcr darstellende K\u00fcnste f\u00fcr Kinder!\u00a0<span style=\"font-size: 18px; font-style: normal; font-weight: 400;\">Zur BTK-Fakult\u00e4t geh\u00f6ren talentierte professionelle K\u00fcnstler, die wunderbare P\u00e4dagogen sind. In der heutigen virtuellen Welt m\u00f6chten wir ein Erlebnis schaffen, das dem Erlebnis eines normalen Kunstprogramms so nahe wie m\u00f6glich kommt. Durch Unterricht, Spiele und \u00dcbungen erh\u00e4lt Ihr Kind\/Teenager die M\u00f6glichkeit, sich k\u00fcnstlerisch auszudr\u00fccken.<\/span><span style=\"font-size: 18px; font-style: normal; font-weight: 400;\">\u00a0<\/span><\/p><p><span style=\"font-size: 18px; font-weight: 400;\">World Dance Movement \u2013 das renommierte internationale Tanzfestival ist eine Studien-, Urlaubs- und Auff\u00fchrungsveranstaltung, die in mehreren L\u00e4ndern stattfindet und T\u00e4nzern und P\u00e4dagogen aus allen Kontinenten eine internationale Fakult\u00e4t mit beispiellosem Talent vorstellt.<\/span><\/p>\t\t\t\t\t\t\t\t<\/div>\n\t\t\t\t<\/div>\n\t\t\t\t\t<\/div>\n\t\t<\/div>\n\t\t\t\t\t<\/div>\n\t\t<\/section>\n\t\t\t\t<\/div>","protected":false},"excerpt":{"rendered":"<p>MICH\u00c8LE ASSAF (ARTISTIC DIRECTOR) JAZZ, LYRICAL, THEATRE DANCE, ACTIVE-ISOLATED FLEXIBILITY &#8211; USA Internationally renowned director\/choreographer Mich\u00e8le Assaf has worked on Broadway, Off-Broadway, Regional and International Theater projects. Mich\u00e8le directed and choreographed The Mariah Carey CharmBracelet World Tour, Mick Jagger Solo Tour, Michael Bolton Tour, Matchbox Twenty, the internationally acclaimed multimedia operas for The Houston Grand [&hellip;]<\/p>\n","protected":false},"author":6,"featured_media":0,"parent":329,"menu_order":0,"comment_status":"closed","ping_status":"closed","template":"","meta":{"_acf_changed":false,"site-sidebar-layout":"no-sidebar","site-content-layout":"page-builder","ast-site-content-layout":"default","site-content-style":"default","site-sidebar-style":"default","ast-global-header-display":"","ast-banner-title-visibility":"","ast-main-header-display":"","ast-hfb-above-header-display":"","ast-hfb-below-header-display":"","ast-hfb-mobile-header-display":"","site-post-title":"disabled","ast-breadcrumbs-content":"","ast-featured-img":"disabled","footer-sml-layout":"","ast-disable-related-posts":"","theme-transparent-header-meta":"default","adv-header-id-meta":"","stick-header-meta":"default","header-above-stick-meta":"","header-main-stick-meta":"","header-below-stick-meta":"","astra-migrate-meta-layouts":"default","ast-page-background-enabled":"default","ast-page-background-meta":{"desktop":{"background-color":"","background-image":"","background-repeat":"repeat","background-position":"center center","background-size":"auto","background-attachment":"scroll","background-type":"","background-media":"","overlay-type":"","overlay-color":"","overlay-opacity":"","overlay-gradient":""},"tablet":{"background-color":"","background-image":"","background-repeat":"repeat","background-position":"center center","background-size":"auto","background-attachment":"scroll","background-type":"","background-media":"","overlay-type":"","overlay-color":"","overlay-opacity":"","overlay-gradient":""},"mobile":{"background-color":"","background-image":"","background-repeat":"repeat","background-position":"center center","background-size":"auto","background-attachment":"scroll","background-type":"","background-media":"","overlay-type":"","overlay-color":"","overlay-opacity":"","overlay-gradient":""}},"ast-content-background-meta":{"desktop":{"background-color":"var(--ast-global-color-5)","background-image":"","background-repeat":"repeat","background-position":"center center","background-size":"auto","background-attachment":"scroll","background-type":"","background-media":"","overlay-type":"","overlay-color":"","overlay-opacity":"","overlay-gradient":""},"tablet":{"background-color":"var(--ast-global-color-5)","background-image":"","background-repeat":"repeat","background-position":"center center","background-size":"auto","background-attachment":"scroll","background-type":"","background-media":"","overlay-type":"","overlay-color":"","overlay-opacity":"","overlay-gradient":""},"mobile":{"background-color":"var(--ast-global-color-5)","background-image":"","background-repeat":"repeat","background-position":"center center","background-size":"auto","background-attachment":"scroll","background-type":"","background-media":"","overlay-type":"","overlay-color":"","overlay-opacity":"","overlay-gradient":""}},"footnotes":""},"class_list":["post-366","page","type-page","status-publish","hentry"],"acf":[],"jetpack_sharing_enabled":true,"_links":{"self":[{"href":"https:\/\/worlddancemovement.com\/de\/wp-json\/wp\/v2\/pages\/366","targetHints":{"allow":["GET"]}}],"collection":[{"href":"https:\/\/worlddancemovement.com\/de\/wp-json\/wp\/v2\/pages"}],"about":[{"href":"https:\/\/worlddancemovement.com\/de\/wp-json\/wp\/v2\/types\/page"}],"author":[{"embeddable":true,"href":"https:\/\/worlddancemovement.com\/de\/wp-json\/wp\/v2\/users\/6"}],"replies":[{"embeddable":true,"href":"https:\/\/worlddancemovement.com\/de\/wp-json\/wp\/v2\/comments?post=366"}],"version-history":[{"count":10,"href":"https:\/\/worlddancemovement.com\/de\/wp-json\/wp\/v2\/pages\/366\/revisions"}],"predecessor-version":[{"id":17244,"href":"https:\/\/worlddancemovement.com\/de\/wp-json\/wp\/v2\/pages\/366\/revisions\/17244"}],"up":[{"embeddable":true,"href":"https:\/\/worlddancemovement.com\/de\/wp-json\/wp\/v2\/pages\/329"}],"wp:attachment":[{"href":"https:\/\/worlddancemovement.com\/de\/wp-json\/wp\/v2\/media?parent=366"}],"curies":[{"name":"wp","href":"https:\/\/api.w.org\/{rel}","templated":true}]}}