{"id":382,"date":"2020-12-28T14:01:47","date_gmt":"2020-12-28T14:01:47","guid":{"rendered":"https:\/\/migrate.worlddancemovement.com\/?page_id=382"},"modified":"2023-10-05T20:54:23","modified_gmt":"2023-10-05T20:54:23","slug":"vito-cassano","status":"publish","type":"page","link":"https:\/\/worlddancemovement.com\/de\/faculty-italy\/vito-cassano\/","title":{"rendered":"Vito Cassano"},"content":{"rendered":"<div data-elementor-type=\"wp-page\" data-elementor-id=\"382\" class=\"elementor elementor-382\" data-elementor-post-type=\"page\">\n\t\t\t\t\t\t<section class=\"elementor-section elementor-top-section elementor-element elementor-element-94ec49d elementor-section-full_width elementor-section-height-min-height elementor-section-height-default elementor-section-items-middle\" data-id=\"94ec49d\" data-element_type=\"section\" data-e-type=\"section\" data-settings=\"{&quot;background_background&quot;:&quot;classic&quot;}\">\n\t\t\t\t\t\t\t<div class=\"elementor-background-overlay\"><\/div>\n\t\t\t\t\t\t\t<div class=\"elementor-container elementor-column-gap-no\">\n\t\t\t\t\t<div class=\"elementor-column elementor-col-100 elementor-top-column elementor-element elementor-element-8268956\" data-id=\"8268956\" data-element_type=\"column\" data-e-type=\"column\">\n\t\t\t<div class=\"elementor-widget-wrap elementor-element-populated\">\n\t\t\t\t\t\t<div class=\"elementor-element elementor-element-5016628 elementor-widget elementor-widget-heading\" data-id=\"5016628\" data-element_type=\"widget\" data-e-type=\"widget\" data-widget_type=\"heading.default\">\n\t\t\t\t<div class=\"elementor-widget-container\">\n\t\t\t\t\t<h2 class=\"elementor-heading-title elementor-size-default\">Vito Cassano<\/h2>\t\t\t\t<\/div>\n\t\t\t\t<\/div>\n\t\t\t\t<div class=\"elementor-element elementor-element-a86216f elementor-widget-divider--view-line elementor-widget elementor-widget-divider\" data-id=\"a86216f\" data-element_type=\"widget\" data-e-type=\"widget\" data-widget_type=\"divider.default\">\n\t\t\t\t<div class=\"elementor-widget-container\">\n\t\t\t\t\t\t\t<div class=\"elementor-divider\">\n\t\t\t<span class=\"elementor-divider-separator\">\n\t\t\t\t\t\t<\/span>\n\t\t<\/div>\n\t\t\t\t\t\t<\/div>\n\t\t\t\t<\/div>\n\t\t\t\t\t<\/div>\n\t\t<\/div>\n\t\t\t\t\t<\/div>\n\t\t<\/section>\n\t\t\t\t<section class=\"elementor-section elementor-top-section elementor-element elementor-element-a2d6cca elementor-section-full_width elementor-section-height-default elementor-section-height-default\" data-id=\"a2d6cca\" data-element_type=\"section\" data-e-type=\"section\">\n\t\t\t\t\t\t<div class=\"elementor-container elementor-column-gap-default\">\n\t\t\t\t\t<div class=\"elementor-column elementor-col-100 elementor-top-column elementor-element elementor-element-a45c6d3\" data-id=\"a45c6d3\" data-element_type=\"column\" data-e-type=\"column\">\n\t\t\t<div class=\"elementor-widget-wrap elementor-element-populated\">\n\t\t\t\t\t\t<div class=\"elementor-element elementor-element-f854b1f elementor-widget elementor-widget-heading\" data-id=\"f854b1f\" data-element_type=\"widget\" data-e-type=\"widget\" data-widget_type=\"heading.default\">\n\t\t\t\t<div class=\"elementor-widget-container\">\n\t\t\t\t\t<h2 class=\"elementor-heading-title elementor-size-default\">Akrobatik und Aerial f\u00fcr T\u00e4nzer \u2013 Italien\n\n\n<\/h2>\t\t\t\t<\/div>\n\t\t\t\t<\/div>\n\t\t\t\t\t<\/div>\n\t\t<\/div>\n\t\t\t\t\t<\/div>\n\t\t<\/section>\n\t\t\t\t<section class=\"elementor-section elementor-top-section elementor-element elementor-element-67e2398 elementor-section-full_width elementor-section-height-default elementor-section-height-default\" data-id=\"67e2398\" data-element_type=\"section\" data-e-type=\"section\">\n\t\t\t\t\t\t<div class=\"elementor-container elementor-column-gap-default\">\n\t\t\t\t\t<div class=\"elementor-column elementor-col-100 elementor-top-column elementor-element elementor-element-0c51b4e\" data-id=\"0c51b4e\" data-element_type=\"column\" data-e-type=\"column\">\n\t\t\t<div class=\"elementor-widget-wrap elementor-element-populated\">\n\t\t\t\t\t\t<div class=\"elementor-element elementor-element-7fbef67 elementor-widget elementor-widget-text-editor\" data-id=\"7fbef67\" data-element_type=\"widget\" data-e-type=\"widget\" data-widget_type=\"text-editor.default\">\n\t\t\t\t<div class=\"elementor-widget-container\">\n\t\t\t\t\t\t\t\t\t<h4 style=\"padding-left: 40px;\">KREDITE:<\/h4>\n<p style=\"padding-left: 40px;\"><span style=\"color: #000000;\">Mvula Sungai Company | Spoleto-Anwesen | Teatro Romano di Spoleto | Roma Chorea Mundi | La Grande Danza Unita | Domenica In | Harry Albert Contemporary Dance Company | Circle of Light Moskauer Internationales Festival | <span style=\"font-family: Lato; font-size: 18px;\">Nordische Ski-Weltmeisterschaften | <span style=\"font-size: 18px; font-style: normal;\">ResExtensa Unternehmen | Katakl\u00f2 Sportliches Tanztheater | <span style=\"font-family: Lato;\">PPS-Luftturnier | Kitomb | Verschieben Sie es | Eleina D. Unternehmen | KATAKL\u00d2 | Erma Film | H\u00f6lle in der H\u00f6hle<\/span><\/span><\/span><\/span><\/p>\n<h4 style=\"padding-left: 40px;\">BIO:<\/h4>\n<ul>\n<li><span style=\"color: #000000;\">Trat dem bei<\/span> <a href=\"https:\/\/mspdstudios.com\/compagnia_\/\" target=\"_blank\" rel=\"noopener\">Mvula Sungani Company<\/a> <span style=\"color: #000000;\">trat im Alter von 18 Jahren in Rom, Italien, auf und trat an den wichtigsten Theatern in Italien, Frankreich und Deutschland auf.&nbsp;<\/span><\/li>\n<li><span style=\"color: #000000;\">Auftritte bei mehreren Festivals und italienischen Galas, darunter: Spoleto Estate, Teatro Romano di Spoleto, Roma Chorea Mundi, La Grande Danza Unita und italienischen Fernsehsendungen: \u201eDomenica In\u201c mit Raffaele Paganini und dem \u201eNeujahrskonzert\u201c im Teatro La Fenice in Venedig mit Giuseppe Picone.&nbsp;<\/span><\/li>\n<li><span style=\"color: #000000;\">Teilnahme an der Produktion \u201eLe Destin des Images\u201c mit dem<\/span> <a href=\"http:\/\/cieharryalbert.fr\/695-2\/\" target=\"_blank\" rel=\"noopener\">Harry Albert Contemporary Dance Company<\/a> <span style=\"color: #000000;\">in Koproduktion mit der Oper\u00e0 von Saint Etienne (Frankreich), eine Zusammenarbeit, die bis heute andauert.<\/span><\/li>\n<li><span style=\"font-family: Lato; font-size: 18px; color: #000000;\">Gastk\u00fcnstler der <strong>Circle of Light Moskau International Festival<\/strong> in Moskau, Russland.&nbsp;<\/span><\/li>\n<li><span style=\"font-family: Lato; font-size: 18px; color: var( --e-global-color-text );\"><span style=\"color: #000000;\">Teilnahme an der Er\u00f6ffnungsfeier des <strong>Nordische Ski-Weltmeisterschaften<\/strong>&nbsp;<\/span><span style=\"font-size: 18px; font-style: normal;\"><span style=\"color: #000000;\">mit dem<\/span> <a href=\"https:\/\/www.resextensa.it\" target=\"_blank\" rel=\"noopener\">ResExtensa Unternehmen<\/a><\/span><span style=\"color: #000000;\">, organisiert von Studio Festi und Regie: Monica Maimone.&nbsp;<\/span><\/span><\/li>\n<li><span style=\"font-family: Lato; font-size: 18px; color: var( --e-global-color-text );\"><span style=\"color: #000000;\">War Teil der \u201ePUZZLE\u201c-Produktion von Giulia Staccioli, mit<\/span>&nbsp;<a href=\"https:\/\/www.kataklo.com\" target=\"_blank\" rel=\"noopener\">Katakl\u00f2 Sportliches Tanztheater<\/a>&nbsp;<span style=\"color: #000000;\">f\u00fcr eine Tournee in Italien, Holland, Brasilien und der T\u00fcrkei.&nbsp;<\/span><\/span><\/li>\n<li><span style=\"color: #000000; font-family: Lato;\">Unterrichtet am <a href=\"https:\/\/www.kataklo.com\/accademia\/\" target=\"_blank\" rel=\"noopener\">Katakl\u00f2&nbsp;<span style=\"caret-color: #000000;\">Akademie<\/span><\/a>&nbsp;in Mailand, Italien.&nbsp;<\/span><\/li>\n<li><span style=\"font-family: Lato; color: #000000;\">Gastk\u00fcnstler im <strong>PPS-Luftturnier<\/strong> im Sheung Wan Civic Center in Hongkong.&nbsp;<\/span><\/li>\n<li><span style=\"font-family: Lato; font-size: 18px; color: #000000;\">War an zwei Shows\/Events beteiligt, die von erstellt wurden <strong>Kitomb<\/strong> in Lagos, Nigeria,&nbsp;<span style=\"font-size: 18px; font-style: normal;\">&nbsp;zun\u00e4chst als Luftdarsteller und sp\u00e4ter als Assistent.<\/span>&nbsp;<\/span><\/li>\n<li><span style=\"font-family: Lato; font-size: 18px; color: #000000;\">Fakult\u00e4tsmitglied bei der Tanzveranstaltung \u201eMove It\u201c in London, Gro\u00dfbritannien.&nbsp;<\/span><\/li>\n<li><span style=\"font-family: Lato; font-size: 18px; color: var( --e-global-color-text );\"><span style=\"color: #000000;\">Wurde als Choreograf einer Luftauff\u00fchrung vor der Basilika San Nicola in Italien ausgew\u00e4hlt&nbsp;<\/span><span style=\"font-size: 18px; font-style: normal;\"><span style=\"color: #000000;\">mit dem<\/span> <a href=\"https:\/\/www.eleinad.org\" target=\"_blank\" rel=\"noopener\">Eleina D. Unternehmen<\/a><\/span><span style=\"color: #000000;\">.&nbsp;<\/span><\/span><\/li>\n<li><span style=\"font-family: Lato; font-size: 18px; color: var( --e-global-color-text );\"><span style=\"color: #000000;\">Aufgef\u00fchrt f\u00fcr <strong>La Fura dels Baus<\/strong> in Zusammenarbeit mit<\/span> <a href=\"https:\/\/www.kataklo.com\/en\/\" target=\"_blank\" rel=\"noopener\">KATAKL\u00d2<\/a><span style=\"color: #000000;\">, f\u00fcr den Kuwait-Pavillon auf der Expo in Mailand, Italien.&nbsp;<\/span><\/span><\/li>\n<li><span style=\"font-family: Lato;\"><span style=\"color: #000000;\">Ein St\u00fcck choreografiert&nbsp;<span style=\"font-size: 18px; font-style: normal;\">f\u00fcr die<\/span><span style=\"caret-color: rgb(122, 122, 122); color: rgb(122, 122, 122); font-size: 18px; font-style: normal;\">&nbsp;<\/span><a href=\"https:\/\/www.eleinad.org\" target=\"_blank\" rel=\"noopener\" style=\"font-size: 18px; font-style: normal;\">Eleina D. Unternehmen<\/a>,&nbsp;<\/span><span style=\"color: var( --e-global-color-text );\"><span style=\"color: #000000;\">im Morgengrauen aufgef\u00fchrt&nbsp;<\/span><span style=\"color: #000000;\">und bei Sonnenuntergang im Margherita Theater in Bari, Italien, f\u00fcr \u201eThe World of San Nicola\u201c, organisiert von der Nikolaos Foundation in Zusammenarbeit mit CinEthic.&nbsp;<\/span><\/span><\/span><\/li>\n<li><span style=\"color: #000000;\"><span style=\"font-family: Lato;\">Teilgenommen (<\/span><span style=\"font-family: Lato; font-size: 18px; font-style: normal;\">mit dem&nbsp;<a style=\"font-size: 18px; color: #000000;\" href=\"https:\/\/www.eleinad.org\" target=\"_blank\" rel=\"noopener\">Eleina D. Unternehmen<\/a><\/span><span style=\"font-family: Lato; font-size: 18px; font-style: normal;\">)&nbsp;<\/span><span style=\"font-family: Lato;\">bei den Dreharbeiten zum Film \u201eERMA\u201c, bei dem Luciano Toriello Regie f\u00fchrte und der von der Apulia Film Commission produziert wurde.<\/span><\/span><\/li>\n<li style=\"font-size: 18px;\"><span style=\"font-size: 18px; font-family: Lato; color: var( --e-global-color-text );\"><span style=\"color: #000000;\">War der Choreograf der Dauershow<\/span> <a href=\"http:\/\/www.hellinthecave.it\" target=\"_blank\" rel=\"noopener\">H\u00d6LLE IN DER H\u00d6HLE<\/a><span style=\"color: #000000;\">, seit 2014 in den Grotten von Castellana in Apulien, Italien aufgef\u00fchrt.<\/span><\/span><\/li>\n<\/ul>\n<h4 style=\"padding-left: 40px;\"><span style=\"color: #000000;\">KLASSEN:<\/span><\/h4>\n<p style=\"padding-left: 40px;\"><span style=\"color: #000000;\">Akrobatik f\u00fcr T\u00e4nzer |&nbsp;<span style=\"font-size: 18px;\">Antenne f\u00fcr T\u00e4nzer<\/span><\/span><\/p>\t\t\t\t\t\t\t\t<\/div>\n\t\t\t\t<\/div>\n\t\t\t\t\t<\/div>\n\t\t<\/div>\n\t\t\t\t\t<\/div>\n\t\t<\/section>\n\t\t\t\t<\/div>","protected":false},"excerpt":{"rendered":"<p>Vito Cassano Acrobatics &amp; Aerial for Dancers &#8211; Italy CREDITS: Mvula Sungai Company | Spoleto Estate | Teatro Romano di Spoleto | Roma Chorea Mundi | La Grande Danza Unita | Domenica In | Harry Albert Contemporary Dance Company |&nbsp;Circle of Light Moscow International Festival | Nordic Ski World Championships | ResExtensa Company | Katakl\u00f2 [&hellip;]<\/p>\n","protected":false},"author":6,"featured_media":0,"parent":329,"menu_order":0,"comment_status":"closed","ping_status":"closed","template":"","meta":{"_acf_changed":false,"site-sidebar-layout":"no-sidebar","site-content-layout":"page-builder","ast-site-content-layout":"default","site-content-style":"default","site-sidebar-style":"default","ast-global-header-display":"","ast-banner-title-visibility":"","ast-main-header-display":"","ast-hfb-above-header-display":"","ast-hfb-below-header-display":"","ast-hfb-mobile-header-display":"","site-post-title":"disabled","ast-breadcrumbs-content":"","ast-featured-img":"disabled","footer-sml-layout":"","ast-disable-related-posts":"","theme-transparent-header-meta":"default","adv-header-id-meta":"","stick-header-meta":"default","header-above-stick-meta":"","header-main-stick-meta":"","header-below-stick-meta":"","astra-migrate-meta-layouts":"default","ast-page-background-enabled":"default","ast-page-background-meta":{"desktop":{"background-color":"","background-image":"","background-repeat":"repeat","background-position":"center center","background-size":"auto","background-attachment":"scroll","background-type":"","background-media":"","overlay-type":"","overlay-color":"","overlay-opacity":"","overlay-gradient":""},"tablet":{"background-color":"","background-image":"","background-repeat":"repeat","background-position":"center center","background-size":"auto","background-attachment":"scroll","background-type":"","background-media":"","overlay-type":"","overlay-color":"","overlay-opacity":"","overlay-gradient":""},"mobile":{"background-color":"","background-image":"","background-repeat":"repeat","background-position":"center center","background-size":"auto","background-attachment":"scroll","background-type":"","background-media":"","overlay-type":"","overlay-color":"","overlay-opacity":"","overlay-gradient":""}},"ast-content-background-meta":{"desktop":{"background-color":"var(--ast-global-color-5)","background-image":"","background-repeat":"repeat","background-position":"center center","background-size":"auto","background-attachment":"scroll","background-type":"","background-media":"","overlay-type":"","overlay-color":"","overlay-opacity":"","overlay-gradient":""},"tablet":{"background-color":"var(--ast-global-color-5)","background-image":"","background-repeat":"repeat","background-position":"center center","background-size":"auto","background-attachment":"scroll","background-type":"","background-media":"","overlay-type":"","overlay-color":"","overlay-opacity":"","overlay-gradient":""},"mobile":{"background-color":"var(--ast-global-color-5)","background-image":"","background-repeat":"repeat","background-position":"center center","background-size":"auto","background-attachment":"scroll","background-type":"","background-media":"","overlay-type":"","overlay-color":"","overlay-opacity":"","overlay-gradient":""}},"footnotes":""},"class_list":["post-382","page","type-page","status-publish","hentry"],"acf":[],"jetpack_sharing_enabled":true,"_links":{"self":[{"href":"https:\/\/worlddancemovement.com\/de\/wp-json\/wp\/v2\/pages\/382","targetHints":{"allow":["GET"]}}],"collection":[{"href":"https:\/\/worlddancemovement.com\/de\/wp-json\/wp\/v2\/pages"}],"about":[{"href":"https:\/\/worlddancemovement.com\/de\/wp-json\/wp\/v2\/types\/page"}],"author":[{"embeddable":true,"href":"https:\/\/worlddancemovement.com\/de\/wp-json\/wp\/v2\/users\/6"}],"replies":[{"embeddable":true,"href":"https:\/\/worlddancemovement.com\/de\/wp-json\/wp\/v2\/comments?post=382"}],"version-history":[{"count":10,"href":"https:\/\/worlddancemovement.com\/de\/wp-json\/wp\/v2\/pages\/382\/revisions"}],"predecessor-version":[{"id":13289,"href":"https:\/\/worlddancemovement.com\/de\/wp-json\/wp\/v2\/pages\/382\/revisions\/13289"}],"up":[{"embeddable":true,"href":"https:\/\/worlddancemovement.com\/de\/wp-json\/wp\/v2\/pages\/329"}],"wp:attachment":[{"href":"https:\/\/worlddancemovement.com\/de\/wp-json\/wp\/v2\/media?parent=382"}],"curies":[{"name":"wp","href":"https:\/\/api.w.org\/{rel}","templated":true}]}}