{"id":395,"date":"2020-12-28T14:07:47","date_gmt":"2020-12-28T14:07:47","guid":{"rendered":"https:\/\/migrate.worlddancemovement.com\/?page_id=395"},"modified":"2023-07-26T17:10:20","modified_gmt":"2023-07-26T17:10:20","slug":"bruno-collinet","status":"publish","type":"page","link":"https:\/\/worlddancemovement.com\/de\/faculty-italy\/bruno-collinet\/","title":{"rendered":"Bruno Collinet"},"content":{"rendered":"<div data-elementor-type=\"wp-page\" data-elementor-id=\"395\" class=\"elementor elementor-395\" data-elementor-post-type=\"page\">\n\t\t\t\t\t\t<section class=\"elementor-section elementor-top-section elementor-element elementor-element-94ec49d elementor-section-full_width elementor-section-height-min-height elementor-section-height-default elementor-section-items-middle\" data-id=\"94ec49d\" data-element_type=\"section\" data-e-type=\"section\" data-settings=\"{&quot;background_background&quot;:&quot;classic&quot;}\">\n\t\t\t\t\t\t\t<div class=\"elementor-background-overlay\"><\/div>\n\t\t\t\t\t\t\t<div class=\"elementor-container elementor-column-gap-no\">\n\t\t\t\t\t<div class=\"elementor-column elementor-col-100 elementor-top-column elementor-element elementor-element-8268956\" data-id=\"8268956\" data-element_type=\"column\" data-e-type=\"column\">\n\t\t\t<div class=\"elementor-widget-wrap elementor-element-populated\">\n\t\t\t\t\t\t<div class=\"elementor-element elementor-element-5016628 elementor-widget elementor-widget-heading\" data-id=\"5016628\" data-element_type=\"widget\" data-e-type=\"widget\" data-widget_type=\"heading.default\">\n\t\t\t\t<div class=\"elementor-widget-container\">\n\t\t\t\t\t<h2 class=\"elementor-heading-title elementor-size-default\">BRUNO COLLINET<\/h2>\t\t\t\t<\/div>\n\t\t\t\t<\/div>\n\t\t\t\t<div class=\"elementor-element elementor-element-a86216f elementor-widget-divider--view-line elementor-widget elementor-widget-divider\" data-id=\"a86216f\" data-element_type=\"widget\" data-e-type=\"widget\" data-widget_type=\"divider.default\">\n\t\t\t\t<div class=\"elementor-widget-container\">\n\t\t\t\t\t\t\t<div class=\"elementor-divider\">\n\t\t\t<span class=\"elementor-divider-separator\">\n\t\t\t\t\t\t<\/span>\n\t\t<\/div>\n\t\t\t\t\t\t<\/div>\n\t\t\t\t<\/div>\n\t\t\t\t\t<\/div>\n\t\t<\/div>\n\t\t\t\t\t<\/div>\n\t\t<\/section>\n\t\t\t\t<section class=\"elementor-section elementor-top-section elementor-element elementor-element-a2d6cca elementor-section-full_width elementor-section-height-default elementor-section-height-default\" data-id=\"a2d6cca\" data-element_type=\"section\" data-e-type=\"section\">\n\t\t\t\t\t\t<div class=\"elementor-container elementor-column-gap-default\">\n\t\t\t\t\t<div class=\"elementor-column elementor-col-100 elementor-top-column elementor-element elementor-element-a45c6d3\" data-id=\"a45c6d3\" data-element_type=\"column\" data-e-type=\"column\">\n\t\t\t<div class=\"elementor-widget-wrap elementor-element-populated\">\n\t\t\t\t\t\t<div class=\"elementor-element elementor-element-f854b1f elementor-widget elementor-widget-heading\" data-id=\"f854b1f\" data-element_type=\"widget\" data-e-type=\"widget\" data-widget_type=\"heading.default\">\n\t\t\t\t<div class=\"elementor-widget-container\">\n\t\t\t\t\t<h2 class=\"elementor-heading-title elementor-size-default\">ZEITGEN\u00d6SSISCH - FRANKREICH\n\n\n\n\n<\/h2>\t\t\t\t<\/div>\n\t\t\t\t<\/div>\n\t\t\t\t<div class=\"elementor-element elementor-element-3947f8e elementor-widget elementor-widget-text-editor\" data-id=\"3947f8e\" data-element_type=\"widget\" data-e-type=\"widget\" data-widget_type=\"text-editor.default\">\n\t\t\t\t<div class=\"elementor-widget-container\">\n\t\t\t\t\t\t\t\t\t<p>Bruno Collinet, Choreograf der neuen Welle, sch\u00f6pft seine Originalit\u00e4t aus seinem gro\u00dfartigen Gesp\u00fcr f\u00fcr die Inszenierung sowohl choreografischer als auch technischer Art. Aus klassischer, moderner Jazz- und zeitgen\u00f6ssischer Ausbildung bereichert Bruno sich mit Ton-, Licht-, Kost\u00fcm- und Musiktechniken.<\/p><p>Als international renommierter Professor entwickelt und f\u00f6rdert er seinen einzigartigen Stil durch verschiedene Unternehmen in Israel, Italien, Schweden, Norwegen, Senegal, Asien und Amerika. 1994 gr\u00fcndete er seine eigene Kompanie \u201eLes Espaces Inquiets\u201c und schuf zahlreiche Choreografien f\u00fcr die Avignon Winters und das Estivales Studio Harmonic am Teatre des Bouffes du Nord.<\/p><p>Er ist seit seinen Anf\u00e4ngen mit der Theaterkunst verbunden und arbeitet mit mehreren B\u00fchnenmachern wie James Thor, Jacques Dombrowski und Marjorie Nakache zusammen. Er ist au\u00dferdem Choreograf f\u00fcr viele Music Hall-Rezensionen. Andererseits nimmt er an den Fernsehshows Line Renaud, Cl\u00e9mentine C\u00e9lari\u00e9, Pauline Esther, Else, Brigitte Lahaie und Philippe L\u00e9otard teil und choreografiert f\u00fcr das italienische und spanische Fernsehen die Shows von Rafaella Cara.<\/p><p>Seine vielseitige und abwechslungsreiche Reise f\u00fchrt ihn zum Musical, wo er mit Nathalie Cerda im Winter Cirque f\u00fcr \u201eFrom Fred Astaire a nos jour\u201c und \u201ePiaf je t&#039;aime\u201c choreografiert. Interessiert an allen Formen von Shows, am Nutzen seiner vielf\u00e4ltigen \u201eErfahrungen\u201c, an der Synthese seiner Gedanken als T\u00e4nzer, Lehrer, Choreograf, aber auch als Zuschauer.<\/p><p>Sein Kurs basiert auf einfachen Elementen: K\u00f6rpergewicht, Bodenkontakt, Kinesph\u00e4re und Gelenkfreigabe. Seine zusammengesetzten \u00dcbungen f\u00fchren zu einer Muskelumstrukturierung, zu einer effektiven und soliden Basisplatzierung, die eine nat\u00fcrliche Ausf\u00fchrung der Schwierigkeit erm\u00f6glicht. Durch seine Variationen schl\u00e4gt er eine andere Arbeit zu Oberk\u00f6rperbewegungen bei Ungleichgewicht, Energie-\u201ePausen\u201c und Musikh\u00f6ren vor. \u201eEs gibt K\u00f6rperintelligenz, Gelenk- und Muskellogik, die schnelle und effektive Fortschritte erm\u00f6glichen.\u201c\u00a0<\/p><p>Sehen Sie sich eines der St\u00fccke an, die er f\u00fcr WDM Italien choreografiert hat <a href=\"https:\/\/www.youtube.com\/watch?v=cOFm0yFkL_8\" target=\"_blank\" rel=\"noopener\">Hier<\/a>.<\/p><p>Seine DVD k\u00f6nnen Sie in unserem Online-Shop erwerben: <a href=\"https:\/\/worlddancemovement.com\/de\/produkt\/contemporary-warm-up-dvd-with-bruno-collinet\/\" target=\"_blank\" rel=\"noopener\">Zeitgen\u00f6ssisches Warm-up mit Bruno Collinet.<\/a><\/p>\t\t\t\t\t\t\t\t<\/div>\n\t\t\t\t<\/div>\n\t\t\t\t\t<\/div>\n\t\t<\/div>\n\t\t\t\t\t<\/div>\n\t\t<\/section>\n\t\t\t\t<\/div>","protected":false},"excerpt":{"rendered":"<p>BRUNO COLLINET CONTEMPORARY &#8211; FRANCE Choreographer of the new wave, Bruno Collinet draws his originality in his great sense of staging both choreographic and technical. From classical, modern jazz and contemporary training, Bruno enriches himself with techniques of sound, light, costumes and music. Internationally renowned professor, he evolves and promotes his unique style through various [&hellip;]<\/p>\n","protected":false},"author":6,"featured_media":0,"parent":329,"menu_order":0,"comment_status":"closed","ping_status":"closed","template":"","meta":{"_acf_changed":false,"site-sidebar-layout":"no-sidebar","site-content-layout":"page-builder","ast-site-content-layout":"default","site-content-style":"default","site-sidebar-style":"default","ast-global-header-display":"","ast-banner-title-visibility":"","ast-main-header-display":"","ast-hfb-above-header-display":"","ast-hfb-below-header-display":"","ast-hfb-mobile-header-display":"","site-post-title":"disabled","ast-breadcrumbs-content":"","ast-featured-img":"disabled","footer-sml-layout":"","ast-disable-related-posts":"","theme-transparent-header-meta":"default","adv-header-id-meta":"","stick-header-meta":"default","header-above-stick-meta":"","header-main-stick-meta":"","header-below-stick-meta":"","astra-migrate-meta-layouts":"default","ast-page-background-enabled":"default","ast-page-background-meta":{"desktop":{"background-color":"","background-image":"","background-repeat":"repeat","background-position":"center center","background-size":"auto","background-attachment":"scroll","background-type":"","background-media":"","overlay-type":"","overlay-color":"","overlay-opacity":"","overlay-gradient":""},"tablet":{"background-color":"","background-image":"","background-repeat":"repeat","background-position":"center center","background-size":"auto","background-attachment":"scroll","background-type":"","background-media":"","overlay-type":"","overlay-color":"","overlay-opacity":"","overlay-gradient":""},"mobile":{"background-color":"","background-image":"","background-repeat":"repeat","background-position":"center center","background-size":"auto","background-attachment":"scroll","background-type":"","background-media":"","overlay-type":"","overlay-color":"","overlay-opacity":"","overlay-gradient":""}},"ast-content-background-meta":{"desktop":{"background-color":"var(--ast-global-color-5)","background-image":"","background-repeat":"repeat","background-position":"center center","background-size":"auto","background-attachment":"scroll","background-type":"","background-media":"","overlay-type":"","overlay-color":"","overlay-opacity":"","overlay-gradient":""},"tablet":{"background-color":"var(--ast-global-color-5)","background-image":"","background-repeat":"repeat","background-position":"center center","background-size":"auto","background-attachment":"scroll","background-type":"","background-media":"","overlay-type":"","overlay-color":"","overlay-opacity":"","overlay-gradient":""},"mobile":{"background-color":"var(--ast-global-color-5)","background-image":"","background-repeat":"repeat","background-position":"center center","background-size":"auto","background-attachment":"scroll","background-type":"","background-media":"","overlay-type":"","overlay-color":"","overlay-opacity":"","overlay-gradient":""}},"footnotes":""},"class_list":["post-395","page","type-page","status-publish","hentry"],"acf":[],"jetpack_sharing_enabled":true,"_links":{"self":[{"href":"https:\/\/worlddancemovement.com\/de\/wp-json\/wp\/v2\/pages\/395","targetHints":{"allow":["GET"]}}],"collection":[{"href":"https:\/\/worlddancemovement.com\/de\/wp-json\/wp\/v2\/pages"}],"about":[{"href":"https:\/\/worlddancemovement.com\/de\/wp-json\/wp\/v2\/types\/page"}],"author":[{"embeddable":true,"href":"https:\/\/worlddancemovement.com\/de\/wp-json\/wp\/v2\/users\/6"}],"replies":[{"embeddable":true,"href":"https:\/\/worlddancemovement.com\/de\/wp-json\/wp\/v2\/comments?post=395"}],"version-history":[{"count":10,"href":"https:\/\/worlddancemovement.com\/de\/wp-json\/wp\/v2\/pages\/395\/revisions"}],"predecessor-version":[{"id":11724,"href":"https:\/\/worlddancemovement.com\/de\/wp-json\/wp\/v2\/pages\/395\/revisions\/11724"}],"up":[{"embeddable":true,"href":"https:\/\/worlddancemovement.com\/de\/wp-json\/wp\/v2\/pages\/329"}],"wp:attachment":[{"href":"https:\/\/worlddancemovement.com\/de\/wp-json\/wp\/v2\/media?parent=395"}],"curies":[{"name":"wp","href":"https:\/\/api.w.org\/{rel}","templated":true}]}}