{"id":405,"date":"2020-12-28T14:12:07","date_gmt":"2020-12-28T14:12:07","guid":{"rendered":"https:\/\/migrate.worlddancemovement.com\/?page_id=405"},"modified":"2023-10-05T20:58:07","modified_gmt":"2023-10-05T20:58:07","slug":"sabatino-deustacchio","status":"publish","type":"page","link":"https:\/\/worlddancemovement.com\/de\/faculty-italy\/sabatino-deustacchio\/","title":{"rendered":"SABATINO D&#039;EUSTACCHIO"},"content":{"rendered":"<div data-elementor-type=\"wp-page\" data-elementor-id=\"405\" class=\"elementor elementor-405\" data-elementor-post-type=\"page\">\n\t\t\t\t\t\t<section class=\"elementor-section elementor-top-section elementor-element elementor-element-94ec49d elementor-section-full_width elementor-section-height-min-height elementor-section-height-default elementor-section-items-middle\" data-id=\"94ec49d\" data-element_type=\"section\" data-e-type=\"section\" data-settings=\"{&quot;background_background&quot;:&quot;classic&quot;}\">\n\t\t\t\t\t\t\t<div class=\"elementor-background-overlay\"><\/div>\n\t\t\t\t\t\t\t<div class=\"elementor-container elementor-column-gap-no\">\n\t\t\t\t\t<div class=\"elementor-column elementor-col-100 elementor-top-column elementor-element elementor-element-8268956\" data-id=\"8268956\" data-element_type=\"column\" data-e-type=\"column\">\n\t\t\t<div class=\"elementor-widget-wrap elementor-element-populated\">\n\t\t\t\t\t\t<div class=\"elementor-element elementor-element-5016628 elementor-widget elementor-widget-heading\" data-id=\"5016628\" data-element_type=\"widget\" data-e-type=\"widget\" data-widget_type=\"heading.default\">\n\t\t\t\t<div class=\"elementor-widget-container\">\n\t\t\t\t\t<h2 class=\"elementor-heading-title elementor-size-default\">SABATINO D&#039;EUSTACCHIO\n<\/h2>\t\t\t\t<\/div>\n\t\t\t\t<\/div>\n\t\t\t\t<div class=\"elementor-element elementor-element-a86216f elementor-widget-divider--view-line elementor-widget elementor-widget-divider\" data-id=\"a86216f\" data-element_type=\"widget\" data-e-type=\"widget\" data-widget_type=\"divider.default\">\n\t\t\t\t<div class=\"elementor-widget-container\">\n\t\t\t\t\t\t\t<div class=\"elementor-divider\">\n\t\t\t<span class=\"elementor-divider-separator\">\n\t\t\t\t\t\t<\/span>\n\t\t<\/div>\n\t\t\t\t\t\t<\/div>\n\t\t\t\t<\/div>\n\t\t\t\t\t<\/div>\n\t\t<\/div>\n\t\t\t\t\t<\/div>\n\t\t<\/section>\n\t\t\t\t<section class=\"elementor-section elementor-top-section elementor-element elementor-element-a2d6cca elementor-section-full_width elementor-section-height-default elementor-section-height-default\" data-id=\"a2d6cca\" data-element_type=\"section\" data-e-type=\"section\">\n\t\t\t\t\t\t<div class=\"elementor-container elementor-column-gap-default\">\n\t\t\t\t\t<div class=\"elementor-column elementor-col-100 elementor-top-column elementor-element elementor-element-a45c6d3\" data-id=\"a45c6d3\" data-element_type=\"column\" data-e-type=\"column\">\n\t\t\t<div class=\"elementor-widget-wrap elementor-element-populated\">\n\t\t\t\t\t\t<div class=\"elementor-element elementor-element-f854b1f elementor-widget elementor-widget-heading\" data-id=\"f854b1f\" data-element_type=\"widget\" data-e-type=\"widget\" data-widget_type=\"heading.default\">\n\t\t\t\t<div class=\"elementor-widget-container\">\n\t\t\t\t\t<h2 class=\"elementor-heading-title elementor-size-default\">ZEITGEN\u00d6SSISCHER CHOREOGRAPHISCHER WORKSHOP, HIP HOP - ITALIEN\n\n\n\n\n\n\n<\/h2>\t\t\t\t<\/div>\n\t\t\t\t<\/div>\n\t\t\t\t<div class=\"elementor-element elementor-element-3947f8e elementor-widget elementor-widget-text-editor\" data-id=\"3947f8e\" data-element_type=\"widget\" data-e-type=\"widget\" data-widget_type=\"text-editor.default\">\n\t\t\t\t<div class=\"elementor-widget-container\">\n\t\t\t\t\t\t\t\t\t<p>Sabatino erwarb seine Tanztechnik in LA, indem er Hip Hop und Jazz studierte. Nach seiner R\u00fcckkehr nach Italien wurde er T\u00e4nzer in der Show \u201eAmores\u201c von Vittoria Ottolenghi und Vittoria Cappelli. Weitere Tanzauftritte umfassen die Choreografie des Omid Project Theatre von Marisa Ragazzo, als Solistin in der Show L&#039;amour et Son Amour w\u00e4hrend des Todi Arte Festivals, der Tanzkompanie Teatro Koros von Massimo Morricone.<\/p><p>Er ist Mitbegr\u00fcnder des AbruzzoOnStage-Workshops mit Federica Angelozzi.<\/p><p>Er arbeitete mit zahlreichen Choreografen zusammen: Daniel Ezralow, Giuliano Peparini, Luca Tommassini, Veronica Peparini und Franco Miseria, um nur einige zu nennen.<\/p><p>Sabatino arbeitete mit ber\u00fchmten S\u00e4ngern wie Kylie Minogue, Rihanna und Elisa zusammen.<\/p><p>Er war Hip-Hop-Lehrer f\u00fcr die von Daniele Cipriani gegr\u00fcndete Accademia TV Dance, zusammen mit anderen Lehrern wie Bill Goodson, N&#039;Mvula Sulgani, Tosca, Fabrizio Mainini, Franco Miseria, Claudio Insegno und vielen anderen, die eine umfassende Ausbildung f\u00fcr Shows anbieten m\u00f6chten Gesch\u00e4ft.<\/p><p>Er war Hauptt\u00e4nzer der beliebten italienischen Fernsehsendung \u201eAmici di Maria de Filippi\u201c.<\/p>\t\t\t\t\t\t\t\t<\/div>\n\t\t\t\t<\/div>\n\t\t\t\t\t<\/div>\n\t\t<\/div>\n\t\t\t\t\t<\/div>\n\t\t<\/section>\n\t\t\t\t<\/div>","protected":false},"excerpt":{"rendered":"<p>SABATINO D&#8217;EUSTACCHIO CONTEMPORARY CHOREOGRAPHIC WORKSHOP, HIP HOP &#8211; ITALY Sabatino amassed his dance technique in LA studying Hip Hop and Jazz. Upon returning to Italy, he became a Dancer in the show &#8220;Amores&#8221; by Vittoria Ottolenghi and Vittoria Cappelli. Other dance credits include Omid Project Theatre choreography by Marisa Ragazzo, as a soloist in the [&hellip;]<\/p>\n","protected":false},"author":6,"featured_media":0,"parent":329,"menu_order":0,"comment_status":"closed","ping_status":"closed","template":"","meta":{"_acf_changed":false,"site-sidebar-layout":"no-sidebar","site-content-layout":"page-builder","ast-site-content-layout":"default","site-content-style":"default","site-sidebar-style":"default","ast-global-header-display":"","ast-banner-title-visibility":"","ast-main-header-display":"","ast-hfb-above-header-display":"","ast-hfb-below-header-display":"","ast-hfb-mobile-header-display":"","site-post-title":"disabled","ast-breadcrumbs-content":"","ast-featured-img":"disabled","footer-sml-layout":"","ast-disable-related-posts":"","theme-transparent-header-meta":"default","adv-header-id-meta":"","stick-header-meta":"default","header-above-stick-meta":"","header-main-stick-meta":"","header-below-stick-meta":"","astra-migrate-meta-layouts":"default","ast-page-background-enabled":"default","ast-page-background-meta":{"desktop":{"background-color":"","background-image":"","background-repeat":"repeat","background-position":"center center","background-size":"auto","background-attachment":"scroll","background-type":"","background-media":"","overlay-type":"","overlay-color":"","overlay-opacity":"","overlay-gradient":""},"tablet":{"background-color":"","background-image":"","background-repeat":"repeat","background-position":"center center","background-size":"auto","background-attachment":"scroll","background-type":"","background-media":"","overlay-type":"","overlay-color":"","overlay-opacity":"","overlay-gradient":""},"mobile":{"background-color":"","background-image":"","background-repeat":"repeat","background-position":"center center","background-size":"auto","background-attachment":"scroll","background-type":"","background-media":"","overlay-type":"","overlay-color":"","overlay-opacity":"","overlay-gradient":""}},"ast-content-background-meta":{"desktop":{"background-color":"var(--ast-global-color-5)","background-image":"","background-repeat":"repeat","background-position":"center center","background-size":"auto","background-attachment":"scroll","background-type":"","background-media":"","overlay-type":"","overlay-color":"","overlay-opacity":"","overlay-gradient":""},"tablet":{"background-color":"var(--ast-global-color-5)","background-image":"","background-repeat":"repeat","background-position":"center center","background-size":"auto","background-attachment":"scroll","background-type":"","background-media":"","overlay-type":"","overlay-color":"","overlay-opacity":"","overlay-gradient":""},"mobile":{"background-color":"var(--ast-global-color-5)","background-image":"","background-repeat":"repeat","background-position":"center center","background-size":"auto","background-attachment":"scroll","background-type":"","background-media":"","overlay-type":"","overlay-color":"","overlay-opacity":"","overlay-gradient":""}},"footnotes":""},"class_list":["post-405","page","type-page","status-publish","hentry"],"acf":[],"jetpack_sharing_enabled":true,"_links":{"self":[{"href":"https:\/\/worlddancemovement.com\/de\/wp-json\/wp\/v2\/pages\/405","targetHints":{"allow":["GET"]}}],"collection":[{"href":"https:\/\/worlddancemovement.com\/de\/wp-json\/wp\/v2\/pages"}],"about":[{"href":"https:\/\/worlddancemovement.com\/de\/wp-json\/wp\/v2\/types\/page"}],"author":[{"embeddable":true,"href":"https:\/\/worlddancemovement.com\/de\/wp-json\/wp\/v2\/users\/6"}],"replies":[{"embeddable":true,"href":"https:\/\/worlddancemovement.com\/de\/wp-json\/wp\/v2\/comments?post=405"}],"version-history":[{"count":10,"href":"https:\/\/worlddancemovement.com\/de\/wp-json\/wp\/v2\/pages\/405\/revisions"}],"predecessor-version":[{"id":13298,"href":"https:\/\/worlddancemovement.com\/de\/wp-json\/wp\/v2\/pages\/405\/revisions\/13298"}],"up":[{"embeddable":true,"href":"https:\/\/worlddancemovement.com\/de\/wp-json\/wp\/v2\/pages\/329"}],"wp:attachment":[{"href":"https:\/\/worlddancemovement.com\/de\/wp-json\/wp\/v2\/media?parent=405"}],"curies":[{"name":"wp","href":"https:\/\/api.w.org\/{rel}","templated":true}]}}