{"id":4097,"date":"2021-09-13T12:00:24","date_gmt":"2021-09-13T12:00:24","guid":{"rendered":"https:\/\/migrate.worlddancemovement.com\/my-account\/"},"modified":"2021-12-09T19:16:17","modified_gmt":"2021-12-09T19:16:17","slug":"my-account","status":"publish","type":"page","link":"https:\/\/worlddancemovement.com\/de\/my-account\/","title":{"rendered":"Mein Konto"},"content":{"rendered":"<div data-elementor-type=\"wp-page\" data-elementor-id=\"4097\" class=\"elementor elementor-4097\" data-elementor-post-type=\"page\">\n\t\t\t\t\t\t<section class=\"elementor-section elementor-top-section elementor-element elementor-element-75b888a2 elementor-section-boxed elementor-section-height-default elementor-section-height-default\" data-id=\"75b888a2\" data-element_type=\"section\" data-e-type=\"section\">\n\t\t\t\t\t\t<div class=\"elementor-container elementor-column-gap-default\">\n\t\t\t\t\t<div class=\"elementor-column elementor-col-100 elementor-top-column elementor-element elementor-element-4fd661c9\" data-id=\"4fd661c9\" data-element_type=\"column\" data-e-type=\"column\">\n\t\t\t<div class=\"elementor-widget-wrap elementor-element-populated\">\n\t\t\t\t\t\t<div class=\"elementor-element elementor-element-71e2827 elementor-widget elementor-widget-heading\" data-id=\"71e2827\" data-element_type=\"widget\" data-e-type=\"widget\" data-widget_type=\"heading.default\">\n\t\t\t\t<div class=\"elementor-widget-container\">\n\t\t\t\t\t<h2 class=\"elementor-heading-title elementor-size-default\">Mein Konto<\/h2>\t\t\t\t<\/div>\n\t\t\t\t<\/div>\n\t\t\t\t<div class=\"elementor-element elementor-element-57b0c06a elementor-widget elementor-widget-text-editor\" data-id=\"57b0c06a\" data-element_type=\"widget\" data-e-type=\"widget\" data-widget_type=\"text-editor.default\">\n\t\t\t\t<div class=\"elementor-widget-container\">\n\t\t\t\t\t\t\t\t\t<div class=\"woocommerce\">\n<div class=\"woocommerce-notices-wrapper\"><\/div>\n<div class=\"u-columns col2-set\" id=\"customer_login\">\n<div class=\"u-column1 col-1\">\n<h2 data-no-translation=\"\" data-trp-gettext=\"\">Anmelden<\/h2>\n<form class=\"woocommerce-form woocommerce-form-login login\" method=\"post\" novalidate action=\"\">\n<p class=\"woocommerce-form-row woocommerce-form-row--wide form-row form-row-wide\">\n\t\t\t\t<label for=\"username\">Benutzername oder E-Mail-Adresse&nbsp;<span class=\"required\" aria-hidden=\"true\">*<\/span><span class=\"screen-reader-text\" data-no-translation=\"\" data-trp-gettext=\"\">Erforderlich<\/span><\/label><br \/>\n\t\t\t\t<input type=\"text\" class=\"woocommerce-Input woocommerce-Input--text input-text\" name=\"username\" id=\"username\" autocomplete=\"username\" value=\"\" required aria-required=\"true\" \/>\t\t\t<\/p>\n<p class=\"woocommerce-form-row woocommerce-form-row--wide form-row form-row-wide\">\n\t\t\t\t<label for=\"password\">Passwort&nbsp;<span class=\"required\" aria-hidden=\"true\">*<\/span><span class=\"screen-reader-text\" data-no-translation=\"\" data-trp-gettext=\"\">Erforderlich<\/span><\/label><br \/>\n\t\t\t\t<input class=\"woocommerce-Input woocommerce-Input--text input-text\" type=\"password\" name=\"password\" id=\"password\" autocomplete=\"current-password\" required aria-required=\"true\" \/>\n\t\t\t<\/p>\n<div class=\"g-recaptcha\" style=\"transform: scale(0.9); -webkit-transform: scale(0.9); transform-origin: 0 0; -webkit-transform-origin: 0 0;\" data-sitekey=\"6LcR7HEqAAAAAJokaDnvhCmOZdVe0uESod4ZZlBT\"><\/div>\n<p><script>\n                    function wpcaptcha_captcha_refresh() {\n                        grecaptcha.reset();\n                    }<\/p>\n<p>                    jQuery(document.body).on(\"checkout_error\", function(){\n                        setTimeout(wpcaptcha_captcha_refresh, 50);\n                    });<\/p>\n<p>                    jQuery(document.body).on(\"updated_checkout\", function(){\n                        setTimeout(wpcaptcha_captcha_refresh, 50);\n                    });\n                <\/script><script src='https:\/\/www.google.com\/recaptcha\/api.js?ver=1.34' id='wpcaptcha-recaptcha-js'><\/script><\/p>\n<p class=\"form-row\">\n\t\t\t\t<label class=\"woocommerce-form__label woocommerce-form__label-for-checkbox woocommerce-form-login__rememberme\"><br \/>\n\t\t\t\t\t<input class=\"woocommerce-form__input woocommerce-form__input-checkbox\" name=\"rememberme\" type=\"checkbox\" id=\"rememberme\" value=\"forever\" \/> <span data-no-translation=\"\" data-trp-gettext=\"\">Angemeldet bleiben<\/span><br \/>\n\t\t\t\t<\/label><br \/>\n\t\t\t\t<input type=\"hidden\" id=\"woocommerce-login-nonce\" name=\"woocommerce-login-nonce\" value=\"9314465e5d\" \/><input type=\"hidden\" name=\"_wp_http_referer\" value=\"\/de\/wp-json\/wp\/v2\/pages\/4097\" \/>\t\t\t\t<button type=\"submit\" class=\"woocommerce-button button woocommerce-form-login__submit\" name=\"login\" value=\"Anmelden\" data-no-translation=\"\" data-trp-gettext=\"\" data-no-translation-value=\"\">Anmelden<\/button>\n\t\t\t<\/p>\n<p class=\"woocommerce-LostPassword lost_password\">\n\t\t\t\t<a href=\"https:\/\/worlddancemovement.com\/de\/my-account\/lost-password\/\" data-no-translation=\"\" data-trp-gettext=\"\">Passwort vergessen?<\/a>\n\t\t\t<\/p>\n<\/p><input type=\"hidden\" name=\"trp-form-language\" value=\"de\"\/><\/form>\n<\/p><\/div>\n<div class=\"u-column2 col-2\">\n<h2 data-no-translation=\"\" data-trp-gettext=\"\">Registrieren<\/h2>\n<form method=\"post\" class=\"woocommerce-form woocommerce-form-register register\" action=\"\"  >\n<p class=\"woocommerce-form-row woocommerce-form-row--wide form-row form-row-wide\">\n\t\t\t\t<label for=\"reg_email\">E-Mail-Adresse&nbsp;<span class=\"required\" aria-hidden=\"true\">*<\/span><span class=\"screen-reader-text\" data-no-translation=\"\" data-trp-gettext=\"\">Erforderlich<\/span><\/label><br \/>\n\t\t\t\t<input type=\"email\" class=\"woocommerce-Input woocommerce-Input--text input-text\" name=\"email\" id=\"reg_email\" autocomplete=\"email\" value=\"\" required aria-required=\"true\" \/>\t\t\t<\/p>\n<p data-no-translation=\"\" data-trp-gettext=\"\">Ein Link zum Erstellen eines neuen Passwort wird an deine E-Mail-Adresse gesendet.<\/p>\n<p>\t\t\t<wc-order-attribution-inputs><\/wc-order-attribution-inputs><\/p>\n<div class=\"woocommerce-privacy-policy-text\">\n<p>Ihre pers\u00f6nlichen Daten werden verwendet, um Ihr Erlebnis auf dieser Website zu unterst\u00fctzen, den Zugriff auf Ihr Konto zu verwalten und f\u00fcr andere in unserem beschriebene Zwecke <a href=\"https:\/\/worlddancemovement.com\/de\/privacy-policy\/\" class=\"woocommerce-privacy-policy-link\" target=\"_blank\" data-no-translation=\"\" data-trp-gettext=\"\">Datenschutzerkl\u00e4rung<\/a>.<\/p>\n<\/div>\n<p class=\"woocommerce-form-row form-row\">\n\t\t\t\t<input type=\"hidden\" id=\"woocommerce-register-nonce\" name=\"woocommerce-register-nonce\" value=\"a24cb928cf\" \/><input type=\"hidden\" name=\"_wp_http_referer\" value=\"\/de\/wp-json\/wp\/v2\/pages\/4097\" \/>\t\t\t\t<button type=\"submit\" class=\"woocommerce-Button woocommerce-button button woocommerce-form-register__submit\" name=\"register\" value=\"Registrieren\" data-no-translation=\"\" data-trp-gettext=\"\" data-no-translation-value=\"\">Registrieren<\/button>\n\t\t\t<\/p>\n<\/p><input type=\"hidden\" name=\"trp-form-language\" value=\"de\"\/><\/form>\n<\/p><\/div>\n<\/div>\n<\/div>\n\t\t\t\t\t\t\t\t<\/div>\n\t\t\t\t<\/div>\n\t\t\t\t\t<\/div>\n\t\t<\/div>\n\t\t\t\t\t<\/div>\n\t\t<\/section>\n\t\t\t\t<\/div>","protected":false},"excerpt":{"rendered":"<p>Mein Konto<\/p>","protected":false},"author":6,"featured_media":0,"parent":0,"menu_order":0,"comment_status":"closed","ping_status":"closed","template":"elementor_header_footer","meta":{"_acf_changed":false,"site-sidebar-layout":"default","site-content-layout":"","ast-site-content-layout":"default","site-content-style":"default","site-sidebar-style":"default","ast-global-header-display":"","ast-banner-title-visibility":"","ast-main-header-display":"","ast-hfb-above-header-display":"","ast-hfb-below-header-display":"","ast-hfb-mobile-header-display":"","site-post-title":"","ast-breadcrumbs-content":"","ast-featured-img":"","footer-sml-layout":"","ast-disable-related-posts":"","theme-transparent-header-meta":"","adv-header-id-meta":"","stick-header-meta":"","header-above-stick-meta":"","header-main-stick-meta":"","header-below-stick-meta":"","astra-migrate-meta-layouts":"default","ast-page-background-enabled":"default","ast-page-background-meta":{"desktop":{"background-color":"","background-image":"","background-repeat":"repeat","background-position":"center center","background-size":"auto","background-attachment":"scroll","background-type":"","background-media":"","overlay-type":"","overlay-color":"","overlay-opacity":"","overlay-gradient":""},"tablet":{"background-color":"","background-image":"","background-repeat":"repeat","background-position":"center center","background-size":"auto","background-attachment":"scroll","background-type":"","background-media":"","overlay-type":"","overlay-color":"","overlay-opacity":"","overlay-gradient":""},"mobile":{"background-color":"","background-image":"","background-repeat":"repeat","background-position":"center center","background-size":"auto","background-attachment":"scroll","background-type":"","background-media":"","overlay-type":"","overlay-color":"","overlay-opacity":"","overlay-gradient":""}},"ast-content-background-meta":{"desktop":{"background-color":"var(--ast-global-color-5)","background-image":"","background-repeat":"repeat","background-position":"center center","background-size":"auto","background-attachment":"scroll","background-type":"","background-media":"","overlay-type":"","overlay-color":"","overlay-opacity":"","overlay-gradient":""},"tablet":{"background-color":"var(--ast-global-color-5)","background-image":"","background-repeat":"repeat","background-position":"center center","background-size":"auto","background-attachment":"scroll","background-type":"","background-media":"","overlay-type":"","overlay-color":"","overlay-opacity":"","overlay-gradient":""},"mobile":{"background-color":"var(--ast-global-color-5)","background-image":"","background-repeat":"repeat","background-position":"center center","background-size":"auto","background-attachment":"scroll","background-type":"","background-media":"","overlay-type":"","overlay-color":"","overlay-opacity":"","overlay-gradient":""}},"footnotes":""},"class_list":["post-4097","page","type-page","status-publish","hentry"],"acf":[],"jetpack_sharing_enabled":true,"_links":{"self":[{"href":"https:\/\/worlddancemovement.com\/de\/wp-json\/wp\/v2\/pages\/4097","targetHints":{"allow":["GET"]}}],"collection":[{"href":"https:\/\/worlddancemovement.com\/de\/wp-json\/wp\/v2\/pages"}],"about":[{"href":"https:\/\/worlddancemovement.com\/de\/wp-json\/wp\/v2\/types\/page"}],"author":[{"embeddable":true,"href":"https:\/\/worlddancemovement.com\/de\/wp-json\/wp\/v2\/users\/6"}],"replies":[{"embeddable":true,"href":"https:\/\/worlddancemovement.com\/de\/wp-json\/wp\/v2\/comments?post=4097"}],"version-history":[{"count":10,"href":"https:\/\/worlddancemovement.com\/de\/wp-json\/wp\/v2\/pages\/4097\/revisions"}],"predecessor-version":[{"id":10739,"href":"https:\/\/worlddancemovement.com\/de\/wp-json\/wp\/v2\/pages\/4097\/revisions\/10739"}],"wp:attachment":[{"href":"https:\/\/worlddancemovement.com\/de\/wp-json\/wp\/v2\/media?parent=4097"}],"curies":[{"name":"wp","href":"https:\/\/api.w.org\/{rel}","templated":true}]}}