{"id":415,"date":"2020-12-28T14:15:19","date_gmt":"2020-12-28T14:15:19","guid":{"rendered":"https:\/\/migrate.worlddancemovement.com\/?page_id=415"},"modified":"2024-01-24T16:52:57","modified_gmt":"2024-01-24T16:52:57","slug":"joshua-pelatzky-cd","status":"publish","type":"page","link":"https:\/\/worlddancemovement.com\/de\/faculty-italy\/joshua-pelatzky-cd\/","title":{"rendered":"JOSHUA PELATZKY"},"content":{"rendered":"<div data-elementor-type=\"wp-page\" data-elementor-id=\"415\" class=\"elementor elementor-415\" data-elementor-post-type=\"page\">\n\t\t\t\t\t\t<section class=\"elementor-section elementor-top-section elementor-element elementor-element-94ec49d elementor-section-full_width elementor-section-height-min-height elementor-section-height-default elementor-section-items-middle\" data-id=\"94ec49d\" data-element_type=\"section\" data-e-type=\"section\" data-settings=\"{&quot;background_background&quot;:&quot;classic&quot;}\">\n\t\t\t\t\t\t\t<div class=\"elementor-background-overlay\"><\/div>\n\t\t\t\t\t\t\t<div class=\"elementor-container elementor-column-gap-no\">\n\t\t\t\t\t<div class=\"elementor-column elementor-col-100 elementor-top-column elementor-element elementor-element-8268956\" data-id=\"8268956\" data-element_type=\"column\" data-e-type=\"column\">\n\t\t\t<div class=\"elementor-widget-wrap elementor-element-populated\">\n\t\t\t\t\t\t<div class=\"elementor-element elementor-element-5016628 elementor-widget elementor-widget-heading\" data-id=\"5016628\" data-element_type=\"widget\" data-e-type=\"widget\" data-widget_type=\"heading.default\">\n\t\t\t\t<div class=\"elementor-widget-container\">\n\t\t\t\t\t<h2 class=\"elementor-heading-title elementor-size-default\">JOSHUA PELATZKY\n<\/h2>\t\t\t\t<\/div>\n\t\t\t\t<\/div>\n\t\t\t\t<div class=\"elementor-element elementor-element-a86216f elementor-widget-divider--view-line elementor-widget elementor-widget-divider\" data-id=\"a86216f\" data-element_type=\"widget\" data-e-type=\"widget\" data-widget_type=\"divider.default\">\n\t\t\t\t<div class=\"elementor-widget-container\">\n\t\t\t\t\t\t\t<div class=\"elementor-divider\">\n\t\t\t<span class=\"elementor-divider-separator\">\n\t\t\t\t\t\t<\/span>\n\t\t<\/div>\n\t\t\t\t\t\t<\/div>\n\t\t\t\t<\/div>\n\t\t\t\t\t<\/div>\n\t\t<\/div>\n\t\t\t\t\t<\/div>\n\t\t<\/section>\n\t\t\t\t<section class=\"elementor-section elementor-top-section elementor-element elementor-element-a2d6cca elementor-section-full_width elementor-section-height-default elementor-section-height-default\" data-id=\"a2d6cca\" data-element_type=\"section\" data-e-type=\"section\">\n\t\t\t\t\t\t<div class=\"elementor-container elementor-column-gap-default\">\n\t\t\t\t\t<div class=\"elementor-column elementor-col-100 elementor-top-column elementor-element elementor-element-a45c6d3\" data-id=\"a45c6d3\" data-element_type=\"column\" data-e-type=\"column\">\n\t\t\t<div class=\"elementor-widget-wrap elementor-element-populated\">\n\t\t\t\t\t\t<div class=\"elementor-element elementor-element-f854b1f elementor-widget elementor-widget-heading\" data-id=\"f854b1f\" data-element_type=\"widget\" data-e-type=\"widget\" data-widget_type=\"heading.default\">\n\t\t\t\t<div class=\"elementor-widget-container\">\n\t\t\t\t\t<h2 class=\"elementor-heading-title elementor-size-default\">JOSHUA PELATZKY <font color=\"#000000\"><span style=\"font-weight: 400\"> <\/span><\/font>- \ud83c\uddfa\ud83c\uddf8 USA<br>KLASSE: ZEITGEN\u00d6SSISCHES UND KOMMERZIELLES VIDEO + BACKUP-T\u00c4NZER-VORBEREITUNG\n\n\n\n\n\n\n\n<\/h2>\t\t\t\t<\/div>\n\t\t\t\t<\/div>\n\t\t\t\t<div class=\"elementor-element elementor-element-494939a elementor-widget elementor-widget-gallery\" data-id=\"494939a\" data-element_type=\"widget\" data-e-type=\"widget\" data-settings=\"{&quot;columns&quot;:3,&quot;lazyload&quot;:&quot;yes&quot;,&quot;gallery_layout&quot;:&quot;grid&quot;,&quot;columns_tablet&quot;:2,&quot;columns_mobile&quot;:1,&quot;gap&quot;:{&quot;unit&quot;:&quot;px&quot;,&quot;size&quot;:10,&quot;sizes&quot;:[]},&quot;gap_tablet&quot;:{&quot;unit&quot;:&quot;px&quot;,&quot;size&quot;:10,&quot;sizes&quot;:[]},&quot;gap_mobile&quot;:{&quot;unit&quot;:&quot;px&quot;,&quot;size&quot;:10,&quot;sizes&quot;:[]},&quot;link_to&quot;:&quot;file&quot;,&quot;aspect_ratio&quot;:&quot;3:2&quot;,&quot;overlay_background&quot;:&quot;yes&quot;,&quot;content_hover_animation&quot;:&quot;fade-in&quot;}\" data-widget_type=\"gallery.default\">\n\t\t\t\t<div class=\"elementor-widget-container\">\n\t\t\t\t\t\t\t<div class=\"elementor-gallery__container\">\n\t\t\t\t\t\t\t<a class=\"e-gallery-item elementor-gallery-item elementor-animated-content\" href=\"https:\/\/worlddancemovement.com\/wp-content\/uploads\/2022\/01\/JOSHUA-PELATZKY.jpg\" data-elementor-open-lightbox=\"yes\" data-elementor-lightbox-slideshow=\"494939a\" data-elementor-lightbox-title=\"JOSHUA PELATZKY\" data-e-action-hash=\"#elementor-action%3Aaction%3Dlightbox%26settings%3DeyJpZCI6NjcyMiwidXJsIjoiaHR0cHM6XC9cL3dvcmxkZGFuY2Vtb3ZlbWVudC5jb21cL3dwLWNvbnRlbnRcL3VwbG9hZHNcLzIwMjJcLzAxXC9KT1NIVUEtUEVMQVRaS1kuanBnIiwic2xpZGVzaG93IjoiNDk0OTM5YSJ9\">\n\t\t\t\t\t<div class=\"e-gallery-image elementor-gallery-item__image\" data-thumbnail=\"https:\/\/worlddancemovement.com\/wp-content\/uploads\/2022\/01\/JOSHUA-PELATZKY.jpg\" data-width=\"800\" data-height=\"640\" aria-label=\"\" role=\"img\" ><\/div>\n\t\t\t\t\t\t\t\t\t\t\t<div class=\"elementor-gallery-item__overlay\"><\/div>\n\t\t\t\t\t\t\t\t\t\t\t\t\t\t<\/a>\n\t\t\t\t\t\t\t<a class=\"e-gallery-item elementor-gallery-item elementor-animated-content\" href=\"https:\/\/worlddancemovement.com\/wp-content\/uploads\/2022\/01\/Joshua-Pelatzky-1.png\" data-elementor-open-lightbox=\"yes\" data-elementor-lightbox-slideshow=\"494939a\" data-elementor-lightbox-title=\"Joshua Pelatzky\" data-e-action-hash=\"#elementor-action%3Aaction%3Dlightbox%26settings%3DeyJpZCI6NzMwOSwidXJsIjoiaHR0cHM6XC9cL3dvcmxkZGFuY2Vtb3ZlbWVudC5jb21cL3dwLWNvbnRlbnRcL3VwbG9hZHNcLzIwMjJcLzAxXC9Kb3NodWEtUGVsYXR6a3ktMS5wbmciLCJzbGlkZXNob3ciOiI0OTQ5MzlhIn0%3D\">\n\t\t\t\t\t<div class=\"e-gallery-image elementor-gallery-item__image\" data-thumbnail=\"https:\/\/worlddancemovement.com\/wp-content\/uploads\/2022\/01\/Joshua-Pelatzky-1-1024x683.png\" data-width=\"1024\" data-height=\"683\" aria-label=\"Joshua Pelatzky - World Dance Movement - Tanzworkshop\" role=\"img\" ><\/div>\n\t\t\t\t\t\t\t\t\t\t\t<div class=\"elementor-gallery-item__overlay\"><\/div>\n\t\t\t\t\t\t\t\t\t\t\t\t\t\t<\/a>\n\t\t\t\t\t\t\t<a class=\"e-gallery-item elementor-gallery-item elementor-animated-content\" href=\"https:\/\/worlddancemovement.com\/wp-content\/uploads\/2022\/01\/joshua-15.png\" data-elementor-open-lightbox=\"yes\" data-elementor-lightbox-slideshow=\"494939a\" data-elementor-lightbox-title=\"Joshua Pelatzky\" data-e-action-hash=\"#elementor-action%3Aaction%3Dlightbox%26settings%3DeyJpZCI6NzMzOCwidXJsIjoiaHR0cHM6XC9cL3dvcmxkZGFuY2Vtb3ZlbWVudC5jb21cL3dwLWNvbnRlbnRcL3VwbG9hZHNcLzIwMjJcLzAxXC9qb3NodWEtMTUucG5nIiwic2xpZGVzaG93IjoiNDk0OTM5YSJ9\">\n\t\t\t\t\t<div class=\"e-gallery-image elementor-gallery-item__image\" data-thumbnail=\"https:\/\/worlddancemovement.com\/wp-content\/uploads\/2022\/01\/joshua-15-819x1024.png\" data-width=\"819\" data-height=\"1024\" aria-label=\"Joshua Pelatzky - World Dance Movement - Tanzworkshop\" role=\"img\" ><\/div>\n\t\t\t\t\t\t\t\t\t\t\t<div class=\"elementor-gallery-item__overlay\"><\/div>\n\t\t\t\t\t\t\t\t\t\t\t\t\t\t<\/a>\n\t\t\t\t\t<\/div>\n\t\t\t\t\t<\/div>\n\t\t\t\t<\/div>\n\t\t\t\t<div class=\"elementor-element elementor-element-3947f8e elementor-widget elementor-widget-text-editor\" data-id=\"3947f8e\" data-element_type=\"widget\" data-e-type=\"widget\" data-widget_type=\"text-editor.default\">\n\t\t\t\t<div class=\"elementor-widget-container\">\n\t\t\t\t\t\t\t\t\tJoshua Pelatzky, urspr\u00fcnglich aus Kalifornien, erhielt den gr\u00f6\u00dften Teil seiner Ausbildung in Dallas, Texas, wo er zun\u00e4chst mit Irish Step Dance begann und sich dann anderen Formen zuwandte. Mit 15 Jahren wurde er gebeten, der Bruce Wood Modern Dance Company als Lehrling beizutreten, bevor er in der folgenden Saison Mitglied der Kompanie wurde. Er setzte seine Ausbildung an der Alvin Ailey School, dem Broadway Theatre Project und dem Ballet Magnificat fort. \n\n\t\t\t\t\t\t\t\t<\/div>\n\t\t\t\t<\/div>\n\t\t\t\t<div class=\"elementor-element elementor-element-b0ff2af elementor-widget elementor-widget-text-editor\" data-id=\"b0ff2af\" data-element_type=\"widget\" data-e-type=\"widget\" data-widget_type=\"text-editor.default\">\n\t\t\t\t<div class=\"elementor-widget-container\">\n\t\t\t\t\t\t\t\t\t<p>Joshua ist seit sieben Jahren mit Betty Who auf Tour. Er hat in Musicals wie \u201eThe Music Man\u201c, \u201eBye Bye Birdie\u201c und \u201eJoseph and the Amazing Technicolor Dreamcoat\u201c mitgewirkt und mit 16 Jahren wurde ihm eine Swingrolle bei der ersten National Tour von \u201eCATS\u201c angeboten. Joshua war auch in Industrials f\u00fcr Bob Mackie, JC Penney, L&#039;Oreal und die Designers Institute Foundation im Kampf gegen AIDS. Er inszenierte einen Industrial f\u00fcr Diesel im S\u00fcden Italiens, f\u00fcr den er auch auftrat. Er trat in \u201eOpera Pacific\u201c auf.<i>Aida&#039;<\/i>\u00a0in Orange County, wo er gleichzeitig als Assistenzchoreograf fungierte. Joshua wurde auf Style.com\/Vogue in der Serie \u201eModel Challenge\u201c vorgestellt. Er hat Mich\u00e8le Assaf bei vielen Unternehmungen unterst\u00fctzt, eines der j\u00fcngsten bei \u201eMedical Miracles\u201c des Learning Channel mit Phineas Newborn und der Tezero Live @ DVD-Serie, bei der er auch als Lehrer und T\u00e4nzer auftrat. Joshua hat St\u00fccke vieler Choreografen aufgef\u00fchrt, zu den derzeit beliebtesten geh\u00f6ren Mandy Moore, Desmond Richardson, Wes Veldink, Margie Gilis und Bruno Collinet. K\u00fcrzlich war er in der MTV VMA-Auff\u00fchrungchoreografie von Travis Wall zu sehen. Und war einer der Hauptdarsteller in Terry Beemans \u201eMental Head Circus\u201c. Joshua ist gerade aus Australien zur\u00fcckgekommen, wo er Darsteller von Debbie Allens \u201eFreeze Frame\u201c war.<\/p>\t\t\t\t\t\t\t\t<\/div>\n\t\t\t\t<\/div>\n\t\t\t\t<div class=\"elementor-element elementor-element-055ec71 elementor-widget elementor-widget-video\" data-id=\"055ec71\" data-element_type=\"widget\" data-e-type=\"widget\" data-settings=\"{&quot;youtube_url&quot;:&quot;https:\\\/\\\/www.youtube.com\\\/watch?v=Ym_WobgA8WM&quot;,&quot;video_type&quot;:&quot;youtube&quot;,&quot;controls&quot;:&quot;yes&quot;}\" data-widget_type=\"video.default\">\n\t\t\t\t<div class=\"elementor-widget-container\">\n\t\t\t\t\t\t\t<div class=\"elementor-wrapper elementor-open-inline\">\n\t\t\t<div class=\"elementor-video\"><\/div>\t\t<\/div>\n\t\t\t\t\t\t<\/div>\n\t\t\t\t<\/div>\n\t\t\t\t<div class=\"elementor-element elementor-element-e38c931 elementor-widget elementor-widget-text-editor\" data-id=\"e38c931\" data-element_type=\"widget\" data-e-type=\"widget\" data-widget_type=\"text-editor.default\">\n\t\t\t\t<div class=\"elementor-widget-container\">\n\t\t\t\t\t\t\t\t\t<p>Joshua hat viele Auszeichnungen f\u00fcr Choreografie erhalten, darunter \u201eChoreograf des Jahres\u201c und \u201eJunger Choreograf des Jahres\u201c. Er war in mehreren internationalen Shows zu sehen, darunter Carnival, Broadway Underground, Sirens After Dark, Botega, World Dance Movement und Broadway a Tropea. Joshua choreografierte und tanzte im Musikvideo \u201eDNA\u201c von Darwin Deez, was ihm eine Nominierung f\u00fcr den UK Music Video Award einbrachte. Er wurde auch beauftragt, ortsspezifische Arbeiten f\u00fcr die Er\u00f6ffnung von Kunstgalerien zu erstellen. Er hat zeitgen\u00f6ssischen Jazz und Street Jazz in ganz Japan, Kanada, Frankreich, Italien, Polen, der Tschechischen Republik, der Schweiz, den Niederlanden, Spanien und Israel unterrichtet. Joshua ist Dozent am Broadway Dance Center in New York City und am EDGE in Los Angeles. Folgen Sie ihm auch auf der World Dance Movement um die Welt.<\/p><p><br><\/p>\n<p><\/p>\n<h4 style=\"font-size: 1.111111rem; font-style: normal;\"><b>Um mehr zu lernen<\/b><\/h4>\n<p style=\"font-size: 18px; font-style: normal; caret-color: #000000; color: #000000; font-family: Oswald, sans-serif;\"><a style=\"font-size: 18px; transition-property: all;\" href=\"https:\/\/www.weflowexperience.com\/\">JOSHUA&#039;S WEBSITE<\/a><\/p>\n<p style=\"font-size: 18px; font-style: normal; caret-color: #000000; color: #000000; font-family: Oswald, sans-serif;\"><a style=\"font-size: 18px; transition-property: all;\" href=\"https:\/\/www.instagram.com\/romeevdmeent\/\">JOSHUA&#039;S INSTAGRAM<\/a><\/p>\t\t\t\t\t\t\t\t<\/div>\n\t\t\t\t<\/div>\n\t\t\t\t\t<\/div>\n\t\t<\/div>\n\t\t\t\t\t<\/div>\n\t\t<\/section>\n\t\t\t\t<\/div>","protected":false},"excerpt":{"rendered":"<p>JOSHUA PELATZKY JOSHUA PELATZKY &#8211; \ud83c\uddfa\ud83c\uddf8 USACLASS: CONTEMPORARY AND COMMERCIAL VIDEO + BACKUP DANCER PREP Joshua Pelatzky, originally from California, received most of his training in Dallas, Texas, beginning with Irish Step dancing then moving into other forms. At 15, he was asked to join the Bruce Wood Modern Dance Company as an apprentice before [&hellip;]<\/p>\n","protected":false},"author":6,"featured_media":0,"parent":329,"menu_order":0,"comment_status":"closed","ping_status":"closed","template":"","meta":{"_acf_changed":false,"site-sidebar-layout":"no-sidebar","site-content-layout":"page-builder","ast-site-content-layout":"default","site-content-style":"default","site-sidebar-style":"default","ast-global-header-display":"","ast-banner-title-visibility":"","ast-main-header-display":"","ast-hfb-above-header-display":"","ast-hfb-below-header-display":"","ast-hfb-mobile-header-display":"","site-post-title":"disabled","ast-breadcrumbs-content":"","ast-featured-img":"disabled","footer-sml-layout":"","ast-disable-related-posts":"","theme-transparent-header-meta":"default","adv-header-id-meta":"","stick-header-meta":"default","header-above-stick-meta":"","header-main-stick-meta":"","header-below-stick-meta":"","astra-migrate-meta-layouts":"default","ast-page-background-enabled":"default","ast-page-background-meta":{"desktop":{"background-color":"","background-image":"","background-repeat":"repeat","background-position":"center center","background-size":"auto","background-attachment":"scroll","background-type":"","background-media":"","overlay-type":"","overlay-color":"","overlay-opacity":"","overlay-gradient":""},"tablet":{"background-color":"","background-image":"","background-repeat":"repeat","background-position":"center center","background-size":"auto","background-attachment":"scroll","background-type":"","background-media":"","overlay-type":"","overlay-color":"","overlay-opacity":"","overlay-gradient":""},"mobile":{"background-color":"","background-image":"","background-repeat":"repeat","background-position":"center center","background-size":"auto","background-attachment":"scroll","background-type":"","background-media":"","overlay-type":"","overlay-color":"","overlay-opacity":"","overlay-gradient":""}},"ast-content-background-meta":{"desktop":{"background-color":"var(--ast-global-color-5)","background-image":"","background-repeat":"repeat","background-position":"center center","background-size":"auto","background-attachment":"scroll","background-type":"","background-media":"","overlay-type":"","overlay-color":"","overlay-opacity":"","overlay-gradient":""},"tablet":{"background-color":"var(--ast-global-color-5)","background-image":"","background-repeat":"repeat","background-position":"center center","background-size":"auto","background-attachment":"scroll","background-type":"","background-media":"","overlay-type":"","overlay-color":"","overlay-opacity":"","overlay-gradient":""},"mobile":{"background-color":"var(--ast-global-color-5)","background-image":"","background-repeat":"repeat","background-position":"center center","background-size":"auto","background-attachment":"scroll","background-type":"","background-media":"","overlay-type":"","overlay-color":"","overlay-opacity":"","overlay-gradient":""}},"footnotes":""},"class_list":["post-415","page","type-page","status-publish","hentry"],"acf":[],"jetpack_sharing_enabled":true,"_links":{"self":[{"href":"https:\/\/worlddancemovement.com\/de\/wp-json\/wp\/v2\/pages\/415","targetHints":{"allow":["GET"]}}],"collection":[{"href":"https:\/\/worlddancemovement.com\/de\/wp-json\/wp\/v2\/pages"}],"about":[{"href":"https:\/\/worlddancemovement.com\/de\/wp-json\/wp\/v2\/types\/page"}],"author":[{"embeddable":true,"href":"https:\/\/worlddancemovement.com\/de\/wp-json\/wp\/v2\/users\/6"}],"replies":[{"embeddable":true,"href":"https:\/\/worlddancemovement.com\/de\/wp-json\/wp\/v2\/comments?post=415"}],"version-history":[{"count":11,"href":"https:\/\/worlddancemovement.com\/de\/wp-json\/wp\/v2\/pages\/415\/revisions"}],"predecessor-version":[{"id":14879,"href":"https:\/\/worlddancemovement.com\/de\/wp-json\/wp\/v2\/pages\/415\/revisions\/14879"}],"up":[{"embeddable":true,"href":"https:\/\/worlddancemovement.com\/de\/wp-json\/wp\/v2\/pages\/329"}],"wp:attachment":[{"href":"https:\/\/worlddancemovement.com\/de\/wp-json\/wp\/v2\/media?parent=415"}],"curies":[{"name":"wp","href":"https:\/\/api.w.org\/{rel}","templated":true}]}}