{"id":420,"date":"2020-12-28T14:17:23","date_gmt":"2020-12-28T14:17:23","guid":{"rendered":"https:\/\/migrate.worlddancemovement.com\/?page_id=420"},"modified":"2024-05-02T19:44:29","modified_gmt":"2024-05-02T19:44:29","slug":"clarissa-mucci","status":"publish","type":"page","link":"https:\/\/worlddancemovement.com\/de\/faculty-italy\/clarissa-mucci\/","title":{"rendered":"CLARISSA MUCCI"},"content":{"rendered":"<div data-elementor-type=\"wp-page\" data-elementor-id=\"420\" class=\"elementor elementor-420\" data-elementor-post-type=\"page\">\n\t\t\t\t\t\t<section class=\"elementor-section elementor-top-section elementor-element elementor-element-94ec49d elementor-section-full_width elementor-section-height-min-height elementor-section-height-default elementor-section-items-middle\" data-id=\"94ec49d\" data-element_type=\"section\" data-e-type=\"section\" data-settings=\"{&quot;background_background&quot;:&quot;classic&quot;}\">\n\t\t\t\t\t\t\t<div class=\"elementor-background-overlay\"><\/div>\n\t\t\t\t\t\t\t<div class=\"elementor-container elementor-column-gap-no\">\n\t\t\t\t\t<div class=\"elementor-column elementor-col-100 elementor-top-column elementor-element elementor-element-8268956\" data-id=\"8268956\" data-element_type=\"column\" data-e-type=\"column\">\n\t\t\t<div class=\"elementor-widget-wrap elementor-element-populated\">\n\t\t\t\t\t\t<div class=\"elementor-element elementor-element-5016628 elementor-widget elementor-widget-heading\" data-id=\"5016628\" data-element_type=\"widget\" data-e-type=\"widget\" data-widget_type=\"heading.default\">\n\t\t\t\t<div class=\"elementor-widget-container\">\n\t\t\t\t\t<h2 class=\"elementor-heading-title elementor-size-default\">CLARISSA MUCCI\n<\/h2>\t\t\t\t<\/div>\n\t\t\t\t<\/div>\n\t\t\t\t<div class=\"elementor-element elementor-element-a86216f elementor-widget-divider--view-line elementor-widget elementor-widget-divider\" data-id=\"a86216f\" data-element_type=\"widget\" data-e-type=\"widget\" data-widget_type=\"divider.default\">\n\t\t\t\t<div class=\"elementor-widget-container\">\n\t\t\t\t\t\t\t<div class=\"elementor-divider\">\n\t\t\t<span class=\"elementor-divider-separator\">\n\t\t\t\t\t\t<\/span>\n\t\t<\/div>\n\t\t\t\t\t\t<\/div>\n\t\t\t\t<\/div>\n\t\t\t\t\t<\/div>\n\t\t<\/div>\n\t\t\t\t\t<\/div>\n\t\t<\/section>\n\t\t\t\t<section class=\"elementor-section elementor-top-section elementor-element elementor-element-a2d6cca elementor-section-full_width elementor-section-height-default elementor-section-height-default\" data-id=\"a2d6cca\" data-element_type=\"section\" data-e-type=\"section\">\n\t\t\t\t\t\t<div class=\"elementor-container elementor-column-gap-default\">\n\t\t\t\t\t<div class=\"elementor-column elementor-col-100 elementor-top-column elementor-element elementor-element-a45c6d3\" data-id=\"a45c6d3\" data-element_type=\"column\" data-e-type=\"column\">\n\t\t\t<div class=\"elementor-widget-wrap elementor-element-populated\">\n\t\t\t\t\t\t<div class=\"elementor-element elementor-element-f854b1f elementor-widget elementor-widget-heading\" data-id=\"f854b1f\" data-element_type=\"widget\" data-e-type=\"widget\" data-widget_type=\"heading.default\">\n\t\t\t\t<div class=\"elementor-widget-container\">\n\t\t\t\t\t<h2 class=\"elementor-heading-title elementor-size-default\"><span data-elementor-setting-key=\"title\" data-pen-placeholder=\"Type Here...\" style=\"font-style: normal;clear: both;line-height: 1.3em;font-family: Oswald, sans-serif\"><span style=\"font-size: 26px;font-style: normal;clear: both;line-height: 1.3em;white-space: normal\">CLARISSA MUCCI&nbsp;<font color=\"#000000\" style=\"font-size: 26px\"><span style=\"font-size: 26px\"><\/span><\/font>- \ud83c\uddee\ud83c\uddf9 ITALIEN<br>KLASSE: KLASSISCHES BALLETT<\/span><\/span><\/h2>\t\t\t\t<\/div>\n\t\t\t\t<\/div>\n\t\t\t\t<div class=\"elementor-element elementor-element-3b72f27 elementor-widget elementor-widget-gallery\" data-id=\"3b72f27\" data-element_type=\"widget\" data-e-type=\"widget\" data-settings=\"{&quot;columns&quot;:3,&quot;lazyload&quot;:&quot;yes&quot;,&quot;gallery_layout&quot;:&quot;grid&quot;,&quot;columns_tablet&quot;:2,&quot;columns_mobile&quot;:1,&quot;gap&quot;:{&quot;unit&quot;:&quot;px&quot;,&quot;size&quot;:10,&quot;sizes&quot;:[]},&quot;gap_tablet&quot;:{&quot;unit&quot;:&quot;px&quot;,&quot;size&quot;:10,&quot;sizes&quot;:[]},&quot;gap_mobile&quot;:{&quot;unit&quot;:&quot;px&quot;,&quot;size&quot;:10,&quot;sizes&quot;:[]},&quot;link_to&quot;:&quot;file&quot;,&quot;aspect_ratio&quot;:&quot;3:2&quot;,&quot;overlay_background&quot;:&quot;yes&quot;,&quot;content_hover_animation&quot;:&quot;fade-in&quot;}\" data-widget_type=\"gallery.default\">\n\t\t\t\t<div class=\"elementor-widget-container\">\n\t\t\t\t\t\t\t<div class=\"elementor-gallery__container\">\n\t\t\t\t\t\t\t<a class=\"e-gallery-item elementor-gallery-item elementor-animated-content\" href=\"https:\/\/worlddancemovement.com\/wp-content\/uploads\/2020\/12\/Clarissa-Muccis-Advanced-Ballet.jpg\" data-elementor-open-lightbox=\"yes\" data-elementor-lightbox-slideshow=\"3b72f27\" data-elementor-lightbox-title=\"Clarissa Mucci&#039;s Advanced Ballet\" data-e-action-hash=\"#elementor-action%3Aaction%3Dlightbox%26settings%3DeyJpZCI6NTg5LCJ1cmwiOiJodHRwczpcL1wvd29ybGRkYW5jZW1vdmVtZW50LmNvbVwvd3AtY29udGVudFwvdXBsb2Fkc1wvMjAyMFwvMTJcL0NsYXJpc3NhLU11Y2Npcy1BZHZhbmNlZC1CYWxsZXQuanBnIiwic2xpZGVzaG93IjoiM2I3MmYyNyJ9\">\n\t\t\t\t\t<div class=\"e-gallery-image elementor-gallery-item__image\" data-thumbnail=\"https:\/\/worlddancemovement.com\/wp-content\/uploads\/2020\/12\/Clarissa-Muccis-Advanced-Ballet.jpg\" data-width=\"749\" data-height=\"500\" aria-label=\"\" role=\"img\" ><\/div>\n\t\t\t\t\t\t\t\t\t\t\t<div class=\"elementor-gallery-item__overlay\"><\/div>\n\t\t\t\t\t\t\t\t\t\t\t\t\t\t<\/a>\n\t\t\t\t\t\t\t<a class=\"e-gallery-item elementor-gallery-item elementor-animated-content\" href=\"https:\/\/worlddancemovement.com\/wp-content\/uploads\/2022\/01\/CLARISSA1-e1641832421828.jpg\" data-elementor-open-lightbox=\"yes\" data-elementor-lightbox-slideshow=\"3b72f27\" data-elementor-lightbox-title=\"Clarissa Mucci\" data-e-action-hash=\"#elementor-action%3Aaction%3Dlightbox%26settings%3DeyJpZCI6NjgxOSwidXJsIjoiaHR0cHM6XC9cL3dvcmxkZGFuY2Vtb3ZlbWVudC5jb21cL3dwLWNvbnRlbnRcL3VwbG9hZHNcLzIwMjJcLzAxXC9DTEFSSVNTQTEtZTE2NDE4MzI0MjE4MjguanBnIiwic2xpZGVzaG93IjoiM2I3MmYyNyJ9\">\n\t\t\t\t\t<div class=\"e-gallery-image elementor-gallery-item__image\" data-thumbnail=\"https:\/\/worlddancemovement.com\/wp-content\/uploads\/2022\/01\/CLARISSA1-e1641832421828.jpg\" data-width=\"669\" data-height=\"640\" aria-label=\"\" role=\"img\" ><\/div>\n\t\t\t\t\t\t\t\t\t\t\t<div class=\"elementor-gallery-item__overlay\"><\/div>\n\t\t\t\t\t\t\t\t\t\t\t\t\t\t<\/a>\n\t\t\t\t\t\t\t<a class=\"e-gallery-item elementor-gallery-item elementor-animated-content\" href=\"https:\/\/worlddancemovement.com\/wp-content\/uploads\/2021\/10\/Clarissa-Mucci.png\" data-elementor-open-lightbox=\"yes\" data-elementor-lightbox-slideshow=\"3b72f27\" data-elementor-lightbox-title=\"Clarissa Mucci\" data-e-action-hash=\"#elementor-action%3Aaction%3Dlightbox%26settings%3DeyJpZCI6NDY2MSwidXJsIjoiaHR0cHM6XC9cL3dvcmxkZGFuY2Vtb3ZlbWVudC5jb21cL3dwLWNvbnRlbnRcL3VwbG9hZHNcLzIwMjFcLzEwXC9DbGFyaXNzYS1NdWNjaS5wbmciLCJzbGlkZXNob3ciOiIzYjcyZjI3In0%3D\">\n\t\t\t\t\t<div class=\"e-gallery-image elementor-gallery-item__image\" data-thumbnail=\"https:\/\/worlddancemovement.com\/wp-content\/uploads\/2021\/10\/Clarissa-Mucci-1024x1002.png\" data-width=\"1024\" data-height=\"1002\" aria-label=\"\" role=\"img\" ><\/div>\n\t\t\t\t\t\t\t\t\t\t\t<div class=\"elementor-gallery-item__overlay\"><\/div>\n\t\t\t\t\t\t\t\t\t\t\t\t\t\t<\/a>\n\t\t\t\t\t<\/div>\n\t\t\t\t\t<\/div>\n\t\t\t\t<\/div>\n\t\t\t\t<div class=\"elementor-element elementor-element-3947f8e elementor-widget elementor-widget-text-editor\" data-id=\"3947f8e\" data-element_type=\"widget\" data-e-type=\"widget\" data-widget_type=\"text-editor.default\">\n\t\t\t\t<div class=\"elementor-widget-container\">\n\t\t\t\t\t\t\t\t\t<p>Sie studierte an der Accademia Nazionale di Danza in Rom, Italien, beim Ballettmeister Zarko Prebil und unter der Leitung der Meisterlehrer f\u00fcr modernen Tanz Jean Cebron und Irina Harris. Sie studierte weiterhin bei weltbekannten Lehrern wie Merle Park, Direktorin des London Royal Ballet, Irina Trohmova, Nina Kurgakina, Assistenzchoreografin und Produzentin des Marinsky Theaters in St. Petersburg, Elisabetta Terabust, Direktorin der Scuola del Teatro dell \u201eOper in Rom.<\/p><p>Sie war Solistin der Accademia Nazionale di Danza und tanzte in \u201eLe Sifilidi\u201c, \u201ePaquita\u201c, \u201eGiselle\u201c, \u201eSchwanensee\u201c, \u201eDon Chisciotte\u201c und \u201eDer Nussknacker\u201c. Seit 1981 unterrichtet sie akademische Technik an der Accademia Nazionale di Danza. Von 1988 bis 1991 war sie Repertoirelehrerin und Choreografieassistentin. 1991 wurde sie als Maitre du Ballet an das Teatro San Carlo in Neapel eingeladen.\u00a0<\/p><p>Clarissas Sch\u00fcler haben an den prestigetr\u00e4chtigsten nationalen und internationalen Wettbewerben teilgenommen und dabei gro\u00dfe Erfolge und Spitzenpreise erzielt. Die meisten von ihnen tanzen f\u00fcr renommierte nationale und internationale Tanzkompanien. Im Jahr 2001 trat Clarissa als Gastlehrerin dem Ballet du Capitole in Toulouse (Frankreich) unter der Leitung von Nanette Glushak bei.<\/p><p>Von 2000 bis 2006 arbeitete sie als Ma\u00eetre de Ballet am Teatro San Carlo in Neapel, zun\u00e4chst unter der Leitung von Luciano Cannito, dann unter der Leitung von Elisabetta Terabust. Sie arbeitete auch am Teatro dell&#039;Opera in Rom, Seite an Seite mit Carla Fracci. Von 2007 bis 2008 war sie Gast am Teatro alla Scala unter der Leitung von Elisabetta Terabust. Clarissa Mucci ist au\u00dferdem Gastdozentin f\u00fcr einen der beliebtesten internationalen Wettbewerbe Italiens \u201eCitt\u00e0 di Spoleto\u201c, der von Alberto Testa organisiert wird.\u00a0<\/p><p>Clarissa ist Jurorin beim Concorso di Caltanisetta, Roma f\u00fcr Dancing und Dance Out in Italien. Sie ist Erasmus-Lehrerin an der Staatsoper in Berlin, Deutschland und Gastmeisterlehrerin beim Baltic Ballet Competition in Riga, Lettland.\u00a0<\/p>\t\t\t\t\t\t\t\t<\/div>\n\t\t\t\t<\/div>\n\t\t\t\t\t<\/div>\n\t\t<\/div>\n\t\t\t\t\t<\/div>\n\t\t<\/section>\n\t\t\t\t<\/div>","protected":false},"excerpt":{"rendered":"<p>CLARISSA MUCCI CLARISSA MUCCI&nbsp;&#8211; \ud83c\uddee\ud83c\uddf9 ITALYCLASS: CLASSICAL BALLET She studied at the Accademia Nazionale di Danza in Rome, Italy with Ballet Master, Teacher Zarko Prebil and under the direction of Modern Dance Master Teachers, Jean Cebron and Irina Harris. She kept studying with world-renowned teachers such as: Merle Park, director of the London Royal Ballet, [&hellip;]<\/p>\n","protected":false},"author":6,"featured_media":0,"parent":329,"menu_order":0,"comment_status":"closed","ping_status":"closed","template":"","meta":{"_acf_changed":false,"site-sidebar-layout":"no-sidebar","site-content-layout":"page-builder","ast-site-content-layout":"default","site-content-style":"default","site-sidebar-style":"default","ast-global-header-display":"","ast-banner-title-visibility":"","ast-main-header-display":"","ast-hfb-above-header-display":"","ast-hfb-below-header-display":"","ast-hfb-mobile-header-display":"","site-post-title":"disabled","ast-breadcrumbs-content":"","ast-featured-img":"disabled","footer-sml-layout":"","ast-disable-related-posts":"","theme-transparent-header-meta":"default","adv-header-id-meta":"","stick-header-meta":"default","header-above-stick-meta":"","header-main-stick-meta":"","header-below-stick-meta":"","astra-migrate-meta-layouts":"default","ast-page-background-enabled":"default","ast-page-background-meta":{"desktop":{"background-color":"","background-image":"","background-repeat":"repeat","background-position":"center center","background-size":"auto","background-attachment":"scroll","background-type":"","background-media":"","overlay-type":"","overlay-color":"","overlay-opacity":"","overlay-gradient":""},"tablet":{"background-color":"","background-image":"","background-repeat":"repeat","background-position":"center center","background-size":"auto","background-attachment":"scroll","background-type":"","background-media":"","overlay-type":"","overlay-color":"","overlay-opacity":"","overlay-gradient":""},"mobile":{"background-color":"","background-image":"","background-repeat":"repeat","background-position":"center center","background-size":"auto","background-attachment":"scroll","background-type":"","background-media":"","overlay-type":"","overlay-color":"","overlay-opacity":"","overlay-gradient":""}},"ast-content-background-meta":{"desktop":{"background-color":"var(--ast-global-color-5)","background-image":"","background-repeat":"repeat","background-position":"center center","background-size":"auto","background-attachment":"scroll","background-type":"","background-media":"","overlay-type":"","overlay-color":"","overlay-opacity":"","overlay-gradient":""},"tablet":{"background-color":"var(--ast-global-color-5)","background-image":"","background-repeat":"repeat","background-position":"center center","background-size":"auto","background-attachment":"scroll","background-type":"","background-media":"","overlay-type":"","overlay-color":"","overlay-opacity":"","overlay-gradient":""},"mobile":{"background-color":"var(--ast-global-color-5)","background-image":"","background-repeat":"repeat","background-position":"center center","background-size":"auto","background-attachment":"scroll","background-type":"","background-media":"","overlay-type":"","overlay-color":"","overlay-opacity":"","overlay-gradient":""}},"footnotes":""},"class_list":["post-420","page","type-page","status-publish","hentry"],"acf":[],"jetpack_sharing_enabled":true,"_links":{"self":[{"href":"https:\/\/worlddancemovement.com\/de\/wp-json\/wp\/v2\/pages\/420","targetHints":{"allow":["GET"]}}],"collection":[{"href":"https:\/\/worlddancemovement.com\/de\/wp-json\/wp\/v2\/pages"}],"about":[{"href":"https:\/\/worlddancemovement.com\/de\/wp-json\/wp\/v2\/types\/page"}],"author":[{"embeddable":true,"href":"https:\/\/worlddancemovement.com\/de\/wp-json\/wp\/v2\/users\/6"}],"replies":[{"embeddable":true,"href":"https:\/\/worlddancemovement.com\/de\/wp-json\/wp\/v2\/comments?post=420"}],"version-history":[{"count":10,"href":"https:\/\/worlddancemovement.com\/de\/wp-json\/wp\/v2\/pages\/420\/revisions"}],"predecessor-version":[{"id":15522,"href":"https:\/\/worlddancemovement.com\/de\/wp-json\/wp\/v2\/pages\/420\/revisions\/15522"}],"up":[{"embeddable":true,"href":"https:\/\/worlddancemovement.com\/de\/wp-json\/wp\/v2\/pages\/329"}],"wp:attachment":[{"href":"https:\/\/worlddancemovement.com\/de\/wp-json\/wp\/v2\/media?parent=420"}],"curies":[{"name":"wp","href":"https:\/\/api.w.org\/{rel}","templated":true}]}}