{"id":440,"date":"2020-12-28T14:26:13","date_gmt":"2020-12-28T14:26:13","guid":{"rendered":"https:\/\/migrate.worlddancemovement.com\/?page_id=440"},"modified":"2023-10-05T20:56:41","modified_gmt":"2023-10-05T20:56:41","slug":"claudia-cavalli","status":"publish","type":"page","link":"https:\/\/worlddancemovement.com\/de\/faculty-italy\/claudia-cavalli\/","title":{"rendered":"CLAUDIA CAVALLI"},"content":{"rendered":"<div data-elementor-type=\"wp-page\" data-elementor-id=\"440\" class=\"elementor elementor-440\" data-elementor-post-type=\"page\">\n\t\t\t\t\t\t<section class=\"elementor-section elementor-top-section elementor-element elementor-element-94ec49d elementor-section-full_width elementor-section-height-min-height elementor-section-height-default elementor-section-items-middle\" data-id=\"94ec49d\" data-element_type=\"section\" data-e-type=\"section\" data-settings=\"{&quot;background_background&quot;:&quot;classic&quot;}\">\n\t\t\t\t\t\t\t<div class=\"elementor-background-overlay\"><\/div>\n\t\t\t\t\t\t\t<div class=\"elementor-container elementor-column-gap-no\">\n\t\t\t\t\t<div class=\"elementor-column elementor-col-100 elementor-top-column elementor-element elementor-element-8268956\" data-id=\"8268956\" data-element_type=\"column\" data-e-type=\"column\">\n\t\t\t<div class=\"elementor-widget-wrap elementor-element-populated\">\n\t\t\t\t\t\t<div class=\"elementor-element elementor-element-5016628 elementor-widget elementor-widget-heading\" data-id=\"5016628\" data-element_type=\"widget\" data-e-type=\"widget\" data-widget_type=\"heading.default\">\n\t\t\t\t<div class=\"elementor-widget-container\">\n\t\t\t\t\t<h2 class=\"elementor-heading-title elementor-size-default\">CLAUDIA CAVALLI<\/h2>\t\t\t\t<\/div>\n\t\t\t\t<\/div>\n\t\t\t\t<div class=\"elementor-element elementor-element-a86216f elementor-widget-divider--view-line elementor-widget elementor-widget-divider\" data-id=\"a86216f\" data-element_type=\"widget\" data-e-type=\"widget\" data-widget_type=\"divider.default\">\n\t\t\t\t<div class=\"elementor-widget-container\">\n\t\t\t\t\t\t\t<div class=\"elementor-divider\">\n\t\t\t<span class=\"elementor-divider-separator\">\n\t\t\t\t\t\t<\/span>\n\t\t<\/div>\n\t\t\t\t\t\t<\/div>\n\t\t\t\t<\/div>\n\t\t\t\t\t<\/div>\n\t\t<\/div>\n\t\t\t\t\t<\/div>\n\t\t<\/section>\n\t\t\t\t<section class=\"elementor-section elementor-top-section elementor-element elementor-element-a2d6cca elementor-section-full_width elementor-section-height-default elementor-section-height-default\" data-id=\"a2d6cca\" data-element_type=\"section\" data-e-type=\"section\">\n\t\t\t\t\t\t<div class=\"elementor-container elementor-column-gap-default\">\n\t\t\t\t\t<div class=\"elementor-column elementor-col-100 elementor-top-column elementor-element elementor-element-a45c6d3\" data-id=\"a45c6d3\" data-element_type=\"column\" data-e-type=\"column\">\n\t\t\t<div class=\"elementor-widget-wrap elementor-element-populated\">\n\t\t\t\t\t\t<div class=\"elementor-element elementor-element-f854b1f elementor-widget elementor-widget-heading\" data-id=\"f854b1f\" data-element_type=\"widget\" data-e-type=\"widget\" data-widget_type=\"heading.default\">\n\t\t\t\t<div class=\"elementor-widget-container\">\n\t\t\t\t\t<h2 class=\"elementor-heading-title elementor-size-default\">Akrobatik und Aerial f\u00fcr T\u00e4nzer \u2013 Italien\n<\/h2>\t\t\t\t<\/div>\n\t\t\t\t<\/div>\n\t\t\t\t\t<\/div>\n\t\t<\/div>\n\t\t\t\t\t<\/div>\n\t\t<\/section>\n\t\t\t\t<section class=\"elementor-section elementor-top-section elementor-element elementor-element-f5b32bd elementor-section-full_width elementor-section-height-default elementor-section-height-default\" data-id=\"f5b32bd\" data-element_type=\"section\" data-e-type=\"section\">\n\t\t\t\t\t\t<div class=\"elementor-container elementor-column-gap-default\">\n\t\t\t\t\t<div class=\"elementor-column elementor-col-100 elementor-top-column elementor-element elementor-element-5014bc3\" data-id=\"5014bc3\" data-element_type=\"column\" data-e-type=\"column\">\n\t\t\t<div class=\"elementor-widget-wrap elementor-element-populated\">\n\t\t\t\t\t\t<div class=\"elementor-element elementor-element-714f52d elementor-widget elementor-widget-text-editor\" data-id=\"714f52d\" data-element_type=\"widget\" data-e-type=\"widget\" data-widget_type=\"text-editor.default\">\n\t\t\t\t<div class=\"elementor-widget-container\">\n\t\t\t\t\t\t\t\t\t<h4>KREDITE:<\/h4><p><span class=\"JsGRdQ\">Mvula Sungani UNTERNEHMEN |\u00a0<\/span><span class=\"JsGRdQ\">PPS-Luftturnier |\u00a0<\/span><span class=\"JsGRdQ\">Katakl\u00f2 Athletic Dance Theatre Company |\u00a0<\/span><span class=\"JsGRdQ\">EDC Internationaler Lufttanzwettbewerb |\u00a0<\/span><span class=\"JsGRdQ\">Nordische Ski-Weltmeisterschaften |\u00a0<\/span><span class=\"JsGRdQ\">Harry Albert Company |\u00a0<\/span><span class=\"JsGRdQ\">Eleina d. Unternehmen |\u00a0<\/span><span class=\"JsGRdQ\">H\u00f6lle in der H\u00f6hle<\/span><\/p><h4>BIO:<\/h4><ul><li>Eintritt in die Mvula Sungani Dance Company, Auftritte auf den B\u00fchnen der wichtigsten Theater in Italien, Frankreich und Deutschland; bei internationalen Tanzgalas und in Fernsehshows.<\/li><li><span style=\"font-size: 16px;\">Arbeitete f\u00fcr Giulia Stacciolis Katakl\u00f2 Athletic Dance Theatre Company in der UP-Produktion.<\/span><\/li><li><span style=\"font-size: 16px;\">Teilnahme an der Produktion \u201eLe Destin des Images\u201c mit der Harry Albert Company aus Lyon (Frankreich)\u00a0<\/span><\/li><li><span style=\"font-size: 16px;\">Gewann den Kritikerpreis beim ersten EDC International Aerial Dance Competition in Rom und qualifizierte sich f\u00fcr die Teilnahme am Finale des Hong Kong International Competition. <\/span><\/li><li><span style=\"font-size: 16px;\">Teilnahme an der Er\u00f6ffnungsfeier der Nordischen Ski-Weltmeisterschaften mit der ResExtensa Company, organisiert von Studio Festi und unter der Leitung von Monica Maimone. <\/span><\/li><li><span style=\"font-size: 16px;\">Teilnahme am internationalen Finale des PPS Aerial Performance Tournament, Sheung Wan Civic Center \u2013 Hongkong, als Vertreter Italiens in der Kategorie Seide (Stoff) und gewann: Bestes Kost\u00fcm, Bestes Showgirl (Kritikerpreis); Professional Silks Champion (erste klassifizierte Stoffkategorie), Ultimate Champion (insgesamt erster Platz).<\/span><\/li><li><span style=\"font-size: 16px;\">Teilnahme an der \u201ePUZZLE\u201c-Produktion mit Giulia Stacciolis Katakl\u00f2 Athletic Dance Theatre f\u00fcr Tourneen in Italien, Holland, Brasilien und der T\u00fcrkei.<\/span><\/li><li><span style=\"font-size: 16px;\">Unterrichtete Lufttanztechnik an der Katakl\u00f2-Akademie in Mailand AERIAL <\/span><\/li><li><span style=\"font-size: 16px;\">War verantwortlich f\u00fcr die Luftchoreografie der Dauershow HELL IN THE CAVE in den Castellana-H\u00f6hlen.<\/span><\/li><li><span style=\"font-size: 16px;\">Teilnahme als Gast und Juror am PPS AERIAL PERFORMANCE TOURNAMENT im Sheung Wan Civic Center \u2013 Hongkong.<\/span><\/li><li><span style=\"font-size: 16px;\">Dozent bei MOVE IT in London.<\/span><\/li><li><span style=\"font-size: 16px;\">Aufgef\u00fchrt f\u00fcr La Fura dels Baus in Zusammenarbeit mit KATAKLO&#039;, f\u00fcr den Kuwait-Pavillon auf der Mailand-EXPO. <\/span><\/li><li><span style=\"font-size: 16px;\">Tanzte mit der Eleina D. Company bei Sonnenaufgang und Sonnenuntergang im Margherita Theater in Bari f\u00fcr \u201eThe World of Saint Nicola\u201c, organisiert von der Stiftung Nikolaos in Zusammenarbeit mit CinEthic und der Stadt Bari.<\/span><\/li><li><span style=\"font-size: 16px;\">Hat an den Dreharbeiten zum Film \u201eERMA\u201c von Regisseur Luciano Toriello teilgenommen, der von der Apulia Film Commission mit der Eleina D. Company produziert wurde.<\/span><\/li><\/ul><h4>KLASSEN:<\/h4><p>Akrobatik f\u00fcr T\u00e4nzer | Antenne f\u00fcr T\u00e4nzer<\/p>\t\t\t\t\t\t\t\t<\/div>\n\t\t\t\t<\/div>\n\t\t\t\t\t<\/div>\n\t\t<\/div>\n\t\t\t\t\t<\/div>\n\t\t<\/section>\n\t\t\t\t<\/div>","protected":false},"excerpt":{"rendered":"<p>CLAUDIA CAVALLI Acrobatics &amp; Aerial for Dancers &#8211; Italy CREDITS: Mvula Sungani COMPANY |\u00a0P.P.S. Aerial Tournament |\u00a0Katakl\u00f2 Athletic Dance Theater Company |\u00a0EDC International Aerial Dance Competition |\u00a0Nordic Ski World Championships |\u00a0Harry Albert Company |\u00a0Eleina d. Company |\u00a0Hell in the Cave BIO: Joined Mvula Sungani Dance Company performing on the stages of the most important theaters [&hellip;]<\/p>\n","protected":false},"author":6,"featured_media":0,"parent":329,"menu_order":0,"comment_status":"closed","ping_status":"closed","template":"","meta":{"_acf_changed":false,"site-sidebar-layout":"no-sidebar","site-content-layout":"page-builder","ast-site-content-layout":"default","site-content-style":"default","site-sidebar-style":"default","ast-global-header-display":"","ast-banner-title-visibility":"","ast-main-header-display":"","ast-hfb-above-header-display":"","ast-hfb-below-header-display":"","ast-hfb-mobile-header-display":"","site-post-title":"disabled","ast-breadcrumbs-content":"","ast-featured-img":"disabled","footer-sml-layout":"","ast-disable-related-posts":"","theme-transparent-header-meta":"default","adv-header-id-meta":"","stick-header-meta":"default","header-above-stick-meta":"","header-main-stick-meta":"","header-below-stick-meta":"","astra-migrate-meta-layouts":"default","ast-page-background-enabled":"default","ast-page-background-meta":{"desktop":{"background-color":"","background-image":"","background-repeat":"repeat","background-position":"center center","background-size":"auto","background-attachment":"scroll","background-type":"","background-media":"","overlay-type":"","overlay-color":"","overlay-opacity":"","overlay-gradient":""},"tablet":{"background-color":"","background-image":"","background-repeat":"repeat","background-position":"center center","background-size":"auto","background-attachment":"scroll","background-type":"","background-media":"","overlay-type":"","overlay-color":"","overlay-opacity":"","overlay-gradient":""},"mobile":{"background-color":"","background-image":"","background-repeat":"repeat","background-position":"center center","background-size":"auto","background-attachment":"scroll","background-type":"","background-media":"","overlay-type":"","overlay-color":"","overlay-opacity":"","overlay-gradient":""}},"ast-content-background-meta":{"desktop":{"background-color":"var(--ast-global-color-5)","background-image":"","background-repeat":"repeat","background-position":"center center","background-size":"auto","background-attachment":"scroll","background-type":"","background-media":"","overlay-type":"","overlay-color":"","overlay-opacity":"","overlay-gradient":""},"tablet":{"background-color":"var(--ast-global-color-5)","background-image":"","background-repeat":"repeat","background-position":"center center","background-size":"auto","background-attachment":"scroll","background-type":"","background-media":"","overlay-type":"","overlay-color":"","overlay-opacity":"","overlay-gradient":""},"mobile":{"background-color":"var(--ast-global-color-5)","background-image":"","background-repeat":"repeat","background-position":"center center","background-size":"auto","background-attachment":"scroll","background-type":"","background-media":"","overlay-type":"","overlay-color":"","overlay-opacity":"","overlay-gradient":""}},"footnotes":""},"class_list":["post-440","page","type-page","status-publish","hentry"],"acf":[],"jetpack_sharing_enabled":true,"_links":{"self":[{"href":"https:\/\/worlddancemovement.com\/de\/wp-json\/wp\/v2\/pages\/440","targetHints":{"allow":["GET"]}}],"collection":[{"href":"https:\/\/worlddancemovement.com\/de\/wp-json\/wp\/v2\/pages"}],"about":[{"href":"https:\/\/worlddancemovement.com\/de\/wp-json\/wp\/v2\/types\/page"}],"author":[{"embeddable":true,"href":"https:\/\/worlddancemovement.com\/de\/wp-json\/wp\/v2\/users\/6"}],"replies":[{"embeddable":true,"href":"https:\/\/worlddancemovement.com\/de\/wp-json\/wp\/v2\/comments?post=440"}],"version-history":[{"count":10,"href":"https:\/\/worlddancemovement.com\/de\/wp-json\/wp\/v2\/pages\/440\/revisions"}],"predecessor-version":[{"id":13295,"href":"https:\/\/worlddancemovement.com\/de\/wp-json\/wp\/v2\/pages\/440\/revisions\/13295"}],"up":[{"embeddable":true,"href":"https:\/\/worlddancemovement.com\/de\/wp-json\/wp\/v2\/pages\/329"}],"wp:attachment":[{"href":"https:\/\/worlddancemovement.com\/de\/wp-json\/wp\/v2\/media?parent=440"}],"curies":[{"name":"wp","href":"https:\/\/api.w.org\/{rel}","templated":true}]}}