{"id":9867,"date":"2022-08-09T00:16:53","date_gmt":"2022-08-09T00:16:53","guid":{"rendered":"https:\/\/worlddancemovement.com\/?page_id=9867"},"modified":"2023-08-21T21:26:49","modified_gmt":"2023-08-21T21:26:49","slug":"wdmpa","status":"publish","type":"page","link":"https:\/\/worlddancemovement.com\/de\/wdmpa\/","title":{"rendered":"WDMPA"},"content":{"rendered":"<div data-elementor-type=\"wp-page\" data-elementor-id=\"9867\" class=\"elementor elementor-9867\" data-elementor-post-type=\"page\">\n\t\t\t\t\t\t<section class=\"elementor-section elementor-top-section elementor-element elementor-element-d6b256e elementor-section-full_width elementor-section-height-min-height elementor-section-height-default elementor-section-items-middle\" data-id=\"d6b256e\" data-element_type=\"section\" data-e-type=\"section\" data-settings=\"{&quot;background_background&quot;:&quot;classic&quot;}\">\n\t\t\t\t\t\t\t<div class=\"elementor-background-overlay\"><\/div>\n\t\t\t\t\t\t\t<div class=\"elementor-container elementor-column-gap-no\">\n\t\t\t\t\t<div class=\"elementor-column elementor-col-100 elementor-top-column elementor-element elementor-element-8487314\" data-id=\"8487314\" data-element_type=\"column\" data-e-type=\"column\">\n\t\t\t<div class=\"elementor-widget-wrap elementor-element-populated\">\n\t\t\t\t\t\t<div class=\"elementor-element elementor-element-28cfa2f elementor-widget elementor-widget-heading\" data-id=\"28cfa2f\" data-element_type=\"widget\" data-e-type=\"widget\" data-widget_type=\"heading.default\">\n\t\t\t\t<div class=\"elementor-widget-container\">\n\t\t\t\t\t<h2 class=\"elementor-heading-title elementor-size-default\">World Dance Movement Performance Academy<\/h2>\t\t\t\t<\/div>\n\t\t\t\t<\/div>\n\t\t\t\t<div class=\"elementor-element elementor-element-30e40b3 elementor-widget-divider--view-line elementor-widget elementor-widget-divider\" data-id=\"30e40b3\" data-element_type=\"widget\" data-e-type=\"widget\" data-widget_type=\"divider.default\">\n\t\t\t\t<div class=\"elementor-widget-container\">\n\t\t\t\t\t\t\t<div class=\"elementor-divider\">\n\t\t\t<span class=\"elementor-divider-separator\">\n\t\t\t\t\t\t<\/span>\n\t\t<\/div>\n\t\t\t\t\t\t<\/div>\n\t\t\t\t<\/div>\n\t\t\t\t\t<\/div>\n\t\t<\/div>\n\t\t\t\t\t<\/div>\n\t\t<\/section>\n\t\t\t\t<section class=\"elementor-section elementor-top-section elementor-element elementor-element-6bcb72e elementor-section-full_width elementor-section-height-default elementor-section-height-default\" data-id=\"6bcb72e\" data-element_type=\"section\" data-e-type=\"section\">\n\t\t\t\t\t\t<div class=\"elementor-container elementor-column-gap-default\">\n\t\t\t\t\t<div class=\"elementor-column elementor-col-100 elementor-top-column elementor-element elementor-element-92cbde1\" data-id=\"92cbde1\" data-element_type=\"column\" data-e-type=\"column\">\n\t\t\t<div class=\"elementor-widget-wrap elementor-element-populated\">\n\t\t\t\t\t\t<div class=\"elementor-element elementor-element-3e7f6f8 elementor-widget elementor-widget-heading\" data-id=\"3e7f6f8\" data-element_type=\"widget\" data-e-type=\"widget\" data-widget_type=\"heading.default\">\n\t\t\t\t<div class=\"elementor-widget-container\">\n\t\t\t\t\t<h2 class=\"elementor-heading-title elementor-size-default\">Wir bieten T\u00e4nzern die M\u00f6glichkeit, auf der ganzen Welt an Wettk\u00e4mpfen teilzunehmen und zu trainieren und dabei eine Wettkampfsaison nach der anderen in Kontakt zu bleiben!\n<\/h2>\t\t\t\t<\/div>\n\t\t\t\t<\/div>\n\t\t\t\t<div class=\"elementor-element elementor-element-0f8c2ab elementor-widget elementor-widget-heading\" data-id=\"0f8c2ab\" data-element_type=\"widget\" data-e-type=\"widget\" data-widget_type=\"heading.default\">\n\t\t\t\t<div class=\"elementor-widget-container\">\n\t\t\t\t\t<h3 class=\"elementor-heading-title elementor-size-default\">Die WDM Performance Academy schult Ihre T\u00e4nzer, um pers\u00f6nliche Spitzenleistungen zu erreichen, und zwar mit einem Zeitplan, der auf die Anforderungen Ihrer Familie abgestimmt ist.<\/h3>\t\t\t\t<\/div>\n\t\t\t\t<\/div>\n\t\t\t\t<div class=\"elementor-element elementor-element-77d9332 elementor-widget elementor-widget-text-editor\" data-id=\"77d9332\" data-element_type=\"widget\" data-e-type=\"widget\" data-widget_type=\"text-editor.default\">\n\t\t\t\t<div class=\"elementor-widget-container\">\n\t\t\t\t\t\t\t\t\t<p>Von North Carolina aus k\u00f6nnen Elite-T\u00e4nzer jede Woche regelm\u00e4\u00dfig an Kursen in North und South Carolina teilnehmen (die Standorte variieren) und haben auf diese Weise die M\u00f6glichkeit, einen Wochenplan voller t\u00e4nzerspezifischer Technik-Privat\u00fcbungen entweder pers\u00f6nlich oder per Zoom zu erstellen T\u00e4nzer k\u00f6nnen trainieren, egal wo auf der Welt sie sich befinden!<\/p>\t\t\t\t\t\t\t\t<\/div>\n\t\t\t\t<\/div>\n\t\t\t\t<div class=\"elementor-element elementor-element-5ede9af elementor-widget elementor-widget-heading\" data-id=\"5ede9af\" data-element_type=\"widget\" data-e-type=\"widget\" data-widget_type=\"heading.default\">\n\t\t\t\t<div class=\"elementor-widget-container\">\n\t\t\t\t\t<h2 class=\"elementor-heading-title elementor-size-default\">ES IST DEINE ENTSCHEIDUNG!<\/h2>\t\t\t\t<\/div>\n\t\t\t\t<\/div>\n\t\t\t\t<div class=\"elementor-element elementor-element-d106ffc elementor-icon-list--layout-traditional elementor-list-item-link-full_width elementor-widget elementor-widget-icon-list\" data-id=\"d106ffc\" data-element_type=\"widget\" data-e-type=\"widget\" data-widget_type=\"icon-list.default\">\n\t\t\t\t<div class=\"elementor-widget-container\">\n\t\t\t\t\t\t\t<ul class=\"elementor-icon-list-items\">\n\t\t\t\t\t\t\t<li class=\"elementor-icon-list-item\">\n\t\t\t\t\t\t\t\t\t\t\t<span class=\"elementor-icon-list-icon\">\n\t\t\t\t\t\t\t<i aria-hidden=\"true\" class=\"fas fa-dot-circle\"><\/i>\t\t\t\t\t\t<\/span>\n\t\t\t\t\t\t\t\t\t\t<span class=\"elementor-icon-list-text\">Sie k\u00f6nnen Teil des Teams werden, Ihren Trainingsplan erstellen und Ihren Teil f\u00fcr die Saison beginnen.<\/span>\n\t\t\t\t\t\t\t\t\t<\/li>\n\t\t\t\t\t\t\t\t<li class=\"elementor-icon-list-item\">\n\t\t\t\t\t\t\t\t\t\t\t<span class=\"elementor-icon-list-icon\">\n\t\t\t\t\t\t\t<i aria-hidden=\"true\" class=\"fas fa-dot-circle\"><\/i>\t\t\t\t\t\t<\/span>\n\t\t\t\t\t\t\t\t\t\t<span class=\"elementor-icon-list-text\">Sie k\u00f6nnen nur einen Choreografen buchen, der ein St\u00fcck f\u00fcr die Wettbewerbssaison Ihres Heimstudios inszeniert, mit der M\u00f6glichkeit, dass Ihr Choreograf die ganze Saison \u00fcber per Zoom mit Ihnen zusammenarbeitet, um Sie auf Trab zu halten!<\/span>\n\t\t\t\t\t\t\t\t\t<\/li>\n\t\t\t\t\t\t\t\t<li class=\"elementor-icon-list-item\">\n\t\t\t\t\t\t\t\t\t\t\t<span class=\"elementor-icon-list-icon\">\n\t\t\t\t\t\t\t<i aria-hidden=\"true\" class=\"fas fa-dot-circle\"><\/i>\t\t\t\t\t\t<\/span>\n\t\t\t\t\t\t\t\t\t\t<span class=\"elementor-icon-list-text\">Zus\u00e4tzlich zu unserem vorprofessionellen Programm und unseren Choreografiebuchungen bieten wir auch Kritik und Feedback zu den Wettbewerbsst\u00fccken Ihrer Saison an.<\/span>\n\t\t\t\t\t\t\t\t\t<\/li>\n\t\t\t\t\t\t<\/ul>\n\t\t\t\t\t\t<\/div>\n\t\t\t\t<\/div>\n\t\t\t\t<div class=\"elementor-element elementor-element-559bda3 elementor-widget elementor-widget-heading\" data-id=\"559bda3\" data-element_type=\"widget\" data-e-type=\"widget\" data-widget_type=\"heading.default\">\n\t\t\t\t<div class=\"elementor-widget-container\">\n\t\t\t\t\t<h2 class=\"elementor-heading-title elementor-size-default\">LERNEN SIE DEN REGISSEUR LERNEN!<\/h2>\t\t\t\t<\/div>\n\t\t\t\t<\/div>\n\t\t\t\t<div class=\"elementor-element elementor-element-967deae elementor-position-left elementor-vertical-align-top elementor-widget elementor-widget-image-box\" data-id=\"967deae\" data-element_type=\"widget\" data-e-type=\"widget\" data-widget_type=\"image-box.default\">\n\t\t\t\t<div class=\"elementor-widget-container\">\n\t\t\t\t\t<div class=\"elementor-image-box-wrapper\"><figure class=\"elementor-image-box-img\"><img fetchpriority=\"high\" decoding=\"async\" width=\"1536\" height=\"1536\" src=\"https:\/\/worlddancemovement.com\/wp-content\/uploads\/2022\/08\/Randi-Lee_WDMPA-1536x1536.png\" class=\"attachment-1536x1536 size-1536x1536 wp-image-9900\" alt=\"\" srcset=\"https:\/\/worlddancemovement.com\/wp-content\/uploads\/2022\/08\/Randi-Lee_WDMPA-1536x1536.png 1536w, https:\/\/worlddancemovement.com\/wp-content\/uploads\/2022\/08\/Randi-Lee_WDMPA-300x300.png 300w, https:\/\/worlddancemovement.com\/wp-content\/uploads\/2022\/08\/Randi-Lee_WDMPA-1024x1024.png 1024w, https:\/\/worlddancemovement.com\/wp-content\/uploads\/2022\/08\/Randi-Lee_WDMPA-150x150.png 150w, https:\/\/worlddancemovement.com\/wp-content\/uploads\/2022\/08\/Randi-Lee_WDMPA-768x768.png 768w, https:\/\/worlddancemovement.com\/wp-content\/uploads\/2022\/08\/Randi-Lee_WDMPA-12x12.png 12w, https:\/\/worlddancemovement.com\/wp-content\/uploads\/2022\/08\/Randi-Lee_WDMPA-1320x1320.png 1320w, https:\/\/worlddancemovement.com\/wp-content\/uploads\/2022\/08\/Randi-Lee_WDMPA.png 1200w, https:\/\/worlddancemovement.com\/wp-content\/uploads\/2022\/08\/Randi-Lee_WDMPA-100x100.png 100w\" sizes=\"(max-width: 1536px) 100vw, 1536px\" \/><\/figure><div class=\"elementor-image-box-content\"><h3 class=\"elementor-image-box-title\">RANDI LEE<\/h3><p class=\"elementor-image-box-description\">Randi Lee begann bereits mit zwei Jahren zu tanzen und trainierte anschlie\u00dfend in verschiedenen Studios in North Carolina. Nach ihrem Abschluss verbrachte sie viele Jahre in New York City, wo sie ihre Tanzausbildung vertiefte und nebenbei unterrichtete und auftrat! Sie war Dozentin sowohl an der American Musical and Dramatic Academy (AMDA College\/Konservatorium) als auch im Kinder- und Jugendprogramm des Broadway Dance Center! Ihre Sommer verbrachte sie mit Arbeit und Training in ganz Europa beim World Dance Movement. Dort assistierte sie Michele Assaf und war Jurorin bei internationalen Wettbewerben. Randi hat an der gesamten Ostk\u00fcste Meisterkurse gegeben und verbringt die meisten Wochenenden als Jurorin bei verschiedenen Tanzwettbewerben. Randi ist versiert in Akrobatik, Ballett, Stepptanz, Lyrik, Hip-Hop, Musical, Spitzentanz, zeitgen\u00f6ssischem Tanz, klassischem\/kommerziellem\/zeitgen\u00f6ssischem Jazz, Improvisation und modernem Tanz. Sie war 15 Jahre lang Turniert\u00e4nzerin und wurde 2010 und 2012 zur Miss Dance of North Carolina gek\u00fcrt. Randi unterrichtet, choreografiert und ist regelm\u00e4\u00dfig als Jurorin t\u00e4tig. Sie glaubt, dass Technik, Bewegung und Herz die perfekte Kombination sind, um junge T\u00e4nzer zu f\u00f6rdern und zu bereichern! Sie finden sie online unter @therandilee<\/p><\/div><\/div>\t\t\t\t<\/div>\n\t\t\t\t<\/div>\n\t\t\t\t<div class=\"elementor-element elementor-element-3c395bc elementor-widget elementor-widget-eael-creative-button\" data-id=\"3c395bc\" data-element_type=\"widget\" data-e-type=\"widget\" data-widget_type=\"eael-creative-button.default\">\n\t\t\t\t<div class=\"elementor-widget-container\">\n\t\t\t\t\t        <div class=\"eael-creative-button-wrapper\">\n\n            <a class=\"eael-creative-button eael-creative-button--rayen eael-cb-icon-position-\" href=\"https:\/\/worlddancemovement.com\/de\/wdm-faculty-booking-inquiry-form\/\" data-text=\"INQUIRE HERE\">\n            \t    \n                <div class=\"creative-button-inner\">\n\n                    \n                    <span class=\"cretive-button-text\">HIER ANFRAGEN<\/span>\n\n                                    <\/div>\n\t                        <\/a>\n        <\/div>\n        \t\t\t\t<\/div>\n\t\t\t\t<\/div>\n\t\t\t\t\t<\/div>\n\t\t<\/div>\n\t\t\t\t\t<\/div>\n\t\t<\/section>\n\t\t\t\t<\/div>","protected":false},"excerpt":{"rendered":"<p>World Dance Movement Performance Academy Providing opportunities for dancers to compete and train all over the world while staying connected one competition season at a time! The WDM Performance Academy trains your dancers to reach personal excellence with a schedule that is compatible to your family\u2019s demands. Based out of North Carolina, elite level dancers [&hellip;]<\/p>\n","protected":false},"author":6,"featured_media":0,"parent":0,"menu_order":0,"comment_status":"closed","ping_status":"closed","template":"","meta":{"_acf_changed":false,"site-sidebar-layout":"no-sidebar","site-content-layout":"page-builder","ast-site-content-layout":"default","site-content-style":"default","site-sidebar-style":"default","ast-global-header-display":"","ast-banner-title-visibility":"","ast-main-header-display":"","ast-hfb-above-header-display":"","ast-hfb-below-header-display":"","ast-hfb-mobile-header-display":"","site-post-title":"disabled","ast-breadcrumbs-content":"","ast-featured-img":"disabled","footer-sml-layout":"","ast-disable-related-posts":"","theme-transparent-header-meta":"default","adv-header-id-meta":"","stick-header-meta":"default","header-above-stick-meta":"","header-main-stick-meta":"","header-below-stick-meta":"","astra-migrate-meta-layouts":"default","ast-page-background-enabled":"default","ast-page-background-meta":{"desktop":{"background-color":"","background-image":"","background-repeat":"repeat","background-position":"center center","background-size":"auto","background-attachment":"scroll","background-type":"","background-media":"","overlay-type":"","overlay-color":"","overlay-opacity":"","overlay-gradient":""},"tablet":{"background-color":"","background-image":"","background-repeat":"repeat","background-position":"center center","background-size":"auto","background-attachment":"scroll","background-type":"","background-media":"","overlay-type":"","overlay-color":"","overlay-opacity":"","overlay-gradient":""},"mobile":{"background-color":"","background-image":"","background-repeat":"repeat","background-position":"center center","background-size":"auto","background-attachment":"scroll","background-type":"","background-media":"","overlay-type":"","overlay-color":"","overlay-opacity":"","overlay-gradient":""}},"ast-content-background-meta":{"desktop":{"background-color":"var(--ast-global-color-5)","background-image":"","background-repeat":"repeat","background-position":"center center","background-size":"auto","background-attachment":"scroll","background-type":"","background-media":"","overlay-type":"","overlay-color":"","overlay-opacity":"","overlay-gradient":""},"tablet":{"background-color":"var(--ast-global-color-5)","background-image":"","background-repeat":"repeat","background-position":"center center","background-size":"auto","background-attachment":"scroll","background-type":"","background-media":"","overlay-type":"","overlay-color":"","overlay-opacity":"","overlay-gradient":""},"mobile":{"background-color":"var(--ast-global-color-5)","background-image":"","background-repeat":"repeat","background-position":"center center","background-size":"auto","background-attachment":"scroll","background-type":"","background-media":"","overlay-type":"","overlay-color":"","overlay-opacity":"","overlay-gradient":""}},"footnotes":""},"class_list":["post-9867","page","type-page","status-publish","hentry"],"acf":[],"jetpack_sharing_enabled":true,"_links":{"self":[{"href":"https:\/\/worlddancemovement.com\/de\/wp-json\/wp\/v2\/pages\/9867","targetHints":{"allow":["GET"]}}],"collection":[{"href":"https:\/\/worlddancemovement.com\/de\/wp-json\/wp\/v2\/pages"}],"about":[{"href":"https:\/\/worlddancemovement.com\/de\/wp-json\/wp\/v2\/types\/page"}],"author":[{"embeddable":true,"href":"https:\/\/worlddancemovement.com\/de\/wp-json\/wp\/v2\/users\/6"}],"replies":[{"embeddable":true,"href":"https:\/\/worlddancemovement.com\/de\/wp-json\/wp\/v2\/comments?post=9867"}],"version-history":[{"count":10,"href":"https:\/\/worlddancemovement.com\/de\/wp-json\/wp\/v2\/pages\/9867\/revisions"}],"predecessor-version":[{"id":12260,"href":"https:\/\/worlddancemovement.com\/de\/wp-json\/wp\/v2\/pages\/9867\/revisions\/12260"}],"wp:attachment":[{"href":"https:\/\/worlddancemovement.com\/de\/wp-json\/wp\/v2\/media?parent=9867"}],"curies":[{"name":"wp","href":"https:\/\/api.w.org\/{rel}","templated":true}]}}