{"id":16092,"date":"2024-08-09T17:13:50","date_gmt":"2024-08-09T17:13:50","guid":{"rendered":"https:\/\/worlddancemovement.com\/?post_type=product&#038;p=16092"},"modified":"2024-09-05T02:30:36","modified_gmt":"2024-09-05T02:30:36","slug":"wdm-italy-2024-international-aerial-dance-competition-photo-files","status":"publish","type":"product","link":"https:\/\/worlddancemovement.com\/de\/produkt\/wdm-italy-2024-international-aerial-dance-competition-photo-files\/","title":{"rendered":"WDM Italien 2024 \u2013 INTERNATIONALER AERIAL DANCE-WETTBEWERB \u2013 Fotodateien (pro Eintrag)"},"content":{"rendered":"<p>Sie erhalten zwischen 12 und 15 PROFESSIONELLE Fotos (pro Eintrag) von Ihrer Leistung w\u00e4hrend des WDM International Aerial Competition 2024 in Castellana Grotte (BA), Italien. Diese Bilder werden Ihnen per E-Mail \u00fcber einen Download-Link zugeschickt, mit dem Sie die Fotos auf Ihrem pers\u00f6nlichen Ger\u00e4t speichern k\u00f6nnen.<\/p>\n<p>Sie m\u00fcssen f\u00fcr jeden Beitrag eine Fotogruppe bestellen ($30 pro Beitrag). Sie erhalten 12-15 Fotos f\u00fcr jeden Beitrag. Wenn Sie nicht f\u00fcr jedes St\u00fcck, das Sie am Wettbewerb teilnehmen, eine Bestellung aufgeben, senden Sie bitte eine E-Mail an info@worlddancemovement.com, um uns mitzuteilen, f\u00fcr welchen Beitrag Sie die Fotos m\u00f6chten.<\/p>\n<p>Die Versendung des Links erfolgt bis zum 15.10.2024 bzw. sobald das bearbeitete Material vom Fotografen bei uns eintrifft.<\/p>","protected":false},"excerpt":{"rendered":"<div class=\"area offsets-products\">\n<p>WDM ITALIEN 2024 \u2013 FOTODATEIEN DES INTERNATIONALEN TANZWETTBEWERBS<\/p>\n<p>Alle Kategorien<\/p>\n<p>Der Download-Link wird bis zum 15. Oktober 2024 verschickt<\/p>\n<\/div>","protected":false},"featured_media":16094,"comment_status":"closed","ping_status":"closed","template":"","meta":{"_acf_changed":false,"site-sidebar-layout":"default","site-content-layout":"default","ast-site-content-layout":"default","site-content-style":"default","site-sidebar-style":"default","ast-global-header-display":"","ast-banner-title-visibility":"","ast-main-header-display":"","ast-hfb-above-header-display":"","ast-hfb-below-header-display":"","ast-hfb-mobile-header-display":"","site-post-title":"","ast-breadcrumbs-content":"","ast-featured-img":"","footer-sml-layout":"","ast-disable-related-posts":"","theme-transparent-header-meta":"default","adv-header-id-meta":"","stick-header-meta":"default","header-above-stick-meta":"","header-main-stick-meta":"","header-below-stick-meta":"","astra-migrate-meta-layouts":"set","ast-page-background-enabled":"default","ast-page-background-meta":{"desktop":{"background-color":"","background-image":"","background-repeat":"repeat","background-position":"center center","background-size":"auto","background-attachment":"scroll","background-type":"","background-media":"","overlay-type":"","overlay-color":"","overlay-opacity":"","overlay-gradient":""},"tablet":{"background-color":"","background-image":"","background-repeat":"repeat","background-position":"center center","background-size":"auto","background-attachment":"scroll","background-type":"","background-media":"","overlay-type":"","overlay-color":"","overlay-opacity":"","overlay-gradient":""},"mobile":{"background-color":"","background-image":"","background-repeat":"repeat","background-position":"center center","background-size":"auto","background-attachment":"scroll","background-type":"","background-media":"","overlay-type":"","overlay-color":"","overlay-opacity":"","overlay-gradient":""}},"ast-content-background-meta":{"desktop":{"background-color":"var(--ast-global-color-5)","background-image":"","background-repeat":"repeat","background-position":"center center","background-size":"auto","background-attachment":"scroll","background-type":"","background-media":"","overlay-type":"","overlay-color":"","overlay-opacity":"","overlay-gradient":""},"tablet":{"background-color":"var(--ast-global-color-5)","background-image":"","background-repeat":"repeat","background-position":"center center","background-size":"auto","background-attachment":"scroll","background-type":"","background-media":"","overlay-type":"","overlay-color":"","overlay-opacity":"","overlay-gradient":""},"mobile":{"background-color":"var(--ast-global-color-5)","background-image":"","background-repeat":"repeat","background-position":"center center","background-size":"auto","background-attachment":"scroll","background-type":"","background-media":"","overlay-type":"","overlay-color":"","overlay-opacity":"","overlay-gradient":""}}},"product_brand":[],"product_cat":[24,109],"product_tag":[],"wpstream_actors":[],"wpstream_category":[],"wpstream_movie_rating":[],"class_list":{"0":"post-16092","1":"product","2":"type-product","3":"status-publish","4":"has-post-thumbnail","6":"product_cat-wdm-products","7":"product_cat-wdm-photos","8":"desktop-align-left","9":"tablet-align-left","10":"mobile-align-left","12":"first","13":"instock","14":"virtual","15":"purchasable","16":"product-type-simple"},"acf":[],"jetpack_sharing_enabled":true,"_links":{"self":[{"href":"https:\/\/worlddancemovement.com\/de\/wp-json\/wp\/v2\/product\/16092","targetHints":{"allow":["GET"]}}],"collection":[{"href":"https:\/\/worlddancemovement.com\/de\/wp-json\/wp\/v2\/product"}],"about":[{"href":"https:\/\/worlddancemovement.com\/de\/wp-json\/wp\/v2\/types\/product"}],"replies":[{"embeddable":true,"href":"https:\/\/worlddancemovement.com\/de\/wp-json\/wp\/v2\/comments?post=16092"}],"wp:featuredmedia":[{"embeddable":true,"href":"https:\/\/worlddancemovement.com\/de\/wp-json\/wp\/v2\/media\/16094"}],"wp:attachment":[{"href":"https:\/\/worlddancemovement.com\/de\/wp-json\/wp\/v2\/media?parent=16092"}],"wp:term":[{"taxonomy":"product_brand","embeddable":true,"href":"https:\/\/worlddancemovement.com\/de\/wp-json\/wp\/v2\/product_brand?post=16092"},{"taxonomy":"product_cat","embeddable":true,"href":"https:\/\/worlddancemovement.com\/de\/wp-json\/wp\/v2\/product_cat?post=16092"},{"taxonomy":"product_tag","embeddable":true,"href":"https:\/\/worlddancemovement.com\/de\/wp-json\/wp\/v2\/product_tag?post=16092"},{"taxonomy":"wpstream_actors","embeddable":true,"href":"https:\/\/worlddancemovement.com\/de\/wp-json\/wp\/v2\/wpstream_actors?post=16092"},{"taxonomy":"wpstream_category","embeddable":true,"href":"https:\/\/worlddancemovement.com\/de\/wp-json\/wp\/v2\/wpstream_category?post=16092"},{"taxonomy":"wpstream_movie_rating","embeddable":true,"href":"https:\/\/worlddancemovement.com\/de\/wp-json\/wp\/v2\/wpstream_movie_rating?post=16092"}],"curies":[{"name":"wp","href":"https:\/\/api.w.org\/{rel}","templated":true}]}}