{"id":4099,"date":"2021-09-13T12:17:07","date_gmt":"2021-09-13T12:17:07","guid":{"rendered":"https:\/\/migrate.worlddancemovement.com\/?post_type=product&#038;p=4099"},"modified":"2022-08-16T03:21:16","modified_gmt":"2022-08-16T03:21:16","slug":"the-care-and-feeding-of-a-dancer-dvd","status":"publish","type":"product","link":"https:\/\/worlddancemovement.com\/de\/produkt\/the-care-and-feeding-of-a-dancer-dvd\/","title":{"rendered":"DVD \u201eDie Pflege und Ern\u00e4hrung einer T\u00e4nzerin\u201c."},"content":{"rendered":"","protected":false},"excerpt":{"rendered":"<p>Seien Sie dabei, wenn Toni Branner, Sportphysiologin, Autorin und (was am wichtigsten ist) Mutter einer T\u00e4nzerin, die neuesten Forschungsergebnisse zu Sch\u00e4den durch freie Radikale und oxidativem Stress bei T\u00e4nzern und Sportlern vorstellt. Entwickeln Sie Ihr Abwehrsystem gegen freie Radikale, indem Sie Lebensmittel mit den richtigen N\u00e4hrstoffen zu sich nehmen. Erfahren Sie echte und einfache L\u00f6sungen, um die Ern\u00e4hrung Ihrer Familie zu verbessern. Beugen Sie Krankheiten vor, st\u00e4rken Sie Ihr Immunsystem und erreichen Sie eine optimale Gesundheit. Forschungsergebnisse zur Pr\u00e4vention von Ged\u00e4chtnisverlust, Herzerkrankungen, Krebs, Diabetes, Arthritis, Parkinson-Krankheit, Alzheimer-Krankheit und Alterung werden geteilt. Dies ist Ihre Chance, Ihre Zukunft und die Ihrer T\u00e4nzer auf die sinnvollste Weise zu beeinflussen.<\/p>\n<p>Toni Tickel Branner, MA ist Sportphysiologin, professionelle Rednerin und Wellnessberaterin. Als ehemalige Professorin am UNC-Chapel Hill Department of Exercise Science and Sports Medicine und Fitnessdirektorin des Mecklenburg Aquatic Club, Charlotte, North Carolina, bietet sie seit \u00fcber 20 Jahren gesundheitsbezogene Seminare und Workshops f\u00fcr Kinder, Erwachsene und Senioren an. Sie ist au\u00dferdem Autorin mehrerer B\u00fccher, darunter \u201eWilby&#039;s Fitness Book for Children\u201c, \u201eThe Care and Feeding of a Dancer\u201c und \u201eThe Care and Feeding of an Athlete\u201c.<\/p>\n<p>Als ehemalige T\u00e4nzerin und Kapit\u00e4nin des Tarheel-Cheerleader-Teams von UNC-Chapel Hill verf\u00fcgt Toni \u00fcber einen Bachelor-Abschluss in Biologie und Sport und erhielt ihren Master-Abschluss in Sportphysiologie von der University of North Carolina in Chapel Hill, wo sie auch als Direktorin des UNC-Mitarbeiters fungierte Gesundheits- und Fitnesszentrum und als Fakult\u00e4tsmitglied in der Abteilung f\u00fcr Leibeserziehung, Bewegung und Sportwissenschaft.<\/p>\n<p>Durch 22 Jahre Wellnesskurse f\u00fcr Kinder, Erwachsene und Senioren sowie zahlreiche Vortr\u00e4ge, Workshops und akademische Pr\u00e4sentationen hat Toni Tausenden von Menschen den Weg gezeigt, Krankheiten vorzubeugen, effektive, verletzungsfreie Fitness zu betreiben und eine optimale Gesundheit zu erreichen. Sie ist eine begabte Lehrerin, die sich leidenschaftlich daf\u00fcr einsetzt, die Gesundheit von Familien zu verbessern.<\/p>\n<p>Die DVD \u201ePflege und Ern\u00e4hrung eines T\u00e4nzers\u201c ist ein unverzichtbarer Leitfaden f\u00fcr T\u00e4nzer, die das n\u00e4chste Level erreichen m\u00f6chten.<\/p>","protected":false},"featured_media":7027,"comment_status":"closed","ping_status":"closed","template":"","meta":{"_acf_changed":false,"site-sidebar-layout":"default","site-content-layout":"default","ast-site-content-layout":"default","site-content-style":"default","site-sidebar-style":"default","ast-global-header-display":"","ast-banner-title-visibility":"","ast-main-header-display":"","ast-hfb-above-header-display":"","ast-hfb-below-header-display":"","ast-hfb-mobile-header-display":"","site-post-title":"","ast-breadcrumbs-content":"","ast-featured-img":"","footer-sml-layout":"","ast-disable-related-posts":"","theme-transparent-header-meta":"default","adv-header-id-meta":"","stick-header-meta":"default","header-above-stick-meta":"","header-main-stick-meta":"","header-below-stick-meta":"","astra-migrate-meta-layouts":"default","ast-page-background-enabled":"default","ast-page-background-meta":{"desktop":{"background-color":"","background-image":"","background-repeat":"repeat","background-position":"center center","background-size":"auto","background-attachment":"scroll","background-type":"","background-media":"","overlay-type":"","overlay-color":"","overlay-opacity":"","overlay-gradient":""},"tablet":{"background-color":"","background-image":"","background-repeat":"repeat","background-position":"center center","background-size":"auto","background-attachment":"scroll","background-type":"","background-media":"","overlay-type":"","overlay-color":"","overlay-opacity":"","overlay-gradient":""},"mobile":{"background-color":"","background-image":"","background-repeat":"repeat","background-position":"center center","background-size":"auto","background-attachment":"scroll","background-type":"","background-media":"","overlay-type":"","overlay-color":"","overlay-opacity":"","overlay-gradient":""}},"ast-content-background-meta":{"desktop":{"background-color":"var(--ast-global-color-5)","background-image":"","background-repeat":"repeat","background-position":"center center","background-size":"auto","background-attachment":"scroll","background-type":"","background-media":"","overlay-type":"","overlay-color":"","overlay-opacity":"","overlay-gradient":""},"tablet":{"background-color":"var(--ast-global-color-5)","background-image":"","background-repeat":"repeat","background-position":"center center","background-size":"auto","background-attachment":"scroll","background-type":"","background-media":"","overlay-type":"","overlay-color":"","overlay-opacity":"","overlay-gradient":""},"mobile":{"background-color":"var(--ast-global-color-5)","background-image":"","background-repeat":"repeat","background-position":"center center","background-size":"auto","background-attachment":"scroll","background-type":"","background-media":"","overlay-type":"","overlay-color":"","overlay-opacity":"","overlay-gradient":""}}},"product_brand":[],"product_cat":[58,25,26,27,28,29],"product_tag":[],"wpstream_actors":[],"wpstream_category":[],"wpstream_movie_rating":[],"class_list":{"0":"post-4099","1":"product","2":"type-product","3":"status-publish","4":"has-post-thumbnail","6":"product_cat-dance-videos","7":"product_cat-health-and-nutrition","8":"product_cat-jazz","9":"product_cat-kids","10":"product_cat-stretch-strength","11":"product_cat-warm-up","12":"desktop-align-left","13":"tablet-align-left","14":"mobile-align-left","16":"first","17":"instock","18":"sale","19":"shipping-taxable","20":"purchasable","21":"product-type-simple"},"acf":[],"jetpack_sharing_enabled":true,"_links":{"self":[{"href":"https:\/\/worlddancemovement.com\/de\/wp-json\/wp\/v2\/product\/4099","targetHints":{"allow":["GET"]}}],"collection":[{"href":"https:\/\/worlddancemovement.com\/de\/wp-json\/wp\/v2\/product"}],"about":[{"href":"https:\/\/worlddancemovement.com\/de\/wp-json\/wp\/v2\/types\/product"}],"replies":[{"embeddable":true,"href":"https:\/\/worlddancemovement.com\/de\/wp-json\/wp\/v2\/comments?post=4099"}],"wp:featuredmedia":[{"embeddable":true,"href":"https:\/\/worlddancemovement.com\/de\/wp-json\/wp\/v2\/media\/7027"}],"wp:attachment":[{"href":"https:\/\/worlddancemovement.com\/de\/wp-json\/wp\/v2\/media?parent=4099"}],"wp:term":[{"taxonomy":"product_brand","embeddable":true,"href":"https:\/\/worlddancemovement.com\/de\/wp-json\/wp\/v2\/product_brand?post=4099"},{"taxonomy":"product_cat","embeddable":true,"href":"https:\/\/worlddancemovement.com\/de\/wp-json\/wp\/v2\/product_cat?post=4099"},{"taxonomy":"product_tag","embeddable":true,"href":"https:\/\/worlddancemovement.com\/de\/wp-json\/wp\/v2\/product_tag?post=4099"},{"taxonomy":"wpstream_actors","embeddable":true,"href":"https:\/\/worlddancemovement.com\/de\/wp-json\/wp\/v2\/wpstream_actors?post=4099"},{"taxonomy":"wpstream_category","embeddable":true,"href":"https:\/\/worlddancemovement.com\/de\/wp-json\/wp\/v2\/wpstream_category?post=4099"},{"taxonomy":"wpstream_movie_rating","embeddable":true,"href":"https:\/\/worlddancemovement.com\/de\/wp-json\/wp\/v2\/wpstream_movie_rating?post=4099"}],"curies":[{"name":"wp","href":"https:\/\/api.w.org\/{rel}","templated":true}]}}