{"id":4100,"date":"2021-09-13T12:17:08","date_gmt":"2021-09-13T12:17:08","guid":{"rendered":"https:\/\/migrate.worlddancemovement.com\/?post_type=product&#038;p=4100"},"modified":"2022-11-16T16:36:37","modified_gmt":"2022-11-16T16:36:37","slug":"dancemix-w-tyce-diorio-and-krista-saab-vol-ii","status":"publish","type":"product","link":"https:\/\/worlddancemovement.com\/de\/produkt\/dancemix-w-tyce-diorio-and-krista-saab-vol-ii\/","title":{"rendered":"DanceMIX mit Tyce Diorio und Krista Saab VOL II"},"content":{"rendered":"","protected":false},"excerpt":{"rendered":"<p>TANZMIX VOL II MIT TYCE DIORIO UND KRISTA SAAB<\/p>\n<p>DANCE MIX, die Schwester-DVD von HOPSDance VOl I, ist ein einzigartiges Tanzlehrprogramm, das kreative Inszenierungen als Leitfaden f\u00fcr das Lernen beinhaltet. Wenn Sie jemals Tanzplattformspiele gespielt haben oder tanzen lernen m\u00f6chten, stellen Sie m\u00f6glicherweise fest, dass eines fehlt \u2026. LIVE-UNTERRICHT. Hier ist DANCE MIX einzigartig. Sie erhalten LIVE-Tanzunterricht, um die grundlegenden Grundlagen des Tanzes besser zu verstehen und zu erlernen! DANCE MIX ist ideal f\u00fcr Anf\u00e4ngert\u00e4nzer und ein gro\u00dfartiges Werkzeug zum Unterrichten von Kindern. Es f\u00fchrt Sie auf unterhaltsame, kreative und leicht verst\u00e4ndliche Weise in verschiedene Stile ein.<\/p>\n<p>Tyce Diorio und Krista Saab f\u00fchren Sie durch Kombinationen aus Jazz, Hip Hop, Theater und lateinamerikanischem Tanz und nutzen die Matten in verschiedenen Anordnungen, um die Schritte zu leiten und Ihnen r\u00e4umliches Bewusstsein zu vermitteln. Lernen Sie von ihnen und fordern Sie sich dann selbst heraus, der Choreograf zu sein! Sie haben die Freiheit, die Matten in vielen verschiedenen Anordnungen zu platzieren und Muster zu schaffen, die optisch atemberaubend sind. Ideal f\u00fcr gro\u00dfe Gruppen!<\/p>\n<p>DANCE MIX ist ein unterhaltsames und energiegeladenes Programm, das Ihre Herzfrequenz in die H\u00f6he treibt und Ihren K\u00f6rper auf innovative Weise in Bewegung bringt.<\/p>\n<p>Gem\u00e4\u00df den Anweisungen von Tyce und Krista auf der DVD k\u00f6nnen Sie:<\/p>\n<p>1. Verwenden Sie eine HOPSports-Matte<br \/>\n2. Kleben Sie Ihren Boden in der Konfiguration der Matten fest oder machen Sie einfach Xs auf Ihrem Boden<br \/>\n3. Lernen und f\u00fchren Sie die Choreografie ohne die Grenzen der Matte durch.<\/p>\n<p>(HINWEIS! Die gesamte Choreografie kann auch ohne die HOPSports-Matten erlernt und aufgef\u00fchrt werden!)<\/p>\n<p>Um die HOPSports-Matte zu kaufen, kontaktieren Sie uns bitte unter info@tezoroproduktions.com oder rufen Sie an <a href=\"Tel.: 1-212-582-1090\">+1-212-582-1090<\/a>.<\/p>","protected":false},"featured_media":4130,"comment_status":"closed","ping_status":"closed","template":"","meta":{"_acf_changed":false,"site-sidebar-layout":"default","site-content-layout":"default","ast-site-content-layout":"default","site-content-style":"default","site-sidebar-style":"default","ast-global-header-display":"","ast-banner-title-visibility":"","ast-main-header-display":"","ast-hfb-above-header-display":"","ast-hfb-below-header-display":"","ast-hfb-mobile-header-display":"","site-post-title":"","ast-breadcrumbs-content":"","ast-featured-img":"","footer-sml-layout":"","ast-disable-related-posts":"","theme-transparent-header-meta":"default","adv-header-id-meta":"","stick-header-meta":"default","header-above-stick-meta":"","header-main-stick-meta":"","header-below-stick-meta":"","astra-migrate-meta-layouts":"default","ast-page-background-enabled":"default","ast-page-background-meta":{"desktop":{"background-color":"","background-image":"","background-repeat":"repeat","background-position":"center center","background-size":"auto","background-attachment":"scroll","background-type":"","background-media":"","overlay-type":"","overlay-color":"","overlay-opacity":"","overlay-gradient":""},"tablet":{"background-color":"","background-image":"","background-repeat":"repeat","background-position":"center center","background-size":"auto","background-attachment":"scroll","background-type":"","background-media":"","overlay-type":"","overlay-color":"","overlay-opacity":"","overlay-gradient":""},"mobile":{"background-color":"","background-image":"","background-repeat":"repeat","background-position":"center center","background-size":"auto","background-attachment":"scroll","background-type":"","background-media":"","overlay-type":"","overlay-color":"","overlay-opacity":"","overlay-gradient":""}},"ast-content-background-meta":{"desktop":{"background-color":"var(--ast-global-color-5)","background-image":"","background-repeat":"repeat","background-position":"center center","background-size":"auto","background-attachment":"scroll","background-type":"","background-media":"","overlay-type":"","overlay-color":"","overlay-opacity":"","overlay-gradient":""},"tablet":{"background-color":"var(--ast-global-color-5)","background-image":"","background-repeat":"repeat","background-position":"center center","background-size":"auto","background-attachment":"scroll","background-type":"","background-media":"","overlay-type":"","overlay-color":"","overlay-opacity":"","overlay-gradient":""},"mobile":{"background-color":"var(--ast-global-color-5)","background-image":"","background-repeat":"repeat","background-position":"center center","background-size":"auto","background-attachment":"scroll","background-type":"","background-media":"","overlay-type":"","overlay-color":"","overlay-opacity":"","overlay-gradient":""}}},"product_brand":[],"product_cat":[58,30,26,27,42,31],"product_tag":[],"wpstream_actors":[],"wpstream_category":[],"wpstream_movie_rating":[],"class_list":{"0":"post-4100","1":"product","2":"type-product","3":"status-publish","4":"has-post-thumbnail","6":"product_cat-dance-videos","7":"product_cat-hip-hop","8":"product_cat-jazz","9":"product_cat-kids","10":"product_cat-new-releases","11":"product_cat-theatre","12":"desktop-align-left","13":"tablet-align-left","14":"mobile-align-left","16":"first","17":"instock","18":"sale","19":"shipping-taxable","20":"purchasable","21":"product-type-simple"},"acf":[],"jetpack_sharing_enabled":true,"_links":{"self":[{"href":"https:\/\/worlddancemovement.com\/de\/wp-json\/wp\/v2\/product\/4100","targetHints":{"allow":["GET"]}}],"collection":[{"href":"https:\/\/worlddancemovement.com\/de\/wp-json\/wp\/v2\/product"}],"about":[{"href":"https:\/\/worlddancemovement.com\/de\/wp-json\/wp\/v2\/types\/product"}],"replies":[{"embeddable":true,"href":"https:\/\/worlddancemovement.com\/de\/wp-json\/wp\/v2\/comments?post=4100"}],"wp:featuredmedia":[{"embeddable":true,"href":"https:\/\/worlddancemovement.com\/de\/wp-json\/wp\/v2\/media\/4130"}],"wp:attachment":[{"href":"https:\/\/worlddancemovement.com\/de\/wp-json\/wp\/v2\/media?parent=4100"}],"wp:term":[{"taxonomy":"product_brand","embeddable":true,"href":"https:\/\/worlddancemovement.com\/de\/wp-json\/wp\/v2\/product_brand?post=4100"},{"taxonomy":"product_cat","embeddable":true,"href":"https:\/\/worlddancemovement.com\/de\/wp-json\/wp\/v2\/product_cat?post=4100"},{"taxonomy":"product_tag","embeddable":true,"href":"https:\/\/worlddancemovement.com\/de\/wp-json\/wp\/v2\/product_tag?post=4100"},{"taxonomy":"wpstream_actors","embeddable":true,"href":"https:\/\/worlddancemovement.com\/de\/wp-json\/wp\/v2\/wpstream_actors?post=4100"},{"taxonomy":"wpstream_category","embeddable":true,"href":"https:\/\/worlddancemovement.com\/de\/wp-json\/wp\/v2\/wpstream_category?post=4100"},{"taxonomy":"wpstream_movie_rating","embeddable":true,"href":"https:\/\/worlddancemovement.com\/de\/wp-json\/wp\/v2\/wpstream_movie_rating?post=4100"}],"curies":[{"name":"wp","href":"https:\/\/api.w.org\/{rel}","templated":true}]}}