{"id":4101,"date":"2021-09-13T12:17:08","date_gmt":"2021-09-13T12:17:08","guid":{"rendered":"https:\/\/migrate.worlddancemovement.com\/?post_type=product&#038;p=4101"},"modified":"2022-11-16T16:36:48","modified_gmt":"2022-11-16T16:36:48","slug":"hopsdance-with-tyce-diorio-krista-saab","status":"publish","type":"product","link":"https:\/\/worlddancemovement.com\/de\/produkt\/hopsdance-with-tyce-diorio-krista-saab\/","title":{"rendered":"HOPSDance mit Tyce Diorio &amp; Krista Saab VOL I"},"content":{"rendered":"","protected":false},"excerpt":{"rendered":"<p>HOPSDance und DANCE MIX sind einzigartige Tanzlehrprogramme, die kreative Inszenierungen als Leitfaden f\u00fcr das Lernen beinhalten. Wenn Sie jemals Tanzplattformspiele gespielt haben oder tanzen lernen m\u00f6chten, stellen Sie m\u00f6glicherweise fest, dass eines fehlt \u2026. LIVE-UNTERRICHT. Hier ist HOPSDance einzigartig. Sie erhalten LIVE-Tanzunterricht, um die grundlegenden Grundlagen des Tanzes besser zu verstehen und zu erlernen!<\/p>\n<p>HOPSDance ist ideal f\u00fcr Tanzanf\u00e4nger und ein gro\u00dfartiges Werkzeug zum Unterrichten von Kindern. Es f\u00fchrt Sie auf unterhaltsame, kreative und leicht verst\u00e4ndliche Weise in verschiedene Stile ein. Tyce Diorio und Krista Saab f\u00fchren Sie durch Kombinationen aus Jazz, Hip Hop, Theater und lateinamerikanischem Tanz und nutzen die Matten in verschiedenen Anordnungen, um Ihnen die Schritte zu leiten und Ihnen r\u00e4umliches Bewusstsein zu vermitteln. Sie werden Sie auch durch grundlegende Abl\u00e4ufe auf dem gesamten Boden f\u00fchren, um einige grundlegende Techniken einzuf\u00fchren. Lernen Sie von ihnen und fordern Sie sich dann selbst heraus, der Choreograf zu sein! Sie haben die Freiheit, die Matten in vielen verschiedenen Anordnungen zu platzieren und Muster zu schaffen, die optisch atemberaubend sind. Ideal f\u00fcr gro\u00dfe Gruppen!<\/p>\n<p>HOPSDance ist ein unterhaltsames und energiegeladenes Programm, das Ihre Herzfrequenz in die H\u00f6he treibt und Ihren K\u00f6rper auf innovative Weise in Bewegung bringt.<\/p>\n<p>Gem\u00e4\u00df den Anweisungen von Tyce und Krista auf der DVD k\u00f6nnen Sie:<\/p>\n<p>1. Verwenden Sie eine HOPSports-Matte<br \/>\n2. Kleben Sie Ihren Boden in der Konfiguration der Matten fest oder machen Sie einfach Xs auf Ihrem Boden<br \/>\n3. Lernen und f\u00fchren Sie die Choreografie ohne die Grenzen der Matte durch.<\/p>\n<h3><small>(HINWEIS! Die gesamte Choreografie kann auch ohne die HOPSports-Matten erlernt und aufgef\u00fchrt werden!) Um die HOPSports-Matte zu kaufen, kontaktieren Sie uns bitte unter info@tezoroproduktions.com oder rufen Sie +1-212-582-1090 an.<\/small><\/h3>\n<p><b><big>\u00dcber Tyce &amp; Krista:<\/big><\/b><\/p>\n<p><i>Tyce Diorio hat mit namhaften K\u00fcnstlern wie Janet Jackson, Paula Abdul, Jennifer Lopez, Samantha Mumba und Ricky Martin getanzt. Er war einer der Hauptt\u00e4nzer bei den American Music Awards, der OprahWinfrey Show und Saturday Night Live und trat als Solist in der erfolgreichen Broadway-Show \u201eFosse\u201c auf. Zu Tyces TV- und Filmauftritten z\u00e4hlen \u201eShowgirls\u201c, \u201eStarsky and Hutch\u201c, 13 bis 30, und \u201eMr. and Mrs. Smith\u201c mit AngelinaJolie und Brad Pitt. Er hatte die Gelegenheit, im U2-iPod-Werbespot mit ihrem Hit \u201eVertigo\u201c mitzuwirken. Tyce war au\u00dferdem als Choreograf f\u00fcr die FOX Summer Sensation \u201eSo You Think You Can Dance\u201c t\u00e4tig und ist Dozent bei THE PULSE ON TOUR.<\/i><\/p>\n<p>Krista Saab stammt urspr\u00fcnglich aus Toronto, Kanada. Sie ist seit f\u00fcnf Jahren Mitglied der Radio City Rockette in New York City und tritt derzeit im Revival von \u201ePal Joey\u201c am Broadway auf. Ausgew\u00e4hlte Auftritte mit den Rockettes umfassen die Macy&#039;s Thanksgiving Day Parade und die Ellen Degeneres Show. Kristas Karriere sowohl im Konzerttanz als auch im Theater f\u00fchrte sie um die ganze Welt, wo sie in Shows wie \u201eCamelot \u2013 PBS Live From LincolnCenter\u201c, \u201eCarnival\u201c und \u201e42nd St.\u201c auftrat. und die mit dem Ovation Award ausgezeichnete Besetzung von \u201eCrazy for You\u201c. Sie hat Workshops in der Radio City Music Hall in NYC unterrichtet und mit legend\u00e4ren K\u00fcnstlern wie Stevie Wonder, Hinton Battle, Jason Alexander, Stockard Channing und Gabriel Byrne zusammengearbeitet. Krista ist auch als T\u00e4nzerin in den Spielfilmen \u201eThe Great Observer\u201c und \u201eAmerican Gangster\u201c zu sehen.<\/p>","protected":false},"featured_media":4131,"comment_status":"closed","ping_status":"closed","template":"","meta":{"_acf_changed":false,"site-sidebar-layout":"default","site-content-layout":"default","ast-site-content-layout":"default","site-content-style":"default","site-sidebar-style":"default","ast-global-header-display":"","ast-banner-title-visibility":"","ast-main-header-display":"","ast-hfb-above-header-display":"","ast-hfb-below-header-display":"","ast-hfb-mobile-header-display":"","site-post-title":"","ast-breadcrumbs-content":"","ast-featured-img":"","footer-sml-layout":"","ast-disable-related-posts":"","theme-transparent-header-meta":"default","adv-header-id-meta":"","stick-header-meta":"default","header-above-stick-meta":"","header-main-stick-meta":"","header-below-stick-meta":"","astra-migrate-meta-layouts":"default","ast-page-background-enabled":"default","ast-page-background-meta":{"desktop":{"background-color":"","background-image":"","background-repeat":"repeat","background-position":"center center","background-size":"auto","background-attachment":"scroll","background-type":"","background-media":"","overlay-type":"","overlay-color":"","overlay-opacity":"","overlay-gradient":""},"tablet":{"background-color":"","background-image":"","background-repeat":"repeat","background-position":"center center","background-size":"auto","background-attachment":"scroll","background-type":"","background-media":"","overlay-type":"","overlay-color":"","overlay-opacity":"","overlay-gradient":""},"mobile":{"background-color":"","background-image":"","background-repeat":"repeat","background-position":"center center","background-size":"auto","background-attachment":"scroll","background-type":"","background-media":"","overlay-type":"","overlay-color":"","overlay-opacity":"","overlay-gradient":""}},"ast-content-background-meta":{"desktop":{"background-color":"var(--ast-global-color-5)","background-image":"","background-repeat":"repeat","background-position":"center center","background-size":"auto","background-attachment":"scroll","background-type":"","background-media":"","overlay-type":"","overlay-color":"","overlay-opacity":"","overlay-gradient":""},"tablet":{"background-color":"var(--ast-global-color-5)","background-image":"","background-repeat":"repeat","background-position":"center center","background-size":"auto","background-attachment":"scroll","background-type":"","background-media":"","overlay-type":"","overlay-color":"","overlay-opacity":"","overlay-gradient":""},"mobile":{"background-color":"var(--ast-global-color-5)","background-image":"","background-repeat":"repeat","background-position":"center center","background-size":"auto","background-attachment":"scroll","background-type":"","background-media":"","overlay-type":"","overlay-color":"","overlay-opacity":"","overlay-gradient":""}}},"product_brand":[],"product_cat":[58,30,26,27,42,31],"product_tag":[],"wpstream_actors":[],"wpstream_category":[],"wpstream_movie_rating":[],"class_list":{"0":"post-4101","1":"product","2":"type-product","3":"status-publish","4":"has-post-thumbnail","6":"product_cat-dance-videos","7":"product_cat-hip-hop","8":"product_cat-jazz","9":"product_cat-kids","10":"product_cat-new-releases","11":"product_cat-theatre","12":"desktop-align-left","13":"tablet-align-left","14":"mobile-align-left","16":"first","17":"instock","18":"sale","19":"shipping-taxable","20":"purchasable","21":"product-type-simple"},"acf":[],"jetpack_sharing_enabled":true,"_links":{"self":[{"href":"https:\/\/worlddancemovement.com\/de\/wp-json\/wp\/v2\/product\/4101","targetHints":{"allow":["GET"]}}],"collection":[{"href":"https:\/\/worlddancemovement.com\/de\/wp-json\/wp\/v2\/product"}],"about":[{"href":"https:\/\/worlddancemovement.com\/de\/wp-json\/wp\/v2\/types\/product"}],"replies":[{"embeddable":true,"href":"https:\/\/worlddancemovement.com\/de\/wp-json\/wp\/v2\/comments?post=4101"}],"wp:featuredmedia":[{"embeddable":true,"href":"https:\/\/worlddancemovement.com\/de\/wp-json\/wp\/v2\/media\/4131"}],"wp:attachment":[{"href":"https:\/\/worlddancemovement.com\/de\/wp-json\/wp\/v2\/media?parent=4101"}],"wp:term":[{"taxonomy":"product_brand","embeddable":true,"href":"https:\/\/worlddancemovement.com\/de\/wp-json\/wp\/v2\/product_brand?post=4101"},{"taxonomy":"product_cat","embeddable":true,"href":"https:\/\/worlddancemovement.com\/de\/wp-json\/wp\/v2\/product_cat?post=4101"},{"taxonomy":"product_tag","embeddable":true,"href":"https:\/\/worlddancemovement.com\/de\/wp-json\/wp\/v2\/product_tag?post=4101"},{"taxonomy":"wpstream_actors","embeddable":true,"href":"https:\/\/worlddancemovement.com\/de\/wp-json\/wp\/v2\/wpstream_actors?post=4101"},{"taxonomy":"wpstream_category","embeddable":true,"href":"https:\/\/worlddancemovement.com\/de\/wp-json\/wp\/v2\/wpstream_category?post=4101"},{"taxonomy":"wpstream_movie_rating","embeddable":true,"href":"https:\/\/worlddancemovement.com\/de\/wp-json\/wp\/v2\/wpstream_movie_rating?post=4101"}],"curies":[{"name":"wp","href":"https:\/\/api.w.org\/{rel}","templated":true}]}}