{"id":4102,"date":"2021-09-13T12:17:08","date_gmt":"2021-09-13T12:17:08","guid":{"rendered":"https:\/\/migrate.worlddancemovement.com\/?post_type=product&#038;p=4102"},"modified":"2022-11-16T16:36:59","modified_gmt":"2022-11-16T16:36:59","slug":"street-funk-with-joe-loera-vol-ii","status":"publish","type":"product","link":"https:\/\/worlddancemovement.com\/de\/produkt\/street-funk-with-joe-loera-vol-ii\/","title":{"rendered":"STREET FUNK mit Joe Loera \u2013 VOL II"},"content":{"rendered":"","protected":false},"excerpt":{"rendered":"<p>Dies ist die Schwester-DVD von Street Funk VOL I. Begleiten Sie Joe Loera, w\u00e4hrend er und seine T\u00e4nzer Ihnen sportliche, energiegeladene Tanzkombinationen beibringen, die jeder machen kann! Diese Street Funk-DVD wurde sowohl f\u00fcr Anf\u00e4nger als auch f\u00fcr Anf\u00e4nger erstellt und bietet erstklassige Choreografie und Tanzunterricht, die nur Tezoro Productions bieten kann.<\/p>\n<p>Aus verschiedenen Kamerawinkeln aufgenommen, lernen Sie 4 Combos, als ob Sie mit Joe und seinen T\u00e4nzern im Unterricht w\u00e4ren. Werden Sie ein besserer und intelligenterer T\u00e4nzer, indem Sie die Verbindung zwischen Musikalit\u00e4t, Technik und \u00dcberg\u00e4ngen verstehen. Sie werden in die Grundlagen des Street-Funk-Stils eingef\u00fchrt und kombinieren die klassische Jazz-Grundlage mit den urbanen Stilen des Hip Hop. Entspannen Sie Ihren Geist und machen Sie sich bereit f\u00fcr diesen adrenalingeladenen Bewegungsstil.<\/p>\n<p>\u00dcber Joe:<\/p>\n<p>Joe Loera ist der Gr\u00fcnder von 2inspire Productions, LLC, einer spezialisierten Produktionsfirma, die innovative Projekte entwickelt, die Kinder, Jugendliche und junge Erwachsene erziehen, herausfordern und inspirieren, ihren Traum zu leben! Joe war Co-Autor und Produzent der Off-Broadway-Shows \u201eUs\u201c, \u201eBreak Through\u201c und \u201eChampions\u201c sowie der beiden derzeit in Produktion befindlichen Dokumentarfilme \u201eSoul Escape\u201c und \u201eDriven\u201c. Derzeit produziert er motivierende Teenagerprogramme f\u00fcr das Fernsehen in Los Angeles, Kalifornien.<\/p>\n<p>Joe reist durch die Vereinigten Staaten und ins Ausland, unterrichtet, choreografiert und betreut Zehntausende junge Studenten f\u00fcr zwei der besten Tanzkongresse des Landes, LA Dance Magic und LA Underground.<\/p>\n<p>Joe ist der Gr\u00fcnder und Produzent von \u201ekamp NYC\u201c, dem intensivsten. innovatives Musiktheatercamp in New York City f\u00fcr talentierte junge S\u00e4nger, Schauspieler und T\u00e4nzer im Alter von 12 bis 17 Jahren.<\/p>","protected":false},"featured_media":4132,"comment_status":"closed","ping_status":"closed","template":"","meta":{"_acf_changed":false,"site-sidebar-layout":"default","site-content-layout":"default","ast-site-content-layout":"default","site-content-style":"default","site-sidebar-style":"default","ast-global-header-display":"","ast-banner-title-visibility":"","ast-main-header-display":"","ast-hfb-above-header-display":"","ast-hfb-below-header-display":"","ast-hfb-mobile-header-display":"","site-post-title":"","ast-breadcrumbs-content":"","ast-featured-img":"","footer-sml-layout":"","ast-disable-related-posts":"","theme-transparent-header-meta":"default","adv-header-id-meta":"","stick-header-meta":"default","header-above-stick-meta":"","header-main-stick-meta":"","header-below-stick-meta":"","astra-migrate-meta-layouts":"default","ast-page-background-enabled":"default","ast-page-background-meta":{"desktop":{"background-color":"","background-image":"","background-repeat":"repeat","background-position":"center center","background-size":"auto","background-attachment":"scroll","background-type":"","background-media":"","overlay-type":"","overlay-color":"","overlay-opacity":"","overlay-gradient":""},"tablet":{"background-color":"","background-image":"","background-repeat":"repeat","background-position":"center center","background-size":"auto","background-attachment":"scroll","background-type":"","background-media":"","overlay-type":"","overlay-color":"","overlay-opacity":"","overlay-gradient":""},"mobile":{"background-color":"","background-image":"","background-repeat":"repeat","background-position":"center center","background-size":"auto","background-attachment":"scroll","background-type":"","background-media":"","overlay-type":"","overlay-color":"","overlay-opacity":"","overlay-gradient":""}},"ast-content-background-meta":{"desktop":{"background-color":"var(--ast-global-color-5)","background-image":"","background-repeat":"repeat","background-position":"center center","background-size":"auto","background-attachment":"scroll","background-type":"","background-media":"","overlay-type":"","overlay-color":"","overlay-opacity":"","overlay-gradient":""},"tablet":{"background-color":"var(--ast-global-color-5)","background-image":"","background-repeat":"repeat","background-position":"center center","background-size":"auto","background-attachment":"scroll","background-type":"","background-media":"","overlay-type":"","overlay-color":"","overlay-opacity":"","overlay-gradient":""},"mobile":{"background-color":"var(--ast-global-color-5)","background-image":"","background-repeat":"repeat","background-position":"center center","background-size":"auto","background-attachment":"scroll","background-type":"","background-media":"","overlay-type":"","overlay-color":"","overlay-opacity":"","overlay-gradient":""}}},"product_brand":[],"product_cat":[32,58,30,26,27,42],"product_tag":[],"wpstream_actors":[],"wpstream_category":[],"wpstream_movie_rating":[],"class_list":{"0":"post-4102","1":"product","2":"type-product","3":"status-publish","4":"has-post-thumbnail","6":"product_cat-choreography","7":"product_cat-dance-videos","8":"product_cat-hip-hop","9":"product_cat-jazz","10":"product_cat-kids","11":"product_cat-new-releases","12":"desktop-align-left","13":"tablet-align-left","14":"mobile-align-left","16":"first","17":"instock","18":"sale","19":"shipping-taxable","20":"purchasable","21":"product-type-simple"},"acf":[],"jetpack_sharing_enabled":true,"_links":{"self":[{"href":"https:\/\/worlddancemovement.com\/de\/wp-json\/wp\/v2\/product\/4102","targetHints":{"allow":["GET"]}}],"collection":[{"href":"https:\/\/worlddancemovement.com\/de\/wp-json\/wp\/v2\/product"}],"about":[{"href":"https:\/\/worlddancemovement.com\/de\/wp-json\/wp\/v2\/types\/product"}],"replies":[{"embeddable":true,"href":"https:\/\/worlddancemovement.com\/de\/wp-json\/wp\/v2\/comments?post=4102"}],"wp:featuredmedia":[{"embeddable":true,"href":"https:\/\/worlddancemovement.com\/de\/wp-json\/wp\/v2\/media\/4132"}],"wp:attachment":[{"href":"https:\/\/worlddancemovement.com\/de\/wp-json\/wp\/v2\/media?parent=4102"}],"wp:term":[{"taxonomy":"product_brand","embeddable":true,"href":"https:\/\/worlddancemovement.com\/de\/wp-json\/wp\/v2\/product_brand?post=4102"},{"taxonomy":"product_cat","embeddable":true,"href":"https:\/\/worlddancemovement.com\/de\/wp-json\/wp\/v2\/product_cat?post=4102"},{"taxonomy":"product_tag","embeddable":true,"href":"https:\/\/worlddancemovement.com\/de\/wp-json\/wp\/v2\/product_tag?post=4102"},{"taxonomy":"wpstream_actors","embeddable":true,"href":"https:\/\/worlddancemovement.com\/de\/wp-json\/wp\/v2\/wpstream_actors?post=4102"},{"taxonomy":"wpstream_category","embeddable":true,"href":"https:\/\/worlddancemovement.com\/de\/wp-json\/wp\/v2\/wpstream_category?post=4102"},{"taxonomy":"wpstream_movie_rating","embeddable":true,"href":"https:\/\/worlddancemovement.com\/de\/wp-json\/wp\/v2\/wpstream_movie_rating?post=4102"}],"curies":[{"name":"wp","href":"https:\/\/api.w.org\/{rel}","templated":true}]}}