{"id":4104,"date":"2021-09-13T12:17:08","date_gmt":"2021-09-13T12:17:08","guid":{"rendered":"https:\/\/migrate.worlddancemovement.com\/?post_type=product&#038;p=4104"},"modified":"2022-11-16T16:37:24","modified_gmt":"2022-11-16T16:37:24","slug":"dance-for-kids-8-dvd-with-desmond-richardson","status":"publish","type":"product","link":"https:\/\/worlddancemovement.com\/de\/produkt\/dance-for-kids-8-dvd-with-desmond-richardson\/","title":{"rendered":"Dance for Kids 8+ DVD mit Desmond Richardson"},"content":{"rendered":"","protected":false},"excerpt":{"rendered":"<p>Tanzen f\u00fcr Kinder ab 8 Jahren mit Desmond Richardson<\/p>\n<p>In dieser exklusiven Tanz-Lehr-DVD f\u00fcr Kinder ab 8 Jahren f\u00fchrt Sie Desmond durch ein \u201egrundlegendes Aufw\u00e4rmen\u201c, um Ihre Muskeln sch\u00f6n und geschmeidig zu machen. Sie lernen auch einige sehr effektive \u201e\u00fcber den Boden\u201c-Kombinationen. Damit ist es noch nicht getan! Desmond hat eine aufregende, einzigartige choreografierte Kombination aus zeitgen\u00f6ssischem Tanz geschaffen, die den Schwerpunkt darauf legt: Musikalit\u00e4t, Pegelwechsel, Dynamik und r\u00e4umliches Bewusstsein.<\/p>\n<p>Tanzlehr-DVDs eignen sich hervorragend zum Lernen! Sie k\u00f6nnen die DVD jederzeit anhalten und zur\u00fcckgehen! Jetzt k\u00f6nnen Sie in Ihrem eigenen Tempo lernen, ob schnell oder langsam, von einem der legend\u00e4rsten T\u00e4nzer unserer Zeit.<\/p>\n<p>\u201eDenken Sie daran, Spa\u00df zu haben! Ich liebe die Kunst des Tanzes und es ist mir eine gro\u00dfe Freude, sie mit Ihnen zu teilen\u2026\u201c -Desmond S. Richardson<\/p>\n<p>Von der New York Times als einer der gr\u00f6\u00dften T\u00e4nzer seiner Generation gefeiert, ist Desmond Richardson ein vielseitig talentierter K\u00fcnstler, Presidential Scholar, Apex- und Bessie-Award-Gewinner und Tr\u00e4ger des \u201eDance Magazine Award\u201c 2007. Er war Solot\u00e4nzer beim Alvin Ailey American Dance Theater, dem Frankfurt Ballet, dem American Ballet Theatre und als Gastk\u00fcnstler beim Teatro al la Scala, dem Royal Swedish Opera Ballet, dem Washington Ballet und dem San Francisco Ballet.<\/p>\n<p>Herr Richardson trat am Broadway als S\u00e4nger in den Shows The Look Of Love und Twyla Tharps Movin&#039; Out (Tony) auf und erhielt eine Tony Award-Nominierung f\u00fcr seine Rolle in der erfolgreichen Broadway-Show Fosse. Auf DVD ist er im Oscar-pr\u00e4mierten Film \u201eChicago\u201c in der Titelrolle von Othello (San Francisco Ballet), im Patrick Swayze\/Lisa Niemi-Film \u201eOne Last Dance\u201c und im Sony-Musicalfilm \u201eAcross The Universe\u201c zu sehen von Julie Taymor.<\/p>\n<p>Herr Richardson ist Mitbegr\u00fcnder\/Co-Direktor von Complexions Contemporary Ballet zusammen mit Dwight Rhoden.<\/p>","protected":false},"featured_media":4134,"comment_status":"closed","ping_status":"closed","template":"","meta":{"_acf_changed":false,"site-sidebar-layout":"default","site-content-layout":"default","ast-site-content-layout":"default","site-content-style":"default","site-sidebar-style":"default","ast-global-header-display":"","ast-banner-title-visibility":"","ast-main-header-display":"","ast-hfb-above-header-display":"","ast-hfb-below-header-display":"","ast-hfb-mobile-header-display":"","site-post-title":"","ast-breadcrumbs-content":"","ast-featured-img":"","footer-sml-layout":"","ast-disable-related-posts":"","theme-transparent-header-meta":"default","adv-header-id-meta":"","stick-header-meta":"default","header-above-stick-meta":"","header-main-stick-meta":"","header-below-stick-meta":"","astra-migrate-meta-layouts":"default","ast-page-background-enabled":"default","ast-page-background-meta":{"desktop":{"background-color":"","background-image":"","background-repeat":"repeat","background-position":"center center","background-size":"auto","background-attachment":"scroll","background-type":"","background-media":"","overlay-type":"","overlay-color":"","overlay-opacity":"","overlay-gradient":""},"tablet":{"background-color":"","background-image":"","background-repeat":"repeat","background-position":"center center","background-size":"auto","background-attachment":"scroll","background-type":"","background-media":"","overlay-type":"","overlay-color":"","overlay-opacity":"","overlay-gradient":""},"mobile":{"background-color":"","background-image":"","background-repeat":"repeat","background-position":"center center","background-size":"auto","background-attachment":"scroll","background-type":"","background-media":"","overlay-type":"","overlay-color":"","overlay-opacity":"","overlay-gradient":""}},"ast-content-background-meta":{"desktop":{"background-color":"var(--ast-global-color-5)","background-image":"","background-repeat":"repeat","background-position":"center center","background-size":"auto","background-attachment":"scroll","background-type":"","background-media":"","overlay-type":"","overlay-color":"","overlay-opacity":"","overlay-gradient":""},"tablet":{"background-color":"var(--ast-global-color-5)","background-image":"","background-repeat":"repeat","background-position":"center center","background-size":"auto","background-attachment":"scroll","background-type":"","background-media":"","overlay-type":"","overlay-color":"","overlay-opacity":"","overlay-gradient":""},"mobile":{"background-color":"var(--ast-global-color-5)","background-image":"","background-repeat":"repeat","background-position":"center center","background-size":"auto","background-attachment":"scroll","background-type":"","background-media":"","overlay-type":"","overlay-color":"","overlay-opacity":"","overlay-gradient":""}}},"product_brand":[],"product_cat":[32,58,26,27,29],"product_tag":[],"wpstream_actors":[],"wpstream_category":[],"wpstream_movie_rating":[],"class_list":{"0":"post-4104","1":"product","2":"type-product","3":"status-publish","4":"has-post-thumbnail","6":"product_cat-choreography","7":"product_cat-dance-videos","8":"product_cat-jazz","9":"product_cat-kids","10":"product_cat-warm-up","11":"desktop-align-left","12":"tablet-align-left","13":"mobile-align-left","15":"first","16":"instock","17":"sale","18":"shipping-taxable","19":"purchasable","20":"product-type-simple"},"acf":[],"jetpack_sharing_enabled":true,"_links":{"self":[{"href":"https:\/\/worlddancemovement.com\/de\/wp-json\/wp\/v2\/product\/4104","targetHints":{"allow":["GET"]}}],"collection":[{"href":"https:\/\/worlddancemovement.com\/de\/wp-json\/wp\/v2\/product"}],"about":[{"href":"https:\/\/worlddancemovement.com\/de\/wp-json\/wp\/v2\/types\/product"}],"replies":[{"embeddable":true,"href":"https:\/\/worlddancemovement.com\/de\/wp-json\/wp\/v2\/comments?post=4104"}],"wp:featuredmedia":[{"embeddable":true,"href":"https:\/\/worlddancemovement.com\/de\/wp-json\/wp\/v2\/media\/4134"}],"wp:attachment":[{"href":"https:\/\/worlddancemovement.com\/de\/wp-json\/wp\/v2\/media?parent=4104"}],"wp:term":[{"taxonomy":"product_brand","embeddable":true,"href":"https:\/\/worlddancemovement.com\/de\/wp-json\/wp\/v2\/product_brand?post=4104"},{"taxonomy":"product_cat","embeddable":true,"href":"https:\/\/worlddancemovement.com\/de\/wp-json\/wp\/v2\/product_cat?post=4104"},{"taxonomy":"product_tag","embeddable":true,"href":"https:\/\/worlddancemovement.com\/de\/wp-json\/wp\/v2\/product_tag?post=4104"},{"taxonomy":"wpstream_actors","embeddable":true,"href":"https:\/\/worlddancemovement.com\/de\/wp-json\/wp\/v2\/wpstream_actors?post=4104"},{"taxonomy":"wpstream_category","embeddable":true,"href":"https:\/\/worlddancemovement.com\/de\/wp-json\/wp\/v2\/wpstream_category?post=4104"},{"taxonomy":"wpstream_movie_rating","embeddable":true,"href":"https:\/\/worlddancemovement.com\/de\/wp-json\/wp\/v2\/wpstream_movie_rating?post=4104"}],"curies":[{"name":"wp","href":"https:\/\/api.w.org\/{rel}","templated":true}]}}