{"id":4105,"date":"2021-09-13T12:17:08","date_gmt":"2021-09-13T12:17:08","guid":{"rendered":"https:\/\/migrate.worlddancemovement.com\/?post_type=product&#038;p=4105"},"modified":"2022-11-16T16:34:22","modified_gmt":"2022-11-16T16:34:22","slug":"latin-jazz-intro-to-partnering-dvd","status":"publish","type":"product","link":"https:\/\/worlddancemovement.com\/de\/produkt\/latin-jazz-intro-to-partnering-dvd\/","title":{"rendered":"Latin Jazz &amp; Einf\u00fchrung in die Partnering-DVD"},"content":{"rendered":"","protected":false},"excerpt":{"rendered":"<p><b>F\u00fcr alle Niveaus<\/b><\/p>\n<p><b>Maria Torres<\/b>\u00a0ist weltbekannt f\u00fcr ihre innovative Latin-Jazz-Choreografie. Dieses Lehrvideo zum Tanz f\u00fchrt in die Kunst der lateinamerikanischen Bewegung, des Rhythmus und des Stils ein und nutzt dabei die Grundlagen des Jazz. Maria zeigt Ihnen, wie man tanzt, indem man afrokubanische\/lateinamerikanische K\u00f6rperbewegungen isoliert und kontrolliert, sowie Jazztechniken mit Pr\u00e4zision, Kraft und Klarheit. In diesem Video f\u00fchren Sie Maria und ihre T\u00e4nzer in die Grundelemente ein, zeigen Ihnen Wendetechniken und bringen Ihnen eine von Marias originalen Latin-Jazz-Kombinationen bei. Mit dieser Anleitung lernen Sie, wie wichtig Musikalit\u00e4t und Timing in diesem \u00e4u\u00dferst beliebten Salsa\/Mambo-Stil sind.<\/p>\n<p>Maria Torres ist eine gefeierte Performerin, Choreografin und Regisseurin mit umfangreicher Erfahrung in der Theater-, Film-, Fernseh-, Video- und Werbebranche. In welcher Funktion auch immer Maria gearbeitet hat, ihr Lebenslauf wirbt in jeder Hinsicht f\u00fcr Vielfalt. Als Darstellerin war Maria sowohl auf der Broadway-B\u00fchne mit \u201eSwing!\u201c als auch auf der Leinwand in \u201eDance with Me\u201c mit Chayanne und Vanessa Williams zu sehen.<\/p>\n<p>Maria hat an Projekten in der Musikindustrie gearbeitet, die von der Choreografie des Videos f\u00fcr Enrique Iglesias Hitsingle Bailamos bis zur j\u00fcngsten Tour des gefeierten Reggaeton-K\u00fcnstlers Don Omar \u2013 King of Kings \u2013 reichen. In der Filmwelt hat Maria mit weltbekannten Produktionsh\u00e4usern und Regisseuren wie MTV, NBC, HBO, BBC, Walt Disney und John Leguizamo zusammengearbeitet. Zuletzt hatte Maria durch ihre Arbeit in der Filmbranche die Gelegenheit, mit John O&#039;Connell zusammenzuarbeiten und renommierte Schauspieler wie Patrick Dempsey und Amy Adams in Disneys \u201eEnchanted\u201c auszubilden, um Jennifer Lopez in \u201eEl Cantante\u201c zu choreografieren. Marias Choreografie ist diese Saison in der Erfolgsshow \u201eSo You Think You Can Dance\u201c zu sehen.<\/p>\n<p>Als Lehrerin hat Maria auf der ganzen Welt an einer Reihe renommierter Tanzinstitutionen unterrichtet, mit dem Ziel, ihre lateinamerikanische Kultur mit Menschen aller Herkunft zu teilen.<\/p>","protected":false},"featured_media":4135,"comment_status":"closed","ping_status":"closed","template":"","meta":{"_acf_changed":false,"site-sidebar-layout":"default","site-content-layout":"default","ast-site-content-layout":"default","site-content-style":"default","site-sidebar-style":"default","ast-global-header-display":"","ast-banner-title-visibility":"","ast-main-header-display":"","ast-hfb-above-header-display":"","ast-hfb-below-header-display":"","ast-hfb-mobile-header-display":"","site-post-title":"","ast-breadcrumbs-content":"","ast-featured-img":"","footer-sml-layout":"","ast-disable-related-posts":"","theme-transparent-header-meta":"default","adv-header-id-meta":"","stick-header-meta":"default","header-above-stick-meta":"","header-main-stick-meta":"","header-below-stick-meta":"","astra-migrate-meta-layouts":"default","ast-page-background-enabled":"default","ast-page-background-meta":{"desktop":{"background-color":"","background-image":"","background-repeat":"repeat","background-position":"center center","background-size":"auto","background-attachment":"scroll","background-type":"","background-media":"","overlay-type":"","overlay-color":"","overlay-opacity":"","overlay-gradient":""},"tablet":{"background-color":"","background-image":"","background-repeat":"repeat","background-position":"center center","background-size":"auto","background-attachment":"scroll","background-type":"","background-media":"","overlay-type":"","overlay-color":"","overlay-opacity":"","overlay-gradient":""},"mobile":{"background-color":"","background-image":"","background-repeat":"repeat","background-position":"center center","background-size":"auto","background-attachment":"scroll","background-type":"","background-media":"","overlay-type":"","overlay-color":"","overlay-opacity":"","overlay-gradient":""}},"ast-content-background-meta":{"desktop":{"background-color":"var(--ast-global-color-5)","background-image":"","background-repeat":"repeat","background-position":"center center","background-size":"auto","background-attachment":"scroll","background-type":"","background-media":"","overlay-type":"","overlay-color":"","overlay-opacity":"","overlay-gradient":""},"tablet":{"background-color":"var(--ast-global-color-5)","background-image":"","background-repeat":"repeat","background-position":"center center","background-size":"auto","background-attachment":"scroll","background-type":"","background-media":"","overlay-type":"","overlay-color":"","overlay-opacity":"","overlay-gradient":""},"mobile":{"background-color":"var(--ast-global-color-5)","background-image":"","background-repeat":"repeat","background-position":"center center","background-size":"auto","background-attachment":"scroll","background-type":"","background-media":"","overlay-type":"","overlay-color":"","overlay-opacity":"","overlay-gradient":""}}},"product_brand":[],"product_cat":[32,58,26,33,34,31],"product_tag":[],"wpstream_actors":[],"wpstream_category":[],"wpstream_movie_rating":[],"class_list":{"0":"post-4105","1":"product","2":"type-product","3":"status-publish","4":"has-post-thumbnail","6":"product_cat-choreography","7":"product_cat-dance-videos","8":"product_cat-jazz","9":"product_cat-latin-dance","10":"product_cat-lifts-partnering","11":"product_cat-theatre","12":"desktop-align-left","13":"tablet-align-left","14":"mobile-align-left","16":"first","17":"instock","18":"sale","19":"shipping-taxable","20":"purchasable","21":"product-type-simple"},"acf":[],"jetpack_sharing_enabled":true,"_links":{"self":[{"href":"https:\/\/worlddancemovement.com\/de\/wp-json\/wp\/v2\/product\/4105","targetHints":{"allow":["GET"]}}],"collection":[{"href":"https:\/\/worlddancemovement.com\/de\/wp-json\/wp\/v2\/product"}],"about":[{"href":"https:\/\/worlddancemovement.com\/de\/wp-json\/wp\/v2\/types\/product"}],"replies":[{"embeddable":true,"href":"https:\/\/worlddancemovement.com\/de\/wp-json\/wp\/v2\/comments?post=4105"}],"wp:featuredmedia":[{"embeddable":true,"href":"https:\/\/worlddancemovement.com\/de\/wp-json\/wp\/v2\/media\/4135"}],"wp:attachment":[{"href":"https:\/\/worlddancemovement.com\/de\/wp-json\/wp\/v2\/media?parent=4105"}],"wp:term":[{"taxonomy":"product_brand","embeddable":true,"href":"https:\/\/worlddancemovement.com\/de\/wp-json\/wp\/v2\/product_brand?post=4105"},{"taxonomy":"product_cat","embeddable":true,"href":"https:\/\/worlddancemovement.com\/de\/wp-json\/wp\/v2\/product_cat?post=4105"},{"taxonomy":"product_tag","embeddable":true,"href":"https:\/\/worlddancemovement.com\/de\/wp-json\/wp\/v2\/product_tag?post=4105"},{"taxonomy":"wpstream_actors","embeddable":true,"href":"https:\/\/worlddancemovement.com\/de\/wp-json\/wp\/v2\/wpstream_actors?post=4105"},{"taxonomy":"wpstream_category","embeddable":true,"href":"https:\/\/worlddancemovement.com\/de\/wp-json\/wp\/v2\/wpstream_category?post=4105"},{"taxonomy":"wpstream_movie_rating","embeddable":true,"href":"https:\/\/worlddancemovement.com\/de\/wp-json\/wp\/v2\/wpstream_movie_rating?post=4105"}],"curies":[{"name":"wp","href":"https:\/\/api.w.org\/{rel}","templated":true}]}}