{"id":4106,"date":"2021-09-13T12:17:08","date_gmt":"2021-09-13T12:17:08","guid":{"rendered":"https:\/\/migrate.worlddancemovement.com\/?post_type=product&#038;p=4106"},"modified":"2022-11-16T16:34:36","modified_gmt":"2022-11-16T16:34:36","slug":"street-jazz-dvd-with-rhapsody","status":"publish","type":"product","link":"https:\/\/worlddancemovement.com\/de\/produkt\/street-jazz-dvd-with-rhapsody\/","title":{"rendered":"Street Jazz DVD mit Rhapsody"},"content":{"rendered":"","protected":false},"excerpt":{"rendered":"<p>Wenn Sie \u00fcber die neuesten Hip-Hop-Tanzstile auf dem Laufenden bleiben und ein st\u00e4rkerer Hip-Hop-T\u00e4nzer und Performer werden m\u00f6chten, ist dieses Video genau das Richtige f\u00fcr SIE!\u00a0\u00a0<b>Rhapsodie<\/b>\u00a0und ihre Tanzkompanie nehmen Sie mit auf eine Reise, w\u00e4hrend Sie die Tanzbewegungen lernen, die die Nation erobern. Street Jazz vereint Hip-Hop und Jazz und ist der charakteristische Stil von Rhapsody und ihrem Unternehmen. Auf dieser Street Jazz-DVD lernen Sie drei hei\u00dfe Routinen f\u00fcr Anf\u00e4nger, Fortgeschrittene und Fortgeschrittene. Rhapsody beinhaltet den Einsatz von K\u00f6rpermechanik, Musikalit\u00e4t und besonderen Darbietungstechniken, um Ihnen zu helfen, ein besserer Hip-Hop-T\u00e4nzer zu werden. Wenn Ihnen harte Arbeit, Hingabe und Spa\u00df am Herzen liegen, dann ist dieses Video genau das Richtige f\u00fcr Sie!<\/p>\n<p class=\"font_8\">Rhapsody James begann ihre Karriere als Choreografin nach ihrem BFA Purchase College (NY). Die geb\u00fcrtige Brooklynerin war zun\u00e4chst bei Sony Music als Assistentin der Gesch\u00e4ftsleitung t\u00e4tig und legte damit den Grundstein f\u00fcr ihren Einstieg in die kommerzielle Tanzbranche. James wurde schnell zum Hauptchoreografen des NBA New Jersey Nets Dance Team und Hauptt\u00e4nzer im gefeierten Musikvideo \u201ePut You Hands Where My Eyes Can See\u201c von Busta Rhymes. James bewahrte ihr Gesp\u00fcr f\u00fcr Business und Chorografie und verwandelte diese Rollen in Auftritte auf den f\u00fchrenden B\u00fchnen der kommerziellen Tanzwelt: MTVs The Grind, VH-1 80&#039;s Dance Party, VH-1 Fashion Awards und Lip Service.<\/p>\n<p class=\"font_8\">James&#039; Auszeichnungen in der kommerziellen Welt \u00f6ffneten ihr die T\u00fcr, am Broadway Dance Center zu unterrichten. Auch heute noch ist sie eine der beliebtesten Hip-Hop-Lehrerinnen und hat innerhalb der Studiomauern die Beziehungen zwischen Werbe- und Konzerttanz gepflegt. James ist au\u00dferdem Mitglied der angesehenen Fakult\u00e4t der Monsters of Hip Hop Dance Convention und unterrichtet Meisterkurse in Los Angeles, Miami, Japan, London, Finnland, der Schweiz, Deutschland und Australien.<\/p>\n<p class=\"font_8\">Zu ihren Credits z\u00e4hlen: Beyonc\u00e9, Madonna, Britney Spears, Mariah Carey, J.Lo, Diddy-Dirty Money, Kalenna, SEVYN, The Jonas Brothers, The Pussycat Dolls, The Spice Girls, Cassie, Jay Sean, Donnie Klang, Step Up 2 : The Streets, Making The Band: Staffel 4 und Werbespots f\u00fcr die NY Lottery, Citron Car Company und ESPN.<\/p>\n<p class=\"font_8\">James beschr\u00e4nkt sich nicht auf sich selbst oder die Sch\u00fcler und T\u00e4nzer, mit denen sie arbeitet, sondern verfolgt mehrere Programme, in denen sie weiterhin k\u00fcnstlerischen Inspirationen nachgeht. Sie ist: die k\u00fcnstlerische Leiterin\/Choreografin von RED \u2013 Rhapsody En Dance; Regisseur\/Sch\u00f6pfer einer multimedialen Kabarettshow Siren Assassins; und k\u00fcnstlerische Leiterin ihres kommerziellen Tanzausbildungsprogramms \u201eMotivating Excellence\u201c.<\/p>\n<p class=\"font_8\">All diese Unternehmungen geben James die kreative M\u00f6glichkeit, ihre einzigartige Verschmelzung verschiedener Tanzstile mit allen Kunstdisziplinen \u00fcber die Performance hinaus fortzusetzen.<\/p>","protected":false},"featured_media":4136,"comment_status":"closed","ping_status":"closed","template":"","meta":{"_acf_changed":false,"site-sidebar-layout":"default","site-content-layout":"default","ast-site-content-layout":"default","site-content-style":"default","site-sidebar-style":"default","ast-global-header-display":"","ast-banner-title-visibility":"","ast-main-header-display":"","ast-hfb-above-header-display":"","ast-hfb-below-header-display":"","ast-hfb-mobile-header-display":"","site-post-title":"","ast-breadcrumbs-content":"","ast-featured-img":"","footer-sml-layout":"","ast-disable-related-posts":"","theme-transparent-header-meta":"default","adv-header-id-meta":"","stick-header-meta":"default","header-above-stick-meta":"","header-main-stick-meta":"","header-below-stick-meta":"","astra-migrate-meta-layouts":"default","ast-page-background-enabled":"default","ast-page-background-meta":{"desktop":{"background-color":"","background-image":"","background-repeat":"repeat","background-position":"center center","background-size":"auto","background-attachment":"scroll","background-type":"","background-media":"","overlay-type":"","overlay-color":"","overlay-opacity":"","overlay-gradient":""},"tablet":{"background-color":"","background-image":"","background-repeat":"repeat","background-position":"center center","background-size":"auto","background-attachment":"scroll","background-type":"","background-media":"","overlay-type":"","overlay-color":"","overlay-opacity":"","overlay-gradient":""},"mobile":{"background-color":"","background-image":"","background-repeat":"repeat","background-position":"center center","background-size":"auto","background-attachment":"scroll","background-type":"","background-media":"","overlay-type":"","overlay-color":"","overlay-opacity":"","overlay-gradient":""}},"ast-content-background-meta":{"desktop":{"background-color":"var(--ast-global-color-5)","background-image":"","background-repeat":"repeat","background-position":"center center","background-size":"auto","background-attachment":"scroll","background-type":"","background-media":"","overlay-type":"","overlay-color":"","overlay-opacity":"","overlay-gradient":""},"tablet":{"background-color":"var(--ast-global-color-5)","background-image":"","background-repeat":"repeat","background-position":"center center","background-size":"auto","background-attachment":"scroll","background-type":"","background-media":"","overlay-type":"","overlay-color":"","overlay-opacity":"","overlay-gradient":""},"mobile":{"background-color":"var(--ast-global-color-5)","background-image":"","background-repeat":"repeat","background-position":"center center","background-size":"auto","background-attachment":"scroll","background-type":"","background-media":"","overlay-type":"","overlay-color":"","overlay-opacity":"","overlay-gradient":""}}},"product_brand":[],"product_cat":[32,58,30,26],"product_tag":[],"wpstream_actors":[],"wpstream_category":[],"wpstream_movie_rating":[],"class_list":{"0":"post-4106","1":"product","2":"type-product","3":"status-publish","4":"has-post-thumbnail","6":"product_cat-choreography","7":"product_cat-dance-videos","8":"product_cat-hip-hop","9":"product_cat-jazz","10":"desktop-align-left","11":"tablet-align-left","12":"mobile-align-left","14":"first","15":"instock","16":"sale","17":"shipping-taxable","18":"purchasable","19":"product-type-simple"},"acf":[],"jetpack_sharing_enabled":true,"_links":{"self":[{"href":"https:\/\/worlddancemovement.com\/de\/wp-json\/wp\/v2\/product\/4106","targetHints":{"allow":["GET"]}}],"collection":[{"href":"https:\/\/worlddancemovement.com\/de\/wp-json\/wp\/v2\/product"}],"about":[{"href":"https:\/\/worlddancemovement.com\/de\/wp-json\/wp\/v2\/types\/product"}],"replies":[{"embeddable":true,"href":"https:\/\/worlddancemovement.com\/de\/wp-json\/wp\/v2\/comments?post=4106"}],"wp:featuredmedia":[{"embeddable":true,"href":"https:\/\/worlddancemovement.com\/de\/wp-json\/wp\/v2\/media\/4136"}],"wp:attachment":[{"href":"https:\/\/worlddancemovement.com\/de\/wp-json\/wp\/v2\/media?parent=4106"}],"wp:term":[{"taxonomy":"product_brand","embeddable":true,"href":"https:\/\/worlddancemovement.com\/de\/wp-json\/wp\/v2\/product_brand?post=4106"},{"taxonomy":"product_cat","embeddable":true,"href":"https:\/\/worlddancemovement.com\/de\/wp-json\/wp\/v2\/product_cat?post=4106"},{"taxonomy":"product_tag","embeddable":true,"href":"https:\/\/worlddancemovement.com\/de\/wp-json\/wp\/v2\/product_tag?post=4106"},{"taxonomy":"wpstream_actors","embeddable":true,"href":"https:\/\/worlddancemovement.com\/de\/wp-json\/wp\/v2\/wpstream_actors?post=4106"},{"taxonomy":"wpstream_category","embeddable":true,"href":"https:\/\/worlddancemovement.com\/de\/wp-json\/wp\/v2\/wpstream_category?post=4106"},{"taxonomy":"wpstream_movie_rating","embeddable":true,"href":"https:\/\/worlddancemovement.com\/de\/wp-json\/wp\/v2\/wpstream_movie_rating?post=4106"}],"curies":[{"name":"wp","href":"https:\/\/api.w.org\/{rel}","templated":true}]}}