{"id":4107,"date":"2021-09-13T12:17:08","date_gmt":"2021-09-13T12:17:08","guid":{"rendered":"https:\/\/migrate.worlddancemovement.com\/?post_type=product&#038;p=4107"},"modified":"2022-11-16T16:34:50","modified_gmt":"2022-11-16T16:34:50","slug":"lyrical-jazz-dvd-with-joey-dowling","status":"publish","type":"product","link":"https:\/\/worlddancemovement.com\/de\/produkt\/lyrical-jazz-dvd-with-joey-dowling\/","title":{"rendered":"Lyrische Jazz-DVD mit Joey Dowling"},"content":{"rendered":"","protected":false},"excerpt":{"rendered":"<p>Begleiten Sie einen der atemberaubendsten K\u00fcnstler der Gegenwart, Joey Dowling, w\u00e4hrend er Sie dabei unterst\u00fctzt, die Kunst des lyrischen Jazztanzes zu meistern. In diesem Band erfahren Sie, wie Sie technische Bewegungen und nahtlose \u00dcberg\u00e4nge ausf\u00fchren, die m\u00fchelos aussehen und sich organisch anf\u00fchlen. Durch ihre Choreografie werden Sie ein besserer und intelligenterer T\u00e4nzer, indem Sie die Verbindung von Musikalit\u00e4t, Fl\u00fcssigkeit, Technik und \u00dcbergang analysieren und verstehen. Das Video enth\u00e4lt drei individuelle Kombinationen, die sich in ihrem Bewegungsstil unterscheiden. Dieses Video richtet sich an fortgeschrittene T\u00e4nzer, um das Tanzen wirklich zu erlernen.<\/p>\n<p>Zu Joeys Theaterauftritten z\u00e4hlen die Nationaltournee von \u201eA Funny Thing Happened on the Way to the Forum\u201c mit Vibrata, GiGi, Soul Possessed, No Strings und die Broadway-Show \u201eDance of the Vampires\u201c mit Michael Crawford. Nachdem er die Tisch School of the Arts der NYU besucht hatte, tourte Joey mit Mariah Carey auf ihrer Butterfly World Tour. Sie trat bei den VHI Vogue Fashion Awards mit Macy Gray und bei den MTV Music Awards mit Jennifer Lopez auf, besuchte die Filmfestspiele von Cannes und trat mit Nicole Kidman f\u00fcr den Film \u201eMoulin Rouge\u201c auf. Sie trat in \u201eSex &amp; the City\u201c und \u201eCedric the Entertainer\u201c auf und war eine Hauptt\u00e4nzerin im Film \u201eChicago\u201c. Joey hat im ganzen Land mit Auftritten und Choreografien jongliert und den Menschen die Geheimnisse eines berufst\u00e4tigen T\u00e4nzers beigebracht. Sie ist Choreografin und Jurorin der gefeierten erfolgreichen Fernsehsendung \u201eSo You Think You Can Dance\u201c.<\/p>","protected":false},"featured_media":4137,"comment_status":"closed","ping_status":"closed","template":"","meta":{"_acf_changed":false,"site-sidebar-layout":"default","site-content-layout":"default","ast-site-content-layout":"default","site-content-style":"default","site-sidebar-style":"default","ast-global-header-display":"","ast-banner-title-visibility":"","ast-main-header-display":"","ast-hfb-above-header-display":"","ast-hfb-below-header-display":"","ast-hfb-mobile-header-display":"","site-post-title":"","ast-breadcrumbs-content":"","ast-featured-img":"","footer-sml-layout":"","ast-disable-related-posts":"","theme-transparent-header-meta":"default","adv-header-id-meta":"","stick-header-meta":"default","header-above-stick-meta":"","header-main-stick-meta":"","header-below-stick-meta":"","astra-migrate-meta-layouts":"default","ast-page-background-enabled":"default","ast-page-background-meta":{"desktop":{"background-color":"","background-image":"","background-repeat":"repeat","background-position":"center center","background-size":"auto","background-attachment":"scroll","background-type":"","background-media":"","overlay-type":"","overlay-color":"","overlay-opacity":"","overlay-gradient":""},"tablet":{"background-color":"","background-image":"","background-repeat":"repeat","background-position":"center center","background-size":"auto","background-attachment":"scroll","background-type":"","background-media":"","overlay-type":"","overlay-color":"","overlay-opacity":"","overlay-gradient":""},"mobile":{"background-color":"","background-image":"","background-repeat":"repeat","background-position":"center center","background-size":"auto","background-attachment":"scroll","background-type":"","background-media":"","overlay-type":"","overlay-color":"","overlay-opacity":"","overlay-gradient":""}},"ast-content-background-meta":{"desktop":{"background-color":"var(--ast-global-color-5)","background-image":"","background-repeat":"repeat","background-position":"center center","background-size":"auto","background-attachment":"scroll","background-type":"","background-media":"","overlay-type":"","overlay-color":"","overlay-opacity":"","overlay-gradient":""},"tablet":{"background-color":"var(--ast-global-color-5)","background-image":"","background-repeat":"repeat","background-position":"center center","background-size":"auto","background-attachment":"scroll","background-type":"","background-media":"","overlay-type":"","overlay-color":"","overlay-opacity":"","overlay-gradient":""},"mobile":{"background-color":"var(--ast-global-color-5)","background-image":"","background-repeat":"repeat","background-position":"center center","background-size":"auto","background-attachment":"scroll","background-type":"","background-media":"","overlay-type":"","overlay-color":"","overlay-opacity":"","overlay-gradient":""}}},"product_brand":[],"product_cat":[32,58,26],"product_tag":[],"wpstream_actors":[],"wpstream_category":[],"wpstream_movie_rating":[],"class_list":{"0":"post-4107","1":"product","2":"type-product","3":"status-publish","4":"has-post-thumbnail","6":"product_cat-choreography","7":"product_cat-dance-videos","8":"product_cat-jazz","9":"desktop-align-left","10":"tablet-align-left","11":"mobile-align-left","13":"first","14":"instock","15":"sale","16":"shipping-taxable","17":"purchasable","18":"product-type-simple"},"acf":[],"jetpack_sharing_enabled":true,"_links":{"self":[{"href":"https:\/\/worlddancemovement.com\/de\/wp-json\/wp\/v2\/product\/4107","targetHints":{"allow":["GET"]}}],"collection":[{"href":"https:\/\/worlddancemovement.com\/de\/wp-json\/wp\/v2\/product"}],"about":[{"href":"https:\/\/worlddancemovement.com\/de\/wp-json\/wp\/v2\/types\/product"}],"replies":[{"embeddable":true,"href":"https:\/\/worlddancemovement.com\/de\/wp-json\/wp\/v2\/comments?post=4107"}],"wp:featuredmedia":[{"embeddable":true,"href":"https:\/\/worlddancemovement.com\/de\/wp-json\/wp\/v2\/media\/4137"}],"wp:attachment":[{"href":"https:\/\/worlddancemovement.com\/de\/wp-json\/wp\/v2\/media?parent=4107"}],"wp:term":[{"taxonomy":"product_brand","embeddable":true,"href":"https:\/\/worlddancemovement.com\/de\/wp-json\/wp\/v2\/product_brand?post=4107"},{"taxonomy":"product_cat","embeddable":true,"href":"https:\/\/worlddancemovement.com\/de\/wp-json\/wp\/v2\/product_cat?post=4107"},{"taxonomy":"product_tag","embeddable":true,"href":"https:\/\/worlddancemovement.com\/de\/wp-json\/wp\/v2\/product_tag?post=4107"},{"taxonomy":"wpstream_actors","embeddable":true,"href":"https:\/\/worlddancemovement.com\/de\/wp-json\/wp\/v2\/wpstream_actors?post=4107"},{"taxonomy":"wpstream_category","embeddable":true,"href":"https:\/\/worlddancemovement.com\/de\/wp-json\/wp\/v2\/wpstream_category?post=4107"},{"taxonomy":"wpstream_movie_rating","embeddable":true,"href":"https:\/\/worlddancemovement.com\/de\/wp-json\/wp\/v2\/wpstream_movie_rating?post=4107"}],"curies":[{"name":"wp","href":"https:\/\/api.w.org\/{rel}","templated":true}]}}