{"id":4108,"date":"2021-09-13T12:17:08","date_gmt":"2021-09-13T12:17:08","guid":{"rendered":"https:\/\/migrate.worlddancemovement.com\/?post_type=product&#038;p=4108"},"modified":"2022-11-16T16:35:02","modified_gmt":"2022-11-16T16:35:02","slug":"jazz-for-kids-with-sheila-barker-vol-ii","status":"publish","type":"product","link":"https:\/\/worlddancemovement.com\/de\/produkt\/jazz-for-kids-with-sheila-barker-vol-ii\/","title":{"rendered":"Jazz f\u00fcr Kinder mit Sheila Barker VOL II"},"content":{"rendered":"","protected":false},"excerpt":{"rendered":"<p>Sheila Barker und ihre T\u00e4nzer Nathan von SYTYCD und Jessica bringen Ihnen weiterhin innovative und unterhaltsame Jazz-Tanzroutinen und -techniken bei. Die Schwester-DVD zu Sheilas Jazz For Kids VOL I enth\u00e4lt zahlreiche Informationen zur Geschichte des Jazztanzes. Lernen Sie Sheilas einzigartige Stile und Genres des Jazztanzes kennen, w\u00e4hrend sie Ihnen zeigt, wie Sie bei jedem die gleichen Prinzipien anwenden k\u00f6nnen.<\/p>\n<p>Es beginnt mit einem lockeren, flie\u00dfenden Aufw\u00e4rmtraining, um Ihre Muskeln zu dehnen und Sie mit Ihrer Mitte zu verbinden. Dann f\u00fchrt Sie Sheila durch die Isolationen, die in allen Routinen vorkommen. Es endet mit vier dynamischen und abwechslungsreichen Jazz-Routinen, die Ihnen das Gef\u00fchl geben, schon seit Jahren zu tanzen!<\/p>\n<p>Sheila Barker ist seit 12 Jahren als P\u00e4dagogin, Choreografin und Performerin an Orten wie Brasilien, Japan, Mexiko, Kanada, Europa und den USA t\u00e4tig. Sie erhielt einen BFA in Tanz und verf\u00fcgt \u00fcber eine umfassende Ausbildung in Jazz, Ballett, Modern, Stepptanz, African\/Dunham und Musicaltheater.<\/p>\n<p>Ihr Auftrittshintergrund reicht von Broadway und Off-Broadway bis hin zu Industrial, Musikvideos und Seifenopern. Sheila hat viele Industrials, Musikvideos und B\u00fchnenshows f\u00fcr Aufnahmek\u00fcnstler choreografiert.<\/p>","protected":false},"featured_media":4138,"comment_status":"closed","ping_status":"closed","template":"","meta":{"_acf_changed":false,"site-sidebar-layout":"default","site-content-layout":"default","ast-site-content-layout":"default","site-content-style":"default","site-sidebar-style":"default","ast-global-header-display":"","ast-banner-title-visibility":"","ast-main-header-display":"","ast-hfb-above-header-display":"","ast-hfb-below-header-display":"","ast-hfb-mobile-header-display":"","site-post-title":"","ast-breadcrumbs-content":"","ast-featured-img":"","footer-sml-layout":"","ast-disable-related-posts":"","theme-transparent-header-meta":"default","adv-header-id-meta":"","stick-header-meta":"default","header-above-stick-meta":"","header-main-stick-meta":"","header-below-stick-meta":"","astra-migrate-meta-layouts":"default","ast-page-background-enabled":"default","ast-page-background-meta":{"desktop":{"background-color":"","background-image":"","background-repeat":"repeat","background-position":"center center","background-size":"auto","background-attachment":"scroll","background-type":"","background-media":"","overlay-type":"","overlay-color":"","overlay-opacity":"","overlay-gradient":""},"tablet":{"background-color":"","background-image":"","background-repeat":"repeat","background-position":"center center","background-size":"auto","background-attachment":"scroll","background-type":"","background-media":"","overlay-type":"","overlay-color":"","overlay-opacity":"","overlay-gradient":""},"mobile":{"background-color":"","background-image":"","background-repeat":"repeat","background-position":"center center","background-size":"auto","background-attachment":"scroll","background-type":"","background-media":"","overlay-type":"","overlay-color":"","overlay-opacity":"","overlay-gradient":""}},"ast-content-background-meta":{"desktop":{"background-color":"var(--ast-global-color-5)","background-image":"","background-repeat":"repeat","background-position":"center center","background-size":"auto","background-attachment":"scroll","background-type":"","background-media":"","overlay-type":"","overlay-color":"","overlay-opacity":"","overlay-gradient":""},"tablet":{"background-color":"var(--ast-global-color-5)","background-image":"","background-repeat":"repeat","background-position":"center center","background-size":"auto","background-attachment":"scroll","background-type":"","background-media":"","overlay-type":"","overlay-color":"","overlay-opacity":"","overlay-gradient":""},"mobile":{"background-color":"var(--ast-global-color-5)","background-image":"","background-repeat":"repeat","background-position":"center center","background-size":"auto","background-attachment":"scroll","background-type":"","background-media":"","overlay-type":"","overlay-color":"","overlay-opacity":"","overlay-gradient":""}}},"product_brand":[],"product_cat":[58,26,27,42],"product_tag":[],"wpstream_actors":[],"wpstream_category":[],"wpstream_movie_rating":[],"class_list":{"0":"post-4108","1":"product","2":"type-product","3":"status-publish","4":"has-post-thumbnail","6":"product_cat-dance-videos","7":"product_cat-jazz","8":"product_cat-kids","9":"product_cat-new-releases","10":"desktop-align-left","11":"tablet-align-left","12":"mobile-align-left","14":"first","15":"instock","16":"sale","17":"shipping-taxable","18":"purchasable","19":"product-type-simple"},"acf":[],"jetpack_sharing_enabled":true,"_links":{"self":[{"href":"https:\/\/worlddancemovement.com\/de\/wp-json\/wp\/v2\/product\/4108","targetHints":{"allow":["GET"]}}],"collection":[{"href":"https:\/\/worlddancemovement.com\/de\/wp-json\/wp\/v2\/product"}],"about":[{"href":"https:\/\/worlddancemovement.com\/de\/wp-json\/wp\/v2\/types\/product"}],"replies":[{"embeddable":true,"href":"https:\/\/worlddancemovement.com\/de\/wp-json\/wp\/v2\/comments?post=4108"}],"wp:featuredmedia":[{"embeddable":true,"href":"https:\/\/worlddancemovement.com\/de\/wp-json\/wp\/v2\/media\/4138"}],"wp:attachment":[{"href":"https:\/\/worlddancemovement.com\/de\/wp-json\/wp\/v2\/media?parent=4108"}],"wp:term":[{"taxonomy":"product_brand","embeddable":true,"href":"https:\/\/worlddancemovement.com\/de\/wp-json\/wp\/v2\/product_brand?post=4108"},{"taxonomy":"product_cat","embeddable":true,"href":"https:\/\/worlddancemovement.com\/de\/wp-json\/wp\/v2\/product_cat?post=4108"},{"taxonomy":"product_tag","embeddable":true,"href":"https:\/\/worlddancemovement.com\/de\/wp-json\/wp\/v2\/product_tag?post=4108"},{"taxonomy":"wpstream_actors","embeddable":true,"href":"https:\/\/worlddancemovement.com\/de\/wp-json\/wp\/v2\/wpstream_actors?post=4108"},{"taxonomy":"wpstream_category","embeddable":true,"href":"https:\/\/worlddancemovement.com\/de\/wp-json\/wp\/v2\/wpstream_category?post=4108"},{"taxonomy":"wpstream_movie_rating","embeddable":true,"href":"https:\/\/worlddancemovement.com\/de\/wp-json\/wp\/v2\/wpstream_movie_rating?post=4108"}],"curies":[{"name":"wp","href":"https:\/\/api.w.org\/{rel}","templated":true}]}}