{"id":4111,"date":"2021-09-13T12:17:09","date_gmt":"2021-09-13T12:17:09","guid":{"rendered":"https:\/\/migrate.worlddancemovement.com\/?post_type=product&#038;p=4111"},"modified":"2022-11-16T16:34:08","modified_gmt":"2022-11-16T16:34:08","slug":"breakdance-dvd-with-ephrat-aka-b-girl-bounce","status":"publish","type":"product","link":"https:\/\/worlddancemovement.com\/de\/produkt\/breakdance-dvd-with-ephrat-aka-b-girl-bounce\/","title":{"rendered":"Breakdance-DVD mit Ephrat AKA B-Girl Bounce"},"content":{"rendered":"","protected":false},"excerpt":{"rendered":"<p>Auf dieser Lehr-Tanz-DVD\u00a0\u00a0<b>Ephrat<\/b>\u00a0wird Ihnen die Grundlagen des B-Boying\/B-Girling (ein Tanz, der auch als Breaking bekannt ist) beibringen, einschlie\u00dflich Freezes, Top Rock, Drops auf den Boden, grundlegende Schritte und Muster der Beinarbeit. Sie werden in Tanzbewegungen wie den 6-Schritt, den Baby-Swipe, den Chair Freeze und vieles mehr eingef\u00fchrt. Der lockere Stil von Ephrat hilft Ihnen dabei, zu lernen, wie Sie sich beim Freestylen wohler f\u00fchlen. Mit der Zeit und \u00dcbung werden Sie Ihren eigenen Flava zu diesen Schritten hinzuf\u00fcgen und sie als Teil Ihres wachsenden Tanzvokabulars behalten, was Ihre Arbeit als T\u00e4nzer bereichert und Ihnen eine solide Basis gibt, von der aus Sie Ihre Ausbildung in diesem rohen und kraftvollen Tanz beginnen k\u00f6nnen.<\/p>\n<p><b>Ephrat \u201eBounce\u201c Asherie\u00a0<\/b>hat eine umfangreiche Ausbildung in Ballett und modernem Tanz, hat aber ihre k\u00fcnstlerische Heimat in den Street-Dance-Formen B-Girling (Breaking), Hip-Hop und House gefunden. Ephrat begann 2002 in Brooklyn unter Breakeasy (BIS-Crew) mit dem B-Girling und trainierte Hip-Hop bei Leslie Feliciano. Bald darauf kam sie mit House-Musik in Ber\u00fchrung und wurde seitdem stark von der New Yorker Clubszene beeinflusst.<\/p>\n<p>Ephrat ist in den USA und Europa sowie in Peru und S\u00fcdafrika aufgetreten und hat unterrichtet. Sie trat bei MTV, Comedy Central und in der Carnegie Hall, im Madison Square Garden und bei DTW auf. Ephrat ist Mitglied der rein weiblichen Breaking-Crew FoxForceFive und von MAWU, einem House-Dance-Kollektiv. Sie wurde 2007 vom Dance Magazine als eine von 25 Zuschauern ausgew\u00e4hlt. Ephrat ist Mitbegr\u00fcnder der gemeinn\u00fctzigen Outreach-Organisation Dance for Peace: One Step at a Time. K\u00fcrzlich trat sie in Bill Irwins Premiere von \u201eHappiness Lecture\u201c an der Philadelphia Theatre Company auf. Ephrat erhielt ein Stipendium der Puffin Foundation f\u00fcr die Gr\u00fcndung eines Hip-Hop-Tanzprogramms im Rahmen des Grant Houses After-School Program in Harlem, New York.<\/p>","protected":false},"featured_media":4141,"comment_status":"closed","ping_status":"closed","template":"","meta":{"_acf_changed":false,"site-sidebar-layout":"default","site-content-layout":"default","ast-site-content-layout":"default","site-content-style":"default","site-sidebar-style":"default","ast-global-header-display":"","ast-banner-title-visibility":"","ast-main-header-display":"","ast-hfb-above-header-display":"","ast-hfb-below-header-display":"","ast-hfb-mobile-header-display":"","site-post-title":"","ast-breadcrumbs-content":"","ast-featured-img":"","footer-sml-layout":"","ast-disable-related-posts":"","theme-transparent-header-meta":"default","adv-header-id-meta":"","stick-header-meta":"default","header-above-stick-meta":"","header-main-stick-meta":"","header-below-stick-meta":"","astra-migrate-meta-layouts":"default","ast-page-background-enabled":"default","ast-page-background-meta":{"desktop":{"background-color":"","background-image":"","background-repeat":"repeat","background-position":"center center","background-size":"auto","background-attachment":"scroll","background-type":"","background-media":"","overlay-type":"","overlay-color":"","overlay-opacity":"","overlay-gradient":""},"tablet":{"background-color":"","background-image":"","background-repeat":"repeat","background-position":"center center","background-size":"auto","background-attachment":"scroll","background-type":"","background-media":"","overlay-type":"","overlay-color":"","overlay-opacity":"","overlay-gradient":""},"mobile":{"background-color":"","background-image":"","background-repeat":"repeat","background-position":"center center","background-size":"auto","background-attachment":"scroll","background-type":"","background-media":"","overlay-type":"","overlay-color":"","overlay-opacity":"","overlay-gradient":""}},"ast-content-background-meta":{"desktop":{"background-color":"var(--ast-global-color-5)","background-image":"","background-repeat":"repeat","background-position":"center center","background-size":"auto","background-attachment":"scroll","background-type":"","background-media":"","overlay-type":"","overlay-color":"","overlay-opacity":"","overlay-gradient":""},"tablet":{"background-color":"var(--ast-global-color-5)","background-image":"","background-repeat":"repeat","background-position":"center center","background-size":"auto","background-attachment":"scroll","background-type":"","background-media":"","overlay-type":"","overlay-color":"","overlay-opacity":"","overlay-gradient":""},"mobile":{"background-color":"var(--ast-global-color-5)","background-image":"","background-repeat":"repeat","background-position":"center center","background-size":"auto","background-attachment":"scroll","background-type":"","background-media":"","overlay-type":"","overlay-color":"","overlay-opacity":"","overlay-gradient":""}}},"product_brand":[],"product_cat":[32,58,30],"product_tag":[],"wpstream_actors":[],"wpstream_category":[],"wpstream_movie_rating":[],"class_list":{"0":"post-4111","1":"product","2":"type-product","3":"status-publish","4":"has-post-thumbnail","6":"product_cat-choreography","7":"product_cat-dance-videos","8":"product_cat-hip-hop","9":"desktop-align-left","10":"tablet-align-left","11":"mobile-align-left","13":"first","14":"instock","15":"sale","16":"shipping-taxable","17":"purchasable","18":"product-type-simple"},"acf":[],"jetpack_sharing_enabled":true,"_links":{"self":[{"href":"https:\/\/worlddancemovement.com\/de\/wp-json\/wp\/v2\/product\/4111","targetHints":{"allow":["GET"]}}],"collection":[{"href":"https:\/\/worlddancemovement.com\/de\/wp-json\/wp\/v2\/product"}],"about":[{"href":"https:\/\/worlddancemovement.com\/de\/wp-json\/wp\/v2\/types\/product"}],"replies":[{"embeddable":true,"href":"https:\/\/worlddancemovement.com\/de\/wp-json\/wp\/v2\/comments?post=4111"}],"wp:featuredmedia":[{"embeddable":true,"href":"https:\/\/worlddancemovement.com\/de\/wp-json\/wp\/v2\/media\/4141"}],"wp:attachment":[{"href":"https:\/\/worlddancemovement.com\/de\/wp-json\/wp\/v2\/media?parent=4111"}],"wp:term":[{"taxonomy":"product_brand","embeddable":true,"href":"https:\/\/worlddancemovement.com\/de\/wp-json\/wp\/v2\/product_brand?post=4111"},{"taxonomy":"product_cat","embeddable":true,"href":"https:\/\/worlddancemovement.com\/de\/wp-json\/wp\/v2\/product_cat?post=4111"},{"taxonomy":"product_tag","embeddable":true,"href":"https:\/\/worlddancemovement.com\/de\/wp-json\/wp\/v2\/product_tag?post=4111"},{"taxonomy":"wpstream_actors","embeddable":true,"href":"https:\/\/worlddancemovement.com\/de\/wp-json\/wp\/v2\/wpstream_actors?post=4111"},{"taxonomy":"wpstream_category","embeddable":true,"href":"https:\/\/worlddancemovement.com\/de\/wp-json\/wp\/v2\/wpstream_category?post=4111"},{"taxonomy":"wpstream_movie_rating","embeddable":true,"href":"https:\/\/worlddancemovement.com\/de\/wp-json\/wp\/v2\/wpstream_movie_rating?post=4111"}],"curies":[{"name":"wp","href":"https:\/\/api.w.org\/{rel}","templated":true}]}}